{"id":10842,"date":"2024-04-18T12:16:46","date_gmt":"2024-04-18T10:16:46","guid":{"rendered":"https:\/\/delorenzoglobal.com\/?post_type=product&#038;p=10842"},"modified":"2025-01-17T12:54:14","modified_gmt":"2025-01-17T11:54:14","slug":"piping-circuits","status":"publish","type":"product","link":"https:\/\/delorenzoglobal.com\/fr\/produit\/piping-circuits\/","title":{"rendered":"CIRCUITS DE TUYAUTERIE"},"content":{"rendered":"<table width=\"1211\">\n<tbody>\n<tr>\n<td>Le simulateur a \u00e9t\u00e9 con\u00e7u pour l&rsquo;\u00e9tude et l&rsquo;analyse des \u00e9coulements dans les circuits de tuyauterie.<\/p>\n<p>La conception de ce module se veut compl\u00e8te et flexible, afin que l&rsquo;utilisateur puisse s&rsquo;entra\u00eener avec plusieurs types de configurations, avec la possibilit\u00e9 de choisir le degr\u00e9 de complexit\u00e9.<\/p>\n<p>La configuration est aussi simple que de fermer et d&rsquo;ouvrir des vannes, il n&rsquo;est pas n\u00e9cessaire d&rsquo;installer et de retirer un morceau de tuyau ou d&rsquo;accessoires.<\/p>\n<p>Comme il existe de nombreux points de mesure de pression avec lesquels travailler, afin d&rsquo; \u00e9viter les fuites le long du circuit, l&rsquo;installation est \u00e9quip\u00e9e de raccords \u00e0 t\u00e9tines \u00ab \u00e9cologiques \u00bb, qui ne fuient pas lors des connexions et des d\u00e9connexions.<\/td>\n<\/tr>\n<\/tbody>\n<\/table>\n<p>Cet \u00e9quipement est une solution compl\u00e8te pour toutes sortes de configurations pouvant avoir lieu dans le syst\u00e8me de tuyauterie, des arrangements simples aux arrangements complexes, faciles \u00e0 utiliser et pratiquement sans entretien.<\/p>\n","protected":false},"excerpt":{"rendered":"<p>Le simulateur a \u00e9t\u00e9 con\u00e7u pour l&rsquo;\u00e9tude et l&rsquo;analyse des \u00e9coulements dans les circuits de tuyauterie. La conception de ce module se veut compl\u00e8te et flexible, afin que l&rsquo;utilisateur puisse s&rsquo;entra\u00eener avec plusieurs types de configurations, avec la possibilit\u00e9 de choisir le degr\u00e9 de complexit\u00e9. La configuration est aussi simple que de fermer et d&rsquo;ouvrir [&hellip;]<\/p>\n","protected":false},"featured_media":19692,"template":"","meta":{"_acf_changed":false},"product_brand":[],"product_cat":[428],"product_tag":[],"class_list":{"0":"post-10842","1":"product","2":"type-product","3":"status-publish","4":"has-post-thumbnail","6":"product_cat-fondamentaux-de-la-mecanique-des-fluides","8":"first","9":"instock","10":"shipping-taxable","11":"product-type-simple"},"acf":[],"yoast_head":"<!-- This site is optimized with the Yoast SEO plugin v27.4 - https:\/\/yoast.com\/product\/yoast-seo-wordpress\/ -->\n<title>CIRCUITS DE TUYAUTERIE - De Lorenzo Training &amp; Didactical Equipment<\/title>\n<meta name=\"robots\" content=\"index, follow, max-snippet:-1, max-image-preview:large, max-video-preview:-1\" \/>\n<link rel=\"canonical\" href=\"https:\/\/delorenzoglobal.com\/fr\/produit\/piping-circuits\/\" \/>\n<meta property=\"og:locale\" content=\"fr_FR\" \/>\n<meta property=\"og:type\" content=\"article\" \/>\n<meta property=\"og:title\" content=\"CIRCUITS DE TUYAUTERIE - De Lorenzo Training &amp; Didactical Equipment\" \/>\n<meta property=\"og:description\" content=\"Le simulateur a \u00e9t\u00e9 con\u00e7u pour l&rsquo;\u00e9tude et l&rsquo;analyse des \u00e9coulements dans les circuits de tuyauterie. La conception de ce module se veut compl\u00e8te et flexible, afin que l&rsquo;utilisateur puisse s&rsquo;entra\u00eener avec plusieurs types de configurations, avec la possibilit\u00e9 de choisir le degr\u00e9 de complexit\u00e9. La configuration est aussi simple que de fermer et d&rsquo;ouvrir [&hellip;]\" \/>\n<meta property=\"og:url\" content=\"https:\/\/delorenzoglobal.com\/fr\/produit\/piping-circuits\/\" \/>\n<meta property=\"og:site_name\" content=\"De Lorenzo Training &amp; Didactical Equipment\" \/>\n<meta property=\"article:modified_time\" content=\"2025-01-17T11:54:14+00:00\" \/>\n<meta property=\"og:image\" content=\"https:\/\/delorenzoglobal.com\/wp-content\/uploads\/2024\/04\/DL-DKL041-xs.jpg\" \/>\n\t<meta property=\"og:image:width\" content=\"1030\" \/>\n\t<meta property=\"og:image:height\" content=\"709\" \/>\n\t<meta property=\"og:image:type\" content=\"image\/jpeg\" \/>\n<meta name=\"twitter:card\" content=\"summary_large_image\" \/>\n<meta name=\"twitter:label1\" content=\"Dur\u00e9e de lecture estim\u00e9e\" \/>\n\t<meta name=\"twitter:data1\" content=\"1 minute\" \/>\n<script type=\"application\/ld+json\" class=\"yoast-schema-graph\">{\"@context\":\"https:\\\/\\\/schema.org\",\"@graph\":[{\"@type\":\"WebPage\",\"@id\":\"https:\\\/\\\/delorenzoglobal.com\\\/fr\\\/produit\\\/piping-circuits\\\/\",\"url\":\"https:\\\/\\\/delorenzoglobal.com\\\/fr\\\/produit\\\/piping-circuits\\\/\",\"name\":\"CIRCUITS DE TUYAUTERIE - De Lorenzo Training &amp; Didactical Equipment\",\"isPartOf\":{\"@id\":\"https:\\\/\\\/delorenzoglobal.com\\\/fr\\\/#website\"},\"primaryImageOfPage\":{\"@id\":\"https:\\\/\\\/delorenzoglobal.com\\\/fr\\\/produit\\\/piping-circuits\\\/#primaryimage\"},\"image\":{\"@id\":\"https:\\\/\\\/delorenzoglobal.com\\\/fr\\\/produit\\\/piping-circuits\\\/#primaryimage\"},\"thumbnailUrl\":\"https:\\\/\\\/delorenzoglobal.com\\\/wp-content\\\/uploads\\\/2024\\\/04\\\/DL-DKL041-xs.jpg\",\"datePublished\":\"2024-04-18T10:16:46+00:00\",\"dateModified\":\"2025-01-17T11:54:14+00:00\",\"breadcrumb\":{\"@id\":\"https:\\\/\\\/delorenzoglobal.com\\\/fr\\\/produit\\\/piping-circuits\\\/#breadcrumb\"},\"inLanguage\":\"fr-FR\",\"potentialAction\":[{\"@type\":\"ReadAction\",\"target\":[\"https:\\\/\\\/delorenzoglobal.com\\\/fr\\\/produit\\\/piping-circuits\\\/\"]}]},{\"@type\":\"ImageObject\",\"inLanguage\":\"fr-FR\",\"@id\":\"https:\\\/\\\/delorenzoglobal.com\\\/fr\\\/produit\\\/piping-circuits\\\/#primaryimage\",\"url\":\"https:\\\/\\\/delorenzoglobal.com\\\/wp-content\\\/uploads\\\/2024\\\/04\\\/DL-DKL041-xs.jpg\",\"contentUrl\":\"https:\\\/\\\/delorenzoglobal.com\\\/wp-content\\\/uploads\\\/2024\\\/04\\\/DL-DKL041-xs.jpg\",\"width\":1030,\"height\":709},{\"@type\":\"BreadcrumbList\",\"@id\":\"https:\\\/\\\/delorenzoglobal.com\\\/fr\\\/produit\\\/piping-circuits\\\/#breadcrumb\",\"itemListElement\":[{\"@type\":\"ListItem\",\"position\":1,\"name\":\"Home\",\"item\":\"https:\\\/\\\/delorenzoglobal.com\\\/fr\\\/\"},{\"@type\":\"ListItem\",\"position\":2,\"name\":\"Boutique\",\"item\":\"https:\\\/\\\/delorenzoglobal.com\\\/fr\\\/boutique\\\/\"},{\"@type\":\"ListItem\",\"position\":3,\"name\":\"CIRCUITS DE TUYAUTERIE\"}]},{\"@type\":\"WebSite\",\"@id\":\"https:\\\/\\\/delorenzoglobal.com\\\/fr\\\/#website\",\"url\":\"https:\\\/\\\/delorenzoglobal.com\\\/fr\\\/\",\"name\":\"De Lorenzo Training &amp; Didactical Equipment\",\"description\":\"\",\"potentialAction\":[{\"@type\":\"SearchAction\",\"target\":{\"@type\":\"EntryPoint\",\"urlTemplate\":\"https:\\\/\\\/delorenzoglobal.com\\\/fr\\\/?s={search_term_string}\"},\"query-input\":{\"@type\":\"PropertyValueSpecification\",\"valueRequired\":true,\"valueName\":\"search_term_string\"}}],\"inLanguage\":\"fr-FR\"}]}<\/script>\n<!-- \/ Yoast SEO plugin. -->","yoast_head_json":{"title":"CIRCUITS DE TUYAUTERIE - De Lorenzo Training &amp; Didactical Equipment","robots":{"index":"index","follow":"follow","max-snippet":"max-snippet:-1","max-image-preview":"max-image-preview:large","max-video-preview":"max-video-preview:-1"},"canonical":"https:\/\/delorenzoglobal.com\/fr\/produit\/piping-circuits\/","og_locale":"fr_FR","og_type":"article","og_title":"CIRCUITS DE TUYAUTERIE - De Lorenzo Training &amp; Didactical Equipment","og_description":"Le simulateur a \u00e9t\u00e9 con\u00e7u pour l&rsquo;\u00e9tude et l&rsquo;analyse des \u00e9coulements dans les circuits de tuyauterie. La conception de ce module se veut compl\u00e8te et flexible, afin que l&rsquo;utilisateur puisse s&rsquo;entra\u00eener avec plusieurs types de configurations, avec la possibilit\u00e9 de choisir le degr\u00e9 de complexit\u00e9. La configuration est aussi simple que de fermer et d&rsquo;ouvrir [&hellip;]","og_url":"https:\/\/delorenzoglobal.com\/fr\/produit\/piping-circuits\/","og_site_name":"De Lorenzo Training &amp; Didactical Equipment","article_modified_time":"2025-01-17T11:54:14+00:00","og_image":[{"width":1030,"height":709,"url":"https:\/\/delorenzoglobal.com\/wp-content\/uploads\/2024\/04\/DL-DKL041-xs.jpg","type":"image\/jpeg"}],"twitter_card":"summary_large_image","twitter_misc":{"Dur\u00e9e de lecture estim\u00e9e":"1 minute"},"schema":{"@context":"https:\/\/schema.org","@graph":[{"@type":"WebPage","@id":"https:\/\/delorenzoglobal.com\/fr\/produit\/piping-circuits\/","url":"https:\/\/delorenzoglobal.com\/fr\/produit\/piping-circuits\/","name":"CIRCUITS DE TUYAUTERIE - De Lorenzo Training &amp; Didactical Equipment","isPartOf":{"@id":"https:\/\/delorenzoglobal.com\/fr\/#website"},"primaryImageOfPage":{"@id":"https:\/\/delorenzoglobal.com\/fr\/produit\/piping-circuits\/#primaryimage"},"image":{"@id":"https:\/\/delorenzoglobal.com\/fr\/produit\/piping-circuits\/#primaryimage"},"thumbnailUrl":"https:\/\/delorenzoglobal.com\/wp-content\/uploads\/2024\/04\/DL-DKL041-xs.jpg","datePublished":"2024-04-18T10:16:46+00:00","dateModified":"2025-01-17T11:54:14+00:00","breadcrumb":{"@id":"https:\/\/delorenzoglobal.com\/fr\/produit\/piping-circuits\/#breadcrumb"},"inLanguage":"fr-FR","potentialAction":[{"@type":"ReadAction","target":["https:\/\/delorenzoglobal.com\/fr\/produit\/piping-circuits\/"]}]},{"@type":"ImageObject","inLanguage":"fr-FR","@id":"https:\/\/delorenzoglobal.com\/fr\/produit\/piping-circuits\/#primaryimage","url":"https:\/\/delorenzoglobal.com\/wp-content\/uploads\/2024\/04\/DL-DKL041-xs.jpg","contentUrl":"https:\/\/delorenzoglobal.com\/wp-content\/uploads\/2024\/04\/DL-DKL041-xs.jpg","width":1030,"height":709},{"@type":"BreadcrumbList","@id":"https:\/\/delorenzoglobal.com\/fr\/produit\/piping-circuits\/#breadcrumb","itemListElement":[{"@type":"ListItem","position":1,"name":"Home","item":"https:\/\/delorenzoglobal.com\/fr\/"},{"@type":"ListItem","position":2,"name":"Boutique","item":"https:\/\/delorenzoglobal.com\/fr\/boutique\/"},{"@type":"ListItem","position":3,"name":"CIRCUITS DE TUYAUTERIE"}]},{"@type":"WebSite","@id":"https:\/\/delorenzoglobal.com\/fr\/#website","url":"https:\/\/delorenzoglobal.com\/fr\/","name":"De Lorenzo Training &amp; Didactical Equipment","description":"","potentialAction":[{"@type":"SearchAction","target":{"@type":"EntryPoint","urlTemplate":"https:\/\/delorenzoglobal.com\/fr\/?s={search_term_string}"},"query-input":{"@type":"PropertyValueSpecification","valueRequired":true,"valueName":"search_term_string"}}],"inLanguage":"fr-FR"}]}},"_links":{"self":[{"href":"https:\/\/delorenzoglobal.com\/fr\/wp-json\/wp\/v2\/product\/10842","targetHints":{"allow":["GET"]}}],"collection":[{"href":"https:\/\/delorenzoglobal.com\/fr\/wp-json\/wp\/v2\/product"}],"about":[{"href":"https:\/\/delorenzoglobal.com\/fr\/wp-json\/wp\/v2\/types\/product"}],"wp:featuredmedia":[{"embeddable":true,"href":"https:\/\/delorenzoglobal.com\/fr\/wp-json\/wp\/v2\/media\/19692"}],"wp:attachment":[{"href":"https:\/\/delorenzoglobal.com\/fr\/wp-json\/wp\/v2\/media?parent=10842"}],"wp:term":[{"taxonomy":"product_brand","embeddable":true,"href":"https:\/\/delorenzoglobal.com\/fr\/wp-json\/wp\/v2\/product_brand?post=10842"},{"taxonomy":"product_cat","embeddable":true,"href":"https:\/\/delorenzoglobal.com\/fr\/wp-json\/wp\/v2\/product_cat?post=10842"},{"taxonomy":"product_tag","embeddable":true,"href":"https:\/\/delorenzoglobal.com\/fr\/wp-json\/wp\/v2\/product_tag?post=10842"}],"curies":[{"name":"wp","href":"https:\/\/api.w.org\/{rel}","templated":true}]}}