{"id":10817,"date":"2024-04-18T12:07:52","date_gmt":"2024-04-18T10:07:52","guid":{"rendered":"https:\/\/delorenzoglobal.com\/?post_type=product&#038;p=10817"},"modified":"2025-07-21T16:23:09","modified_gmt":"2025-07-21T14:23:09","slug":"losses-in-pipes","status":"publish","type":"product","link":"https:\/\/delorenzoglobal.com\/fr\/produit\/losses-in-pipes\/","title":{"rendered":"PERTES DANS LES TUYAUX"},"content":{"rendered":"<p>Cet \u00e9quipement de formation a \u00e9t\u00e9 con\u00e7u pour l&rsquo;\u00e9tude des pertes par friction dans les tuyaux et des pertes dans les \u00e9l\u00e9ments hydrauliques tels que les soupapes, les \u00e9l\u00e9ments de mesure, les accessoires, etc.<\/p>\n<p>Cet \u00e9quipement de formation a \u00e9t\u00e9 con\u00e7u pour \u00eatre tr\u00e8s flexible, de sorte qu&rsquo;il permet d&rsquo;accrocher de nouveaux accessoires et des segments droits de tuyaux de diff\u00e9rents mat\u00e9riaux et de rugosit\u00e9.<\/p>\n<p>Le remplacement de la tuyauterie est rapide et simple gr\u00e2ce \u00e0 des raccords rapides.<\/p>\n<p>Il suffit \u00e0 l&rsquo;utilisateur de retirer le segment souhait\u00e9 en le d\u00e9vissant et en fixer un autre. Au bas du panneau, le formateur dispose d&rsquo;un bac d&rsquo;\u00e9gouttement pour recueillir l&rsquo;eau r\u00e9siduelle qui pourrait rester dans la tuyauterie, ce qui permet de garder la zone de travail et les composants adjacents au sec.<\/p>\n<p>Le travail de nettoyage pourrait \u00eatre fait par les \u00e9tudiants \u00e0 la fin de chaque pratique.<\/p>\n<p>Afin d&rsquo;\u00e9viter les fuites d&rsquo;eau, le formateur dispose de prises de pression \u00e9cologiques, de sorte que lors du raccordement ou des d\u00e9connexions, elles ne causeront pas de pertes d&rsquo;eau car elles sont auto-obtur\u00e9es.<\/p>\n<p>Cet \u00e9quipement peut \u00eatre fix\u00e9 au banc hydraulique ou au groupe hydraulique \u00e0 l&rsquo;aide d&rsquo;un d\u00e9bitm\u00e8tre.<\/p>\n","protected":false},"excerpt":{"rendered":"<p>Cet \u00e9quipement de formation a \u00e9t\u00e9 con\u00e7u pour l&rsquo;\u00e9tude des pertes par friction dans les tuyaux et des pertes dans les \u00e9l\u00e9ments hydrauliques tels que les soupapes, les \u00e9l\u00e9ments de mesure, les accessoires, etc. Cet \u00e9quipement de formation a \u00e9t\u00e9 con\u00e7u pour \u00eatre tr\u00e8s flexible, de sorte qu&rsquo;il permet d&rsquo;accrocher de nouveaux accessoires et des [&hellip;]<\/p>\n","protected":false},"featured_media":61894,"template":"","meta":{"_acf_changed":false},"product_brand":[],"product_cat":[428],"product_tag":[],"class_list":{"0":"post-10817","1":"product","2":"type-product","3":"status-publish","4":"has-post-thumbnail","6":"product_cat-fondamentaux-de-la-mecanique-des-fluides","8":"first","9":"instock","10":"shipping-taxable","11":"product-type-simple"},"acf":[],"yoast_head":"<!-- This site is optimized with the Yoast SEO plugin v27.4 - https:\/\/yoast.com\/product\/yoast-seo-wordpress\/ -->\n<title>PERTES DANS LES TUYAUX - De Lorenzo Training &amp; Didactical Equipment<\/title>\n<meta name=\"robots\" content=\"index, follow, max-snippet:-1, max-image-preview:large, max-video-preview:-1\" \/>\n<link rel=\"canonical\" href=\"https:\/\/delorenzoglobal.com\/fr\/produit\/losses-in-pipes\/\" \/>\n<meta property=\"og:locale\" content=\"fr_FR\" \/>\n<meta property=\"og:type\" content=\"article\" \/>\n<meta property=\"og:title\" content=\"PERTES DANS LES TUYAUX - De Lorenzo Training &amp; Didactical Equipment\" \/>\n<meta property=\"og:description\" content=\"Cet \u00e9quipement de formation a \u00e9t\u00e9 con\u00e7u pour l&rsquo;\u00e9tude des pertes par friction dans les tuyaux et des pertes dans les \u00e9l\u00e9ments hydrauliques tels que les soupapes, les \u00e9l\u00e9ments de mesure, les accessoires, etc. Cet \u00e9quipement de formation a \u00e9t\u00e9 con\u00e7u pour \u00eatre tr\u00e8s flexible, de sorte qu&rsquo;il permet d&rsquo;accrocher de nouveaux accessoires et des [&hellip;]\" \/>\n<meta property=\"og:url\" content=\"https:\/\/delorenzoglobal.com\/fr\/produit\/losses-in-pipes\/\" \/>\n<meta property=\"og:site_name\" content=\"De Lorenzo Training &amp; Didactical Equipment\" \/>\n<meta property=\"article:modified_time\" content=\"2025-07-21T14:23:09+00:00\" \/>\n<meta property=\"og:image\" content=\"https:\/\/delorenzoglobal.com\/wp-content\/uploads\/2024\/04\/DL-DKL021-1-scaled.jpg\" \/>\n\t<meta property=\"og:image:width\" content=\"2560\" \/>\n\t<meta property=\"og:image:height\" content=\"1436\" \/>\n\t<meta property=\"og:image:type\" content=\"image\/jpeg\" \/>\n<meta name=\"twitter:card\" content=\"summary_large_image\" \/>\n<meta name=\"twitter:label1\" content=\"Dur\u00e9e de lecture estim\u00e9e\" \/>\n\t<meta name=\"twitter:data1\" content=\"2 minutes\" \/>\n<script type=\"application\/ld+json\" class=\"yoast-schema-graph\">{\"@context\":\"https:\\\/\\\/schema.org\",\"@graph\":[{\"@type\":\"WebPage\",\"@id\":\"https:\\\/\\\/delorenzoglobal.com\\\/fr\\\/produit\\\/losses-in-pipes\\\/\",\"url\":\"https:\\\/\\\/delorenzoglobal.com\\\/fr\\\/produit\\\/losses-in-pipes\\\/\",\"name\":\"PERTES DANS LES TUYAUX - De Lorenzo Training &amp; Didactical Equipment\",\"isPartOf\":{\"@id\":\"https:\\\/\\\/delorenzoglobal.com\\\/fr\\\/#website\"},\"primaryImageOfPage\":{\"@id\":\"https:\\\/\\\/delorenzoglobal.com\\\/fr\\\/produit\\\/losses-in-pipes\\\/#primaryimage\"},\"image\":{\"@id\":\"https:\\\/\\\/delorenzoglobal.com\\\/fr\\\/produit\\\/losses-in-pipes\\\/#primaryimage\"},\"thumbnailUrl\":\"https:\\\/\\\/delorenzoglobal.com\\\/wp-content\\\/uploads\\\/2024\\\/04\\\/DL-DKL021-1-scaled.jpg\",\"datePublished\":\"2024-04-18T10:07:52+00:00\",\"dateModified\":\"2025-07-21T14:23:09+00:00\",\"breadcrumb\":{\"@id\":\"https:\\\/\\\/delorenzoglobal.com\\\/fr\\\/produit\\\/losses-in-pipes\\\/#breadcrumb\"},\"inLanguage\":\"fr-FR\",\"potentialAction\":[{\"@type\":\"ReadAction\",\"target\":[\"https:\\\/\\\/delorenzoglobal.com\\\/fr\\\/produit\\\/losses-in-pipes\\\/\"]}]},{\"@type\":\"ImageObject\",\"inLanguage\":\"fr-FR\",\"@id\":\"https:\\\/\\\/delorenzoglobal.com\\\/fr\\\/produit\\\/losses-in-pipes\\\/#primaryimage\",\"url\":\"https:\\\/\\\/delorenzoglobal.com\\\/wp-content\\\/uploads\\\/2024\\\/04\\\/DL-DKL021-1-scaled.jpg\",\"contentUrl\":\"https:\\\/\\\/delorenzoglobal.com\\\/wp-content\\\/uploads\\\/2024\\\/04\\\/DL-DKL021-1-scaled.jpg\",\"width\":2560,\"height\":1436},{\"@type\":\"BreadcrumbList\",\"@id\":\"https:\\\/\\\/delorenzoglobal.com\\\/fr\\\/produit\\\/losses-in-pipes\\\/#breadcrumb\",\"itemListElement\":[{\"@type\":\"ListItem\",\"position\":1,\"name\":\"Home\",\"item\":\"https:\\\/\\\/delorenzoglobal.com\\\/fr\\\/\"},{\"@type\":\"ListItem\",\"position\":2,\"name\":\"Boutique\",\"item\":\"https:\\\/\\\/delorenzoglobal.com\\\/fr\\\/boutique\\\/\"},{\"@type\":\"ListItem\",\"position\":3,\"name\":\"PERTES DANS LES TUYAUX\"}]},{\"@type\":\"WebSite\",\"@id\":\"https:\\\/\\\/delorenzoglobal.com\\\/fr\\\/#website\",\"url\":\"https:\\\/\\\/delorenzoglobal.com\\\/fr\\\/\",\"name\":\"De Lorenzo Training &amp; Didactical Equipment\",\"description\":\"\",\"potentialAction\":[{\"@type\":\"SearchAction\",\"target\":{\"@type\":\"EntryPoint\",\"urlTemplate\":\"https:\\\/\\\/delorenzoglobal.com\\\/fr\\\/?s={search_term_string}\"},\"query-input\":{\"@type\":\"PropertyValueSpecification\",\"valueRequired\":true,\"valueName\":\"search_term_string\"}}],\"inLanguage\":\"fr-FR\"}]}<\/script>\n<!-- \/ Yoast SEO plugin. -->","yoast_head_json":{"title":"PERTES DANS LES TUYAUX - De Lorenzo Training &amp; Didactical Equipment","robots":{"index":"index","follow":"follow","max-snippet":"max-snippet:-1","max-image-preview":"max-image-preview:large","max-video-preview":"max-video-preview:-1"},"canonical":"https:\/\/delorenzoglobal.com\/fr\/produit\/losses-in-pipes\/","og_locale":"fr_FR","og_type":"article","og_title":"PERTES DANS LES TUYAUX - De Lorenzo Training &amp; Didactical Equipment","og_description":"Cet \u00e9quipement de formation a \u00e9t\u00e9 con\u00e7u pour l&rsquo;\u00e9tude des pertes par friction dans les tuyaux et des pertes dans les \u00e9l\u00e9ments hydrauliques tels que les soupapes, les \u00e9l\u00e9ments de mesure, les accessoires, etc. Cet \u00e9quipement de formation a \u00e9t\u00e9 con\u00e7u pour \u00eatre tr\u00e8s flexible, de sorte qu&rsquo;il permet d&rsquo;accrocher de nouveaux accessoires et des [&hellip;]","og_url":"https:\/\/delorenzoglobal.com\/fr\/produit\/losses-in-pipes\/","og_site_name":"De Lorenzo Training &amp; Didactical Equipment","article_modified_time":"2025-07-21T14:23:09+00:00","og_image":[{"width":2560,"height":1436,"url":"https:\/\/delorenzoglobal.com\/wp-content\/uploads\/2024\/04\/DL-DKL021-1-scaled.jpg","type":"image\/jpeg"}],"twitter_card":"summary_large_image","twitter_misc":{"Dur\u00e9e de lecture estim\u00e9e":"2 minutes"},"schema":{"@context":"https:\/\/schema.org","@graph":[{"@type":"WebPage","@id":"https:\/\/delorenzoglobal.com\/fr\/produit\/losses-in-pipes\/","url":"https:\/\/delorenzoglobal.com\/fr\/produit\/losses-in-pipes\/","name":"PERTES DANS LES TUYAUX - De Lorenzo Training &amp; Didactical Equipment","isPartOf":{"@id":"https:\/\/delorenzoglobal.com\/fr\/#website"},"primaryImageOfPage":{"@id":"https:\/\/delorenzoglobal.com\/fr\/produit\/losses-in-pipes\/#primaryimage"},"image":{"@id":"https:\/\/delorenzoglobal.com\/fr\/produit\/losses-in-pipes\/#primaryimage"},"thumbnailUrl":"https:\/\/delorenzoglobal.com\/wp-content\/uploads\/2024\/04\/DL-DKL021-1-scaled.jpg","datePublished":"2024-04-18T10:07:52+00:00","dateModified":"2025-07-21T14:23:09+00:00","breadcrumb":{"@id":"https:\/\/delorenzoglobal.com\/fr\/produit\/losses-in-pipes\/#breadcrumb"},"inLanguage":"fr-FR","potentialAction":[{"@type":"ReadAction","target":["https:\/\/delorenzoglobal.com\/fr\/produit\/losses-in-pipes\/"]}]},{"@type":"ImageObject","inLanguage":"fr-FR","@id":"https:\/\/delorenzoglobal.com\/fr\/produit\/losses-in-pipes\/#primaryimage","url":"https:\/\/delorenzoglobal.com\/wp-content\/uploads\/2024\/04\/DL-DKL021-1-scaled.jpg","contentUrl":"https:\/\/delorenzoglobal.com\/wp-content\/uploads\/2024\/04\/DL-DKL021-1-scaled.jpg","width":2560,"height":1436},{"@type":"BreadcrumbList","@id":"https:\/\/delorenzoglobal.com\/fr\/produit\/losses-in-pipes\/#breadcrumb","itemListElement":[{"@type":"ListItem","position":1,"name":"Home","item":"https:\/\/delorenzoglobal.com\/fr\/"},{"@type":"ListItem","position":2,"name":"Boutique","item":"https:\/\/delorenzoglobal.com\/fr\/boutique\/"},{"@type":"ListItem","position":3,"name":"PERTES DANS LES TUYAUX"}]},{"@type":"WebSite","@id":"https:\/\/delorenzoglobal.com\/fr\/#website","url":"https:\/\/delorenzoglobal.com\/fr\/","name":"De Lorenzo Training &amp; Didactical Equipment","description":"","potentialAction":[{"@type":"SearchAction","target":{"@type":"EntryPoint","urlTemplate":"https:\/\/delorenzoglobal.com\/fr\/?s={search_term_string}"},"query-input":{"@type":"PropertyValueSpecification","valueRequired":true,"valueName":"search_term_string"}}],"inLanguage":"fr-FR"}]}},"_links":{"self":[{"href":"https:\/\/delorenzoglobal.com\/fr\/wp-json\/wp\/v2\/product\/10817","targetHints":{"allow":["GET"]}}],"collection":[{"href":"https:\/\/delorenzoglobal.com\/fr\/wp-json\/wp\/v2\/product"}],"about":[{"href":"https:\/\/delorenzoglobal.com\/fr\/wp-json\/wp\/v2\/types\/product"}],"wp:featuredmedia":[{"embeddable":true,"href":"https:\/\/delorenzoglobal.com\/fr\/wp-json\/wp\/v2\/media\/61894"}],"wp:attachment":[{"href":"https:\/\/delorenzoglobal.com\/fr\/wp-json\/wp\/v2\/media?parent=10817"}],"wp:term":[{"taxonomy":"product_brand","embeddable":true,"href":"https:\/\/delorenzoglobal.com\/fr\/wp-json\/wp\/v2\/product_brand?post=10817"},{"taxonomy":"product_cat","embeddable":true,"href":"https:\/\/delorenzoglobal.com\/fr\/wp-json\/wp\/v2\/product_cat?post=10817"},{"taxonomy":"product_tag","embeddable":true,"href":"https:\/\/delorenzoglobal.com\/fr\/wp-json\/wp\/v2\/product_tag?post=10817"}],"curies":[{"name":"wp","href":"https:\/\/api.w.org\/{rel}","templated":true}]}}