{"id":10673,"date":"2024-04-18T11:32:49","date_gmt":"2024-04-18T09:32:49","guid":{"rendered":"https:\/\/delorenzoglobal.com\/?post_type=product&#038;p=10673"},"modified":"2025-01-17T12:09:48","modified_gmt":"2025-01-17T11:09:48","slug":"banc-hydraulique-haut-debit","status":"publish","type":"product","link":"https:\/\/delorenzoglobal.com\/fr\/produit\/banc-hydraulique-haut-debit\/","title":{"rendered":"BANC HYDRAULIQUE HAUT D\u00c9BIT"},"content":{"rendered":"<p>Le DL DKL017 est un banc hydraulique \u00e0 haut d\u00e9bit adapt\u00e9 \u00e0 une grande vari\u00e9t\u00e9 d&rsquo;\u00e9quipements p\u00e9dagogiques et peut \u00eatre utilis\u00e9 lorsqu&rsquo;un grand d\u00e9bit d&rsquo;eau est n\u00e9cessaire.<\/p>\n<p>Il dispose de deux pompes connect\u00e9es en parall\u00e8le permettant d&rsquo;effectuer deux fois plus de travail qu&rsquo;avec un banc hydraulique traditionnel.<\/p>\n<p>Il est sp\u00e9cialement con\u00e7u pour \u00eatre utilis\u00e9 avec des turbines hydrauliques, mais il peut \u00e9galement fonctionner comme un banc standard, les pompes \u00e9tant connect\u00e9es s\u00e9par\u00e9ment.<\/p>\n<p>Le banc dispose de deux r\u00e9servoirs volum\u00e9triques de tailles diff\u00e9rentes, pour la mesure de petits et grands d\u00e9bits.<\/p>\n<p>La partie sup\u00e9rieure a des r\u00e8gles calibr\u00e9es pour faciliter le travail des \u00e9tudiants dans les mesures de d\u00e9bit, et la partie inf\u00e9rieure a un raccord pour faciliter le remplissage et la vidange de l&rsquo;\u00e9quipement.<\/p>\n<p>Il dispose \u00e9galement de connexions par \u00e9crous de raccordement et d&rsquo;une prise rapide, fournis avec le banc, de mani\u00e8re que l&rsquo;installation des diff\u00e9rents \u00e9quipements de travail soit simple et rapide.<\/p>\n<p>Un drain permettant une vidange plus rapide lors de travaux avec de gros cours d&rsquo;eau, est \u00e9galement pr\u00e9vu.<\/p>\n<p>L&rsquo;\u00e9quipement a des ports de pression pr\u00e9par\u00e9s pour pouvoir effectuer l&rsquo;analyse et le calcul de la courbe caract\u00e9ristique de la pompe.<\/p>\n<p>Fourni avec un manuel d&rsquo;utilisation montrant tout le processus \u00e0 suivre pour son fonctionnement, et expliquant tous les fondements th\u00e9oriques, ainsi que les formules math\u00e9matiques utilis\u00e9es pour mener \u00e0 bien toutes les exp\u00e9rimentations.<\/p>\n","protected":false},"excerpt":{"rendered":"<p>Le DL DKL017 est un banc hydraulique \u00e0 haut d\u00e9bit adapt\u00e9 \u00e0 une grande vari\u00e9t\u00e9 d&rsquo;\u00e9quipements p\u00e9dagogiques et peut \u00eatre utilis\u00e9 lorsqu&rsquo;un grand d\u00e9bit d&rsquo;eau est n\u00e9cessaire. Il dispose de deux pompes connect\u00e9es en parall\u00e8le permettant d&rsquo;effectuer deux fois plus de travail qu&rsquo;avec un banc hydraulique traditionnel. Il est sp\u00e9cialement con\u00e7u pour \u00eatre utilis\u00e9 avec [&hellip;]<\/p>\n","protected":false},"featured_media":10656,"template":"","meta":{"_acf_changed":false},"product_brand":[],"product_cat":[428],"product_tag":[],"class_list":{"0":"post-10673","1":"product","2":"type-product","3":"status-publish","4":"has-post-thumbnail","6":"product_cat-fondamentaux-de-la-mecanique-des-fluides","8":"first","9":"instock","10":"shipping-taxable","11":"product-type-simple"},"acf":[],"yoast_head":"<!-- This site is optimized with the Yoast SEO plugin v27.4 - https:\/\/yoast.com\/product\/yoast-seo-wordpress\/ -->\n<title>BANC HYDRAULIQUE HAUT D\u00c9BIT - De Lorenzo Training &amp; Didactical Equipment<\/title>\n<meta name=\"robots\" content=\"index, follow, max-snippet:-1, max-image-preview:large, max-video-preview:-1\" \/>\n<link rel=\"canonical\" href=\"https:\/\/delorenzoglobal.com\/fr\/produit\/banc-hydraulique-haut-debit\/\" \/>\n<meta property=\"og:locale\" content=\"fr_FR\" \/>\n<meta property=\"og:type\" content=\"article\" \/>\n<meta property=\"og:title\" content=\"BANC HYDRAULIQUE HAUT D\u00c9BIT - De Lorenzo Training &amp; Didactical Equipment\" \/>\n<meta property=\"og:description\" content=\"Le DL DKL017 est un banc hydraulique \u00e0 haut d\u00e9bit adapt\u00e9 \u00e0 une grande vari\u00e9t\u00e9 d&rsquo;\u00e9quipements p\u00e9dagogiques et peut \u00eatre utilis\u00e9 lorsqu&rsquo;un grand d\u00e9bit d&rsquo;eau est n\u00e9cessaire. Il dispose de deux pompes connect\u00e9es en parall\u00e8le permettant d&rsquo;effectuer deux fois plus de travail qu&rsquo;avec un banc hydraulique traditionnel. Il est sp\u00e9cialement con\u00e7u pour \u00eatre utilis\u00e9 avec [&hellip;]\" \/>\n<meta property=\"og:url\" content=\"https:\/\/delorenzoglobal.com\/fr\/produit\/banc-hydraulique-haut-debit\/\" \/>\n<meta property=\"og:site_name\" content=\"De Lorenzo Training &amp; Didactical Equipment\" \/>\n<meta property=\"article:modified_time\" content=\"2025-01-17T11:09:48+00:00\" \/>\n<meta property=\"og:image\" content=\"https:\/\/delorenzoglobal.com\/wp-content\/uploads\/2024\/04\/DL-DKL017.png\" \/>\n\t<meta property=\"og:image:width\" content=\"367\" \/>\n\t<meta property=\"og:image:height\" content=\"327\" \/>\n\t<meta property=\"og:image:type\" content=\"image\/png\" \/>\n<meta name=\"twitter:card\" content=\"summary_large_image\" \/>\n<meta name=\"twitter:label1\" content=\"Dur\u00e9e de lecture estim\u00e9e\" \/>\n\t<meta name=\"twitter:data1\" content=\"2 minutes\" \/>\n<script type=\"application\/ld+json\" class=\"yoast-schema-graph\">{\"@context\":\"https:\\\/\\\/schema.org\",\"@graph\":[{\"@type\":\"WebPage\",\"@id\":\"https:\\\/\\\/delorenzoglobal.com\\\/fr\\\/produit\\\/banc-hydraulique-haut-debit\\\/\",\"url\":\"https:\\\/\\\/delorenzoglobal.com\\\/fr\\\/produit\\\/banc-hydraulique-haut-debit\\\/\",\"name\":\"BANC HYDRAULIQUE HAUT D\u00c9BIT - De Lorenzo Training &amp; Didactical Equipment\",\"isPartOf\":{\"@id\":\"https:\\\/\\\/delorenzoglobal.com\\\/fr\\\/#website\"},\"primaryImageOfPage\":{\"@id\":\"https:\\\/\\\/delorenzoglobal.com\\\/fr\\\/produit\\\/banc-hydraulique-haut-debit\\\/#primaryimage\"},\"image\":{\"@id\":\"https:\\\/\\\/delorenzoglobal.com\\\/fr\\\/produit\\\/banc-hydraulique-haut-debit\\\/#primaryimage\"},\"thumbnailUrl\":\"https:\\\/\\\/delorenzoglobal.com\\\/wp-content\\\/uploads\\\/2024\\\/04\\\/DL-DKL017.png\",\"datePublished\":\"2024-04-18T09:32:49+00:00\",\"dateModified\":\"2025-01-17T11:09:48+00:00\",\"breadcrumb\":{\"@id\":\"https:\\\/\\\/delorenzoglobal.com\\\/fr\\\/produit\\\/banc-hydraulique-haut-debit\\\/#breadcrumb\"},\"inLanguage\":\"fr-FR\",\"potentialAction\":[{\"@type\":\"ReadAction\",\"target\":[\"https:\\\/\\\/delorenzoglobal.com\\\/fr\\\/produit\\\/banc-hydraulique-haut-debit\\\/\"]}]},{\"@type\":\"ImageObject\",\"inLanguage\":\"fr-FR\",\"@id\":\"https:\\\/\\\/delorenzoglobal.com\\\/fr\\\/produit\\\/banc-hydraulique-haut-debit\\\/#primaryimage\",\"url\":\"https:\\\/\\\/delorenzoglobal.com\\\/wp-content\\\/uploads\\\/2024\\\/04\\\/DL-DKL017.png\",\"contentUrl\":\"https:\\\/\\\/delorenzoglobal.com\\\/wp-content\\\/uploads\\\/2024\\\/04\\\/DL-DKL017.png\",\"width\":367,\"height\":327},{\"@type\":\"BreadcrumbList\",\"@id\":\"https:\\\/\\\/delorenzoglobal.com\\\/fr\\\/produit\\\/banc-hydraulique-haut-debit\\\/#breadcrumb\",\"itemListElement\":[{\"@type\":\"ListItem\",\"position\":1,\"name\":\"Home\",\"item\":\"https:\\\/\\\/delorenzoglobal.com\\\/fr\\\/\"},{\"@type\":\"ListItem\",\"position\":2,\"name\":\"Boutique\",\"item\":\"https:\\\/\\\/delorenzoglobal.com\\\/fr\\\/boutique\\\/\"},{\"@type\":\"ListItem\",\"position\":3,\"name\":\"BANC HYDRAULIQUE HAUT D\u00c9BIT\"}]},{\"@type\":\"WebSite\",\"@id\":\"https:\\\/\\\/delorenzoglobal.com\\\/fr\\\/#website\",\"url\":\"https:\\\/\\\/delorenzoglobal.com\\\/fr\\\/\",\"name\":\"De Lorenzo Training &amp; Didactical Equipment\",\"description\":\"\",\"potentialAction\":[{\"@type\":\"SearchAction\",\"target\":{\"@type\":\"EntryPoint\",\"urlTemplate\":\"https:\\\/\\\/delorenzoglobal.com\\\/fr\\\/?s={search_term_string}\"},\"query-input\":{\"@type\":\"PropertyValueSpecification\",\"valueRequired\":true,\"valueName\":\"search_term_string\"}}],\"inLanguage\":\"fr-FR\"}]}<\/script>\n<!-- \/ Yoast SEO plugin. -->","yoast_head_json":{"title":"BANC HYDRAULIQUE HAUT D\u00c9BIT - De Lorenzo Training &amp; Didactical Equipment","robots":{"index":"index","follow":"follow","max-snippet":"max-snippet:-1","max-image-preview":"max-image-preview:large","max-video-preview":"max-video-preview:-1"},"canonical":"https:\/\/delorenzoglobal.com\/fr\/produit\/banc-hydraulique-haut-debit\/","og_locale":"fr_FR","og_type":"article","og_title":"BANC HYDRAULIQUE HAUT D\u00c9BIT - De Lorenzo Training &amp; Didactical Equipment","og_description":"Le DL DKL017 est un banc hydraulique \u00e0 haut d\u00e9bit adapt\u00e9 \u00e0 une grande vari\u00e9t\u00e9 d&rsquo;\u00e9quipements p\u00e9dagogiques et peut \u00eatre utilis\u00e9 lorsqu&rsquo;un grand d\u00e9bit d&rsquo;eau est n\u00e9cessaire. Il dispose de deux pompes connect\u00e9es en parall\u00e8le permettant d&rsquo;effectuer deux fois plus de travail qu&rsquo;avec un banc hydraulique traditionnel. Il est sp\u00e9cialement con\u00e7u pour \u00eatre utilis\u00e9 avec [&hellip;]","og_url":"https:\/\/delorenzoglobal.com\/fr\/produit\/banc-hydraulique-haut-debit\/","og_site_name":"De Lorenzo Training &amp; Didactical Equipment","article_modified_time":"2025-01-17T11:09:48+00:00","og_image":[{"width":367,"height":327,"url":"https:\/\/delorenzoglobal.com\/wp-content\/uploads\/2024\/04\/DL-DKL017.png","type":"image\/png"}],"twitter_card":"summary_large_image","twitter_misc":{"Dur\u00e9e de lecture estim\u00e9e":"2 minutes"},"schema":{"@context":"https:\/\/schema.org","@graph":[{"@type":"WebPage","@id":"https:\/\/delorenzoglobal.com\/fr\/produit\/banc-hydraulique-haut-debit\/","url":"https:\/\/delorenzoglobal.com\/fr\/produit\/banc-hydraulique-haut-debit\/","name":"BANC HYDRAULIQUE HAUT D\u00c9BIT - De Lorenzo Training &amp; Didactical Equipment","isPartOf":{"@id":"https:\/\/delorenzoglobal.com\/fr\/#website"},"primaryImageOfPage":{"@id":"https:\/\/delorenzoglobal.com\/fr\/produit\/banc-hydraulique-haut-debit\/#primaryimage"},"image":{"@id":"https:\/\/delorenzoglobal.com\/fr\/produit\/banc-hydraulique-haut-debit\/#primaryimage"},"thumbnailUrl":"https:\/\/delorenzoglobal.com\/wp-content\/uploads\/2024\/04\/DL-DKL017.png","datePublished":"2024-04-18T09:32:49+00:00","dateModified":"2025-01-17T11:09:48+00:00","breadcrumb":{"@id":"https:\/\/delorenzoglobal.com\/fr\/produit\/banc-hydraulique-haut-debit\/#breadcrumb"},"inLanguage":"fr-FR","potentialAction":[{"@type":"ReadAction","target":["https:\/\/delorenzoglobal.com\/fr\/produit\/banc-hydraulique-haut-debit\/"]}]},{"@type":"ImageObject","inLanguage":"fr-FR","@id":"https:\/\/delorenzoglobal.com\/fr\/produit\/banc-hydraulique-haut-debit\/#primaryimage","url":"https:\/\/delorenzoglobal.com\/wp-content\/uploads\/2024\/04\/DL-DKL017.png","contentUrl":"https:\/\/delorenzoglobal.com\/wp-content\/uploads\/2024\/04\/DL-DKL017.png","width":367,"height":327},{"@type":"BreadcrumbList","@id":"https:\/\/delorenzoglobal.com\/fr\/produit\/banc-hydraulique-haut-debit\/#breadcrumb","itemListElement":[{"@type":"ListItem","position":1,"name":"Home","item":"https:\/\/delorenzoglobal.com\/fr\/"},{"@type":"ListItem","position":2,"name":"Boutique","item":"https:\/\/delorenzoglobal.com\/fr\/boutique\/"},{"@type":"ListItem","position":3,"name":"BANC HYDRAULIQUE HAUT D\u00c9BIT"}]},{"@type":"WebSite","@id":"https:\/\/delorenzoglobal.com\/fr\/#website","url":"https:\/\/delorenzoglobal.com\/fr\/","name":"De Lorenzo Training &amp; Didactical Equipment","description":"","potentialAction":[{"@type":"SearchAction","target":{"@type":"EntryPoint","urlTemplate":"https:\/\/delorenzoglobal.com\/fr\/?s={search_term_string}"},"query-input":{"@type":"PropertyValueSpecification","valueRequired":true,"valueName":"search_term_string"}}],"inLanguage":"fr-FR"}]}},"_links":{"self":[{"href":"https:\/\/delorenzoglobal.com\/fr\/wp-json\/wp\/v2\/product\/10673","targetHints":{"allow":["GET"]}}],"collection":[{"href":"https:\/\/delorenzoglobal.com\/fr\/wp-json\/wp\/v2\/product"}],"about":[{"href":"https:\/\/delorenzoglobal.com\/fr\/wp-json\/wp\/v2\/types\/product"}],"wp:featuredmedia":[{"embeddable":true,"href":"https:\/\/delorenzoglobal.com\/fr\/wp-json\/wp\/v2\/media\/10656"}],"wp:attachment":[{"href":"https:\/\/delorenzoglobal.com\/fr\/wp-json\/wp\/v2\/media?parent=10673"}],"wp:term":[{"taxonomy":"product_brand","embeddable":true,"href":"https:\/\/delorenzoglobal.com\/fr\/wp-json\/wp\/v2\/product_brand?post=10673"},{"taxonomy":"product_cat","embeddable":true,"href":"https:\/\/delorenzoglobal.com\/fr\/wp-json\/wp\/v2\/product_cat?post=10673"},{"taxonomy":"product_tag","embeddable":true,"href":"https:\/\/delorenzoglobal.com\/fr\/wp-json\/wp\/v2\/product_tag?post=10673"}],"curies":[{"name":"wp","href":"https:\/\/api.w.org\/{rel}","templated":true}]}}