{"id":10664,"date":"2024-04-18T11:32:35","date_gmt":"2024-04-18T09:32:35","guid":{"rendered":"https:\/\/delorenzoglobal.com\/?post_type=product&#038;p=10664"},"modified":"2025-01-16T11:26:52","modified_gmt":"2025-01-16T10:26:52","slug":"systemes-de-rechauffage","status":"publish","type":"product","link":"https:\/\/delorenzoglobal.com\/fr\/produit\/systemes-de-rechauffage\/","title":{"rendered":"SYST\u00c8MES DE RECHAUFFAGE"},"content":{"rendered":"<p>Le simulateur permet l\u2019\u00e9tude, l\u2019exp\u00e9rimentation et la recherche des pannes, relativement aux installations suivantes:<\/p>\n<ul>\n<li>Installation de r\u00e9chauffage centralis\u00e9e;<\/li>\n<li>Installation de r\u00e9chauffage \u00e0 r\u00e9glage distribu\u00e9;<\/li>\n<li>Installation de r\u00e9chauffage \u00e0 zones.<\/li>\n<\/ul>\n<p>Ces installations sont reproduites sur le panneau, \u00e0 travers des synoptiques \u00e0 couleurs qui en permettent une analyse compl\u00e8te des circuits \u00e0 fluide, de ses composants et du circuit \u00e9lectrique\/\u00e9lectronique de contr\u00f4le et r\u00e9glage.<\/p>\n","protected":false},"excerpt":{"rendered":"<p>Le simulateur permet l\u2019\u00e9tude, l\u2019exp\u00e9rimentation et la recherche des pannes, relativement aux installations suivantes: Installation de r\u00e9chauffage centralis\u00e9e; Installation de r\u00e9chauffage \u00e0 r\u00e9glage distribu\u00e9; Installation de r\u00e9chauffage \u00e0 zones. Ces installations sont reproduites sur le panneau, \u00e0 travers des synoptiques \u00e0 couleurs qui en permettent une analyse compl\u00e8te des circuits \u00e0 fluide, de ses composants [&hellip;]<\/p>\n","protected":false},"featured_media":16842,"template":"","meta":{"_acf_changed":false},"product_brand":[],"product_cat":[401],"product_tag":[],"class_list":{"0":"post-10664","1":"product","2":"type-product","3":"status-publish","4":"has-post-thumbnail","6":"product_cat-installation-de-chauffage-et-sanitaires","8":"first","9":"instock","10":"shipping-taxable","11":"product-type-simple"},"acf":[],"yoast_head":"<!-- This site is optimized with the Yoast SEO plugin v27.0 - https:\/\/yoast.com\/product\/yoast-seo-wordpress\/ -->\n<title>SYST\u00c8MES DE RECHAUFFAGE - De Lorenzo Training &amp; Didactical Equipment<\/title>\n<meta name=\"robots\" content=\"index, follow, max-snippet:-1, max-image-preview:large, max-video-preview:-1\" \/>\n<link rel=\"canonical\" href=\"https:\/\/delorenzoglobal.com\/fr\/produit\/systemes-de-rechauffage\/\" \/>\n<meta property=\"og:locale\" content=\"fr_FR\" \/>\n<meta property=\"og:type\" content=\"article\" \/>\n<meta property=\"og:title\" content=\"SYST\u00c8MES DE RECHAUFFAGE - De Lorenzo Training &amp; Didactical Equipment\" \/>\n<meta property=\"og:description\" content=\"Le simulateur permet l\u2019\u00e9tude, l\u2019exp\u00e9rimentation et la recherche des pannes, relativement aux installations suivantes: Installation de r\u00e9chauffage centralis\u00e9e; Installation de r\u00e9chauffage \u00e0 r\u00e9glage distribu\u00e9; Installation de r\u00e9chauffage \u00e0 zones. Ces installations sont reproduites sur le panneau, \u00e0 travers des synoptiques \u00e0 couleurs qui en permettent une analyse compl\u00e8te des circuits \u00e0 fluide, de ses composants [&hellip;]\" \/>\n<meta property=\"og:url\" content=\"https:\/\/delorenzoglobal.com\/fr\/produit\/systemes-de-rechauffage\/\" \/>\n<meta property=\"og:site_name\" content=\"De Lorenzo Training &amp; Didactical Equipment\" \/>\n<meta property=\"article:modified_time\" content=\"2025-01-16T10:26:52+00:00\" \/>\n<meta property=\"og:image\" content=\"https:\/\/delorenzoglobal.com\/wp-content\/uploads\/2024\/04\/DL-TM09-xs-scaled.jpg\" \/>\n\t<meta property=\"og:image:width\" content=\"2560\" \/>\n\t<meta property=\"og:image:height\" content=\"1575\" \/>\n\t<meta property=\"og:image:type\" content=\"image\/jpeg\" \/>\n<meta name=\"twitter:card\" content=\"summary_large_image\" \/>\n<meta name=\"twitter:label1\" content=\"Dur\u00e9e de lecture estim\u00e9e\" \/>\n\t<meta name=\"twitter:data1\" content=\"1 minute\" \/>\n<script type=\"application\/ld+json\" class=\"yoast-schema-graph\">{\"@context\":\"https:\/\/schema.org\",\"@graph\":[{\"@type\":\"WebPage\",\"@id\":\"https:\/\/delorenzoglobal.com\/fr\/produit\/systemes-de-rechauffage\/\",\"url\":\"https:\/\/delorenzoglobal.com\/fr\/produit\/systemes-de-rechauffage\/\",\"name\":\"SYST\u00c8MES DE RECHAUFFAGE - De Lorenzo Training &amp; Didactical Equipment\",\"isPartOf\":{\"@id\":\"https:\/\/delorenzoglobal.com\/fr\/#website\"},\"primaryImageOfPage\":{\"@id\":\"https:\/\/delorenzoglobal.com\/fr\/produit\/systemes-de-rechauffage\/#primaryimage\"},\"image\":{\"@id\":\"https:\/\/delorenzoglobal.com\/fr\/produit\/systemes-de-rechauffage\/#primaryimage\"},\"thumbnailUrl\":\"https:\/\/delorenzoglobal.com\/wp-content\/uploads\/2024\/04\/DL-TM09-xs-scaled.jpg\",\"datePublished\":\"2024-04-18T09:32:35+00:00\",\"dateModified\":\"2025-01-16T10:26:52+00:00\",\"breadcrumb\":{\"@id\":\"https:\/\/delorenzoglobal.com\/fr\/produit\/systemes-de-rechauffage\/#breadcrumb\"},\"inLanguage\":\"fr-FR\",\"potentialAction\":[{\"@type\":\"ReadAction\",\"target\":[\"https:\/\/delorenzoglobal.com\/fr\/produit\/systemes-de-rechauffage\/\"]}]},{\"@type\":\"ImageObject\",\"inLanguage\":\"fr-FR\",\"@id\":\"https:\/\/delorenzoglobal.com\/fr\/produit\/systemes-de-rechauffage\/#primaryimage\",\"url\":\"https:\/\/delorenzoglobal.com\/wp-content\/uploads\/2024\/04\/DL-TM09-xs-scaled.jpg\",\"contentUrl\":\"https:\/\/delorenzoglobal.com\/wp-content\/uploads\/2024\/04\/DL-TM09-xs-scaled.jpg\",\"width\":2560,\"height\":1575},{\"@type\":\"BreadcrumbList\",\"@id\":\"https:\/\/delorenzoglobal.com\/fr\/produit\/systemes-de-rechauffage\/#breadcrumb\",\"itemListElement\":[{\"@type\":\"ListItem\",\"position\":1,\"name\":\"Home\",\"item\":\"https:\/\/delorenzoglobal.com\/fr\/\"},{\"@type\":\"ListItem\",\"position\":2,\"name\":\"Boutique\",\"item\":\"https:\/\/delorenzoglobal.com\/fr\/boutique\/\"},{\"@type\":\"ListItem\",\"position\":3,\"name\":\"SYST\u00c8MES DE RECHAUFFAGE\"}]},{\"@type\":\"WebSite\",\"@id\":\"https:\/\/delorenzoglobal.com\/fr\/#website\",\"url\":\"https:\/\/delorenzoglobal.com\/fr\/\",\"name\":\"De Lorenzo Training &amp; Didactical Equipment\",\"description\":\"\",\"potentialAction\":[{\"@type\":\"SearchAction\",\"target\":{\"@type\":\"EntryPoint\",\"urlTemplate\":\"https:\/\/delorenzoglobal.com\/fr\/?s={search_term_string}\"},\"query-input\":{\"@type\":\"PropertyValueSpecification\",\"valueRequired\":true,\"valueName\":\"search_term_string\"}}],\"inLanguage\":\"fr-FR\"}]}<\/script>\n<!-- \/ Yoast SEO plugin. -->","yoast_head_json":{"title":"SYST\u00c8MES DE RECHAUFFAGE - De Lorenzo Training &amp; Didactical Equipment","robots":{"index":"index","follow":"follow","max-snippet":"max-snippet:-1","max-image-preview":"max-image-preview:large","max-video-preview":"max-video-preview:-1"},"canonical":"https:\/\/delorenzoglobal.com\/fr\/produit\/systemes-de-rechauffage\/","og_locale":"fr_FR","og_type":"article","og_title":"SYST\u00c8MES DE RECHAUFFAGE - De Lorenzo Training &amp; Didactical Equipment","og_description":"Le simulateur permet l\u2019\u00e9tude, l\u2019exp\u00e9rimentation et la recherche des pannes, relativement aux installations suivantes: Installation de r\u00e9chauffage centralis\u00e9e; Installation de r\u00e9chauffage \u00e0 r\u00e9glage distribu\u00e9; Installation de r\u00e9chauffage \u00e0 zones. Ces installations sont reproduites sur le panneau, \u00e0 travers des synoptiques \u00e0 couleurs qui en permettent une analyse compl\u00e8te des circuits \u00e0 fluide, de ses composants [&hellip;]","og_url":"https:\/\/delorenzoglobal.com\/fr\/produit\/systemes-de-rechauffage\/","og_site_name":"De Lorenzo Training &amp; Didactical Equipment","article_modified_time":"2025-01-16T10:26:52+00:00","og_image":[{"width":2560,"height":1575,"url":"https:\/\/delorenzoglobal.com\/wp-content\/uploads\/2024\/04\/DL-TM09-xs-scaled.jpg","type":"image\/jpeg"}],"twitter_card":"summary_large_image","twitter_misc":{"Dur\u00e9e de lecture estim\u00e9e":"1 minute"},"schema":{"@context":"https:\/\/schema.org","@graph":[{"@type":"WebPage","@id":"https:\/\/delorenzoglobal.com\/fr\/produit\/systemes-de-rechauffage\/","url":"https:\/\/delorenzoglobal.com\/fr\/produit\/systemes-de-rechauffage\/","name":"SYST\u00c8MES DE RECHAUFFAGE - De Lorenzo Training &amp; Didactical Equipment","isPartOf":{"@id":"https:\/\/delorenzoglobal.com\/fr\/#website"},"primaryImageOfPage":{"@id":"https:\/\/delorenzoglobal.com\/fr\/produit\/systemes-de-rechauffage\/#primaryimage"},"image":{"@id":"https:\/\/delorenzoglobal.com\/fr\/produit\/systemes-de-rechauffage\/#primaryimage"},"thumbnailUrl":"https:\/\/delorenzoglobal.com\/wp-content\/uploads\/2024\/04\/DL-TM09-xs-scaled.jpg","datePublished":"2024-04-18T09:32:35+00:00","dateModified":"2025-01-16T10:26:52+00:00","breadcrumb":{"@id":"https:\/\/delorenzoglobal.com\/fr\/produit\/systemes-de-rechauffage\/#breadcrumb"},"inLanguage":"fr-FR","potentialAction":[{"@type":"ReadAction","target":["https:\/\/delorenzoglobal.com\/fr\/produit\/systemes-de-rechauffage\/"]}]},{"@type":"ImageObject","inLanguage":"fr-FR","@id":"https:\/\/delorenzoglobal.com\/fr\/produit\/systemes-de-rechauffage\/#primaryimage","url":"https:\/\/delorenzoglobal.com\/wp-content\/uploads\/2024\/04\/DL-TM09-xs-scaled.jpg","contentUrl":"https:\/\/delorenzoglobal.com\/wp-content\/uploads\/2024\/04\/DL-TM09-xs-scaled.jpg","width":2560,"height":1575},{"@type":"BreadcrumbList","@id":"https:\/\/delorenzoglobal.com\/fr\/produit\/systemes-de-rechauffage\/#breadcrumb","itemListElement":[{"@type":"ListItem","position":1,"name":"Home","item":"https:\/\/delorenzoglobal.com\/fr\/"},{"@type":"ListItem","position":2,"name":"Boutique","item":"https:\/\/delorenzoglobal.com\/fr\/boutique\/"},{"@type":"ListItem","position":3,"name":"SYST\u00c8MES DE RECHAUFFAGE"}]},{"@type":"WebSite","@id":"https:\/\/delorenzoglobal.com\/fr\/#website","url":"https:\/\/delorenzoglobal.com\/fr\/","name":"De Lorenzo Training &amp; Didactical Equipment","description":"","potentialAction":[{"@type":"SearchAction","target":{"@type":"EntryPoint","urlTemplate":"https:\/\/delorenzoglobal.com\/fr\/?s={search_term_string}"},"query-input":{"@type":"PropertyValueSpecification","valueRequired":true,"valueName":"search_term_string"}}],"inLanguage":"fr-FR"}]}},"_links":{"self":[{"href":"https:\/\/delorenzoglobal.com\/fr\/wp-json\/wp\/v2\/product\/10664","targetHints":{"allow":["GET"]}}],"collection":[{"href":"https:\/\/delorenzoglobal.com\/fr\/wp-json\/wp\/v2\/product"}],"about":[{"href":"https:\/\/delorenzoglobal.com\/fr\/wp-json\/wp\/v2\/types\/product"}],"wp:featuredmedia":[{"embeddable":true,"href":"https:\/\/delorenzoglobal.com\/fr\/wp-json\/wp\/v2\/media\/16842"}],"wp:attachment":[{"href":"https:\/\/delorenzoglobal.com\/fr\/wp-json\/wp\/v2\/media?parent=10664"}],"wp:term":[{"taxonomy":"product_brand","embeddable":true,"href":"https:\/\/delorenzoglobal.com\/fr\/wp-json\/wp\/v2\/product_brand?post=10664"},{"taxonomy":"product_cat","embeddable":true,"href":"https:\/\/delorenzoglobal.com\/fr\/wp-json\/wp\/v2\/product_cat?post=10664"},{"taxonomy":"product_tag","embeddable":true,"href":"https:\/\/delorenzoglobal.com\/fr\/wp-json\/wp\/v2\/product_tag?post=10664"}],"curies":[{"name":"wp","href":"https:\/\/api.w.org\/{rel}","templated":true}]}}