{"id":1066,"date":"2024-04-09T08:41:21","date_gmt":"2024-04-09T06:41:21","guid":{"rendered":"https:\/\/delorenzoglobal.com\/?post_type=product&#038;p=1066"},"modified":"2026-04-02T10:56:03","modified_gmt":"2026-04-02T08:56:03","slug":"simulateur-feux-de-circulation-intelligents","status":"publish","type":"product","link":"https:\/\/delorenzoglobal.com\/fr\/produit\/simulateur-feux-de-circulation-intelligents\/","title":{"rendered":"SIMULATEUR FEUX DE CIRCULATION INTELLIGENTS"},"content":{"rendered":"<p>Il repr\u00e9sente un croisement entre deux routes, chacune contr\u00f4l\u00e9e par un s\u00e9maphore avec un passage pour pi\u00e9tons, \u00e9galement contr\u00f4l\u00e9es par un s\u00e9maphore.<\/p>\n<p>Le contr\u00f4le automatique du syst\u00e8me de s\u00e9maphores est effectu\u00e9 par l&rsquo;automate, en fonction de l&rsquo;arriv\u00e9e des v\u00e9hicules ou de l&rsquo;appel par un pi\u00e9ton.<\/p>\n<p>Toutes les situations ci\u2010dessus sont simul\u00e9es par boutons\u2010poussoirs.<\/p>\n<p>NOTE: Il peut \u00eatre connect\u00e9 \u00e0 un PLC tel que le DL 2110AH.<\/p>\n","protected":false},"excerpt":{"rendered":"<p>Il repr\u00e9sente un croisement entre deux routes, chacune contr\u00f4l\u00e9e par un s\u00e9maphore avec un passage pour pi\u00e9tons, \u00e9galement contr\u00f4l\u00e9es par un s\u00e9maphore. Le contr\u00f4le automatique du syst\u00e8me de s\u00e9maphores est effectu\u00e9 par l&rsquo;automate, en fonction de l&rsquo;arriv\u00e9e des v\u00e9hicules ou de l&rsquo;appel par un pi\u00e9ton. Toutes les situations ci\u2010dessus sont simul\u00e9es par boutons\u2010poussoirs. NOTE: Il [&hellip;]<\/p>\n","protected":false},"featured_media":70177,"template":"","meta":{"_acf_changed":false},"product_brand":[],"product_cat":[168],"product_tag":[],"class_list":{"0":"post-1066","1":"product","2":"type-product","3":"status-publish","4":"has-post-thumbnail","6":"product_cat-simulateurs-systemes","8":"first","9":"instock","10":"shipping-taxable","11":"product-type-simple"},"acf":[],"yoast_head":"<!-- This site is optimized with the Yoast SEO plugin v27.0 - https:\/\/yoast.com\/product\/yoast-seo-wordpress\/ -->\n<title>SIMULATEUR FEUX DE CIRCULATION INTELLIGENTS - De Lorenzo Training &amp; Didactical Equipment<\/title>\n<meta name=\"description\" content=\"Le DL 2121RM est un syst\u00e8me de feux de signalisation intelligent avec PLC pour la gestion des intersections routi\u00e8res et des passages pi\u00e9tons.\" \/>\n<meta name=\"robots\" content=\"index, follow, max-snippet:-1, max-image-preview:large, max-video-preview:-1\" \/>\n<link rel=\"canonical\" href=\"https:\/\/delorenzoglobal.com\/fr\/produit\/simulateur-feux-de-circulation-intelligents\/\" \/>\n<meta property=\"og:locale\" content=\"fr_FR\" \/>\n<meta property=\"og:type\" content=\"article\" \/>\n<meta property=\"og:title\" content=\"SIMULATEUR FEUX DE CIRCULATION INTELLIGENTS - De Lorenzo Training &amp; Didactical Equipment\" \/>\n<meta property=\"og:description\" content=\"Le DL 2121RM est un syst\u00e8me de feux de signalisation intelligent avec PLC pour la gestion des intersections routi\u00e8res et des passages pi\u00e9tons.\" \/>\n<meta property=\"og:url\" content=\"https:\/\/delorenzoglobal.com\/fr\/produit\/simulateur-feux-de-circulation-intelligents\/\" \/>\n<meta property=\"og:site_name\" content=\"De Lorenzo Training &amp; Didactical Equipment\" \/>\n<meta property=\"article:modified_time\" content=\"2026-04-02T08:56:03+00:00\" \/>\n<meta property=\"og:image\" content=\"https:\/\/delorenzoglobal.com\/wp-content\/uploads\/2024\/04\/DL-2121RM.jpg\" \/>\n\t<meta property=\"og:image:width\" content=\"723\" \/>\n\t<meta property=\"og:image:height\" content=\"632\" \/>\n\t<meta property=\"og:image:type\" content=\"image\/jpeg\" \/>\n<meta name=\"twitter:card\" content=\"summary_large_image\" \/>\n<meta name=\"twitter:label1\" content=\"Dur\u00e9e de lecture estim\u00e9e\" \/>\n\t<meta name=\"twitter:data1\" content=\"1 minute\" \/>\n<script type=\"application\/ld+json\" class=\"yoast-schema-graph\">{\"@context\":\"https:\/\/schema.org\",\"@graph\":[{\"@type\":\"WebPage\",\"@id\":\"https:\/\/delorenzoglobal.com\/fr\/produit\/simulateur-feux-de-circulation-intelligents\/\",\"url\":\"https:\/\/delorenzoglobal.com\/fr\/produit\/simulateur-feux-de-circulation-intelligents\/\",\"name\":\"SIMULATEUR FEUX DE CIRCULATION INTELLIGENTS - De Lorenzo Training &amp; Didactical Equipment\",\"isPartOf\":{\"@id\":\"https:\/\/delorenzoglobal.com\/fr\/#website\"},\"primaryImageOfPage\":{\"@id\":\"https:\/\/delorenzoglobal.com\/fr\/produit\/simulateur-feux-de-circulation-intelligents\/#primaryimage\"},\"image\":{\"@id\":\"https:\/\/delorenzoglobal.com\/fr\/produit\/simulateur-feux-de-circulation-intelligents\/#primaryimage\"},\"thumbnailUrl\":\"https:\/\/delorenzoglobal.com\/wp-content\/uploads\/2024\/04\/DL-2121RM.jpg\",\"datePublished\":\"2024-04-09T06:41:21+00:00\",\"dateModified\":\"2026-04-02T08:56:03+00:00\",\"description\":\"Le DL 2121RM est un syst\u00e8me de feux de signalisation intelligent avec PLC pour la gestion des intersections routi\u00e8res et des passages pi\u00e9tons.\",\"breadcrumb\":{\"@id\":\"https:\/\/delorenzoglobal.com\/fr\/produit\/simulateur-feux-de-circulation-intelligents\/#breadcrumb\"},\"inLanguage\":\"fr-FR\",\"potentialAction\":[{\"@type\":\"ReadAction\",\"target\":[\"https:\/\/delorenzoglobal.com\/fr\/produit\/simulateur-feux-de-circulation-intelligents\/\"]}]},{\"@type\":\"ImageObject\",\"inLanguage\":\"fr-FR\",\"@id\":\"https:\/\/delorenzoglobal.com\/fr\/produit\/simulateur-feux-de-circulation-intelligents\/#primaryimage\",\"url\":\"https:\/\/delorenzoglobal.com\/wp-content\/uploads\/2024\/04\/DL-2121RM.jpg\",\"contentUrl\":\"https:\/\/delorenzoglobal.com\/wp-content\/uploads\/2024\/04\/DL-2121RM.jpg\",\"width\":723,\"height\":632},{\"@type\":\"BreadcrumbList\",\"@id\":\"https:\/\/delorenzoglobal.com\/fr\/produit\/simulateur-feux-de-circulation-intelligents\/#breadcrumb\",\"itemListElement\":[{\"@type\":\"ListItem\",\"position\":1,\"name\":\"Home\",\"item\":\"https:\/\/delorenzoglobal.com\/fr\/\"},{\"@type\":\"ListItem\",\"position\":2,\"name\":\"Boutique\",\"item\":\"https:\/\/delorenzoglobal.com\/fr\/boutique\/\"},{\"@type\":\"ListItem\",\"position\":3,\"name\":\"SIMULATEUR FEUX DE CIRCULATION INTELLIGENTS\"}]},{\"@type\":\"WebSite\",\"@id\":\"https:\/\/delorenzoglobal.com\/fr\/#website\",\"url\":\"https:\/\/delorenzoglobal.com\/fr\/\",\"name\":\"De Lorenzo Training &amp; Didactical Equipment\",\"description\":\"\",\"potentialAction\":[{\"@type\":\"SearchAction\",\"target\":{\"@type\":\"EntryPoint\",\"urlTemplate\":\"https:\/\/delorenzoglobal.com\/fr\/?s={search_term_string}\"},\"query-input\":{\"@type\":\"PropertyValueSpecification\",\"valueRequired\":true,\"valueName\":\"search_term_string\"}}],\"inLanguage\":\"fr-FR\"}]}<\/script>\n<!-- \/ Yoast SEO plugin. -->","yoast_head_json":{"title":"SIMULATEUR FEUX DE CIRCULATION INTELLIGENTS - De Lorenzo Training &amp; Didactical Equipment","description":"Le DL 2121RM est un syst\u00e8me de feux de signalisation intelligent avec PLC pour la gestion des intersections routi\u00e8res et des passages pi\u00e9tons.","robots":{"index":"index","follow":"follow","max-snippet":"max-snippet:-1","max-image-preview":"max-image-preview:large","max-video-preview":"max-video-preview:-1"},"canonical":"https:\/\/delorenzoglobal.com\/fr\/produit\/simulateur-feux-de-circulation-intelligents\/","og_locale":"fr_FR","og_type":"article","og_title":"SIMULATEUR FEUX DE CIRCULATION INTELLIGENTS - De Lorenzo Training &amp; Didactical Equipment","og_description":"Le DL 2121RM est un syst\u00e8me de feux de signalisation intelligent avec PLC pour la gestion des intersections routi\u00e8res et des passages pi\u00e9tons.","og_url":"https:\/\/delorenzoglobal.com\/fr\/produit\/simulateur-feux-de-circulation-intelligents\/","og_site_name":"De Lorenzo Training &amp; Didactical Equipment","article_modified_time":"2026-04-02T08:56:03+00:00","og_image":[{"width":723,"height":632,"url":"https:\/\/delorenzoglobal.com\/wp-content\/uploads\/2024\/04\/DL-2121RM.jpg","type":"image\/jpeg"}],"twitter_card":"summary_large_image","twitter_misc":{"Dur\u00e9e de lecture estim\u00e9e":"1 minute"},"schema":{"@context":"https:\/\/schema.org","@graph":[{"@type":"WebPage","@id":"https:\/\/delorenzoglobal.com\/fr\/produit\/simulateur-feux-de-circulation-intelligents\/","url":"https:\/\/delorenzoglobal.com\/fr\/produit\/simulateur-feux-de-circulation-intelligents\/","name":"SIMULATEUR FEUX DE CIRCULATION INTELLIGENTS - De Lorenzo Training &amp; Didactical Equipment","isPartOf":{"@id":"https:\/\/delorenzoglobal.com\/fr\/#website"},"primaryImageOfPage":{"@id":"https:\/\/delorenzoglobal.com\/fr\/produit\/simulateur-feux-de-circulation-intelligents\/#primaryimage"},"image":{"@id":"https:\/\/delorenzoglobal.com\/fr\/produit\/simulateur-feux-de-circulation-intelligents\/#primaryimage"},"thumbnailUrl":"https:\/\/delorenzoglobal.com\/wp-content\/uploads\/2024\/04\/DL-2121RM.jpg","datePublished":"2024-04-09T06:41:21+00:00","dateModified":"2026-04-02T08:56:03+00:00","description":"Le DL 2121RM est un syst\u00e8me de feux de signalisation intelligent avec PLC pour la gestion des intersections routi\u00e8res et des passages pi\u00e9tons.","breadcrumb":{"@id":"https:\/\/delorenzoglobal.com\/fr\/produit\/simulateur-feux-de-circulation-intelligents\/#breadcrumb"},"inLanguage":"fr-FR","potentialAction":[{"@type":"ReadAction","target":["https:\/\/delorenzoglobal.com\/fr\/produit\/simulateur-feux-de-circulation-intelligents\/"]}]},{"@type":"ImageObject","inLanguage":"fr-FR","@id":"https:\/\/delorenzoglobal.com\/fr\/produit\/simulateur-feux-de-circulation-intelligents\/#primaryimage","url":"https:\/\/delorenzoglobal.com\/wp-content\/uploads\/2024\/04\/DL-2121RM.jpg","contentUrl":"https:\/\/delorenzoglobal.com\/wp-content\/uploads\/2024\/04\/DL-2121RM.jpg","width":723,"height":632},{"@type":"BreadcrumbList","@id":"https:\/\/delorenzoglobal.com\/fr\/produit\/simulateur-feux-de-circulation-intelligents\/#breadcrumb","itemListElement":[{"@type":"ListItem","position":1,"name":"Home","item":"https:\/\/delorenzoglobal.com\/fr\/"},{"@type":"ListItem","position":2,"name":"Boutique","item":"https:\/\/delorenzoglobal.com\/fr\/boutique\/"},{"@type":"ListItem","position":3,"name":"SIMULATEUR FEUX DE CIRCULATION INTELLIGENTS"}]},{"@type":"WebSite","@id":"https:\/\/delorenzoglobal.com\/fr\/#website","url":"https:\/\/delorenzoglobal.com\/fr\/","name":"De Lorenzo Training &amp; Didactical Equipment","description":"","potentialAction":[{"@type":"SearchAction","target":{"@type":"EntryPoint","urlTemplate":"https:\/\/delorenzoglobal.com\/fr\/?s={search_term_string}"},"query-input":{"@type":"PropertyValueSpecification","valueRequired":true,"valueName":"search_term_string"}}],"inLanguage":"fr-FR"}]}},"_links":{"self":[{"href":"https:\/\/delorenzoglobal.com\/fr\/wp-json\/wp\/v2\/product\/1066","targetHints":{"allow":["GET"]}}],"collection":[{"href":"https:\/\/delorenzoglobal.com\/fr\/wp-json\/wp\/v2\/product"}],"about":[{"href":"https:\/\/delorenzoglobal.com\/fr\/wp-json\/wp\/v2\/types\/product"}],"wp:featuredmedia":[{"embeddable":true,"href":"https:\/\/delorenzoglobal.com\/fr\/wp-json\/wp\/v2\/media\/70177"}],"wp:attachment":[{"href":"https:\/\/delorenzoglobal.com\/fr\/wp-json\/wp\/v2\/media?parent=1066"}],"wp:term":[{"taxonomy":"product_brand","embeddable":true,"href":"https:\/\/delorenzoglobal.com\/fr\/wp-json\/wp\/v2\/product_brand?post=1066"},{"taxonomy":"product_cat","embeddable":true,"href":"https:\/\/delorenzoglobal.com\/fr\/wp-json\/wp\/v2\/product_cat?post=1066"},{"taxonomy":"product_tag","embeddable":true,"href":"https:\/\/delorenzoglobal.com\/fr\/wp-json\/wp\/v2\/product_tag?post=1066"}],"curies":[{"name":"wp","href":"https:\/\/api.w.org\/{rel}","templated":true}]}}