{"id":10605,"date":"2024-04-18T11:23:35","date_gmt":"2024-04-18T09:23:35","guid":{"rendered":"https:\/\/delorenzoglobal.com\/?post_type=product&#038;p=10605"},"modified":"2025-01-15T12:35:44","modified_gmt":"2025-01-15T11:35:44","slug":"pompe-a-chaleur","status":"publish","type":"product","link":"https:\/\/delorenzoglobal.com\/fr\/produit\/pompe-a-chaleur\/","title":{"rendered":"POMPE A CHALEUR"},"content":{"rendered":"<p>Le syst\u00e8me peut facilement d\u00e9montrer le fonctionnement d\u2019une pompe \u00e0 chaleur air \/ eau.<\/p>\n<p>Il est possible d\u2019\u00e9tudier l\u2019utilisation de l\u2019\u00e9nergie environnementale utilis\u00e9e pour chauffer l\u2019eau.<\/p>\n<p>Le r\u00e9frig\u00e9rant absorbe la chaleur de l&rsquo;environnement en traversant le ventilateur de l&rsquo;\u00e9vaporateur.<\/p>\n<p>Cette chaleur est ensuite transf\u00e9r\u00e9e \u00e0 l&rsquo;eau du condenseur.<\/p>\n<p>Le r\u00e9servoir de stockage d&rsquo;eau chaude comprend un \u00e9changeur de chaleur interne, qui peut \u00e9galement \u00eatre connect\u00e9 au r\u00e9seau, afin d&rsquo;\u00e9changer de l&rsquo;\u00e9nergie avec le flux d&rsquo;eau du robinet.<\/p>\n<p>La chaleur, absorb\u00e9e par l&rsquo;eau du condenseur, est achemin\u00e9e vers le r\u00e9servoir de stockage d&rsquo;eau chaude, o\u00f9 cette \u00e9nergie thermique est stock\u00e9e et peut \u00eatre \u00e9chang\u00e9e avec le d\u00e9bit de l&rsquo;eau du robinet.<\/p>\n<p>Le syst\u00e8me est \u00e9galement pr\u00eat \u00e0 fonctionner en circuit ouvert: l&rsquo;eau du r\u00e9seau peut entrer directement dans le condenseur pour un chauffage instantan\u00e9.<\/p>\n","protected":false},"excerpt":{"rendered":"<p>Le syst\u00e8me peut facilement d\u00e9montrer le fonctionnement d\u2019une pompe \u00e0 chaleur air \/ eau. Il est possible d\u2019\u00e9tudier l\u2019utilisation de l\u2019\u00e9nergie environnementale utilis\u00e9e pour chauffer l\u2019eau. Le r\u00e9frig\u00e9rant absorbe la chaleur de l&rsquo;environnement en traversant le ventilateur de l&rsquo;\u00e9vaporateur. Cette chaleur est ensuite transf\u00e9r\u00e9e \u00e0 l&rsquo;eau du condenseur. Le r\u00e9servoir de stockage d&rsquo;eau chaude comprend [&hellip;]<\/p>\n","protected":false},"featured_media":10593,"template":"","meta":{"_acf_changed":false},"product_brand":[],"product_cat":[398],"product_tag":[],"class_list":{"0":"post-10605","1":"product","2":"type-product","3":"status-publish","4":"has-post-thumbnail","6":"product_cat-refrigeration-fr","8":"first","9":"instock","10":"shipping-taxable","11":"product-type-simple"},"acf":[],"yoast_head":"<!-- This site is optimized with the Yoast SEO plugin v27.4 - https:\/\/yoast.com\/product\/yoast-seo-wordpress\/ -->\n<title>POMPE A CHALEUR - De Lorenzo Training &amp; Didactical Equipment<\/title>\n<meta name=\"robots\" content=\"index, follow, max-snippet:-1, max-image-preview:large, max-video-preview:-1\" \/>\n<link rel=\"canonical\" href=\"https:\/\/delorenzoglobal.com\/fr\/produit\/pompe-a-chaleur\/\" \/>\n<meta property=\"og:locale\" content=\"fr_FR\" \/>\n<meta property=\"og:type\" content=\"article\" \/>\n<meta property=\"og:title\" content=\"POMPE A CHALEUR - De Lorenzo Training &amp; Didactical Equipment\" \/>\n<meta property=\"og:description\" content=\"Le syst\u00e8me peut facilement d\u00e9montrer le fonctionnement d\u2019une pompe \u00e0 chaleur air \/ eau. Il est possible d\u2019\u00e9tudier l\u2019utilisation de l\u2019\u00e9nergie environnementale utilis\u00e9e pour chauffer l\u2019eau. Le r\u00e9frig\u00e9rant absorbe la chaleur de l&rsquo;environnement en traversant le ventilateur de l&rsquo;\u00e9vaporateur. Cette chaleur est ensuite transf\u00e9r\u00e9e \u00e0 l&rsquo;eau du condenseur. Le r\u00e9servoir de stockage d&rsquo;eau chaude comprend [&hellip;]\" \/>\n<meta property=\"og:url\" content=\"https:\/\/delorenzoglobal.com\/fr\/produit\/pompe-a-chaleur\/\" \/>\n<meta property=\"og:site_name\" content=\"De Lorenzo Training &amp; Didactical Equipment\" \/>\n<meta property=\"article:modified_time\" content=\"2025-01-15T11:35:44+00:00\" \/>\n<meta property=\"og:image\" content=\"https:\/\/delorenzoglobal.com\/wp-content\/uploads\/2024\/04\/DL-DKC031.jpeg\" \/>\n\t<meta property=\"og:image:width\" content=\"1024\" \/>\n\t<meta property=\"og:image:height\" content=\"1113\" \/>\n\t<meta property=\"og:image:type\" content=\"image\/jpeg\" \/>\n<meta name=\"twitter:card\" content=\"summary_large_image\" \/>\n<meta name=\"twitter:label1\" content=\"Dur\u00e9e de lecture estim\u00e9e\" \/>\n\t<meta name=\"twitter:data1\" content=\"1 minute\" \/>\n<script type=\"application\/ld+json\" class=\"yoast-schema-graph\">{\"@context\":\"https:\\\/\\\/schema.org\",\"@graph\":[{\"@type\":\"WebPage\",\"@id\":\"https:\\\/\\\/delorenzoglobal.com\\\/fr\\\/produit\\\/pompe-a-chaleur\\\/\",\"url\":\"https:\\\/\\\/delorenzoglobal.com\\\/fr\\\/produit\\\/pompe-a-chaleur\\\/\",\"name\":\"POMPE A CHALEUR - De Lorenzo Training &amp; Didactical Equipment\",\"isPartOf\":{\"@id\":\"https:\\\/\\\/delorenzoglobal.com\\\/fr\\\/#website\"},\"primaryImageOfPage\":{\"@id\":\"https:\\\/\\\/delorenzoglobal.com\\\/fr\\\/produit\\\/pompe-a-chaleur\\\/#primaryimage\"},\"image\":{\"@id\":\"https:\\\/\\\/delorenzoglobal.com\\\/fr\\\/produit\\\/pompe-a-chaleur\\\/#primaryimage\"},\"thumbnailUrl\":\"https:\\\/\\\/delorenzoglobal.com\\\/wp-content\\\/uploads\\\/2024\\\/04\\\/DL-DKC031.jpeg\",\"datePublished\":\"2024-04-18T09:23:35+00:00\",\"dateModified\":\"2025-01-15T11:35:44+00:00\",\"breadcrumb\":{\"@id\":\"https:\\\/\\\/delorenzoglobal.com\\\/fr\\\/produit\\\/pompe-a-chaleur\\\/#breadcrumb\"},\"inLanguage\":\"fr-FR\",\"potentialAction\":[{\"@type\":\"ReadAction\",\"target\":[\"https:\\\/\\\/delorenzoglobal.com\\\/fr\\\/produit\\\/pompe-a-chaleur\\\/\"]}]},{\"@type\":\"ImageObject\",\"inLanguage\":\"fr-FR\",\"@id\":\"https:\\\/\\\/delorenzoglobal.com\\\/fr\\\/produit\\\/pompe-a-chaleur\\\/#primaryimage\",\"url\":\"https:\\\/\\\/delorenzoglobal.com\\\/wp-content\\\/uploads\\\/2024\\\/04\\\/DL-DKC031.jpeg\",\"contentUrl\":\"https:\\\/\\\/delorenzoglobal.com\\\/wp-content\\\/uploads\\\/2024\\\/04\\\/DL-DKC031.jpeg\",\"width\":1024,\"height\":1113},{\"@type\":\"BreadcrumbList\",\"@id\":\"https:\\\/\\\/delorenzoglobal.com\\\/fr\\\/produit\\\/pompe-a-chaleur\\\/#breadcrumb\",\"itemListElement\":[{\"@type\":\"ListItem\",\"position\":1,\"name\":\"Home\",\"item\":\"https:\\\/\\\/delorenzoglobal.com\\\/fr\\\/\"},{\"@type\":\"ListItem\",\"position\":2,\"name\":\"Boutique\",\"item\":\"https:\\\/\\\/delorenzoglobal.com\\\/fr\\\/boutique\\\/\"},{\"@type\":\"ListItem\",\"position\":3,\"name\":\"POMPE A CHALEUR\"}]},{\"@type\":\"WebSite\",\"@id\":\"https:\\\/\\\/delorenzoglobal.com\\\/fr\\\/#website\",\"url\":\"https:\\\/\\\/delorenzoglobal.com\\\/fr\\\/\",\"name\":\"De Lorenzo Training &amp; Didactical Equipment\",\"description\":\"\",\"potentialAction\":[{\"@type\":\"SearchAction\",\"target\":{\"@type\":\"EntryPoint\",\"urlTemplate\":\"https:\\\/\\\/delorenzoglobal.com\\\/fr\\\/?s={search_term_string}\"},\"query-input\":{\"@type\":\"PropertyValueSpecification\",\"valueRequired\":true,\"valueName\":\"search_term_string\"}}],\"inLanguage\":\"fr-FR\"}]}<\/script>\n<!-- \/ Yoast SEO plugin. -->","yoast_head_json":{"title":"POMPE A CHALEUR - De Lorenzo Training &amp; Didactical Equipment","robots":{"index":"index","follow":"follow","max-snippet":"max-snippet:-1","max-image-preview":"max-image-preview:large","max-video-preview":"max-video-preview:-1"},"canonical":"https:\/\/delorenzoglobal.com\/fr\/produit\/pompe-a-chaleur\/","og_locale":"fr_FR","og_type":"article","og_title":"POMPE A CHALEUR - De Lorenzo Training &amp; Didactical Equipment","og_description":"Le syst\u00e8me peut facilement d\u00e9montrer le fonctionnement d\u2019une pompe \u00e0 chaleur air \/ eau. Il est possible d\u2019\u00e9tudier l\u2019utilisation de l\u2019\u00e9nergie environnementale utilis\u00e9e pour chauffer l\u2019eau. Le r\u00e9frig\u00e9rant absorbe la chaleur de l&rsquo;environnement en traversant le ventilateur de l&rsquo;\u00e9vaporateur. Cette chaleur est ensuite transf\u00e9r\u00e9e \u00e0 l&rsquo;eau du condenseur. Le r\u00e9servoir de stockage d&rsquo;eau chaude comprend [&hellip;]","og_url":"https:\/\/delorenzoglobal.com\/fr\/produit\/pompe-a-chaleur\/","og_site_name":"De Lorenzo Training &amp; Didactical Equipment","article_modified_time":"2025-01-15T11:35:44+00:00","og_image":[{"width":1024,"height":1113,"url":"https:\/\/delorenzoglobal.com\/wp-content\/uploads\/2024\/04\/DL-DKC031.jpeg","type":"image\/jpeg"}],"twitter_card":"summary_large_image","twitter_misc":{"Dur\u00e9e de lecture estim\u00e9e":"1 minute"},"schema":{"@context":"https:\/\/schema.org","@graph":[{"@type":"WebPage","@id":"https:\/\/delorenzoglobal.com\/fr\/produit\/pompe-a-chaleur\/","url":"https:\/\/delorenzoglobal.com\/fr\/produit\/pompe-a-chaleur\/","name":"POMPE A CHALEUR - De Lorenzo Training &amp; Didactical Equipment","isPartOf":{"@id":"https:\/\/delorenzoglobal.com\/fr\/#website"},"primaryImageOfPage":{"@id":"https:\/\/delorenzoglobal.com\/fr\/produit\/pompe-a-chaleur\/#primaryimage"},"image":{"@id":"https:\/\/delorenzoglobal.com\/fr\/produit\/pompe-a-chaleur\/#primaryimage"},"thumbnailUrl":"https:\/\/delorenzoglobal.com\/wp-content\/uploads\/2024\/04\/DL-DKC031.jpeg","datePublished":"2024-04-18T09:23:35+00:00","dateModified":"2025-01-15T11:35:44+00:00","breadcrumb":{"@id":"https:\/\/delorenzoglobal.com\/fr\/produit\/pompe-a-chaleur\/#breadcrumb"},"inLanguage":"fr-FR","potentialAction":[{"@type":"ReadAction","target":["https:\/\/delorenzoglobal.com\/fr\/produit\/pompe-a-chaleur\/"]}]},{"@type":"ImageObject","inLanguage":"fr-FR","@id":"https:\/\/delorenzoglobal.com\/fr\/produit\/pompe-a-chaleur\/#primaryimage","url":"https:\/\/delorenzoglobal.com\/wp-content\/uploads\/2024\/04\/DL-DKC031.jpeg","contentUrl":"https:\/\/delorenzoglobal.com\/wp-content\/uploads\/2024\/04\/DL-DKC031.jpeg","width":1024,"height":1113},{"@type":"BreadcrumbList","@id":"https:\/\/delorenzoglobal.com\/fr\/produit\/pompe-a-chaleur\/#breadcrumb","itemListElement":[{"@type":"ListItem","position":1,"name":"Home","item":"https:\/\/delorenzoglobal.com\/fr\/"},{"@type":"ListItem","position":2,"name":"Boutique","item":"https:\/\/delorenzoglobal.com\/fr\/boutique\/"},{"@type":"ListItem","position":3,"name":"POMPE A CHALEUR"}]},{"@type":"WebSite","@id":"https:\/\/delorenzoglobal.com\/fr\/#website","url":"https:\/\/delorenzoglobal.com\/fr\/","name":"De Lorenzo Training &amp; Didactical Equipment","description":"","potentialAction":[{"@type":"SearchAction","target":{"@type":"EntryPoint","urlTemplate":"https:\/\/delorenzoglobal.com\/fr\/?s={search_term_string}"},"query-input":{"@type":"PropertyValueSpecification","valueRequired":true,"valueName":"search_term_string"}}],"inLanguage":"fr-FR"}]}},"_links":{"self":[{"href":"https:\/\/delorenzoglobal.com\/fr\/wp-json\/wp\/v2\/product\/10605","targetHints":{"allow":["GET"]}}],"collection":[{"href":"https:\/\/delorenzoglobal.com\/fr\/wp-json\/wp\/v2\/product"}],"about":[{"href":"https:\/\/delorenzoglobal.com\/fr\/wp-json\/wp\/v2\/types\/product"}],"wp:featuredmedia":[{"embeddable":true,"href":"https:\/\/delorenzoglobal.com\/fr\/wp-json\/wp\/v2\/media\/10593"}],"wp:attachment":[{"href":"https:\/\/delorenzoglobal.com\/fr\/wp-json\/wp\/v2\/media?parent=10605"}],"wp:term":[{"taxonomy":"product_brand","embeddable":true,"href":"https:\/\/delorenzoglobal.com\/fr\/wp-json\/wp\/v2\/product_brand?post=10605"},{"taxonomy":"product_cat","embeddable":true,"href":"https:\/\/delorenzoglobal.com\/fr\/wp-json\/wp\/v2\/product_cat?post=10605"},{"taxonomy":"product_tag","embeddable":true,"href":"https:\/\/delorenzoglobal.com\/fr\/wp-json\/wp\/v2\/product_tag?post=10605"}],"curies":[{"name":"wp","href":"https:\/\/api.w.org\/{rel}","templated":true}]}}