{"id":1059,"date":"2024-04-09T08:37:40","date_gmt":"2024-04-09T06:37:40","guid":{"rendered":"https:\/\/delorenzoglobal.com\/?post_type=product&#038;p=1059"},"modified":"2025-04-14T09:16:02","modified_gmt":"2025-04-14T07:16:02","slug":"formateur-de-fabrication-integre-par-ordinateur-api-allen-bradley","status":"publish","type":"product","link":"https:\/\/delorenzoglobal.com\/fr\/produit\/formateur-de-fabrication-integre-par-ordinateur-api-allen-bradley\/","title":{"rendered":"FORMATEUR DE FABRICATION INTEGRE PAR ORDINATEUR &#8211; API ALLEN BRADLEY"},"content":{"rendered":"<p>CIM (fabrication int\u00e9gr\u00e9e par ordinateur) est une m\u00e9thode de fabrication dans laquelle l&rsquo;ensemble du processus de production est contr\u00f4l\u00e9 par ordinateur.<\/p>\n<p>Cette m\u00e9thode de fabrication comprend des applications transversales dans plusieurs domaines didactiques tels que l&rsquo;automatisation, la pneumatique, l&rsquo;\u00e9lectronique, la m\u00e9catronique et le contr\u00f4le de processus.<\/p>\n<p>De Lorenzo a d\u00e9velopp\u00e9 des syst\u00e8mes de formation en station, qui permettent \u00e0 l&rsquo;\u00e9tudiant de visualiser un processus de fabrication sp\u00e9cifique d&rsquo;une ligne de production industrielle.<\/p>\n<p>Le simulateur est un syst\u00e8me de contr\u00f4le en boucle ferm\u00e9e bas\u00e9 sur un automate programmable qui \u00e9change des informations collect\u00e9es \u00e0 partir de capteurs.<\/p>\n<p>La version DL CIM-B int\u00e8gre une bande transporteuse, une unit\u00e9 de transfert lin\u00e9aire, une unit\u00e9 Pick and Place, une table rotative \u00e0 six stations, un module de per\u00e7age, un bras de chargement et un module de pesage.<\/p>\n<p>Le simulateur DL CIM-B est disponible en deux versions selon l&rsquo;automate int\u00e9gr\u00e9 au syst\u00e8me :<\/p>\n<ul>\n<li>DL CIM-B_1200 avec automate Siemens S\u00e9rie S7-1200 CPU 1214C et SM1223 DI8\/DO8<\/li>\n<li>DL CIM-B_AB avec automate Allen Bradley Processeur 2080-LC30-24QVB<\/li>\n<\/ul>\n<p>Module d&rsquo;extension 2080-IQ4OV4 x2<\/p>\n<p>Une troisi\u00e8me version est \u00e9galement disponible qui ajoute un logiciel IHM et SCADA au DL CIM-B avec automate Siemens :<\/p>\n<ul>\n<li>DL CIM-BS_7INCH avec IHM 7 pouces<\/li>\n<li>DL CIM-BS_10INCH avec IHM 10 pouces<\/li>\n<\/ul>\n<p>Le syst\u00e8me CIM est \u00e9galement disponible avec un bornier ouvert \u00e0 la place de l&rsquo;API.<\/p>\n<p>Cette version permet la connexion d&rsquo;un contr\u00f4leur externe via les bornes de 2 mm.<\/p>\n<p>Pour le bon fonctionnement du syst\u00e8me, il est recommand\u00e9 d&rsquo;utiliser un automate avec des caract\u00e9ristiques similaires ou am\u00e9lior\u00e9es (INPUT\/OUTPUT) \u00e0 celles fournies avec nos versions standard (voir notes pr\u00e9c\u00e9dentes).<\/p>\n<p>Code de commande : DL CIM-B_AB<\/p>\n","protected":false},"excerpt":{"rendered":"<p>CIM (fabrication int\u00e9gr\u00e9e par ordinateur) est une m\u00e9thode de fabrication dans laquelle l&rsquo;ensemble du processus de production est contr\u00f4l\u00e9 par ordinateur. Cette m\u00e9thode de fabrication comprend des applications transversales dans plusieurs domaines didactiques tels que l&rsquo;automatisation, la pneumatique, l&rsquo;\u00e9lectronique, la m\u00e9catronique et le contr\u00f4le de processus. De Lorenzo a d\u00e9velopp\u00e9 des syst\u00e8mes de formation en [&hellip;]<\/p>\n","protected":false},"featured_media":995,"template":"","meta":{"_acf_changed":false},"product_brand":[],"product_cat":[154],"product_tag":[],"class_list":{"0":"post-1059","1":"product","2":"type-product","3":"status-publish","4":"has-post-thumbnail","6":"product_cat-applications-industrielle","8":"first","9":"instock","10":"shipping-taxable","11":"product-type-simple"},"acf":[],"yoast_head":"<!-- This site is optimized with the Yoast SEO plugin v27.0 - https:\/\/yoast.com\/product\/yoast-seo-wordpress\/ -->\n<title>FORMATEUR DE FABRICATION INTEGRE PAR ORDINATEUR - API ALLEN BRADLEY - De Lorenzo Training &amp; Didactical Equipment<\/title>\n<meta name=\"robots\" content=\"index, follow, max-snippet:-1, max-image-preview:large, max-video-preview:-1\" \/>\n<link rel=\"canonical\" href=\"https:\/\/delorenzoglobal.com\/fr\/produit\/formateur-de-fabrication-integre-par-ordinateur-api-allen-bradley\/\" \/>\n<meta property=\"og:locale\" content=\"fr_FR\" \/>\n<meta property=\"og:type\" content=\"article\" \/>\n<meta property=\"og:title\" content=\"FORMATEUR DE FABRICATION INTEGRE PAR ORDINATEUR - API ALLEN BRADLEY - De Lorenzo Training &amp; Didactical Equipment\" \/>\n<meta property=\"og:description\" content=\"CIM (fabrication int\u00e9gr\u00e9e par ordinateur) est une m\u00e9thode de fabrication dans laquelle l&rsquo;ensemble du processus de production est contr\u00f4l\u00e9 par ordinateur. Cette m\u00e9thode de fabrication comprend des applications transversales dans plusieurs domaines didactiques tels que l&rsquo;automatisation, la pneumatique, l&rsquo;\u00e9lectronique, la m\u00e9catronique et le contr\u00f4le de processus. De Lorenzo a d\u00e9velopp\u00e9 des syst\u00e8mes de formation en [&hellip;]\" \/>\n<meta property=\"og:url\" content=\"https:\/\/delorenzoglobal.com\/fr\/produit\/formateur-de-fabrication-integre-par-ordinateur-api-allen-bradley\/\" \/>\n<meta property=\"og:site_name\" content=\"De Lorenzo Training &amp; Didactical Equipment\" \/>\n<meta property=\"article:modified_time\" content=\"2025-04-14T07:16:02+00:00\" \/>\n<meta property=\"og:image\" content=\"https:\/\/delorenzoglobal.com\/wp-content\/uploads\/2024\/04\/CIM-B-scaled.jpg\" \/>\n\t<meta property=\"og:image:width\" content=\"2560\" \/>\n\t<meta property=\"og:image:height\" content=\"1505\" \/>\n\t<meta property=\"og:image:type\" content=\"image\/jpeg\" \/>\n<meta name=\"twitter:card\" content=\"summary_large_image\" \/>\n<meta name=\"twitter:label1\" content=\"Dur\u00e9e de lecture estim\u00e9e\" \/>\n\t<meta name=\"twitter:data1\" content=\"2 minutes\" \/>\n<script type=\"application\/ld+json\" class=\"yoast-schema-graph\">{\"@context\":\"https:\/\/schema.org\",\"@graph\":[{\"@type\":\"WebPage\",\"@id\":\"https:\/\/delorenzoglobal.com\/fr\/produit\/formateur-de-fabrication-integre-par-ordinateur-api-allen-bradley\/\",\"url\":\"https:\/\/delorenzoglobal.com\/fr\/produit\/formateur-de-fabrication-integre-par-ordinateur-api-allen-bradley\/\",\"name\":\"FORMATEUR DE FABRICATION INTEGRE PAR ORDINATEUR - API ALLEN BRADLEY - De Lorenzo Training &amp; Didactical Equipment\",\"isPartOf\":{\"@id\":\"https:\/\/delorenzoglobal.com\/fr\/#website\"},\"primaryImageOfPage\":{\"@id\":\"https:\/\/delorenzoglobal.com\/fr\/produit\/formateur-de-fabrication-integre-par-ordinateur-api-allen-bradley\/#primaryimage\"},\"image\":{\"@id\":\"https:\/\/delorenzoglobal.com\/fr\/produit\/formateur-de-fabrication-integre-par-ordinateur-api-allen-bradley\/#primaryimage\"},\"thumbnailUrl\":\"https:\/\/delorenzoglobal.com\/wp-content\/uploads\/2024\/04\/CIM-B-scaled.jpg\",\"datePublished\":\"2024-04-09T06:37:40+00:00\",\"dateModified\":\"2025-04-14T07:16:02+00:00\",\"breadcrumb\":{\"@id\":\"https:\/\/delorenzoglobal.com\/fr\/produit\/formateur-de-fabrication-integre-par-ordinateur-api-allen-bradley\/#breadcrumb\"},\"inLanguage\":\"fr-FR\",\"potentialAction\":[{\"@type\":\"ReadAction\",\"target\":[\"https:\/\/delorenzoglobal.com\/fr\/produit\/formateur-de-fabrication-integre-par-ordinateur-api-allen-bradley\/\"]}]},{\"@type\":\"ImageObject\",\"inLanguage\":\"fr-FR\",\"@id\":\"https:\/\/delorenzoglobal.com\/fr\/produit\/formateur-de-fabrication-integre-par-ordinateur-api-allen-bradley\/#primaryimage\",\"url\":\"https:\/\/delorenzoglobal.com\/wp-content\/uploads\/2024\/04\/CIM-B-scaled.jpg\",\"contentUrl\":\"https:\/\/delorenzoglobal.com\/wp-content\/uploads\/2024\/04\/CIM-B-scaled.jpg\",\"width\":2560,\"height\":1505},{\"@type\":\"BreadcrumbList\",\"@id\":\"https:\/\/delorenzoglobal.com\/fr\/produit\/formateur-de-fabrication-integre-par-ordinateur-api-allen-bradley\/#breadcrumb\",\"itemListElement\":[{\"@type\":\"ListItem\",\"position\":1,\"name\":\"Home\",\"item\":\"https:\/\/delorenzoglobal.com\/fr\/\"},{\"@type\":\"ListItem\",\"position\":2,\"name\":\"Boutique\",\"item\":\"https:\/\/delorenzoglobal.com\/fr\/boutique\/\"},{\"@type\":\"ListItem\",\"position\":3,\"name\":\"FORMATEUR DE FABRICATION INTEGRE PAR ORDINATEUR &#8211; API ALLEN BRADLEY\"}]},{\"@type\":\"WebSite\",\"@id\":\"https:\/\/delorenzoglobal.com\/fr\/#website\",\"url\":\"https:\/\/delorenzoglobal.com\/fr\/\",\"name\":\"De Lorenzo Training &amp; Didactical Equipment\",\"description\":\"\",\"potentialAction\":[{\"@type\":\"SearchAction\",\"target\":{\"@type\":\"EntryPoint\",\"urlTemplate\":\"https:\/\/delorenzoglobal.com\/fr\/?s={search_term_string}\"},\"query-input\":{\"@type\":\"PropertyValueSpecification\",\"valueRequired\":true,\"valueName\":\"search_term_string\"}}],\"inLanguage\":\"fr-FR\"}]}<\/script>\n<!-- \/ Yoast SEO plugin. -->","yoast_head_json":{"title":"FORMATEUR DE FABRICATION INTEGRE PAR ORDINATEUR - API ALLEN BRADLEY - De Lorenzo Training &amp; Didactical Equipment","robots":{"index":"index","follow":"follow","max-snippet":"max-snippet:-1","max-image-preview":"max-image-preview:large","max-video-preview":"max-video-preview:-1"},"canonical":"https:\/\/delorenzoglobal.com\/fr\/produit\/formateur-de-fabrication-integre-par-ordinateur-api-allen-bradley\/","og_locale":"fr_FR","og_type":"article","og_title":"FORMATEUR DE FABRICATION INTEGRE PAR ORDINATEUR - API ALLEN BRADLEY - De Lorenzo Training &amp; Didactical Equipment","og_description":"CIM (fabrication int\u00e9gr\u00e9e par ordinateur) est une m\u00e9thode de fabrication dans laquelle l&rsquo;ensemble du processus de production est contr\u00f4l\u00e9 par ordinateur. Cette m\u00e9thode de fabrication comprend des applications transversales dans plusieurs domaines didactiques tels que l&rsquo;automatisation, la pneumatique, l&rsquo;\u00e9lectronique, la m\u00e9catronique et le contr\u00f4le de processus. De Lorenzo a d\u00e9velopp\u00e9 des syst\u00e8mes de formation en [&hellip;]","og_url":"https:\/\/delorenzoglobal.com\/fr\/produit\/formateur-de-fabrication-integre-par-ordinateur-api-allen-bradley\/","og_site_name":"De Lorenzo Training &amp; Didactical Equipment","article_modified_time":"2025-04-14T07:16:02+00:00","og_image":[{"width":2560,"height":1505,"url":"https:\/\/delorenzoglobal.com\/wp-content\/uploads\/2024\/04\/CIM-B-scaled.jpg","type":"image\/jpeg"}],"twitter_card":"summary_large_image","twitter_misc":{"Dur\u00e9e de lecture estim\u00e9e":"2 minutes"},"schema":{"@context":"https:\/\/schema.org","@graph":[{"@type":"WebPage","@id":"https:\/\/delorenzoglobal.com\/fr\/produit\/formateur-de-fabrication-integre-par-ordinateur-api-allen-bradley\/","url":"https:\/\/delorenzoglobal.com\/fr\/produit\/formateur-de-fabrication-integre-par-ordinateur-api-allen-bradley\/","name":"FORMATEUR DE FABRICATION INTEGRE PAR ORDINATEUR - API ALLEN BRADLEY - De Lorenzo Training &amp; Didactical Equipment","isPartOf":{"@id":"https:\/\/delorenzoglobal.com\/fr\/#website"},"primaryImageOfPage":{"@id":"https:\/\/delorenzoglobal.com\/fr\/produit\/formateur-de-fabrication-integre-par-ordinateur-api-allen-bradley\/#primaryimage"},"image":{"@id":"https:\/\/delorenzoglobal.com\/fr\/produit\/formateur-de-fabrication-integre-par-ordinateur-api-allen-bradley\/#primaryimage"},"thumbnailUrl":"https:\/\/delorenzoglobal.com\/wp-content\/uploads\/2024\/04\/CIM-B-scaled.jpg","datePublished":"2024-04-09T06:37:40+00:00","dateModified":"2025-04-14T07:16:02+00:00","breadcrumb":{"@id":"https:\/\/delorenzoglobal.com\/fr\/produit\/formateur-de-fabrication-integre-par-ordinateur-api-allen-bradley\/#breadcrumb"},"inLanguage":"fr-FR","potentialAction":[{"@type":"ReadAction","target":["https:\/\/delorenzoglobal.com\/fr\/produit\/formateur-de-fabrication-integre-par-ordinateur-api-allen-bradley\/"]}]},{"@type":"ImageObject","inLanguage":"fr-FR","@id":"https:\/\/delorenzoglobal.com\/fr\/produit\/formateur-de-fabrication-integre-par-ordinateur-api-allen-bradley\/#primaryimage","url":"https:\/\/delorenzoglobal.com\/wp-content\/uploads\/2024\/04\/CIM-B-scaled.jpg","contentUrl":"https:\/\/delorenzoglobal.com\/wp-content\/uploads\/2024\/04\/CIM-B-scaled.jpg","width":2560,"height":1505},{"@type":"BreadcrumbList","@id":"https:\/\/delorenzoglobal.com\/fr\/produit\/formateur-de-fabrication-integre-par-ordinateur-api-allen-bradley\/#breadcrumb","itemListElement":[{"@type":"ListItem","position":1,"name":"Home","item":"https:\/\/delorenzoglobal.com\/fr\/"},{"@type":"ListItem","position":2,"name":"Boutique","item":"https:\/\/delorenzoglobal.com\/fr\/boutique\/"},{"@type":"ListItem","position":3,"name":"FORMATEUR DE FABRICATION INTEGRE PAR ORDINATEUR &#8211; API ALLEN BRADLEY"}]},{"@type":"WebSite","@id":"https:\/\/delorenzoglobal.com\/fr\/#website","url":"https:\/\/delorenzoglobal.com\/fr\/","name":"De Lorenzo Training &amp; Didactical Equipment","description":"","potentialAction":[{"@type":"SearchAction","target":{"@type":"EntryPoint","urlTemplate":"https:\/\/delorenzoglobal.com\/fr\/?s={search_term_string}"},"query-input":{"@type":"PropertyValueSpecification","valueRequired":true,"valueName":"search_term_string"}}],"inLanguage":"fr-FR"}]}},"_links":{"self":[{"href":"https:\/\/delorenzoglobal.com\/fr\/wp-json\/wp\/v2\/product\/1059","targetHints":{"allow":["GET"]}}],"collection":[{"href":"https:\/\/delorenzoglobal.com\/fr\/wp-json\/wp\/v2\/product"}],"about":[{"href":"https:\/\/delorenzoglobal.com\/fr\/wp-json\/wp\/v2\/types\/product"}],"wp:featuredmedia":[{"embeddable":true,"href":"https:\/\/delorenzoglobal.com\/fr\/wp-json\/wp\/v2\/media\/995"}],"wp:attachment":[{"href":"https:\/\/delorenzoglobal.com\/fr\/wp-json\/wp\/v2\/media?parent=1059"}],"wp:term":[{"taxonomy":"product_brand","embeddable":true,"href":"https:\/\/delorenzoglobal.com\/fr\/wp-json\/wp\/v2\/product_brand?post=1059"},{"taxonomy":"product_cat","embeddable":true,"href":"https:\/\/delorenzoglobal.com\/fr\/wp-json\/wp\/v2\/product_cat?post=1059"},{"taxonomy":"product_tag","embeddable":true,"href":"https:\/\/delorenzoglobal.com\/fr\/wp-json\/wp\/v2\/product_tag?post=1059"}],"curies":[{"name":"wp","href":"https:\/\/api.w.org\/{rel}","templated":true}]}}