{"id":10571,"date":"2024-04-18T11:08:40","date_gmt":"2024-04-18T09:08:40","guid":{"rendered":"https:\/\/delorenzoglobal.com\/?post_type=product&#038;p=10571"},"modified":"2026-03-12T14:50:44","modified_gmt":"2026-03-12T13:50:44","slug":"chambre-froide","status":"publish","type":"product","link":"https:\/\/delorenzoglobal.com\/fr\/produit\/chambre-froide\/","title":{"rendered":"CHAMBRE FROIDE"},"content":{"rendered":"<p>Ce syst\u00e8me a \u00e9t\u00e9 con\u00e7u pour l&rsquo;analyse des ph\u00e9nom\u00e8nes de la r\u00e9frig\u00e9ration industrielle.<\/p>\n<p>Il int\u00e8gre tous les composants principaux que l&rsquo;on peut trouver dans une chambre froide.<\/p>\n<p>Le d\u00e9monstrateur est compos\u00e9 de composants modulaires et peut atteindre des temp\u00e9ratures de gel allant jusqu&rsquo;\u00e0 -30 \u00b0 C.<\/p>\n<p>Cela consiste en:<\/p>\n<ul>\n<li>une chambre de r\u00e9frig\u00e9ration avec un \u00e9vaporateur \u00e0 flux\u00a0 forc\u00e9 aliment\u00e9 par un d\u00e9tendeur thermostatique<\/li>\n<li>un condenseur de 250W<\/li>\n<li>un panneau d&rsquo;acc\u00e8s chauff\u00e9 transparent.<\/li>\n<\/ul>\n","protected":false},"excerpt":{"rendered":"<p>Ce syst\u00e8me a \u00e9t\u00e9 con\u00e7u pour l&rsquo;analyse des ph\u00e9nom\u00e8nes de la r\u00e9frig\u00e9ration industrielle. Il int\u00e8gre tous les composants principaux que l&rsquo;on peut trouver dans une chambre froide. Le d\u00e9monstrateur est compos\u00e9 de composants modulaires et peut atteindre des temp\u00e9ratures de gel allant jusqu&rsquo;\u00e0 -30 \u00b0 C. Cela consiste en: une chambre de r\u00e9frig\u00e9ration avec un [&hellip;]<\/p>\n","protected":false},"featured_media":66709,"template":"","meta":{"_acf_changed":false},"product_brand":[],"product_cat":[398],"product_tag":[],"class_list":{"0":"post-10571","1":"product","2":"type-product","3":"status-publish","4":"has-post-thumbnail","6":"product_cat-refrigeration-fr","8":"first","9":"instock","10":"shipping-taxable","11":"product-type-simple"},"acf":[],"yoast_head":"<!-- This site is optimized with the Yoast SEO plugin v27.4 - https:\/\/yoast.com\/product\/yoast-seo-wordpress\/ -->\n<title>CHAMBRE FROIDE - De Lorenzo Training &amp; Didactical Equipment<\/title>\n<meta name=\"description\" content=\"Syst\u00e8me pour l\u2019analyse des ph\u00e9nom\u00e8nes de la r\u00e9frig\u00e9ration. Il int\u00e8gre tous les principaux composants que l\u2019on peut trouver dans une installation avec chambres froides.\" \/>\n<meta name=\"robots\" content=\"index, follow, max-snippet:-1, max-image-preview:large, max-video-preview:-1\" \/>\n<link rel=\"canonical\" href=\"https:\/\/delorenzoglobal.com\/fr\/produit\/chambre-froide\/\" \/>\n<meta property=\"og:locale\" content=\"fr_FR\" \/>\n<meta property=\"og:type\" content=\"article\" \/>\n<meta property=\"og:title\" content=\"CHAMBRE FROIDE - De Lorenzo Training &amp; Didactical Equipment\" \/>\n<meta property=\"og:description\" content=\"Syst\u00e8me pour l\u2019analyse des ph\u00e9nom\u00e8nes de la r\u00e9frig\u00e9ration. Il int\u00e8gre tous les principaux composants que l\u2019on peut trouver dans une installation avec chambres froides.\" \/>\n<meta property=\"og:url\" content=\"https:\/\/delorenzoglobal.com\/fr\/produit\/chambre-froide\/\" \/>\n<meta property=\"og:site_name\" content=\"De Lorenzo Training &amp; Didactical Equipment\" \/>\n<meta property=\"article:modified_time\" content=\"2026-03-12T13:50:44+00:00\" \/>\n<meta property=\"og:image\" content=\"https:\/\/delorenzoglobal.com\/wp-content\/uploads\/2024\/04\/DL-DKF011.jpg\" \/>\n\t<meta property=\"og:image:width\" content=\"1030\" \/>\n\t<meta property=\"og:image:height\" content=\"773\" \/>\n\t<meta property=\"og:image:type\" content=\"image\/jpeg\" \/>\n<meta name=\"twitter:card\" content=\"summary_large_image\" \/>\n<meta name=\"twitter:label1\" content=\"Dur\u00e9e de lecture estim\u00e9e\" \/>\n\t<meta name=\"twitter:data1\" content=\"1 minute\" \/>\n<script type=\"application\/ld+json\" class=\"yoast-schema-graph\">{\"@context\":\"https:\\\/\\\/schema.org\",\"@graph\":[{\"@type\":\"WebPage\",\"@id\":\"https:\\\/\\\/delorenzoglobal.com\\\/fr\\\/produit\\\/chambre-froide\\\/\",\"url\":\"https:\\\/\\\/delorenzoglobal.com\\\/fr\\\/produit\\\/chambre-froide\\\/\",\"name\":\"CHAMBRE FROIDE - De Lorenzo Training &amp; Didactical Equipment\",\"isPartOf\":{\"@id\":\"https:\\\/\\\/delorenzoglobal.com\\\/fr\\\/#website\"},\"primaryImageOfPage\":{\"@id\":\"https:\\\/\\\/delorenzoglobal.com\\\/fr\\\/produit\\\/chambre-froide\\\/#primaryimage\"},\"image\":{\"@id\":\"https:\\\/\\\/delorenzoglobal.com\\\/fr\\\/produit\\\/chambre-froide\\\/#primaryimage\"},\"thumbnailUrl\":\"https:\\\/\\\/delorenzoglobal.com\\\/wp-content\\\/uploads\\\/2024\\\/04\\\/DL-DKF011.jpg\",\"datePublished\":\"2024-04-18T09:08:40+00:00\",\"dateModified\":\"2026-03-12T13:50:44+00:00\",\"description\":\"Syst\u00e8me pour l\u2019analyse des ph\u00e9nom\u00e8nes de la r\u00e9frig\u00e9ration. Il int\u00e8gre tous les principaux composants que l\u2019on peut trouver dans une installation avec chambres froides.\",\"breadcrumb\":{\"@id\":\"https:\\\/\\\/delorenzoglobal.com\\\/fr\\\/produit\\\/chambre-froide\\\/#breadcrumb\"},\"inLanguage\":\"fr-FR\",\"potentialAction\":[{\"@type\":\"ReadAction\",\"target\":[\"https:\\\/\\\/delorenzoglobal.com\\\/fr\\\/produit\\\/chambre-froide\\\/\"]}]},{\"@type\":\"ImageObject\",\"inLanguage\":\"fr-FR\",\"@id\":\"https:\\\/\\\/delorenzoglobal.com\\\/fr\\\/produit\\\/chambre-froide\\\/#primaryimage\",\"url\":\"https:\\\/\\\/delorenzoglobal.com\\\/wp-content\\\/uploads\\\/2024\\\/04\\\/DL-DKF011.jpg\",\"contentUrl\":\"https:\\\/\\\/delorenzoglobal.com\\\/wp-content\\\/uploads\\\/2024\\\/04\\\/DL-DKF011.jpg\",\"width\":1030,\"height\":773},{\"@type\":\"BreadcrumbList\",\"@id\":\"https:\\\/\\\/delorenzoglobal.com\\\/fr\\\/produit\\\/chambre-froide\\\/#breadcrumb\",\"itemListElement\":[{\"@type\":\"ListItem\",\"position\":1,\"name\":\"Home\",\"item\":\"https:\\\/\\\/delorenzoglobal.com\\\/fr\\\/\"},{\"@type\":\"ListItem\",\"position\":2,\"name\":\"Boutique\",\"item\":\"https:\\\/\\\/delorenzoglobal.com\\\/fr\\\/boutique\\\/\"},{\"@type\":\"ListItem\",\"position\":3,\"name\":\"CHAMBRE FROIDE\"}]},{\"@type\":\"WebSite\",\"@id\":\"https:\\\/\\\/delorenzoglobal.com\\\/fr\\\/#website\",\"url\":\"https:\\\/\\\/delorenzoglobal.com\\\/fr\\\/\",\"name\":\"De Lorenzo Training &amp; Didactical Equipment\",\"description\":\"\",\"potentialAction\":[{\"@type\":\"SearchAction\",\"target\":{\"@type\":\"EntryPoint\",\"urlTemplate\":\"https:\\\/\\\/delorenzoglobal.com\\\/fr\\\/?s={search_term_string}\"},\"query-input\":{\"@type\":\"PropertyValueSpecification\",\"valueRequired\":true,\"valueName\":\"search_term_string\"}}],\"inLanguage\":\"fr-FR\"}]}<\/script>\n<!-- \/ Yoast SEO plugin. -->","yoast_head_json":{"title":"CHAMBRE FROIDE - De Lorenzo Training &amp; Didactical Equipment","description":"Syst\u00e8me pour l\u2019analyse des ph\u00e9nom\u00e8nes de la r\u00e9frig\u00e9ration. Il int\u00e8gre tous les principaux composants que l\u2019on peut trouver dans une installation avec chambres froides.","robots":{"index":"index","follow":"follow","max-snippet":"max-snippet:-1","max-image-preview":"max-image-preview:large","max-video-preview":"max-video-preview:-1"},"canonical":"https:\/\/delorenzoglobal.com\/fr\/produit\/chambre-froide\/","og_locale":"fr_FR","og_type":"article","og_title":"CHAMBRE FROIDE - De Lorenzo Training &amp; Didactical Equipment","og_description":"Syst\u00e8me pour l\u2019analyse des ph\u00e9nom\u00e8nes de la r\u00e9frig\u00e9ration. Il int\u00e8gre tous les principaux composants que l\u2019on peut trouver dans une installation avec chambres froides.","og_url":"https:\/\/delorenzoglobal.com\/fr\/produit\/chambre-froide\/","og_site_name":"De Lorenzo Training &amp; Didactical Equipment","article_modified_time":"2026-03-12T13:50:44+00:00","og_image":[{"width":1030,"height":773,"url":"https:\/\/delorenzoglobal.com\/wp-content\/uploads\/2024\/04\/DL-DKF011.jpg","type":"image\/jpeg"}],"twitter_card":"summary_large_image","twitter_misc":{"Dur\u00e9e de lecture estim\u00e9e":"1 minute"},"schema":{"@context":"https:\/\/schema.org","@graph":[{"@type":"WebPage","@id":"https:\/\/delorenzoglobal.com\/fr\/produit\/chambre-froide\/","url":"https:\/\/delorenzoglobal.com\/fr\/produit\/chambre-froide\/","name":"CHAMBRE FROIDE - De Lorenzo Training &amp; Didactical Equipment","isPartOf":{"@id":"https:\/\/delorenzoglobal.com\/fr\/#website"},"primaryImageOfPage":{"@id":"https:\/\/delorenzoglobal.com\/fr\/produit\/chambre-froide\/#primaryimage"},"image":{"@id":"https:\/\/delorenzoglobal.com\/fr\/produit\/chambre-froide\/#primaryimage"},"thumbnailUrl":"https:\/\/delorenzoglobal.com\/wp-content\/uploads\/2024\/04\/DL-DKF011.jpg","datePublished":"2024-04-18T09:08:40+00:00","dateModified":"2026-03-12T13:50:44+00:00","description":"Syst\u00e8me pour l\u2019analyse des ph\u00e9nom\u00e8nes de la r\u00e9frig\u00e9ration. Il int\u00e8gre tous les principaux composants que l\u2019on peut trouver dans une installation avec chambres froides.","breadcrumb":{"@id":"https:\/\/delorenzoglobal.com\/fr\/produit\/chambre-froide\/#breadcrumb"},"inLanguage":"fr-FR","potentialAction":[{"@type":"ReadAction","target":["https:\/\/delorenzoglobal.com\/fr\/produit\/chambre-froide\/"]}]},{"@type":"ImageObject","inLanguage":"fr-FR","@id":"https:\/\/delorenzoglobal.com\/fr\/produit\/chambre-froide\/#primaryimage","url":"https:\/\/delorenzoglobal.com\/wp-content\/uploads\/2024\/04\/DL-DKF011.jpg","contentUrl":"https:\/\/delorenzoglobal.com\/wp-content\/uploads\/2024\/04\/DL-DKF011.jpg","width":1030,"height":773},{"@type":"BreadcrumbList","@id":"https:\/\/delorenzoglobal.com\/fr\/produit\/chambre-froide\/#breadcrumb","itemListElement":[{"@type":"ListItem","position":1,"name":"Home","item":"https:\/\/delorenzoglobal.com\/fr\/"},{"@type":"ListItem","position":2,"name":"Boutique","item":"https:\/\/delorenzoglobal.com\/fr\/boutique\/"},{"@type":"ListItem","position":3,"name":"CHAMBRE FROIDE"}]},{"@type":"WebSite","@id":"https:\/\/delorenzoglobal.com\/fr\/#website","url":"https:\/\/delorenzoglobal.com\/fr\/","name":"De Lorenzo Training &amp; Didactical Equipment","description":"","potentialAction":[{"@type":"SearchAction","target":{"@type":"EntryPoint","urlTemplate":"https:\/\/delorenzoglobal.com\/fr\/?s={search_term_string}"},"query-input":{"@type":"PropertyValueSpecification","valueRequired":true,"valueName":"search_term_string"}}],"inLanguage":"fr-FR"}]}},"_links":{"self":[{"href":"https:\/\/delorenzoglobal.com\/fr\/wp-json\/wp\/v2\/product\/10571","targetHints":{"allow":["GET"]}}],"collection":[{"href":"https:\/\/delorenzoglobal.com\/fr\/wp-json\/wp\/v2\/product"}],"about":[{"href":"https:\/\/delorenzoglobal.com\/fr\/wp-json\/wp\/v2\/types\/product"}],"wp:featuredmedia":[{"embeddable":true,"href":"https:\/\/delorenzoglobal.com\/fr\/wp-json\/wp\/v2\/media\/66709"}],"wp:attachment":[{"href":"https:\/\/delorenzoglobal.com\/fr\/wp-json\/wp\/v2\/media?parent=10571"}],"wp:term":[{"taxonomy":"product_brand","embeddable":true,"href":"https:\/\/delorenzoglobal.com\/fr\/wp-json\/wp\/v2\/product_brand?post=10571"},{"taxonomy":"product_cat","embeddable":true,"href":"https:\/\/delorenzoglobal.com\/fr\/wp-json\/wp\/v2\/product_cat?post=10571"},{"taxonomy":"product_tag","embeddable":true,"href":"https:\/\/delorenzoglobal.com\/fr\/wp-json\/wp\/v2\/product_tag?post=10571"}],"curies":[{"name":"wp","href":"https:\/\/api.w.org\/{rel}","templated":true}]}}