{"id":10445,"date":"2024-04-18T11:00:15","date_gmt":"2024-04-18T09:00:15","guid":{"rendered":"https:\/\/delorenzoglobal.com\/?post_type=product&#038;p=10445"},"modified":"2025-01-29T16:49:30","modified_gmt":"2025-01-29T15:49:30","slug":"systeme-de-gestion-du-moteur-diesel-logiciel-cai-inclus","status":"publish","type":"product","link":"https:\/\/delorenzoglobal.com\/fr\/produit\/systeme-de-gestion-du-moteur-diesel-logiciel-cai-inclus\/","title":{"rendered":"SYST\u00c8ME DE GESTION DU MOTEUR DIESEL (LOGICIEL CAI INCLUS)"},"content":{"rendered":"<p>Le panneau de simulateur est volontairement con\u00e7u et r\u00e9alis\u00e9 pour permettre un apprentissage complet et facile des techniques utilis\u00e9es dans les syst\u00e8mes d&rsquo;injection \u00e9lectronique des moteurs diesel.<\/p>\n<p>En particulier, ce panneau de simulateur reproduit un syst\u00e8me d&rsquo;injection turbo-diesel avec commande \u00e9lectronique de la pompe d&rsquo;injection en ligne pour les v\u00e9hicules lourds (camions, bus, machines agricoles).<\/p>\n<p>Le simulateur fournit des installations de recherche des pannes r\u00e9alistes en utilisant des sch\u00e9mas de v\u00e9hicules lourds.<\/p>\n<p>Un syst\u00e8me sch\u00e9matique, facile \u00e0 comprendre, repr\u00e9sente les syst\u00e8mes de d\u00e9marrage et d&rsquo;injection de carburant d&rsquo;un v\u00e9hicule lourd typique.<\/p>\n<p>L&rsquo;\u00e9tudiant peut voir le fonctionnement exact des diff\u00e9rents circuits comme utilis\u00e9 dans les camions et les bus et peut b\u00e9n\u00e9ficier d\u2019une introduction pratique \u00e0 chacun des composants et des dispositifs dans les syst\u00e8mes de v\u00e9hicules de poids lourds typiques.<\/p>\n<p>Toutes les activit\u00e9s pratiques peuvent \u00eatre effectu\u00e9es en utilisant les circuits \u00e9lectriques \/ \u00e9lectroniques et appareils mont\u00e9s sur le panneau de formation.<\/p>\n","protected":false},"excerpt":{"rendered":"<p>Le panneau de simulateur est volontairement con\u00e7u et r\u00e9alis\u00e9 pour permettre un apprentissage complet et facile des techniques utilis\u00e9es dans les syst\u00e8mes d&rsquo;injection \u00e9lectronique des moteurs diesel. En particulier, ce panneau de simulateur reproduit un syst\u00e8me d&rsquo;injection turbo-diesel avec commande \u00e9lectronique de la pompe d&rsquo;injection en ligne pour les v\u00e9hicules lourds (camions, bus, machines agricoles). [&hellip;]<\/p>\n","protected":false},"featured_media":10436,"template":"","meta":{"_acf_changed":false},"product_brand":[],"product_cat":[389],"product_tag":[],"class_list":{"0":"post-10445","1":"product","2":"type-product","3":"status-publish","4":"has-post-thumbnail","6":"product_cat-vehicules-industriels","8":"first","9":"instock","10":"shipping-taxable","11":"product-type-simple"},"acf":[],"yoast_head":"<!-- This site is optimized with the Yoast SEO plugin v27.4 - https:\/\/yoast.com\/product\/yoast-seo-wordpress\/ -->\n<title>SYST\u00c8ME DE GESTION DU MOTEUR DIESEL (LOGICIEL CAI INCLUS) - De Lorenzo Training &amp; Didactical Equipment<\/title>\n<meta name=\"robots\" content=\"index, follow, max-snippet:-1, max-image-preview:large, max-video-preview:-1\" \/>\n<link rel=\"canonical\" href=\"https:\/\/delorenzoglobal.com\/fr\/produit\/systeme-de-gestion-du-moteur-diesel-logiciel-cai-inclus\/\" \/>\n<meta property=\"og:locale\" content=\"fr_FR\" \/>\n<meta property=\"og:type\" content=\"article\" \/>\n<meta property=\"og:title\" content=\"SYST\u00c8ME DE GESTION DU MOTEUR DIESEL (LOGICIEL CAI INCLUS) - De Lorenzo Training &amp; Didactical Equipment\" \/>\n<meta property=\"og:description\" content=\"Le panneau de simulateur est volontairement con\u00e7u et r\u00e9alis\u00e9 pour permettre un apprentissage complet et facile des techniques utilis\u00e9es dans les syst\u00e8mes d&rsquo;injection \u00e9lectronique des moteurs diesel. En particulier, ce panneau de simulateur reproduit un syst\u00e8me d&rsquo;injection turbo-diesel avec commande \u00e9lectronique de la pompe d&rsquo;injection en ligne pour les v\u00e9hicules lourds (camions, bus, machines agricoles). [&hellip;]\" \/>\n<meta property=\"og:url\" content=\"https:\/\/delorenzoglobal.com\/fr\/produit\/systeme-de-gestion-du-moteur-diesel-logiciel-cai-inclus\/\" \/>\n<meta property=\"og:site_name\" content=\"De Lorenzo Training &amp; Didactical Equipment\" \/>\n<meta property=\"article:modified_time\" content=\"2025-01-29T15:49:30+00:00\" \/>\n<meta property=\"og:image\" content=\"https:\/\/delorenzoglobal.com\/wp-content\/uploads\/2024\/04\/DL-AM15.jpg\" \/>\n\t<meta property=\"og:image:width\" content=\"2405\" \/>\n\t<meta property=\"og:image:height\" content=\"1840\" \/>\n\t<meta property=\"og:image:type\" content=\"image\/jpeg\" \/>\n<meta name=\"twitter:card\" content=\"summary_large_image\" \/>\n<meta name=\"twitter:label1\" content=\"Dur\u00e9e de lecture estim\u00e9e\" \/>\n\t<meta name=\"twitter:data1\" content=\"2 minutes\" \/>\n<script type=\"application\/ld+json\" class=\"yoast-schema-graph\">{\"@context\":\"https:\\\/\\\/schema.org\",\"@graph\":[{\"@type\":\"WebPage\",\"@id\":\"https:\\\/\\\/delorenzoglobal.com\\\/fr\\\/produit\\\/systeme-de-gestion-du-moteur-diesel-logiciel-cai-inclus\\\/\",\"url\":\"https:\\\/\\\/delorenzoglobal.com\\\/fr\\\/produit\\\/systeme-de-gestion-du-moteur-diesel-logiciel-cai-inclus\\\/\",\"name\":\"SYST\u00c8ME DE GESTION DU MOTEUR DIESEL (LOGICIEL CAI INCLUS) - De Lorenzo Training &amp; Didactical Equipment\",\"isPartOf\":{\"@id\":\"https:\\\/\\\/delorenzoglobal.com\\\/fr\\\/#website\"},\"primaryImageOfPage\":{\"@id\":\"https:\\\/\\\/delorenzoglobal.com\\\/fr\\\/produit\\\/systeme-de-gestion-du-moteur-diesel-logiciel-cai-inclus\\\/#primaryimage\"},\"image\":{\"@id\":\"https:\\\/\\\/delorenzoglobal.com\\\/fr\\\/produit\\\/systeme-de-gestion-du-moteur-diesel-logiciel-cai-inclus\\\/#primaryimage\"},\"thumbnailUrl\":\"https:\\\/\\\/delorenzoglobal.com\\\/wp-content\\\/uploads\\\/2024\\\/04\\\/DL-AM15.jpg\",\"datePublished\":\"2024-04-18T09:00:15+00:00\",\"dateModified\":\"2025-01-29T15:49:30+00:00\",\"breadcrumb\":{\"@id\":\"https:\\\/\\\/delorenzoglobal.com\\\/fr\\\/produit\\\/systeme-de-gestion-du-moteur-diesel-logiciel-cai-inclus\\\/#breadcrumb\"},\"inLanguage\":\"fr-FR\",\"potentialAction\":[{\"@type\":\"ReadAction\",\"target\":[\"https:\\\/\\\/delorenzoglobal.com\\\/fr\\\/produit\\\/systeme-de-gestion-du-moteur-diesel-logiciel-cai-inclus\\\/\"]}]},{\"@type\":\"ImageObject\",\"inLanguage\":\"fr-FR\",\"@id\":\"https:\\\/\\\/delorenzoglobal.com\\\/fr\\\/produit\\\/systeme-de-gestion-du-moteur-diesel-logiciel-cai-inclus\\\/#primaryimage\",\"url\":\"https:\\\/\\\/delorenzoglobal.com\\\/wp-content\\\/uploads\\\/2024\\\/04\\\/DL-AM15.jpg\",\"contentUrl\":\"https:\\\/\\\/delorenzoglobal.com\\\/wp-content\\\/uploads\\\/2024\\\/04\\\/DL-AM15.jpg\",\"width\":2405,\"height\":1840},{\"@type\":\"BreadcrumbList\",\"@id\":\"https:\\\/\\\/delorenzoglobal.com\\\/fr\\\/produit\\\/systeme-de-gestion-du-moteur-diesel-logiciel-cai-inclus\\\/#breadcrumb\",\"itemListElement\":[{\"@type\":\"ListItem\",\"position\":1,\"name\":\"Home\",\"item\":\"https:\\\/\\\/delorenzoglobal.com\\\/fr\\\/\"},{\"@type\":\"ListItem\",\"position\":2,\"name\":\"Boutique\",\"item\":\"https:\\\/\\\/delorenzoglobal.com\\\/fr\\\/boutique\\\/\"},{\"@type\":\"ListItem\",\"position\":3,\"name\":\"SYST\u00c8ME DE GESTION DU MOTEUR DIESEL (LOGICIEL CAI INCLUS)\"}]},{\"@type\":\"WebSite\",\"@id\":\"https:\\\/\\\/delorenzoglobal.com\\\/fr\\\/#website\",\"url\":\"https:\\\/\\\/delorenzoglobal.com\\\/fr\\\/\",\"name\":\"De Lorenzo Training &amp; Didactical Equipment\",\"description\":\"\",\"potentialAction\":[{\"@type\":\"SearchAction\",\"target\":{\"@type\":\"EntryPoint\",\"urlTemplate\":\"https:\\\/\\\/delorenzoglobal.com\\\/fr\\\/?s={search_term_string}\"},\"query-input\":{\"@type\":\"PropertyValueSpecification\",\"valueRequired\":true,\"valueName\":\"search_term_string\"}}],\"inLanguage\":\"fr-FR\"}]}<\/script>\n<!-- \/ Yoast SEO plugin. -->","yoast_head_json":{"title":"SYST\u00c8ME DE GESTION DU MOTEUR DIESEL (LOGICIEL CAI INCLUS) - De Lorenzo Training &amp; Didactical Equipment","robots":{"index":"index","follow":"follow","max-snippet":"max-snippet:-1","max-image-preview":"max-image-preview:large","max-video-preview":"max-video-preview:-1"},"canonical":"https:\/\/delorenzoglobal.com\/fr\/produit\/systeme-de-gestion-du-moteur-diesel-logiciel-cai-inclus\/","og_locale":"fr_FR","og_type":"article","og_title":"SYST\u00c8ME DE GESTION DU MOTEUR DIESEL (LOGICIEL CAI INCLUS) - De Lorenzo Training &amp; Didactical Equipment","og_description":"Le panneau de simulateur est volontairement con\u00e7u et r\u00e9alis\u00e9 pour permettre un apprentissage complet et facile des techniques utilis\u00e9es dans les syst\u00e8mes d&rsquo;injection \u00e9lectronique des moteurs diesel. En particulier, ce panneau de simulateur reproduit un syst\u00e8me d&rsquo;injection turbo-diesel avec commande \u00e9lectronique de la pompe d&rsquo;injection en ligne pour les v\u00e9hicules lourds (camions, bus, machines agricoles). [&hellip;]","og_url":"https:\/\/delorenzoglobal.com\/fr\/produit\/systeme-de-gestion-du-moteur-diesel-logiciel-cai-inclus\/","og_site_name":"De Lorenzo Training &amp; Didactical Equipment","article_modified_time":"2025-01-29T15:49:30+00:00","og_image":[{"width":2405,"height":1840,"url":"https:\/\/delorenzoglobal.com\/wp-content\/uploads\/2024\/04\/DL-AM15.jpg","type":"image\/jpeg"}],"twitter_card":"summary_large_image","twitter_misc":{"Dur\u00e9e de lecture estim\u00e9e":"2 minutes"},"schema":{"@context":"https:\/\/schema.org","@graph":[{"@type":"WebPage","@id":"https:\/\/delorenzoglobal.com\/fr\/produit\/systeme-de-gestion-du-moteur-diesel-logiciel-cai-inclus\/","url":"https:\/\/delorenzoglobal.com\/fr\/produit\/systeme-de-gestion-du-moteur-diesel-logiciel-cai-inclus\/","name":"SYST\u00c8ME DE GESTION DU MOTEUR DIESEL (LOGICIEL CAI INCLUS) - De Lorenzo Training &amp; Didactical Equipment","isPartOf":{"@id":"https:\/\/delorenzoglobal.com\/fr\/#website"},"primaryImageOfPage":{"@id":"https:\/\/delorenzoglobal.com\/fr\/produit\/systeme-de-gestion-du-moteur-diesel-logiciel-cai-inclus\/#primaryimage"},"image":{"@id":"https:\/\/delorenzoglobal.com\/fr\/produit\/systeme-de-gestion-du-moteur-diesel-logiciel-cai-inclus\/#primaryimage"},"thumbnailUrl":"https:\/\/delorenzoglobal.com\/wp-content\/uploads\/2024\/04\/DL-AM15.jpg","datePublished":"2024-04-18T09:00:15+00:00","dateModified":"2025-01-29T15:49:30+00:00","breadcrumb":{"@id":"https:\/\/delorenzoglobal.com\/fr\/produit\/systeme-de-gestion-du-moteur-diesel-logiciel-cai-inclus\/#breadcrumb"},"inLanguage":"fr-FR","potentialAction":[{"@type":"ReadAction","target":["https:\/\/delorenzoglobal.com\/fr\/produit\/systeme-de-gestion-du-moteur-diesel-logiciel-cai-inclus\/"]}]},{"@type":"ImageObject","inLanguage":"fr-FR","@id":"https:\/\/delorenzoglobal.com\/fr\/produit\/systeme-de-gestion-du-moteur-diesel-logiciel-cai-inclus\/#primaryimage","url":"https:\/\/delorenzoglobal.com\/wp-content\/uploads\/2024\/04\/DL-AM15.jpg","contentUrl":"https:\/\/delorenzoglobal.com\/wp-content\/uploads\/2024\/04\/DL-AM15.jpg","width":2405,"height":1840},{"@type":"BreadcrumbList","@id":"https:\/\/delorenzoglobal.com\/fr\/produit\/systeme-de-gestion-du-moteur-diesel-logiciel-cai-inclus\/#breadcrumb","itemListElement":[{"@type":"ListItem","position":1,"name":"Home","item":"https:\/\/delorenzoglobal.com\/fr\/"},{"@type":"ListItem","position":2,"name":"Boutique","item":"https:\/\/delorenzoglobal.com\/fr\/boutique\/"},{"@type":"ListItem","position":3,"name":"SYST\u00c8ME DE GESTION DU MOTEUR DIESEL (LOGICIEL CAI INCLUS)"}]},{"@type":"WebSite","@id":"https:\/\/delorenzoglobal.com\/fr\/#website","url":"https:\/\/delorenzoglobal.com\/fr\/","name":"De Lorenzo Training &amp; Didactical Equipment","description":"","potentialAction":[{"@type":"SearchAction","target":{"@type":"EntryPoint","urlTemplate":"https:\/\/delorenzoglobal.com\/fr\/?s={search_term_string}"},"query-input":{"@type":"PropertyValueSpecification","valueRequired":true,"valueName":"search_term_string"}}],"inLanguage":"fr-FR"}]}},"_links":{"self":[{"href":"https:\/\/delorenzoglobal.com\/fr\/wp-json\/wp\/v2\/product\/10445","targetHints":{"allow":["GET"]}}],"collection":[{"href":"https:\/\/delorenzoglobal.com\/fr\/wp-json\/wp\/v2\/product"}],"about":[{"href":"https:\/\/delorenzoglobal.com\/fr\/wp-json\/wp\/v2\/types\/product"}],"wp:featuredmedia":[{"embeddable":true,"href":"https:\/\/delorenzoglobal.com\/fr\/wp-json\/wp\/v2\/media\/10436"}],"wp:attachment":[{"href":"https:\/\/delorenzoglobal.com\/fr\/wp-json\/wp\/v2\/media?parent=10445"}],"wp:term":[{"taxonomy":"product_brand","embeddable":true,"href":"https:\/\/delorenzoglobal.com\/fr\/wp-json\/wp\/v2\/product_brand?post=10445"},{"taxonomy":"product_cat","embeddable":true,"href":"https:\/\/delorenzoglobal.com\/fr\/wp-json\/wp\/v2\/product_cat?post=10445"},{"taxonomy":"product_tag","embeddable":true,"href":"https:\/\/delorenzoglobal.com\/fr\/wp-json\/wp\/v2\/product_tag?post=10445"}],"curies":[{"name":"wp","href":"https:\/\/api.w.org\/{rel}","templated":true}]}}