{"id":10312,"date":"2024-04-18T10:37:41","date_gmt":"2024-04-18T08:37:41","guid":{"rendered":"https:\/\/delorenzoglobal.com\/?post_type=product&#038;p=10312"},"modified":"2025-04-29T15:15:40","modified_gmt":"2025-04-29T13:15:40","slug":"banc-didactique-du-frein-hydraulique-a-depression-electriques","status":"publish","type":"product","link":"https:\/\/delorenzoglobal.com\/fr\/produit\/banc-didactique-du-frein-hydraulique-a-depression-electriques\/","title":{"rendered":"BANC DIDACTIQUE DU FREIN HYDRAULIQUE A DEPRESSION ELECTRIQUES"},"content":{"rendered":"<p>Ce d\u00e9monstrateur pr\u00e9sente les composants du frein hydraulique \u00e0 d\u00e9pression \u00e9lectriques grand public. Il<br \/>\nfonctionne en affichant la m\u00eame fonction et le m\u00eame mode de contr\u00f4le que dans les v\u00e9hicules \u00e9lectriques les plus<br \/>\npopulaires.<\/p>\n<p>Il repr\u00e9sente la relation de connexion et de contr\u00f4le, la position d&rsquo;installation et les param\u00e8tres de fonctionnement de chaque composant du syst\u00e8me de freinage hydraulique \u00e0 d\u00e9pression \u00e9lectrique<\/p>\n","protected":false},"excerpt":{"rendered":"<p>Ce d\u00e9monstrateur pr\u00e9sente les composants du frein hydraulique \u00e0 d\u00e9pression \u00e9lectriques grand public. Il fonctionne en affichant la m\u00eame fonction et le m\u00eame mode de contr\u00f4le que dans les v\u00e9hicules \u00e9lectriques les plus populaires. Il repr\u00e9sente la relation de connexion et de contr\u00f4le, la position d&rsquo;installation et les param\u00e8tres de fonctionnement de chaque composant du [&hellip;]<\/p>\n","protected":false},"featured_media":10305,"template":"","meta":{"_acf_changed":false},"product_brand":[],"product_cat":[371,386],"product_tag":[],"class_list":{"0":"post-10312","1":"product","2":"type-product","3":"status-publish","4":"has-post-thumbnail","6":"product_cat-freinage","7":"product_cat-vehicule-electrique","9":"first","10":"instock","11":"shipping-taxable","12":"product-type-simple"},"acf":[],"yoast_head":"<!-- This site is optimized with the Yoast SEO plugin v27.4 - https:\/\/yoast.com\/product\/yoast-seo-wordpress\/ -->\n<title>BANC DIDACTIQUE DU FREIN HYDRAULIQUE A DEPRESSION ELECTRIQUES - De Lorenzo Training &amp; Didactical Equipment<\/title>\n<meta name=\"robots\" content=\"index, follow, max-snippet:-1, max-image-preview:large, max-video-preview:-1\" \/>\n<link rel=\"canonical\" href=\"https:\/\/delorenzoglobal.com\/fr\/produit\/banc-didactique-du-frein-hydraulique-a-depression-electriques\/\" \/>\n<meta property=\"og:locale\" content=\"fr_FR\" \/>\n<meta property=\"og:type\" content=\"article\" \/>\n<meta property=\"og:title\" content=\"BANC DIDACTIQUE DU FREIN HYDRAULIQUE A DEPRESSION ELECTRIQUES - De Lorenzo Training &amp; Didactical Equipment\" \/>\n<meta property=\"og:description\" content=\"Ce d\u00e9monstrateur pr\u00e9sente les composants du frein hydraulique \u00e0 d\u00e9pression \u00e9lectriques grand public. Il fonctionne en affichant la m\u00eame fonction et le m\u00eame mode de contr\u00f4le que dans les v\u00e9hicules \u00e9lectriques les plus populaires. Il repr\u00e9sente la relation de connexion et de contr\u00f4le, la position d&rsquo;installation et les param\u00e8tres de fonctionnement de chaque composant du [&hellip;]\" \/>\n<meta property=\"og:url\" content=\"https:\/\/delorenzoglobal.com\/fr\/produit\/banc-didactique-du-frein-hydraulique-a-depression-electriques\/\" \/>\n<meta property=\"og:site_name\" content=\"De Lorenzo Training &amp; Didactical Equipment\" \/>\n<meta property=\"article:modified_time\" content=\"2025-04-29T13:15:40+00:00\" \/>\n<meta property=\"og:image\" content=\"https:\/\/delorenzoglobal.com\/wp-content\/uploads\/2024\/04\/DL-DM49.jpeg\" \/>\n\t<meta property=\"og:image:width\" content=\"510\" \/>\n\t<meta property=\"og:image:height\" content=\"505\" \/>\n\t<meta property=\"og:image:type\" content=\"image\/jpeg\" \/>\n<meta name=\"twitter:card\" content=\"summary_large_image\" \/>\n<meta name=\"twitter:label1\" content=\"Dur\u00e9e de lecture estim\u00e9e\" \/>\n\t<meta name=\"twitter:data1\" content=\"1 minute\" \/>\n<script type=\"application\/ld+json\" class=\"yoast-schema-graph\">{\"@context\":\"https:\\\/\\\/schema.org\",\"@graph\":[{\"@type\":\"WebPage\",\"@id\":\"https:\\\/\\\/delorenzoglobal.com\\\/fr\\\/produit\\\/banc-didactique-du-frein-hydraulique-a-depression-electriques\\\/\",\"url\":\"https:\\\/\\\/delorenzoglobal.com\\\/fr\\\/produit\\\/banc-didactique-du-frein-hydraulique-a-depression-electriques\\\/\",\"name\":\"BANC DIDACTIQUE DU FREIN HYDRAULIQUE A DEPRESSION ELECTRIQUES - De Lorenzo Training &amp; Didactical Equipment\",\"isPartOf\":{\"@id\":\"https:\\\/\\\/delorenzoglobal.com\\\/fr\\\/#website\"},\"primaryImageOfPage\":{\"@id\":\"https:\\\/\\\/delorenzoglobal.com\\\/fr\\\/produit\\\/banc-didactique-du-frein-hydraulique-a-depression-electriques\\\/#primaryimage\"},\"image\":{\"@id\":\"https:\\\/\\\/delorenzoglobal.com\\\/fr\\\/produit\\\/banc-didactique-du-frein-hydraulique-a-depression-electriques\\\/#primaryimage\"},\"thumbnailUrl\":\"https:\\\/\\\/delorenzoglobal.com\\\/wp-content\\\/uploads\\\/2024\\\/04\\\/DL-DM49.jpeg\",\"datePublished\":\"2024-04-18T08:37:41+00:00\",\"dateModified\":\"2025-04-29T13:15:40+00:00\",\"breadcrumb\":{\"@id\":\"https:\\\/\\\/delorenzoglobal.com\\\/fr\\\/produit\\\/banc-didactique-du-frein-hydraulique-a-depression-electriques\\\/#breadcrumb\"},\"inLanguage\":\"fr-FR\",\"potentialAction\":[{\"@type\":\"ReadAction\",\"target\":[\"https:\\\/\\\/delorenzoglobal.com\\\/fr\\\/produit\\\/banc-didactique-du-frein-hydraulique-a-depression-electriques\\\/\"]}]},{\"@type\":\"ImageObject\",\"inLanguage\":\"fr-FR\",\"@id\":\"https:\\\/\\\/delorenzoglobal.com\\\/fr\\\/produit\\\/banc-didactique-du-frein-hydraulique-a-depression-electriques\\\/#primaryimage\",\"url\":\"https:\\\/\\\/delorenzoglobal.com\\\/wp-content\\\/uploads\\\/2024\\\/04\\\/DL-DM49.jpeg\",\"contentUrl\":\"https:\\\/\\\/delorenzoglobal.com\\\/wp-content\\\/uploads\\\/2024\\\/04\\\/DL-DM49.jpeg\",\"width\":510,\"height\":505},{\"@type\":\"BreadcrumbList\",\"@id\":\"https:\\\/\\\/delorenzoglobal.com\\\/fr\\\/produit\\\/banc-didactique-du-frein-hydraulique-a-depression-electriques\\\/#breadcrumb\",\"itemListElement\":[{\"@type\":\"ListItem\",\"position\":1,\"name\":\"Home\",\"item\":\"https:\\\/\\\/delorenzoglobal.com\\\/fr\\\/\"},{\"@type\":\"ListItem\",\"position\":2,\"name\":\"Boutique\",\"item\":\"https:\\\/\\\/delorenzoglobal.com\\\/fr\\\/boutique\\\/\"},{\"@type\":\"ListItem\",\"position\":3,\"name\":\"BANC DIDACTIQUE DU FREIN HYDRAULIQUE A DEPRESSION ELECTRIQUES\"}]},{\"@type\":\"WebSite\",\"@id\":\"https:\\\/\\\/delorenzoglobal.com\\\/fr\\\/#website\",\"url\":\"https:\\\/\\\/delorenzoglobal.com\\\/fr\\\/\",\"name\":\"De Lorenzo Training &amp; Didactical Equipment\",\"description\":\"\",\"potentialAction\":[{\"@type\":\"SearchAction\",\"target\":{\"@type\":\"EntryPoint\",\"urlTemplate\":\"https:\\\/\\\/delorenzoglobal.com\\\/fr\\\/?s={search_term_string}\"},\"query-input\":{\"@type\":\"PropertyValueSpecification\",\"valueRequired\":true,\"valueName\":\"search_term_string\"}}],\"inLanguage\":\"fr-FR\"}]}<\/script>\n<!-- \/ Yoast SEO plugin. -->","yoast_head_json":{"title":"BANC DIDACTIQUE DU FREIN HYDRAULIQUE A DEPRESSION ELECTRIQUES - De Lorenzo Training &amp; Didactical Equipment","robots":{"index":"index","follow":"follow","max-snippet":"max-snippet:-1","max-image-preview":"max-image-preview:large","max-video-preview":"max-video-preview:-1"},"canonical":"https:\/\/delorenzoglobal.com\/fr\/produit\/banc-didactique-du-frein-hydraulique-a-depression-electriques\/","og_locale":"fr_FR","og_type":"article","og_title":"BANC DIDACTIQUE DU FREIN HYDRAULIQUE A DEPRESSION ELECTRIQUES - De Lorenzo Training &amp; Didactical Equipment","og_description":"Ce d\u00e9monstrateur pr\u00e9sente les composants du frein hydraulique \u00e0 d\u00e9pression \u00e9lectriques grand public. Il fonctionne en affichant la m\u00eame fonction et le m\u00eame mode de contr\u00f4le que dans les v\u00e9hicules \u00e9lectriques les plus populaires. Il repr\u00e9sente la relation de connexion et de contr\u00f4le, la position d&rsquo;installation et les param\u00e8tres de fonctionnement de chaque composant du [&hellip;]","og_url":"https:\/\/delorenzoglobal.com\/fr\/produit\/banc-didactique-du-frein-hydraulique-a-depression-electriques\/","og_site_name":"De Lorenzo Training &amp; Didactical Equipment","article_modified_time":"2025-04-29T13:15:40+00:00","og_image":[{"width":510,"height":505,"url":"https:\/\/delorenzoglobal.com\/wp-content\/uploads\/2024\/04\/DL-DM49.jpeg","type":"image\/jpeg"}],"twitter_card":"summary_large_image","twitter_misc":{"Dur\u00e9e de lecture estim\u00e9e":"1 minute"},"schema":{"@context":"https:\/\/schema.org","@graph":[{"@type":"WebPage","@id":"https:\/\/delorenzoglobal.com\/fr\/produit\/banc-didactique-du-frein-hydraulique-a-depression-electriques\/","url":"https:\/\/delorenzoglobal.com\/fr\/produit\/banc-didactique-du-frein-hydraulique-a-depression-electriques\/","name":"BANC DIDACTIQUE DU FREIN HYDRAULIQUE A DEPRESSION ELECTRIQUES - De Lorenzo Training &amp; Didactical Equipment","isPartOf":{"@id":"https:\/\/delorenzoglobal.com\/fr\/#website"},"primaryImageOfPage":{"@id":"https:\/\/delorenzoglobal.com\/fr\/produit\/banc-didactique-du-frein-hydraulique-a-depression-electriques\/#primaryimage"},"image":{"@id":"https:\/\/delorenzoglobal.com\/fr\/produit\/banc-didactique-du-frein-hydraulique-a-depression-electriques\/#primaryimage"},"thumbnailUrl":"https:\/\/delorenzoglobal.com\/wp-content\/uploads\/2024\/04\/DL-DM49.jpeg","datePublished":"2024-04-18T08:37:41+00:00","dateModified":"2025-04-29T13:15:40+00:00","breadcrumb":{"@id":"https:\/\/delorenzoglobal.com\/fr\/produit\/banc-didactique-du-frein-hydraulique-a-depression-electriques\/#breadcrumb"},"inLanguage":"fr-FR","potentialAction":[{"@type":"ReadAction","target":["https:\/\/delorenzoglobal.com\/fr\/produit\/banc-didactique-du-frein-hydraulique-a-depression-electriques\/"]}]},{"@type":"ImageObject","inLanguage":"fr-FR","@id":"https:\/\/delorenzoglobal.com\/fr\/produit\/banc-didactique-du-frein-hydraulique-a-depression-electriques\/#primaryimage","url":"https:\/\/delorenzoglobal.com\/wp-content\/uploads\/2024\/04\/DL-DM49.jpeg","contentUrl":"https:\/\/delorenzoglobal.com\/wp-content\/uploads\/2024\/04\/DL-DM49.jpeg","width":510,"height":505},{"@type":"BreadcrumbList","@id":"https:\/\/delorenzoglobal.com\/fr\/produit\/banc-didactique-du-frein-hydraulique-a-depression-electriques\/#breadcrumb","itemListElement":[{"@type":"ListItem","position":1,"name":"Home","item":"https:\/\/delorenzoglobal.com\/fr\/"},{"@type":"ListItem","position":2,"name":"Boutique","item":"https:\/\/delorenzoglobal.com\/fr\/boutique\/"},{"@type":"ListItem","position":3,"name":"BANC DIDACTIQUE DU FREIN HYDRAULIQUE A DEPRESSION ELECTRIQUES"}]},{"@type":"WebSite","@id":"https:\/\/delorenzoglobal.com\/fr\/#website","url":"https:\/\/delorenzoglobal.com\/fr\/","name":"De Lorenzo Training &amp; Didactical Equipment","description":"","potentialAction":[{"@type":"SearchAction","target":{"@type":"EntryPoint","urlTemplate":"https:\/\/delorenzoglobal.com\/fr\/?s={search_term_string}"},"query-input":{"@type":"PropertyValueSpecification","valueRequired":true,"valueName":"search_term_string"}}],"inLanguage":"fr-FR"}]}},"_links":{"self":[{"href":"https:\/\/delorenzoglobal.com\/fr\/wp-json\/wp\/v2\/product\/10312","targetHints":{"allow":["GET"]}}],"collection":[{"href":"https:\/\/delorenzoglobal.com\/fr\/wp-json\/wp\/v2\/product"}],"about":[{"href":"https:\/\/delorenzoglobal.com\/fr\/wp-json\/wp\/v2\/types\/product"}],"wp:featuredmedia":[{"embeddable":true,"href":"https:\/\/delorenzoglobal.com\/fr\/wp-json\/wp\/v2\/media\/10305"}],"wp:attachment":[{"href":"https:\/\/delorenzoglobal.com\/fr\/wp-json\/wp\/v2\/media?parent=10312"}],"wp:term":[{"taxonomy":"product_brand","embeddable":true,"href":"https:\/\/delorenzoglobal.com\/fr\/wp-json\/wp\/v2\/product_brand?post=10312"},{"taxonomy":"product_cat","embeddable":true,"href":"https:\/\/delorenzoglobal.com\/fr\/wp-json\/wp\/v2\/product_cat?post=10312"},{"taxonomy":"product_tag","embeddable":true,"href":"https:\/\/delorenzoglobal.com\/fr\/wp-json\/wp\/v2\/product_tag?post=10312"}],"curies":[{"name":"wp","href":"https:\/\/api.w.org\/{rel}","templated":true}]}}