{"id":1015,"date":"2024-04-09T08:24:32","date_gmt":"2024-04-09T06:24:32","guid":{"rendered":"https:\/\/delorenzoglobal.com\/?post_type=product&#038;p=1015"},"modified":"2026-04-02T09:39:43","modified_gmt":"2026-04-02T07:39:43","slug":"simulateur-de-feux-de-circulation-intelligents","status":"publish","type":"product","link":"https:\/\/delorenzoglobal.com\/fr\/produit\/simulateur-de-feux-de-circulation-intelligents\/","title":{"rendered":"SIMULATEUR DE FEUX DE CIRCULATION INTELLIGENTS"},"content":{"rendered":"<p>Le DL 2121 repr\u00e9sente un carrefour entre deux rues \u00e0 sens unique, chacune contr\u00f4l\u00e9e par un feu tricolore et avec trois passages pi\u00e9tons \u00e9galement avec feux de circulation.<\/p>\n<p>Le contr\u00f4le automatique du syst\u00e8me de feux tricolores s&rsquo;effectue au moyen d&rsquo;un API, pas avec le chronom\u00e9trage cyclique habituel : seule la pr\u00e9sence d&rsquo;au moins une voiture d\u00e9termine le signal libre du feu de circulation correspondant, ce qui permet le transit de toutes les voitures entre les deux capteurs de d\u00e9tection.<\/p>\n","protected":false},"excerpt":{"rendered":"<p>Le DL 2121 repr\u00e9sente un carrefour entre deux rues \u00e0 sens unique, chacune contr\u00f4l\u00e9e par un feu tricolore et avec trois passages pi\u00e9tons \u00e9galement avec feux de circulation. Le contr\u00f4le automatique du syst\u00e8me de feux tricolores s&rsquo;effectue au moyen d&rsquo;un API, pas avec le chronom\u00e9trage cyclique habituel : seule la pr\u00e9sence d&rsquo;au moins une voiture [&hellip;]<\/p>\n","protected":false},"featured_media":1003,"template":"","meta":{"_acf_changed":false},"product_brand":[],"product_cat":[168],"product_tag":[],"class_list":{"0":"post-1015","1":"product","2":"type-product","3":"status-publish","4":"has-post-thumbnail","6":"product_cat-simulateurs-systemes","8":"first","9":"instock","10":"shipping-taxable","11":"product-type-simple"},"acf":[],"yoast_head":"<!-- This site is optimized with the Yoast SEO plugin v27.4 - https:\/\/yoast.com\/product\/yoast-seo-wordpress\/ -->\n<title>SIMULATEUR DE FEUX DE CIRCULATION INTELLIGENTS - De Lorenzo Training &amp; Didactical Equipment<\/title>\n<meta name=\"description\" content=\"Syst\u00e8me de feux de signalisation intelligent avec un carrefour de rues \u00e0 sens unique et des passages pi\u00e9tons, tous contr\u00f4l\u00e9s par un seul PLC.\" \/>\n<meta name=\"robots\" content=\"index, follow, max-snippet:-1, max-image-preview:large, max-video-preview:-1\" \/>\n<link rel=\"canonical\" href=\"https:\/\/delorenzoglobal.com\/fr\/produit\/simulateur-de-feux-de-circulation-intelligents\/\" \/>\n<meta property=\"og:locale\" content=\"fr_FR\" \/>\n<meta property=\"og:type\" content=\"article\" \/>\n<meta property=\"og:title\" content=\"SIMULATEUR DE FEUX DE CIRCULATION INTELLIGENTS - De Lorenzo Training &amp; Didactical Equipment\" \/>\n<meta property=\"og:description\" content=\"Syst\u00e8me de feux de signalisation intelligent avec un carrefour de rues \u00e0 sens unique et des passages pi\u00e9tons, tous contr\u00f4l\u00e9s par un seul PLC.\" \/>\n<meta property=\"og:url\" content=\"https:\/\/delorenzoglobal.com\/fr\/produit\/simulateur-de-feux-de-circulation-intelligents\/\" \/>\n<meta property=\"og:site_name\" content=\"De Lorenzo Training &amp; Didactical Equipment\" \/>\n<meta property=\"article:modified_time\" content=\"2026-04-02T07:39:43+00:00\" \/>\n<meta property=\"og:image\" content=\"https:\/\/delorenzoglobal.com\/wp-content\/uploads\/2024\/04\/2121-1024x867.png\" \/>\n\t<meta property=\"og:image:width\" content=\"1024\" \/>\n\t<meta property=\"og:image:height\" content=\"867\" \/>\n\t<meta property=\"og:image:type\" content=\"image\/png\" \/>\n<meta name=\"twitter:card\" content=\"summary_large_image\" \/>\n<meta name=\"twitter:label1\" content=\"Dur\u00e9e de lecture estim\u00e9e\" \/>\n\t<meta name=\"twitter:data1\" content=\"1 minute\" \/>\n<script type=\"application\/ld+json\" class=\"yoast-schema-graph\">{\"@context\":\"https:\\\/\\\/schema.org\",\"@graph\":[{\"@type\":\"WebPage\",\"@id\":\"https:\\\/\\\/delorenzoglobal.com\\\/fr\\\/produit\\\/simulateur-de-feux-de-circulation-intelligents\\\/\",\"url\":\"https:\\\/\\\/delorenzoglobal.com\\\/fr\\\/produit\\\/simulateur-de-feux-de-circulation-intelligents\\\/\",\"name\":\"SIMULATEUR DE FEUX DE CIRCULATION INTELLIGENTS - De Lorenzo Training &amp; Didactical Equipment\",\"isPartOf\":{\"@id\":\"https:\\\/\\\/delorenzoglobal.com\\\/fr\\\/#website\"},\"primaryImageOfPage\":{\"@id\":\"https:\\\/\\\/delorenzoglobal.com\\\/fr\\\/produit\\\/simulateur-de-feux-de-circulation-intelligents\\\/#primaryimage\"},\"image\":{\"@id\":\"https:\\\/\\\/delorenzoglobal.com\\\/fr\\\/produit\\\/simulateur-de-feux-de-circulation-intelligents\\\/#primaryimage\"},\"thumbnailUrl\":\"https:\\\/\\\/delorenzoglobal.com\\\/wp-content\\\/uploads\\\/2024\\\/04\\\/2121.png\",\"datePublished\":\"2024-04-09T06:24:32+00:00\",\"dateModified\":\"2026-04-02T07:39:43+00:00\",\"description\":\"Syst\u00e8me de feux de signalisation intelligent avec un carrefour de rues \u00e0 sens unique et des passages pi\u00e9tons, tous contr\u00f4l\u00e9s par un seul PLC.\",\"breadcrumb\":{\"@id\":\"https:\\\/\\\/delorenzoglobal.com\\\/fr\\\/produit\\\/simulateur-de-feux-de-circulation-intelligents\\\/#breadcrumb\"},\"inLanguage\":\"fr-FR\",\"potentialAction\":[{\"@type\":\"ReadAction\",\"target\":[\"https:\\\/\\\/delorenzoglobal.com\\\/fr\\\/produit\\\/simulateur-de-feux-de-circulation-intelligents\\\/\"]}]},{\"@type\":\"ImageObject\",\"inLanguage\":\"fr-FR\",\"@id\":\"https:\\\/\\\/delorenzoglobal.com\\\/fr\\\/produit\\\/simulateur-de-feux-de-circulation-intelligents\\\/#primaryimage\",\"url\":\"https:\\\/\\\/delorenzoglobal.com\\\/wp-content\\\/uploads\\\/2024\\\/04\\\/2121.png\",\"contentUrl\":\"https:\\\/\\\/delorenzoglobal.com\\\/wp-content\\\/uploads\\\/2024\\\/04\\\/2121.png\",\"width\":3216,\"height\":2722},{\"@type\":\"BreadcrumbList\",\"@id\":\"https:\\\/\\\/delorenzoglobal.com\\\/fr\\\/produit\\\/simulateur-de-feux-de-circulation-intelligents\\\/#breadcrumb\",\"itemListElement\":[{\"@type\":\"ListItem\",\"position\":1,\"name\":\"Home\",\"item\":\"https:\\\/\\\/delorenzoglobal.com\\\/fr\\\/\"},{\"@type\":\"ListItem\",\"position\":2,\"name\":\"Boutique\",\"item\":\"https:\\\/\\\/delorenzoglobal.com\\\/fr\\\/boutique\\\/\"},{\"@type\":\"ListItem\",\"position\":3,\"name\":\"SIMULATEUR DE FEUX DE CIRCULATION INTELLIGENTS\"}]},{\"@type\":\"WebSite\",\"@id\":\"https:\\\/\\\/delorenzoglobal.com\\\/fr\\\/#website\",\"url\":\"https:\\\/\\\/delorenzoglobal.com\\\/fr\\\/\",\"name\":\"De Lorenzo Training &amp; Didactical Equipment\",\"description\":\"\",\"potentialAction\":[{\"@type\":\"SearchAction\",\"target\":{\"@type\":\"EntryPoint\",\"urlTemplate\":\"https:\\\/\\\/delorenzoglobal.com\\\/fr\\\/?s={search_term_string}\"},\"query-input\":{\"@type\":\"PropertyValueSpecification\",\"valueRequired\":true,\"valueName\":\"search_term_string\"}}],\"inLanguage\":\"fr-FR\"}]}<\/script>\n<!-- \/ Yoast SEO plugin. -->","yoast_head_json":{"title":"SIMULATEUR DE FEUX DE CIRCULATION INTELLIGENTS - De Lorenzo Training &amp; Didactical Equipment","description":"Syst\u00e8me de feux de signalisation intelligent avec un carrefour de rues \u00e0 sens unique et des passages pi\u00e9tons, tous contr\u00f4l\u00e9s par un seul PLC.","robots":{"index":"index","follow":"follow","max-snippet":"max-snippet:-1","max-image-preview":"max-image-preview:large","max-video-preview":"max-video-preview:-1"},"canonical":"https:\/\/delorenzoglobal.com\/fr\/produit\/simulateur-de-feux-de-circulation-intelligents\/","og_locale":"fr_FR","og_type":"article","og_title":"SIMULATEUR DE FEUX DE CIRCULATION INTELLIGENTS - De Lorenzo Training &amp; Didactical Equipment","og_description":"Syst\u00e8me de feux de signalisation intelligent avec un carrefour de rues \u00e0 sens unique et des passages pi\u00e9tons, tous contr\u00f4l\u00e9s par un seul PLC.","og_url":"https:\/\/delorenzoglobal.com\/fr\/produit\/simulateur-de-feux-de-circulation-intelligents\/","og_site_name":"De Lorenzo Training &amp; Didactical Equipment","article_modified_time":"2026-04-02T07:39:43+00:00","og_image":[{"width":1024,"height":867,"url":"https:\/\/delorenzoglobal.com\/wp-content\/uploads\/2024\/04\/2121-1024x867.png","type":"image\/png"}],"twitter_card":"summary_large_image","twitter_misc":{"Dur\u00e9e de lecture estim\u00e9e":"1 minute"},"schema":{"@context":"https:\/\/schema.org","@graph":[{"@type":"WebPage","@id":"https:\/\/delorenzoglobal.com\/fr\/produit\/simulateur-de-feux-de-circulation-intelligents\/","url":"https:\/\/delorenzoglobal.com\/fr\/produit\/simulateur-de-feux-de-circulation-intelligents\/","name":"SIMULATEUR DE FEUX DE CIRCULATION INTELLIGENTS - De Lorenzo Training &amp; Didactical Equipment","isPartOf":{"@id":"https:\/\/delorenzoglobal.com\/fr\/#website"},"primaryImageOfPage":{"@id":"https:\/\/delorenzoglobal.com\/fr\/produit\/simulateur-de-feux-de-circulation-intelligents\/#primaryimage"},"image":{"@id":"https:\/\/delorenzoglobal.com\/fr\/produit\/simulateur-de-feux-de-circulation-intelligents\/#primaryimage"},"thumbnailUrl":"https:\/\/delorenzoglobal.com\/wp-content\/uploads\/2024\/04\/2121.png","datePublished":"2024-04-09T06:24:32+00:00","dateModified":"2026-04-02T07:39:43+00:00","description":"Syst\u00e8me de feux de signalisation intelligent avec un carrefour de rues \u00e0 sens unique et des passages pi\u00e9tons, tous contr\u00f4l\u00e9s par un seul PLC.","breadcrumb":{"@id":"https:\/\/delorenzoglobal.com\/fr\/produit\/simulateur-de-feux-de-circulation-intelligents\/#breadcrumb"},"inLanguage":"fr-FR","potentialAction":[{"@type":"ReadAction","target":["https:\/\/delorenzoglobal.com\/fr\/produit\/simulateur-de-feux-de-circulation-intelligents\/"]}]},{"@type":"ImageObject","inLanguage":"fr-FR","@id":"https:\/\/delorenzoglobal.com\/fr\/produit\/simulateur-de-feux-de-circulation-intelligents\/#primaryimage","url":"https:\/\/delorenzoglobal.com\/wp-content\/uploads\/2024\/04\/2121.png","contentUrl":"https:\/\/delorenzoglobal.com\/wp-content\/uploads\/2024\/04\/2121.png","width":3216,"height":2722},{"@type":"BreadcrumbList","@id":"https:\/\/delorenzoglobal.com\/fr\/produit\/simulateur-de-feux-de-circulation-intelligents\/#breadcrumb","itemListElement":[{"@type":"ListItem","position":1,"name":"Home","item":"https:\/\/delorenzoglobal.com\/fr\/"},{"@type":"ListItem","position":2,"name":"Boutique","item":"https:\/\/delorenzoglobal.com\/fr\/boutique\/"},{"@type":"ListItem","position":3,"name":"SIMULATEUR DE FEUX DE CIRCULATION INTELLIGENTS"}]},{"@type":"WebSite","@id":"https:\/\/delorenzoglobal.com\/fr\/#website","url":"https:\/\/delorenzoglobal.com\/fr\/","name":"De Lorenzo Training &amp; Didactical Equipment","description":"","potentialAction":[{"@type":"SearchAction","target":{"@type":"EntryPoint","urlTemplate":"https:\/\/delorenzoglobal.com\/fr\/?s={search_term_string}"},"query-input":{"@type":"PropertyValueSpecification","valueRequired":true,"valueName":"search_term_string"}}],"inLanguage":"fr-FR"}]}},"_links":{"self":[{"href":"https:\/\/delorenzoglobal.com\/fr\/wp-json\/wp\/v2\/product\/1015","targetHints":{"allow":["GET"]}}],"collection":[{"href":"https:\/\/delorenzoglobal.com\/fr\/wp-json\/wp\/v2\/product"}],"about":[{"href":"https:\/\/delorenzoglobal.com\/fr\/wp-json\/wp\/v2\/types\/product"}],"wp:featuredmedia":[{"embeddable":true,"href":"https:\/\/delorenzoglobal.com\/fr\/wp-json\/wp\/v2\/media\/1003"}],"wp:attachment":[{"href":"https:\/\/delorenzoglobal.com\/fr\/wp-json\/wp\/v2\/media?parent=1015"}],"wp:term":[{"taxonomy":"product_brand","embeddable":true,"href":"https:\/\/delorenzoglobal.com\/fr\/wp-json\/wp\/v2\/product_brand?post=1015"},{"taxonomy":"product_cat","embeddable":true,"href":"https:\/\/delorenzoglobal.com\/fr\/wp-json\/wp\/v2\/product_cat?post=1015"},{"taxonomy":"product_tag","embeddable":true,"href":"https:\/\/delorenzoglobal.com\/fr\/wp-json\/wp\/v2\/product_tag?post=1015"}],"curies":[{"name":"wp","href":"https:\/\/api.w.org\/{rel}","templated":true}]}}