{"id":10087,"date":"2024-04-18T09:41:17","date_gmt":"2024-04-18T07:41:17","guid":{"rendered":"https:\/\/delorenzoglobal.com\/?post_type=product&#038;p=10087"},"modified":"2025-01-15T14:18:13","modified_gmt":"2025-01-15T13:18:13","slug":"systemes-de-refrigeration-domestique","status":"publish","type":"product","link":"https:\/\/delorenzoglobal.com\/fr\/produit\/systemes-de-refrigeration-domestique\/","title":{"rendered":"SYST\u00c8MES DE R\u00c9FRIG\u00c9RATION DOMESTIQUE"},"content":{"rendered":"<p>Le simulateur permet l\u2019\u00e9tude, l\u2019exp\u00e9rimentation et la recherche des pannes, relativement aux installations suivantes:<\/p>\n<ul>\n<li>R\u00e9frig\u00e9rateur domestique \u00e0 une temp\u00e9rature;<\/li>\n<li>R\u00e9frig\u00e9rateur domestique \u00e0 deux temp\u00e9ratures;<\/li>\n<li>Cong\u00e9lateur domestique.<\/li>\n<\/ul>\n<p>Ces installations sont reproduites sur le panneau, \u00e0 travers des sch\u00e9mas synoptiques \u00e0 couleurs qui permettent une analyse compl\u00e8te des circuits \u00e0 fluide, de ses composants et du circuit \u00e9lectrique\/\u00e9lectronique de contr\u00f4le et r\u00e9glage.<\/p>\n","protected":false},"excerpt":{"rendered":"<p>Le simulateur permet l\u2019\u00e9tude, l\u2019exp\u00e9rimentation et la recherche des pannes, relativement aux installations suivantes: R\u00e9frig\u00e9rateur domestique \u00e0 une temp\u00e9rature; R\u00e9frig\u00e9rateur domestique \u00e0 deux temp\u00e9ratures; Cong\u00e9lateur domestique. Ces installations sont reproduites sur le panneau, \u00e0 travers des sch\u00e9mas synoptiques \u00e0 couleurs qui permettent une analyse compl\u00e8te des circuits \u00e0 fluide, de ses composants et du circuit [&hellip;]<\/p>\n","protected":false},"featured_media":16490,"template":"","meta":{"_acf_changed":false},"product_brand":[],"product_cat":[398],"product_tag":[],"class_list":{"0":"post-10087","1":"product","2":"type-product","3":"status-publish","4":"has-post-thumbnail","6":"product_cat-refrigeration-fr","8":"first","9":"instock","10":"shipping-taxable","11":"product-type-simple"},"acf":[],"yoast_head":"<!-- This site is optimized with the Yoast SEO plugin v27.4 - https:\/\/yoast.com\/product\/yoast-seo-wordpress\/ -->\n<title>SYST\u00c8MES DE R\u00c9FRIG\u00c9RATION DOMESTIQUE - De Lorenzo Training &amp; Didactical Equipment<\/title>\n<meta name=\"robots\" content=\"index, follow, max-snippet:-1, max-image-preview:large, max-video-preview:-1\" \/>\n<link rel=\"canonical\" href=\"https:\/\/delorenzoglobal.com\/fr\/produit\/systemes-de-refrigeration-domestique\/\" \/>\n<meta property=\"og:locale\" content=\"fr_FR\" \/>\n<meta property=\"og:type\" content=\"article\" \/>\n<meta property=\"og:title\" content=\"SYST\u00c8MES DE R\u00c9FRIG\u00c9RATION DOMESTIQUE - De Lorenzo Training &amp; Didactical Equipment\" \/>\n<meta property=\"og:description\" content=\"Le simulateur permet l\u2019\u00e9tude, l\u2019exp\u00e9rimentation et la recherche des pannes, relativement aux installations suivantes: R\u00e9frig\u00e9rateur domestique \u00e0 une temp\u00e9rature; R\u00e9frig\u00e9rateur domestique \u00e0 deux temp\u00e9ratures; Cong\u00e9lateur domestique. Ces installations sont reproduites sur le panneau, \u00e0 travers des sch\u00e9mas synoptiques \u00e0 couleurs qui permettent une analyse compl\u00e8te des circuits \u00e0 fluide, de ses composants et du circuit [&hellip;]\" \/>\n<meta property=\"og:url\" content=\"https:\/\/delorenzoglobal.com\/fr\/produit\/systemes-de-refrigeration-domestique\/\" \/>\n<meta property=\"og:site_name\" content=\"De Lorenzo Training &amp; Didactical Equipment\" \/>\n<meta property=\"article:modified_time\" content=\"2025-01-15T13:18:13+00:00\" \/>\n<meta property=\"og:image\" content=\"https:\/\/delorenzoglobal.com\/wp-content\/uploads\/2024\/04\/DL-TM02-scaled.jpg\" \/>\n\t<meta property=\"og:image:width\" content=\"2560\" \/>\n\t<meta property=\"og:image:height\" content=\"1722\" \/>\n\t<meta property=\"og:image:type\" content=\"image\/jpeg\" \/>\n<meta name=\"twitter:card\" content=\"summary_large_image\" \/>\n<meta name=\"twitter:label1\" content=\"Dur\u00e9e de lecture estim\u00e9e\" \/>\n\t<meta name=\"twitter:data1\" content=\"1 minute\" \/>\n<script type=\"application\/ld+json\" class=\"yoast-schema-graph\">{\"@context\":\"https:\\\/\\\/schema.org\",\"@graph\":[{\"@type\":\"WebPage\",\"@id\":\"https:\\\/\\\/delorenzoglobal.com\\\/fr\\\/produit\\\/systemes-de-refrigeration-domestique\\\/\",\"url\":\"https:\\\/\\\/delorenzoglobal.com\\\/fr\\\/produit\\\/systemes-de-refrigeration-domestique\\\/\",\"name\":\"SYST\u00c8MES DE R\u00c9FRIG\u00c9RATION DOMESTIQUE - De Lorenzo Training &amp; Didactical Equipment\",\"isPartOf\":{\"@id\":\"https:\\\/\\\/delorenzoglobal.com\\\/fr\\\/#website\"},\"primaryImageOfPage\":{\"@id\":\"https:\\\/\\\/delorenzoglobal.com\\\/fr\\\/produit\\\/systemes-de-refrigeration-domestique\\\/#primaryimage\"},\"image\":{\"@id\":\"https:\\\/\\\/delorenzoglobal.com\\\/fr\\\/produit\\\/systemes-de-refrigeration-domestique\\\/#primaryimage\"},\"thumbnailUrl\":\"https:\\\/\\\/delorenzoglobal.com\\\/wp-content\\\/uploads\\\/2024\\\/04\\\/DL-TM02-scaled.jpg\",\"datePublished\":\"2024-04-18T07:41:17+00:00\",\"dateModified\":\"2025-01-15T13:18:13+00:00\",\"breadcrumb\":{\"@id\":\"https:\\\/\\\/delorenzoglobal.com\\\/fr\\\/produit\\\/systemes-de-refrigeration-domestique\\\/#breadcrumb\"},\"inLanguage\":\"fr-FR\",\"potentialAction\":[{\"@type\":\"ReadAction\",\"target\":[\"https:\\\/\\\/delorenzoglobal.com\\\/fr\\\/produit\\\/systemes-de-refrigeration-domestique\\\/\"]}]},{\"@type\":\"ImageObject\",\"inLanguage\":\"fr-FR\",\"@id\":\"https:\\\/\\\/delorenzoglobal.com\\\/fr\\\/produit\\\/systemes-de-refrigeration-domestique\\\/#primaryimage\",\"url\":\"https:\\\/\\\/delorenzoglobal.com\\\/wp-content\\\/uploads\\\/2024\\\/04\\\/DL-TM02-scaled.jpg\",\"contentUrl\":\"https:\\\/\\\/delorenzoglobal.com\\\/wp-content\\\/uploads\\\/2024\\\/04\\\/DL-TM02-scaled.jpg\",\"width\":2560,\"height\":1722},{\"@type\":\"BreadcrumbList\",\"@id\":\"https:\\\/\\\/delorenzoglobal.com\\\/fr\\\/produit\\\/systemes-de-refrigeration-domestique\\\/#breadcrumb\",\"itemListElement\":[{\"@type\":\"ListItem\",\"position\":1,\"name\":\"Home\",\"item\":\"https:\\\/\\\/delorenzoglobal.com\\\/fr\\\/\"},{\"@type\":\"ListItem\",\"position\":2,\"name\":\"Boutique\",\"item\":\"https:\\\/\\\/delorenzoglobal.com\\\/fr\\\/boutique\\\/\"},{\"@type\":\"ListItem\",\"position\":3,\"name\":\"SYST\u00c8MES DE R\u00c9FRIG\u00c9RATION DOMESTIQUE\"}]},{\"@type\":\"WebSite\",\"@id\":\"https:\\\/\\\/delorenzoglobal.com\\\/fr\\\/#website\",\"url\":\"https:\\\/\\\/delorenzoglobal.com\\\/fr\\\/\",\"name\":\"De Lorenzo Training &amp; Didactical Equipment\",\"description\":\"\",\"potentialAction\":[{\"@type\":\"SearchAction\",\"target\":{\"@type\":\"EntryPoint\",\"urlTemplate\":\"https:\\\/\\\/delorenzoglobal.com\\\/fr\\\/?s={search_term_string}\"},\"query-input\":{\"@type\":\"PropertyValueSpecification\",\"valueRequired\":true,\"valueName\":\"search_term_string\"}}],\"inLanguage\":\"fr-FR\"}]}<\/script>\n<!-- \/ Yoast SEO plugin. -->","yoast_head_json":{"title":"SYST\u00c8MES DE R\u00c9FRIG\u00c9RATION DOMESTIQUE - De Lorenzo Training &amp; Didactical Equipment","robots":{"index":"index","follow":"follow","max-snippet":"max-snippet:-1","max-image-preview":"max-image-preview:large","max-video-preview":"max-video-preview:-1"},"canonical":"https:\/\/delorenzoglobal.com\/fr\/produit\/systemes-de-refrigeration-domestique\/","og_locale":"fr_FR","og_type":"article","og_title":"SYST\u00c8MES DE R\u00c9FRIG\u00c9RATION DOMESTIQUE - De Lorenzo Training &amp; Didactical Equipment","og_description":"Le simulateur permet l\u2019\u00e9tude, l\u2019exp\u00e9rimentation et la recherche des pannes, relativement aux installations suivantes: R\u00e9frig\u00e9rateur domestique \u00e0 une temp\u00e9rature; R\u00e9frig\u00e9rateur domestique \u00e0 deux temp\u00e9ratures; Cong\u00e9lateur domestique. Ces installations sont reproduites sur le panneau, \u00e0 travers des sch\u00e9mas synoptiques \u00e0 couleurs qui permettent une analyse compl\u00e8te des circuits \u00e0 fluide, de ses composants et du circuit [&hellip;]","og_url":"https:\/\/delorenzoglobal.com\/fr\/produit\/systemes-de-refrigeration-domestique\/","og_site_name":"De Lorenzo Training &amp; Didactical Equipment","article_modified_time":"2025-01-15T13:18:13+00:00","og_image":[{"width":2560,"height":1722,"url":"https:\/\/delorenzoglobal.com\/wp-content\/uploads\/2024\/04\/DL-TM02-scaled.jpg","type":"image\/jpeg"}],"twitter_card":"summary_large_image","twitter_misc":{"Dur\u00e9e de lecture estim\u00e9e":"1 minute"},"schema":{"@context":"https:\/\/schema.org","@graph":[{"@type":"WebPage","@id":"https:\/\/delorenzoglobal.com\/fr\/produit\/systemes-de-refrigeration-domestique\/","url":"https:\/\/delorenzoglobal.com\/fr\/produit\/systemes-de-refrigeration-domestique\/","name":"SYST\u00c8MES DE R\u00c9FRIG\u00c9RATION DOMESTIQUE - De Lorenzo Training &amp; Didactical Equipment","isPartOf":{"@id":"https:\/\/delorenzoglobal.com\/fr\/#website"},"primaryImageOfPage":{"@id":"https:\/\/delorenzoglobal.com\/fr\/produit\/systemes-de-refrigeration-domestique\/#primaryimage"},"image":{"@id":"https:\/\/delorenzoglobal.com\/fr\/produit\/systemes-de-refrigeration-domestique\/#primaryimage"},"thumbnailUrl":"https:\/\/delorenzoglobal.com\/wp-content\/uploads\/2024\/04\/DL-TM02-scaled.jpg","datePublished":"2024-04-18T07:41:17+00:00","dateModified":"2025-01-15T13:18:13+00:00","breadcrumb":{"@id":"https:\/\/delorenzoglobal.com\/fr\/produit\/systemes-de-refrigeration-domestique\/#breadcrumb"},"inLanguage":"fr-FR","potentialAction":[{"@type":"ReadAction","target":["https:\/\/delorenzoglobal.com\/fr\/produit\/systemes-de-refrigeration-domestique\/"]}]},{"@type":"ImageObject","inLanguage":"fr-FR","@id":"https:\/\/delorenzoglobal.com\/fr\/produit\/systemes-de-refrigeration-domestique\/#primaryimage","url":"https:\/\/delorenzoglobal.com\/wp-content\/uploads\/2024\/04\/DL-TM02-scaled.jpg","contentUrl":"https:\/\/delorenzoglobal.com\/wp-content\/uploads\/2024\/04\/DL-TM02-scaled.jpg","width":2560,"height":1722},{"@type":"BreadcrumbList","@id":"https:\/\/delorenzoglobal.com\/fr\/produit\/systemes-de-refrigeration-domestique\/#breadcrumb","itemListElement":[{"@type":"ListItem","position":1,"name":"Home","item":"https:\/\/delorenzoglobal.com\/fr\/"},{"@type":"ListItem","position":2,"name":"Boutique","item":"https:\/\/delorenzoglobal.com\/fr\/boutique\/"},{"@type":"ListItem","position":3,"name":"SYST\u00c8MES DE R\u00c9FRIG\u00c9RATION DOMESTIQUE"}]},{"@type":"WebSite","@id":"https:\/\/delorenzoglobal.com\/fr\/#website","url":"https:\/\/delorenzoglobal.com\/fr\/","name":"De Lorenzo Training &amp; Didactical Equipment","description":"","potentialAction":[{"@type":"SearchAction","target":{"@type":"EntryPoint","urlTemplate":"https:\/\/delorenzoglobal.com\/fr\/?s={search_term_string}"},"query-input":{"@type":"PropertyValueSpecification","valueRequired":true,"valueName":"search_term_string"}}],"inLanguage":"fr-FR"}]}},"_links":{"self":[{"href":"https:\/\/delorenzoglobal.com\/fr\/wp-json\/wp\/v2\/product\/10087","targetHints":{"allow":["GET"]}}],"collection":[{"href":"https:\/\/delorenzoglobal.com\/fr\/wp-json\/wp\/v2\/product"}],"about":[{"href":"https:\/\/delorenzoglobal.com\/fr\/wp-json\/wp\/v2\/types\/product"}],"wp:featuredmedia":[{"embeddable":true,"href":"https:\/\/delorenzoglobal.com\/fr\/wp-json\/wp\/v2\/media\/16490"}],"wp:attachment":[{"href":"https:\/\/delorenzoglobal.com\/fr\/wp-json\/wp\/v2\/media?parent=10087"}],"wp:term":[{"taxonomy":"product_brand","embeddable":true,"href":"https:\/\/delorenzoglobal.com\/fr\/wp-json\/wp\/v2\/product_brand?post=10087"},{"taxonomy":"product_cat","embeddable":true,"href":"https:\/\/delorenzoglobal.com\/fr\/wp-json\/wp\/v2\/product_cat?post=10087"},{"taxonomy":"product_tag","embeddable":true,"href":"https:\/\/delorenzoglobal.com\/fr\/wp-json\/wp\/v2\/product_tag?post=10087"}],"curies":[{"name":"wp","href":"https:\/\/api.w.org\/{rel}","templated":true}]}}