{"id":10029,"date":"2024-04-18T09:27:14","date_gmt":"2024-04-18T07:27:14","guid":{"rendered":"https:\/\/delorenzoglobal.com\/?post_type=product&#038;p=10029"},"modified":"2025-04-29T15:49:29","modified_gmt":"2025-04-29T13:49:29","slug":"systeme-didactique-pour-letude-et-la-formation-en-refrigeration-et-climatisation-a-cycle-inverse","status":"publish","type":"product","link":"https:\/\/delorenzoglobal.com\/fr\/produit\/systeme-didactique-pour-letude-et-la-formation-en-refrigeration-et-climatisation-a-cycle-inverse\/","title":{"rendered":"SYST\u00c8ME DIDACTIQUE POUR L&rsquo;\u00c9TUDE ET LA FORMATION EN R\u00c9FRIG\u00c9RATION ET CLIMATISATION \u00c0 CYCLE INVERS\u00c9"},"content":{"rendered":"<p>Station d&rsquo;enseignement pour le refroidissement, avec climatisation \u00e0 deux blocs de 9000 BTU\/h, cycle invers\u00e9 (chaud\/froid).<\/p>\n<p>Un climatisateur est fondamentalement un refroidisseur sans son armoire et ses pi\u00e8ces de base, le compresseur et la bobine.<\/p>\n<p>Il utilise l&rsquo;\u00e9vaporation d&rsquo;un fluide r\u00e9frig\u00e9rant (le gaz circulant dans le serpentin) pour assurer le refroidissement.<\/p>\n<p>Les m\u00e9canismes du cycle de r\u00e9frig\u00e9ration sont les m\u00eames que ceux du r\u00e9frig\u00e9rateur et de la climatisation de l&rsquo;appartement.<\/p>\n<p>Il utilise un gaz non inflammable comprim\u00e9 par un compresseur.<\/p>\n","protected":false},"excerpt":{"rendered":"<p>Station d&rsquo;enseignement pour le refroidissement, avec climatisation \u00e0 deux blocs de 9000 BTU\/h, cycle invers\u00e9 (chaud\/froid). Un climatisateur est fondamentalement un refroidisseur sans son armoire et ses pi\u00e8ces de base, le compresseur et la bobine. Il utilise l&rsquo;\u00e9vaporation d&rsquo;un fluide r\u00e9frig\u00e9rant (le gaz circulant dans le serpentin) pour assurer le refroidissement. Les m\u00e9canismes du cycle [&hellip;]<\/p>\n","protected":false},"featured_media":10012,"template":"","meta":{"_acf_changed":false},"product_brand":[],"product_cat":[395],"product_tag":[],"class_list":{"0":"post-10029","1":"product","2":"type-product","3":"status-publish","4":"has-post-thumbnail","6":"product_cat-climatisation","8":"first","9":"instock","10":"shipping-taxable","11":"product-type-simple"},"acf":[],"yoast_head":"<!-- This site is optimized with the Yoast SEO plugin v27.0 - https:\/\/yoast.com\/product\/yoast-seo-wordpress\/ -->\n<title>SYST\u00c8ME DIDACTIQUE POUR L&#039;\u00c9TUDE ET LA FORMATION EN R\u00c9FRIG\u00c9RATION ET CLIMATISATION \u00c0 CYCLE INVERS\u00c9 - De Lorenzo Training &amp; Didactical Equipment<\/title>\n<meta name=\"robots\" content=\"index, follow, max-snippet:-1, max-image-preview:large, max-video-preview:-1\" \/>\n<link rel=\"canonical\" href=\"https:\/\/delorenzoglobal.com\/fr\/produit\/systeme-didactique-pour-letude-et-la-formation-en-refrigeration-et-climatisation-a-cycle-inverse\/\" \/>\n<meta property=\"og:locale\" content=\"fr_FR\" \/>\n<meta property=\"og:type\" content=\"article\" \/>\n<meta property=\"og:title\" content=\"SYST\u00c8ME DIDACTIQUE POUR L&#039;\u00c9TUDE ET LA FORMATION EN R\u00c9FRIG\u00c9RATION ET CLIMATISATION \u00c0 CYCLE INVERS\u00c9 - De Lorenzo Training &amp; Didactical Equipment\" \/>\n<meta property=\"og:description\" content=\"Station d&rsquo;enseignement pour le refroidissement, avec climatisation \u00e0 deux blocs de 9000 BTU\/h, cycle invers\u00e9 (chaud\/froid). Un climatisateur est fondamentalement un refroidisseur sans son armoire et ses pi\u00e8ces de base, le compresseur et la bobine. Il utilise l&rsquo;\u00e9vaporation d&rsquo;un fluide r\u00e9frig\u00e9rant (le gaz circulant dans le serpentin) pour assurer le refroidissement. Les m\u00e9canismes du cycle [&hellip;]\" \/>\n<meta property=\"og:url\" content=\"https:\/\/delorenzoglobal.com\/fr\/produit\/systeme-didactique-pour-letude-et-la-formation-en-refrigeration-et-climatisation-a-cycle-inverse\/\" \/>\n<meta property=\"og:site_name\" content=\"De Lorenzo Training &amp; Didactical Equipment\" \/>\n<meta property=\"article:modified_time\" content=\"2025-04-29T13:49:29+00:00\" \/>\n<meta property=\"og:image\" content=\"https:\/\/delorenzoglobal.com\/wp-content\/uploads\/2024\/04\/DL-CNSPLI-KT.png\" \/>\n\t<meta property=\"og:image:width\" content=\"356\" \/>\n\t<meta property=\"og:image:height\" content=\"398\" \/>\n\t<meta property=\"og:image:type\" content=\"image\/png\" \/>\n<meta name=\"twitter:card\" content=\"summary_large_image\" \/>\n<meta name=\"twitter:label1\" content=\"Dur\u00e9e de lecture estim\u00e9e\" \/>\n\t<meta name=\"twitter:data1\" content=\"1 minute\" \/>\n<script type=\"application\/ld+json\" class=\"yoast-schema-graph\">{\"@context\":\"https:\/\/schema.org\",\"@graph\":[{\"@type\":\"WebPage\",\"@id\":\"https:\/\/delorenzoglobal.com\/fr\/produit\/systeme-didactique-pour-letude-et-la-formation-en-refrigeration-et-climatisation-a-cycle-inverse\/\",\"url\":\"https:\/\/delorenzoglobal.com\/fr\/produit\/systeme-didactique-pour-letude-et-la-formation-en-refrigeration-et-climatisation-a-cycle-inverse\/\",\"name\":\"SYST\u00c8ME DIDACTIQUE POUR L'\u00c9TUDE ET LA FORMATION EN R\u00c9FRIG\u00c9RATION ET CLIMATISATION \u00c0 CYCLE INVERS\u00c9 - De Lorenzo Training &amp; Didactical Equipment\",\"isPartOf\":{\"@id\":\"https:\/\/delorenzoglobal.com\/fr\/#website\"},\"primaryImageOfPage\":{\"@id\":\"https:\/\/delorenzoglobal.com\/fr\/produit\/systeme-didactique-pour-letude-et-la-formation-en-refrigeration-et-climatisation-a-cycle-inverse\/#primaryimage\"},\"image\":{\"@id\":\"https:\/\/delorenzoglobal.com\/fr\/produit\/systeme-didactique-pour-letude-et-la-formation-en-refrigeration-et-climatisation-a-cycle-inverse\/#primaryimage\"},\"thumbnailUrl\":\"https:\/\/delorenzoglobal.com\/wp-content\/uploads\/2024\/04\/DL-CNSPLI-KT.png\",\"datePublished\":\"2024-04-18T07:27:14+00:00\",\"dateModified\":\"2025-04-29T13:49:29+00:00\",\"breadcrumb\":{\"@id\":\"https:\/\/delorenzoglobal.com\/fr\/produit\/systeme-didactique-pour-letude-et-la-formation-en-refrigeration-et-climatisation-a-cycle-inverse\/#breadcrumb\"},\"inLanguage\":\"fr-FR\",\"potentialAction\":[{\"@type\":\"ReadAction\",\"target\":[\"https:\/\/delorenzoglobal.com\/fr\/produit\/systeme-didactique-pour-letude-et-la-formation-en-refrigeration-et-climatisation-a-cycle-inverse\/\"]}]},{\"@type\":\"ImageObject\",\"inLanguage\":\"fr-FR\",\"@id\":\"https:\/\/delorenzoglobal.com\/fr\/produit\/systeme-didactique-pour-letude-et-la-formation-en-refrigeration-et-climatisation-a-cycle-inverse\/#primaryimage\",\"url\":\"https:\/\/delorenzoglobal.com\/wp-content\/uploads\/2024\/04\/DL-CNSPLI-KT.png\",\"contentUrl\":\"https:\/\/delorenzoglobal.com\/wp-content\/uploads\/2024\/04\/DL-CNSPLI-KT.png\",\"width\":356,\"height\":398},{\"@type\":\"BreadcrumbList\",\"@id\":\"https:\/\/delorenzoglobal.com\/fr\/produit\/systeme-didactique-pour-letude-et-la-formation-en-refrigeration-et-climatisation-a-cycle-inverse\/#breadcrumb\",\"itemListElement\":[{\"@type\":\"ListItem\",\"position\":1,\"name\":\"Home\",\"item\":\"https:\/\/delorenzoglobal.com\/fr\/\"},{\"@type\":\"ListItem\",\"position\":2,\"name\":\"Boutique\",\"item\":\"https:\/\/delorenzoglobal.com\/fr\/boutique\/\"},{\"@type\":\"ListItem\",\"position\":3,\"name\":\"SYST\u00c8ME DIDACTIQUE POUR L&#8217;\u00c9TUDE ET LA FORMATION EN R\u00c9FRIG\u00c9RATION ET CLIMATISATION \u00c0 CYCLE INVERS\u00c9\"}]},{\"@type\":\"WebSite\",\"@id\":\"https:\/\/delorenzoglobal.com\/fr\/#website\",\"url\":\"https:\/\/delorenzoglobal.com\/fr\/\",\"name\":\"De Lorenzo Training &amp; Didactical Equipment\",\"description\":\"\",\"potentialAction\":[{\"@type\":\"SearchAction\",\"target\":{\"@type\":\"EntryPoint\",\"urlTemplate\":\"https:\/\/delorenzoglobal.com\/fr\/?s={search_term_string}\"},\"query-input\":{\"@type\":\"PropertyValueSpecification\",\"valueRequired\":true,\"valueName\":\"search_term_string\"}}],\"inLanguage\":\"fr-FR\"}]}<\/script>\n<!-- \/ Yoast SEO plugin. -->","yoast_head_json":{"title":"SYST\u00c8ME DIDACTIQUE POUR L'\u00c9TUDE ET LA FORMATION EN R\u00c9FRIG\u00c9RATION ET CLIMATISATION \u00c0 CYCLE INVERS\u00c9 - De Lorenzo Training &amp; Didactical Equipment","robots":{"index":"index","follow":"follow","max-snippet":"max-snippet:-1","max-image-preview":"max-image-preview:large","max-video-preview":"max-video-preview:-1"},"canonical":"https:\/\/delorenzoglobal.com\/fr\/produit\/systeme-didactique-pour-letude-et-la-formation-en-refrigeration-et-climatisation-a-cycle-inverse\/","og_locale":"fr_FR","og_type":"article","og_title":"SYST\u00c8ME DIDACTIQUE POUR L'\u00c9TUDE ET LA FORMATION EN R\u00c9FRIG\u00c9RATION ET CLIMATISATION \u00c0 CYCLE INVERS\u00c9 - De Lorenzo Training &amp; Didactical Equipment","og_description":"Station d&rsquo;enseignement pour le refroidissement, avec climatisation \u00e0 deux blocs de 9000 BTU\/h, cycle invers\u00e9 (chaud\/froid). Un climatisateur est fondamentalement un refroidisseur sans son armoire et ses pi\u00e8ces de base, le compresseur et la bobine. Il utilise l&rsquo;\u00e9vaporation d&rsquo;un fluide r\u00e9frig\u00e9rant (le gaz circulant dans le serpentin) pour assurer le refroidissement. Les m\u00e9canismes du cycle [&hellip;]","og_url":"https:\/\/delorenzoglobal.com\/fr\/produit\/systeme-didactique-pour-letude-et-la-formation-en-refrigeration-et-climatisation-a-cycle-inverse\/","og_site_name":"De Lorenzo Training &amp; Didactical Equipment","article_modified_time":"2025-04-29T13:49:29+00:00","og_image":[{"width":356,"height":398,"url":"https:\/\/delorenzoglobal.com\/wp-content\/uploads\/2024\/04\/DL-CNSPLI-KT.png","type":"image\/png"}],"twitter_card":"summary_large_image","twitter_misc":{"Dur\u00e9e de lecture estim\u00e9e":"1 minute"},"schema":{"@context":"https:\/\/schema.org","@graph":[{"@type":"WebPage","@id":"https:\/\/delorenzoglobal.com\/fr\/produit\/systeme-didactique-pour-letude-et-la-formation-en-refrigeration-et-climatisation-a-cycle-inverse\/","url":"https:\/\/delorenzoglobal.com\/fr\/produit\/systeme-didactique-pour-letude-et-la-formation-en-refrigeration-et-climatisation-a-cycle-inverse\/","name":"SYST\u00c8ME DIDACTIQUE POUR L'\u00c9TUDE ET LA FORMATION EN R\u00c9FRIG\u00c9RATION ET CLIMATISATION \u00c0 CYCLE INVERS\u00c9 - De Lorenzo Training &amp; Didactical Equipment","isPartOf":{"@id":"https:\/\/delorenzoglobal.com\/fr\/#website"},"primaryImageOfPage":{"@id":"https:\/\/delorenzoglobal.com\/fr\/produit\/systeme-didactique-pour-letude-et-la-formation-en-refrigeration-et-climatisation-a-cycle-inverse\/#primaryimage"},"image":{"@id":"https:\/\/delorenzoglobal.com\/fr\/produit\/systeme-didactique-pour-letude-et-la-formation-en-refrigeration-et-climatisation-a-cycle-inverse\/#primaryimage"},"thumbnailUrl":"https:\/\/delorenzoglobal.com\/wp-content\/uploads\/2024\/04\/DL-CNSPLI-KT.png","datePublished":"2024-04-18T07:27:14+00:00","dateModified":"2025-04-29T13:49:29+00:00","breadcrumb":{"@id":"https:\/\/delorenzoglobal.com\/fr\/produit\/systeme-didactique-pour-letude-et-la-formation-en-refrigeration-et-climatisation-a-cycle-inverse\/#breadcrumb"},"inLanguage":"fr-FR","potentialAction":[{"@type":"ReadAction","target":["https:\/\/delorenzoglobal.com\/fr\/produit\/systeme-didactique-pour-letude-et-la-formation-en-refrigeration-et-climatisation-a-cycle-inverse\/"]}]},{"@type":"ImageObject","inLanguage":"fr-FR","@id":"https:\/\/delorenzoglobal.com\/fr\/produit\/systeme-didactique-pour-letude-et-la-formation-en-refrigeration-et-climatisation-a-cycle-inverse\/#primaryimage","url":"https:\/\/delorenzoglobal.com\/wp-content\/uploads\/2024\/04\/DL-CNSPLI-KT.png","contentUrl":"https:\/\/delorenzoglobal.com\/wp-content\/uploads\/2024\/04\/DL-CNSPLI-KT.png","width":356,"height":398},{"@type":"BreadcrumbList","@id":"https:\/\/delorenzoglobal.com\/fr\/produit\/systeme-didactique-pour-letude-et-la-formation-en-refrigeration-et-climatisation-a-cycle-inverse\/#breadcrumb","itemListElement":[{"@type":"ListItem","position":1,"name":"Home","item":"https:\/\/delorenzoglobal.com\/fr\/"},{"@type":"ListItem","position":2,"name":"Boutique","item":"https:\/\/delorenzoglobal.com\/fr\/boutique\/"},{"@type":"ListItem","position":3,"name":"SYST\u00c8ME DIDACTIQUE POUR L&#8217;\u00c9TUDE ET LA FORMATION EN R\u00c9FRIG\u00c9RATION ET CLIMATISATION \u00c0 CYCLE INVERS\u00c9"}]},{"@type":"WebSite","@id":"https:\/\/delorenzoglobal.com\/fr\/#website","url":"https:\/\/delorenzoglobal.com\/fr\/","name":"De Lorenzo Training &amp; Didactical Equipment","description":"","potentialAction":[{"@type":"SearchAction","target":{"@type":"EntryPoint","urlTemplate":"https:\/\/delorenzoglobal.com\/fr\/?s={search_term_string}"},"query-input":{"@type":"PropertyValueSpecification","valueRequired":true,"valueName":"search_term_string"}}],"inLanguage":"fr-FR"}]}},"_links":{"self":[{"href":"https:\/\/delorenzoglobal.com\/fr\/wp-json\/wp\/v2\/product\/10029","targetHints":{"allow":["GET"]}}],"collection":[{"href":"https:\/\/delorenzoglobal.com\/fr\/wp-json\/wp\/v2\/product"}],"about":[{"href":"https:\/\/delorenzoglobal.com\/fr\/wp-json\/wp\/v2\/types\/product"}],"wp:featuredmedia":[{"embeddable":true,"href":"https:\/\/delorenzoglobal.com\/fr\/wp-json\/wp\/v2\/media\/10012"}],"wp:attachment":[{"href":"https:\/\/delorenzoglobal.com\/fr\/wp-json\/wp\/v2\/media?parent=10029"}],"wp:term":[{"taxonomy":"product_brand","embeddable":true,"href":"https:\/\/delorenzoglobal.com\/fr\/wp-json\/wp\/v2\/product_brand?post=10029"},{"taxonomy":"product_cat","embeddable":true,"href":"https:\/\/delorenzoglobal.com\/fr\/wp-json\/wp\/v2\/product_cat?post=10029"},{"taxonomy":"product_tag","embeddable":true,"href":"https:\/\/delorenzoglobal.com\/fr\/wp-json\/wp\/v2\/product_tag?post=10029"}],"curies":[{"name":"wp","href":"https:\/\/api.w.org\/{rel}","templated":true}]}}