{"id":9869,"date":"2024-04-18T09:03:07","date_gmt":"2024-04-18T07:03:07","guid":{"rendered":"https:\/\/delorenzoglobal.com\/?post_type=product&#038;p=9869"},"modified":"2024-05-16T09:19:18","modified_gmt":"2024-05-16T07:19:18","slug":"sistema-de-acondicionamiento-por-bomba-de-calor","status":"publish","type":"product","link":"https:\/\/delorenzoglobal.com\/es\/producto\/sistema-de-acondicionamiento-por-bomba-de-calor\/","title":{"rendered":"SISTEMA DE ACONDICIONAMIENTO POR BOMBA DE CALOR"},"content":{"rendered":"<p>El simulador permite el estudio, la experimentaci\u00f3n y la b\u00fasqueda de aver\u00edas correspondientes a la siguiente instalaci\u00f3n:<\/p>\n<ul>\n<li>Un condicionador de aire fijo, tipo split, de bomba de calor aire\u2010aire, para el enfriamiento y el calentamiento ambiental.<\/li>\n<\/ul>\n<p>Esta instalaci\u00f3n est\u00e1 reproducida sobre el panel, a trav\u00e9s de sin\u00f3pticos de colores que permiten un an\u00e1lisis completo del circuito hidr\u00e1ulico, de sus componentes y del circuito el\u00e9ctrico \/ electr\u00f3nico de control y regularizaci\u00f3n.<\/p>\n","protected":false},"excerpt":{"rendered":"<p>El simulador permite el estudio, la experimentaci\u00f3n y la b\u00fasqueda de aver\u00edas correspondientes a la siguiente instalaci\u00f3n: Un condicionador de aire fijo, tipo split, de bomba de calor aire\u2010aire, para el enfriamiento y el calentamiento ambiental. Esta instalaci\u00f3n est\u00e1 reproducida sobre el panel, a trav\u00e9s de sin\u00f3pticos de colores que permiten un an\u00e1lisis completo del [&hellip;]<\/p>\n","protected":false},"featured_media":16747,"template":"","meta":{"_acf_changed":false},"product_brand":[],"product_cat":[396],"product_tag":[],"class_list":{"0":"post-9869","1":"product","2":"type-product","3":"status-publish","4":"has-post-thumbnail","6":"product_cat-aire-acondicionado","8":"first","9":"instock","10":"shipping-taxable","11":"product-type-simple"},"acf":[],"yoast_head":"<!-- This site is optimized with the Yoast SEO plugin v27.0 - https:\/\/yoast.com\/product\/yoast-seo-wordpress\/ -->\n<title>SISTEMA DE ACONDICIONAMIENTO POR BOMBA DE CALOR - De Lorenzo Training &amp; Didactical Equipment<\/title>\n<meta name=\"robots\" content=\"index, follow, max-snippet:-1, max-image-preview:large, max-video-preview:-1\" \/>\n<link rel=\"canonical\" href=\"https:\/\/delorenzoglobal.com\/es\/producto\/sistema-de-acondicionamiento-por-bomba-de-calor\/\" \/>\n<meta property=\"og:locale\" content=\"es_ES\" \/>\n<meta property=\"og:type\" content=\"article\" \/>\n<meta property=\"og:title\" content=\"SISTEMA DE ACONDICIONAMIENTO POR BOMBA DE CALOR - De Lorenzo Training &amp; Didactical Equipment\" \/>\n<meta property=\"og:description\" content=\"El simulador permite el estudio, la experimentaci\u00f3n y la b\u00fasqueda de aver\u00edas correspondientes a la siguiente instalaci\u00f3n: Un condicionador de aire fijo, tipo split, de bomba de calor aire\u2010aire, para el enfriamiento y el calentamiento ambiental. Esta instalaci\u00f3n est\u00e1 reproducida sobre el panel, a trav\u00e9s de sin\u00f3pticos de colores que permiten un an\u00e1lisis completo del [&hellip;]\" \/>\n<meta property=\"og:url\" content=\"https:\/\/delorenzoglobal.com\/es\/producto\/sistema-de-acondicionamiento-por-bomba-de-calor\/\" \/>\n<meta property=\"og:site_name\" content=\"De Lorenzo Training &amp; Didactical Equipment\" \/>\n<meta property=\"article:modified_time\" content=\"2024-05-16T07:19:18+00:00\" \/>\n<meta property=\"og:image\" content=\"https:\/\/delorenzoglobal.com\/wp-content\/uploads\/2024\/04\/DL-TM08-xs-scaled.jpg\" \/>\n\t<meta property=\"og:image:width\" content=\"2560\" \/>\n\t<meta property=\"og:image:height\" content=\"1690\" \/>\n\t<meta property=\"og:image:type\" content=\"image\/jpeg\" \/>\n<meta name=\"twitter:card\" content=\"summary_large_image\" \/>\n<meta name=\"twitter:label1\" content=\"Tiempo de lectura\" \/>\n\t<meta name=\"twitter:data1\" content=\"1 minuto\" \/>\n<script type=\"application\/ld+json\" class=\"yoast-schema-graph\">{\"@context\":\"https:\/\/schema.org\",\"@graph\":[{\"@type\":\"WebPage\",\"@id\":\"https:\/\/delorenzoglobal.com\/es\/producto\/sistema-de-acondicionamiento-por-bomba-de-calor\/\",\"url\":\"https:\/\/delorenzoglobal.com\/es\/producto\/sistema-de-acondicionamiento-por-bomba-de-calor\/\",\"name\":\"SISTEMA DE ACONDICIONAMIENTO POR BOMBA DE CALOR - De Lorenzo Training &amp; Didactical Equipment\",\"isPartOf\":{\"@id\":\"https:\/\/delorenzoglobal.com\/es\/#website\"},\"primaryImageOfPage\":{\"@id\":\"https:\/\/delorenzoglobal.com\/es\/producto\/sistema-de-acondicionamiento-por-bomba-de-calor\/#primaryimage\"},\"image\":{\"@id\":\"https:\/\/delorenzoglobal.com\/es\/producto\/sistema-de-acondicionamiento-por-bomba-de-calor\/#primaryimage\"},\"thumbnailUrl\":\"https:\/\/delorenzoglobal.com\/wp-content\/uploads\/2024\/04\/DL-TM08-xs-scaled.jpg\",\"datePublished\":\"2024-04-18T07:03:07+00:00\",\"dateModified\":\"2024-05-16T07:19:18+00:00\",\"breadcrumb\":{\"@id\":\"https:\/\/delorenzoglobal.com\/es\/producto\/sistema-de-acondicionamiento-por-bomba-de-calor\/#breadcrumb\"},\"inLanguage\":\"es\",\"potentialAction\":[{\"@type\":\"ReadAction\",\"target\":[\"https:\/\/delorenzoglobal.com\/es\/producto\/sistema-de-acondicionamiento-por-bomba-de-calor\/\"]}]},{\"@type\":\"ImageObject\",\"inLanguage\":\"es\",\"@id\":\"https:\/\/delorenzoglobal.com\/es\/producto\/sistema-de-acondicionamiento-por-bomba-de-calor\/#primaryimage\",\"url\":\"https:\/\/delorenzoglobal.com\/wp-content\/uploads\/2024\/04\/DL-TM08-xs-scaled.jpg\",\"contentUrl\":\"https:\/\/delorenzoglobal.com\/wp-content\/uploads\/2024\/04\/DL-TM08-xs-scaled.jpg\",\"width\":2560,\"height\":1690},{\"@type\":\"BreadcrumbList\",\"@id\":\"https:\/\/delorenzoglobal.com\/es\/producto\/sistema-de-acondicionamiento-por-bomba-de-calor\/#breadcrumb\",\"itemListElement\":[{\"@type\":\"ListItem\",\"position\":1,\"name\":\"Home\",\"item\":\"https:\/\/delorenzoglobal.com\/es\/\"},{\"@type\":\"ListItem\",\"position\":2,\"name\":\"Tienda\",\"item\":\"https:\/\/delorenzoglobal.com\/es\/tienda\/\"},{\"@type\":\"ListItem\",\"position\":3,\"name\":\"SISTEMA DE ACONDICIONAMIENTO POR BOMBA DE CALOR\"}]},{\"@type\":\"WebSite\",\"@id\":\"https:\/\/delorenzoglobal.com\/es\/#website\",\"url\":\"https:\/\/delorenzoglobal.com\/es\/\",\"name\":\"De Lorenzo Training &amp; Didactical Equipment\",\"description\":\"\",\"potentialAction\":[{\"@type\":\"SearchAction\",\"target\":{\"@type\":\"EntryPoint\",\"urlTemplate\":\"https:\/\/delorenzoglobal.com\/es\/?s={search_term_string}\"},\"query-input\":{\"@type\":\"PropertyValueSpecification\",\"valueRequired\":true,\"valueName\":\"search_term_string\"}}],\"inLanguage\":\"es\"}]}<\/script>\n<!-- \/ Yoast SEO plugin. -->","yoast_head_json":{"title":"SISTEMA DE ACONDICIONAMIENTO POR BOMBA DE CALOR - De Lorenzo Training &amp; Didactical Equipment","robots":{"index":"index","follow":"follow","max-snippet":"max-snippet:-1","max-image-preview":"max-image-preview:large","max-video-preview":"max-video-preview:-1"},"canonical":"https:\/\/delorenzoglobal.com\/es\/producto\/sistema-de-acondicionamiento-por-bomba-de-calor\/","og_locale":"es_ES","og_type":"article","og_title":"SISTEMA DE ACONDICIONAMIENTO POR BOMBA DE CALOR - De Lorenzo Training &amp; Didactical Equipment","og_description":"El simulador permite el estudio, la experimentaci\u00f3n y la b\u00fasqueda de aver\u00edas correspondientes a la siguiente instalaci\u00f3n: Un condicionador de aire fijo, tipo split, de bomba de calor aire\u2010aire, para el enfriamiento y el calentamiento ambiental. Esta instalaci\u00f3n est\u00e1 reproducida sobre el panel, a trav\u00e9s de sin\u00f3pticos de colores que permiten un an\u00e1lisis completo del [&hellip;]","og_url":"https:\/\/delorenzoglobal.com\/es\/producto\/sistema-de-acondicionamiento-por-bomba-de-calor\/","og_site_name":"De Lorenzo Training &amp; Didactical Equipment","article_modified_time":"2024-05-16T07:19:18+00:00","og_image":[{"width":2560,"height":1690,"url":"https:\/\/delorenzoglobal.com\/wp-content\/uploads\/2024\/04\/DL-TM08-xs-scaled.jpg","type":"image\/jpeg"}],"twitter_card":"summary_large_image","twitter_misc":{"Tiempo de lectura":"1 minuto"},"schema":{"@context":"https:\/\/schema.org","@graph":[{"@type":"WebPage","@id":"https:\/\/delorenzoglobal.com\/es\/producto\/sistema-de-acondicionamiento-por-bomba-de-calor\/","url":"https:\/\/delorenzoglobal.com\/es\/producto\/sistema-de-acondicionamiento-por-bomba-de-calor\/","name":"SISTEMA DE ACONDICIONAMIENTO POR BOMBA DE CALOR - De Lorenzo Training &amp; Didactical Equipment","isPartOf":{"@id":"https:\/\/delorenzoglobal.com\/es\/#website"},"primaryImageOfPage":{"@id":"https:\/\/delorenzoglobal.com\/es\/producto\/sistema-de-acondicionamiento-por-bomba-de-calor\/#primaryimage"},"image":{"@id":"https:\/\/delorenzoglobal.com\/es\/producto\/sistema-de-acondicionamiento-por-bomba-de-calor\/#primaryimage"},"thumbnailUrl":"https:\/\/delorenzoglobal.com\/wp-content\/uploads\/2024\/04\/DL-TM08-xs-scaled.jpg","datePublished":"2024-04-18T07:03:07+00:00","dateModified":"2024-05-16T07:19:18+00:00","breadcrumb":{"@id":"https:\/\/delorenzoglobal.com\/es\/producto\/sistema-de-acondicionamiento-por-bomba-de-calor\/#breadcrumb"},"inLanguage":"es","potentialAction":[{"@type":"ReadAction","target":["https:\/\/delorenzoglobal.com\/es\/producto\/sistema-de-acondicionamiento-por-bomba-de-calor\/"]}]},{"@type":"ImageObject","inLanguage":"es","@id":"https:\/\/delorenzoglobal.com\/es\/producto\/sistema-de-acondicionamiento-por-bomba-de-calor\/#primaryimage","url":"https:\/\/delorenzoglobal.com\/wp-content\/uploads\/2024\/04\/DL-TM08-xs-scaled.jpg","contentUrl":"https:\/\/delorenzoglobal.com\/wp-content\/uploads\/2024\/04\/DL-TM08-xs-scaled.jpg","width":2560,"height":1690},{"@type":"BreadcrumbList","@id":"https:\/\/delorenzoglobal.com\/es\/producto\/sistema-de-acondicionamiento-por-bomba-de-calor\/#breadcrumb","itemListElement":[{"@type":"ListItem","position":1,"name":"Home","item":"https:\/\/delorenzoglobal.com\/es\/"},{"@type":"ListItem","position":2,"name":"Tienda","item":"https:\/\/delorenzoglobal.com\/es\/tienda\/"},{"@type":"ListItem","position":3,"name":"SISTEMA DE ACONDICIONAMIENTO POR BOMBA DE CALOR"}]},{"@type":"WebSite","@id":"https:\/\/delorenzoglobal.com\/es\/#website","url":"https:\/\/delorenzoglobal.com\/es\/","name":"De Lorenzo Training &amp; Didactical Equipment","description":"","potentialAction":[{"@type":"SearchAction","target":{"@type":"EntryPoint","urlTemplate":"https:\/\/delorenzoglobal.com\/es\/?s={search_term_string}"},"query-input":{"@type":"PropertyValueSpecification","valueRequired":true,"valueName":"search_term_string"}}],"inLanguage":"es"}]}},"_links":{"self":[{"href":"https:\/\/delorenzoglobal.com\/es\/wp-json\/wp\/v2\/product\/9869","targetHints":{"allow":["GET"]}}],"collection":[{"href":"https:\/\/delorenzoglobal.com\/es\/wp-json\/wp\/v2\/product"}],"about":[{"href":"https:\/\/delorenzoglobal.com\/es\/wp-json\/wp\/v2\/types\/product"}],"wp:featuredmedia":[{"embeddable":true,"href":"https:\/\/delorenzoglobal.com\/es\/wp-json\/wp\/v2\/media\/16747"}],"wp:attachment":[{"href":"https:\/\/delorenzoglobal.com\/es\/wp-json\/wp\/v2\/media?parent=9869"}],"wp:term":[{"taxonomy":"product_brand","embeddable":true,"href":"https:\/\/delorenzoglobal.com\/es\/wp-json\/wp\/v2\/product_brand?post=9869"},{"taxonomy":"product_cat","embeddable":true,"href":"https:\/\/delorenzoglobal.com\/es\/wp-json\/wp\/v2\/product_cat?post=9869"},{"taxonomy":"product_tag","embeddable":true,"href":"https:\/\/delorenzoglobal.com\/es\/wp-json\/wp\/v2\/product_tag?post=9869"}],"curies":[{"name":"wp","href":"https:\/\/api.w.org\/{rel}","templated":true}]}}