{"id":970,"date":"2024-04-08T16:38:16","date_gmt":"2024-04-08T14:38:16","guid":{"rendered":"https:\/\/delorenzoglobal.com\/?post_type=product&#038;p=970"},"modified":"2026-05-06T09:43:43","modified_gmt":"2026-05-06T07:43:43","slug":"entrenador-de-manufactura-integrada-por-computadora-plc-siemens-hmi-10inch-software-scada","status":"publish","type":"product","link":"https:\/\/delorenzoglobal.com\/es\/producto\/entrenador-de-manufactura-integrada-por-computadora-plc-siemens-hmi-10inch-software-scada\/","title":{"rendered":"ENTRENADOR DE MANUFACTURA INTEGRADA POR COMPUTADORA &#8211; PLC SIEMENS, HMI (10INCH), SOFTWARE SCADA"},"content":{"rendered":"<p>CIM (Manufactura Integrada por Computadora) es un m\u00e9todo de fabricaci\u00f3n, en el que todo el proceso de producci\u00f3n est\u00e1 controlado por computadora.<\/p>\n<p>Este m\u00e9todo de fabricaci\u00f3n incluye aplicaciones transversales en varias \u00e1reas did\u00e1cticas como automatizaci\u00f3n, neum\u00e1tica, electr\u00f3nica, mecatr\u00f3nica y control de procesos.<\/p>\n<p>De Lorenzo ha desarrollado sistemas de entrenamiento basados en estaciones, que permiten al estudiante ver un proceso de fabricaci\u00f3n<br \/>\nespec\u00edfico de una l\u00ednea de producci\u00f3n industrial.<\/p>\n<p>El entrenador es un sistema de control de lazo cerrado basado en PLC que intercambia informaci\u00f3n recopilada de sensores.<\/p>\n<p>La versi\u00f3n DL CIM-A integra las unidades Banda Transportadora, Transferencia lineal y Pick and Place.<\/p>\n<p>Tambi\u00e9n est\u00e1 disponible una tercera versi\u00f3n que a\u00f1ade HMI y un software SCADA al DL CIM-A con PLC Siemens:<\/p>\n<ul>\n<li>\u00a0DL CIM-AS_7INCH con HMI de 7 pulgadas<\/li>\n<li>\u00a0DL CIM-AS_10INCH con HMI de 10 pulgadas<\/li>\n<\/ul>\n","protected":false},"excerpt":{"rendered":"<p>CIM (Manufactura Integrada por Computadora) es un m\u00e9todo de fabricaci\u00f3n, en el que todo el proceso de producci\u00f3n est\u00e1 controlado por computadora. Este m\u00e9todo de fabricaci\u00f3n incluye aplicaciones transversales en varias \u00e1reas did\u00e1cticas como automatizaci\u00f3n, neum\u00e1tica, electr\u00f3nica, mecatr\u00f3nica y control de procesos. De Lorenzo ha desarrollado sistemas de entrenamiento basados en estaciones, que permiten al [&hellip;]<\/p>\n","protected":false},"featured_media":72183,"template":"","meta":{"_acf_changed":false},"product_brand":[],"product_cat":[155],"product_tag":[],"class_list":{"0":"post-970","1":"product","2":"type-product","3":"status-publish","4":"has-post-thumbnail","6":"product_cat-aplicaciones-industriales","8":"first","9":"instock","10":"shipping-taxable","11":"product-type-simple"},"acf":[],"yoast_head":"<!-- This site is optimized with the Yoast SEO plugin v27.4 - https:\/\/yoast.com\/product\/yoast-seo-wordpress\/ -->\n<title>ENTRENADOR DE MANUFACTURA INTEGRADA POR COMPUTADORA - PLC SIEMENS, HMI (10INCH), SOFTWARE SCADA - De Lorenzo Training &amp; Didactical Equipment<\/title>\n<meta name=\"description\" content=\"DL CIM\u2011AT es un sistema CIM para formaci\u00f3n en automatizaci\u00f3n industrial, con cintas transportadoras, Pick &amp; Place y regletero abierto, dise\u00f1ado para la conexi\u00f3n de controladores externos.\" \/>\n<meta name=\"robots\" content=\"index, follow, max-snippet:-1, max-image-preview:large, max-video-preview:-1\" \/>\n<link rel=\"canonical\" href=\"https:\/\/delorenzoglobal.com\/es\/producto\/entrenador-de-manufactura-integrada-por-computadora-plc-siemens-hmi-10inch-software-scada\/\" \/>\n<meta property=\"og:locale\" content=\"es_ES\" \/>\n<meta property=\"og:type\" content=\"article\" \/>\n<meta property=\"og:title\" content=\"ENTRENADOR DE MANUFACTURA INTEGRADA POR COMPUTADORA - PLC SIEMENS, HMI (10INCH), SOFTWARE SCADA - De Lorenzo Training &amp; Didactical Equipment\" \/>\n<meta property=\"og:description\" content=\"DL CIM\u2011AT es un sistema CIM para formaci\u00f3n en automatizaci\u00f3n industrial, con cintas transportadoras, Pick &amp; Place y regletero abierto, dise\u00f1ado para la conexi\u00f3n de controladores externos.\" \/>\n<meta property=\"og:url\" content=\"https:\/\/delorenzoglobal.com\/es\/producto\/entrenador-de-manufactura-integrada-por-computadora-plc-siemens-hmi-10inch-software-scada\/\" \/>\n<meta property=\"og:site_name\" content=\"De Lorenzo Training &amp; Didactical Equipment\" \/>\n<meta property=\"article:modified_time\" content=\"2026-05-06T07:43:43+00:00\" \/>\n<meta property=\"og:image\" content=\"https:\/\/delorenzoglobal.com\/wp-content\/uploads\/2024\/04\/DL-CIM-A_1200-scaled.jpg\" \/>\n\t<meta property=\"og:image:width\" content=\"2560\" \/>\n\t<meta property=\"og:image:height\" content=\"1677\" \/>\n\t<meta property=\"og:image:type\" content=\"image\/jpeg\" \/>\n<meta name=\"twitter:card\" content=\"summary_large_image\" \/>\n<meta name=\"twitter:label1\" content=\"Tiempo de lectura\" \/>\n\t<meta name=\"twitter:data1\" content=\"1 minuto\" \/>\n<script type=\"application\/ld+json\" class=\"yoast-schema-graph\">{\"@context\":\"https:\\\/\\\/schema.org\",\"@graph\":[{\"@type\":\"WebPage\",\"@id\":\"https:\\\/\\\/delorenzoglobal.com\\\/es\\\/producto\\\/entrenador-de-manufactura-integrada-por-computadora-plc-siemens-hmi-10inch-software-scada\\\/\",\"url\":\"https:\\\/\\\/delorenzoglobal.com\\\/es\\\/producto\\\/entrenador-de-manufactura-integrada-por-computadora-plc-siemens-hmi-10inch-software-scada\\\/\",\"name\":\"ENTRENADOR DE MANUFACTURA INTEGRADA POR COMPUTADORA - PLC SIEMENS, HMI (10INCH), SOFTWARE SCADA - De Lorenzo Training &amp; Didactical Equipment\",\"isPartOf\":{\"@id\":\"https:\\\/\\\/delorenzoglobal.com\\\/es\\\/#website\"},\"primaryImageOfPage\":{\"@id\":\"https:\\\/\\\/delorenzoglobal.com\\\/es\\\/producto\\\/entrenador-de-manufactura-integrada-por-computadora-plc-siemens-hmi-10inch-software-scada\\\/#primaryimage\"},\"image\":{\"@id\":\"https:\\\/\\\/delorenzoglobal.com\\\/es\\\/producto\\\/entrenador-de-manufactura-integrada-por-computadora-plc-siemens-hmi-10inch-software-scada\\\/#primaryimage\"},\"thumbnailUrl\":\"https:\\\/\\\/delorenzoglobal.com\\\/wp-content\\\/uploads\\\/2024\\\/04\\\/DL-CIM-A_1200-scaled.jpg\",\"datePublished\":\"2024-04-08T14:38:16+00:00\",\"dateModified\":\"2026-05-06T07:43:43+00:00\",\"description\":\"DL CIM\u2011AT es un sistema CIM para formaci\u00f3n en automatizaci\u00f3n industrial, con cintas transportadoras, Pick & Place y regletero abierto, dise\u00f1ado para la conexi\u00f3n de controladores externos.\",\"breadcrumb\":{\"@id\":\"https:\\\/\\\/delorenzoglobal.com\\\/es\\\/producto\\\/entrenador-de-manufactura-integrada-por-computadora-plc-siemens-hmi-10inch-software-scada\\\/#breadcrumb\"},\"inLanguage\":\"es\",\"potentialAction\":[{\"@type\":\"ReadAction\",\"target\":[\"https:\\\/\\\/delorenzoglobal.com\\\/es\\\/producto\\\/entrenador-de-manufactura-integrada-por-computadora-plc-siemens-hmi-10inch-software-scada\\\/\"]}]},{\"@type\":\"ImageObject\",\"inLanguage\":\"es\",\"@id\":\"https:\\\/\\\/delorenzoglobal.com\\\/es\\\/producto\\\/entrenador-de-manufactura-integrada-por-computadora-plc-siemens-hmi-10inch-software-scada\\\/#primaryimage\",\"url\":\"https:\\\/\\\/delorenzoglobal.com\\\/wp-content\\\/uploads\\\/2024\\\/04\\\/DL-CIM-A_1200-scaled.jpg\",\"contentUrl\":\"https:\\\/\\\/delorenzoglobal.com\\\/wp-content\\\/uploads\\\/2024\\\/04\\\/DL-CIM-A_1200-scaled.jpg\",\"width\":2560,\"height\":1677},{\"@type\":\"BreadcrumbList\",\"@id\":\"https:\\\/\\\/delorenzoglobal.com\\\/es\\\/producto\\\/entrenador-de-manufactura-integrada-por-computadora-plc-siemens-hmi-10inch-software-scada\\\/#breadcrumb\",\"itemListElement\":[{\"@type\":\"ListItem\",\"position\":1,\"name\":\"Home\",\"item\":\"https:\\\/\\\/delorenzoglobal.com\\\/es\\\/\"},{\"@type\":\"ListItem\",\"position\":2,\"name\":\"Tienda\",\"item\":\"https:\\\/\\\/delorenzoglobal.com\\\/es\\\/tienda\\\/\"},{\"@type\":\"ListItem\",\"position\":3,\"name\":\"ENTRENADOR DE MANUFACTURA INTEGRADA POR COMPUTADORA &#8211; PLC SIEMENS, HMI (10INCH), SOFTWARE SCADA\"}]},{\"@type\":\"WebSite\",\"@id\":\"https:\\\/\\\/delorenzoglobal.com\\\/es\\\/#website\",\"url\":\"https:\\\/\\\/delorenzoglobal.com\\\/es\\\/\",\"name\":\"De Lorenzo Training &amp; Didactical Equipment\",\"description\":\"\",\"potentialAction\":[{\"@type\":\"SearchAction\",\"target\":{\"@type\":\"EntryPoint\",\"urlTemplate\":\"https:\\\/\\\/delorenzoglobal.com\\\/es\\\/?s={search_term_string}\"},\"query-input\":{\"@type\":\"PropertyValueSpecification\",\"valueRequired\":true,\"valueName\":\"search_term_string\"}}],\"inLanguage\":\"es\"}]}<\/script>\n<!-- \/ Yoast SEO plugin. -->","yoast_head_json":{"title":"ENTRENADOR DE MANUFACTURA INTEGRADA POR COMPUTADORA - PLC SIEMENS, HMI (10INCH), SOFTWARE SCADA - De Lorenzo Training &amp; Didactical Equipment","description":"DL CIM\u2011AT es un sistema CIM para formaci\u00f3n en automatizaci\u00f3n industrial, con cintas transportadoras, Pick & Place y regletero abierto, dise\u00f1ado para la conexi\u00f3n de controladores externos.","robots":{"index":"index","follow":"follow","max-snippet":"max-snippet:-1","max-image-preview":"max-image-preview:large","max-video-preview":"max-video-preview:-1"},"canonical":"https:\/\/delorenzoglobal.com\/es\/producto\/entrenador-de-manufactura-integrada-por-computadora-plc-siemens-hmi-10inch-software-scada\/","og_locale":"es_ES","og_type":"article","og_title":"ENTRENADOR DE MANUFACTURA INTEGRADA POR COMPUTADORA - PLC SIEMENS, HMI (10INCH), SOFTWARE SCADA - De Lorenzo Training &amp; Didactical Equipment","og_description":"DL CIM\u2011AT es un sistema CIM para formaci\u00f3n en automatizaci\u00f3n industrial, con cintas transportadoras, Pick & Place y regletero abierto, dise\u00f1ado para la conexi\u00f3n de controladores externos.","og_url":"https:\/\/delorenzoglobal.com\/es\/producto\/entrenador-de-manufactura-integrada-por-computadora-plc-siemens-hmi-10inch-software-scada\/","og_site_name":"De Lorenzo Training &amp; Didactical Equipment","article_modified_time":"2026-05-06T07:43:43+00:00","og_image":[{"width":2560,"height":1677,"url":"https:\/\/delorenzoglobal.com\/wp-content\/uploads\/2024\/04\/DL-CIM-A_1200-scaled.jpg","type":"image\/jpeg"}],"twitter_card":"summary_large_image","twitter_misc":{"Tiempo de lectura":"1 minuto"},"schema":{"@context":"https:\/\/schema.org","@graph":[{"@type":"WebPage","@id":"https:\/\/delorenzoglobal.com\/es\/producto\/entrenador-de-manufactura-integrada-por-computadora-plc-siemens-hmi-10inch-software-scada\/","url":"https:\/\/delorenzoglobal.com\/es\/producto\/entrenador-de-manufactura-integrada-por-computadora-plc-siemens-hmi-10inch-software-scada\/","name":"ENTRENADOR DE MANUFACTURA INTEGRADA POR COMPUTADORA - PLC SIEMENS, HMI (10INCH), SOFTWARE SCADA - De Lorenzo Training &amp; Didactical Equipment","isPartOf":{"@id":"https:\/\/delorenzoglobal.com\/es\/#website"},"primaryImageOfPage":{"@id":"https:\/\/delorenzoglobal.com\/es\/producto\/entrenador-de-manufactura-integrada-por-computadora-plc-siemens-hmi-10inch-software-scada\/#primaryimage"},"image":{"@id":"https:\/\/delorenzoglobal.com\/es\/producto\/entrenador-de-manufactura-integrada-por-computadora-plc-siemens-hmi-10inch-software-scada\/#primaryimage"},"thumbnailUrl":"https:\/\/delorenzoglobal.com\/wp-content\/uploads\/2024\/04\/DL-CIM-A_1200-scaled.jpg","datePublished":"2024-04-08T14:38:16+00:00","dateModified":"2026-05-06T07:43:43+00:00","description":"DL CIM\u2011AT es un sistema CIM para formaci\u00f3n en automatizaci\u00f3n industrial, con cintas transportadoras, Pick & Place y regletero abierto, dise\u00f1ado para la conexi\u00f3n de controladores externos.","breadcrumb":{"@id":"https:\/\/delorenzoglobal.com\/es\/producto\/entrenador-de-manufactura-integrada-por-computadora-plc-siemens-hmi-10inch-software-scada\/#breadcrumb"},"inLanguage":"es","potentialAction":[{"@type":"ReadAction","target":["https:\/\/delorenzoglobal.com\/es\/producto\/entrenador-de-manufactura-integrada-por-computadora-plc-siemens-hmi-10inch-software-scada\/"]}]},{"@type":"ImageObject","inLanguage":"es","@id":"https:\/\/delorenzoglobal.com\/es\/producto\/entrenador-de-manufactura-integrada-por-computadora-plc-siemens-hmi-10inch-software-scada\/#primaryimage","url":"https:\/\/delorenzoglobal.com\/wp-content\/uploads\/2024\/04\/DL-CIM-A_1200-scaled.jpg","contentUrl":"https:\/\/delorenzoglobal.com\/wp-content\/uploads\/2024\/04\/DL-CIM-A_1200-scaled.jpg","width":2560,"height":1677},{"@type":"BreadcrumbList","@id":"https:\/\/delorenzoglobal.com\/es\/producto\/entrenador-de-manufactura-integrada-por-computadora-plc-siemens-hmi-10inch-software-scada\/#breadcrumb","itemListElement":[{"@type":"ListItem","position":1,"name":"Home","item":"https:\/\/delorenzoglobal.com\/es\/"},{"@type":"ListItem","position":2,"name":"Tienda","item":"https:\/\/delorenzoglobal.com\/es\/tienda\/"},{"@type":"ListItem","position":3,"name":"ENTRENADOR DE MANUFACTURA INTEGRADA POR COMPUTADORA &#8211; PLC SIEMENS, HMI (10INCH), SOFTWARE SCADA"}]},{"@type":"WebSite","@id":"https:\/\/delorenzoglobal.com\/es\/#website","url":"https:\/\/delorenzoglobal.com\/es\/","name":"De Lorenzo Training &amp; Didactical Equipment","description":"","potentialAction":[{"@type":"SearchAction","target":{"@type":"EntryPoint","urlTemplate":"https:\/\/delorenzoglobal.com\/es\/?s={search_term_string}"},"query-input":{"@type":"PropertyValueSpecification","valueRequired":true,"valueName":"search_term_string"}}],"inLanguage":"es"}]}},"_links":{"self":[{"href":"https:\/\/delorenzoglobal.com\/es\/wp-json\/wp\/v2\/product\/970","targetHints":{"allow":["GET"]}}],"collection":[{"href":"https:\/\/delorenzoglobal.com\/es\/wp-json\/wp\/v2\/product"}],"about":[{"href":"https:\/\/delorenzoglobal.com\/es\/wp-json\/wp\/v2\/types\/product"}],"wp:featuredmedia":[{"embeddable":true,"href":"https:\/\/delorenzoglobal.com\/es\/wp-json\/wp\/v2\/media\/72183"}],"wp:attachment":[{"href":"https:\/\/delorenzoglobal.com\/es\/wp-json\/wp\/v2\/media?parent=970"}],"wp:term":[{"taxonomy":"product_brand","embeddable":true,"href":"https:\/\/delorenzoglobal.com\/es\/wp-json\/wp\/v2\/product_brand?post=970"},{"taxonomy":"product_cat","embeddable":true,"href":"https:\/\/delorenzoglobal.com\/es\/wp-json\/wp\/v2\/product_cat?post=970"},{"taxonomy":"product_tag","embeddable":true,"href":"https:\/\/delorenzoglobal.com\/es\/wp-json\/wp\/v2\/product_tag?post=970"}],"curies":[{"name":"wp","href":"https:\/\/api.w.org\/{rel}","templated":true}]}}