{"id":9493,"date":"2024-04-17T14:58:40","date_gmt":"2024-04-17T12:58:40","guid":{"rendered":"https:\/\/delorenzoglobal.com\/?post_type=product&#038;p=9493"},"modified":"2025-01-29T14:06:36","modified_gmt":"2025-01-29T13:06:36","slug":"control-de-emisiones-2","status":"publish","type":"product","link":"https:\/\/delorenzoglobal.com\/es\/producto\/control-de-emisiones-2\/","title":{"rendered":"CONTROL DE EMISIONES"},"content":{"rendered":"<p>Este simulador estudia los dispositivos y los sistemas utilizados para controlar y reducir las emisiones de los motores de gasolina.<\/p>\n<p>De hecho, la combusti\u00f3n del combustible dentro de los cilindros de un motor es incomleta.<\/p>\n<p>Cuanto m\u00e1s es incompleta, mayor es la emisi\u00f3n de los componentes nocivos que est\u00e1n presentes en los gases de escape del motor.<\/p>\n<p>Este entrenador se suministra con un motor el\u00e9ctrico, la rueda f\u00f3nica y el sensor magn\u00e9tico para la posici\u00f3n y velocidad de rotaci\u00f3n.<\/p>\n<p>El motor el\u00e9ctrico \u201csimula\u201d el funcionamiento del motor real (todas las operaciones se realizan a una velocidad de 10 veces menor que la real del motor: entre 80 y 600 rpm).<\/p>\n<p>Esto permite visualizar el LED de la operaci\u00f3n de los distintos dispositivos: buj\u00edas, inyectores, etc.<\/p>\n<p>En la pantalla LCD, se visualiza la velocidad real (rpm de 800 a 6000).<\/p>\n<p>Todas las se\u00f1ales (en LED y terminales) est\u00e1n sincronizadas con la rotaci\u00f3n de la rueda f\u00f3nica y esto hace \u201creal\u201d el funcionamiento del entrenador.<\/p>\n","protected":false},"excerpt":{"rendered":"<p>Este simulador estudia los dispositivos y los sistemas utilizados para controlar y reducir las emisiones de los motores de gasolina. De hecho, la combusti\u00f3n del combustible dentro de los cilindros de un motor es incomleta. Cuanto m\u00e1s es incompleta, mayor es la emisi\u00f3n de los componentes nocivos que est\u00e1n presentes en los gases de escape [&hellip;]<\/p>\n","protected":false},"featured_media":19553,"template":"","meta":{"_acf_changed":false},"product_brand":[],"product_cat":[375],"product_tag":[],"class_list":{"0":"post-9493","1":"product","2":"type-product","3":"status-publish","4":"has-post-thumbnail","6":"product_cat-control-de-emisiones","8":"first","9":"instock","10":"shipping-taxable","11":"product-type-simple"},"acf":[],"yoast_head":"<!-- This site is optimized with the Yoast SEO plugin v27.4 - https:\/\/yoast.com\/product\/yoast-seo-wordpress\/ -->\n<title>CONTROL DE EMISIONES - De Lorenzo Training &amp; Didactical Equipment<\/title>\n<meta name=\"robots\" content=\"index, follow, max-snippet:-1, max-image-preview:large, max-video-preview:-1\" \/>\n<link rel=\"canonical\" href=\"https:\/\/delorenzoglobal.com\/es\/producto\/control-de-emisiones-2\/\" \/>\n<meta property=\"og:locale\" content=\"es_ES\" \/>\n<meta property=\"og:type\" content=\"article\" \/>\n<meta property=\"og:title\" content=\"CONTROL DE EMISIONES - De Lorenzo Training &amp; Didactical Equipment\" \/>\n<meta property=\"og:description\" content=\"Este simulador estudia los dispositivos y los sistemas utilizados para controlar y reducir las emisiones de los motores de gasolina. De hecho, la combusti\u00f3n del combustible dentro de los cilindros de un motor es incomleta. Cuanto m\u00e1s es incompleta, mayor es la emisi\u00f3n de los componentes nocivos que est\u00e1n presentes en los gases de escape [&hellip;]\" \/>\n<meta property=\"og:url\" content=\"https:\/\/delorenzoglobal.com\/es\/producto\/control-de-emisiones-2\/\" \/>\n<meta property=\"og:site_name\" content=\"De Lorenzo Training &amp; Didactical Equipment\" \/>\n<meta property=\"article:modified_time\" content=\"2025-01-29T13:06:36+00:00\" \/>\n<meta property=\"og:image\" content=\"https:\/\/delorenzoglobal.com\/wp-content\/uploads\/2024\/04\/DL-MINICAR-05-xs-scaled.jpg\" \/>\n\t<meta property=\"og:image:width\" content=\"2560\" \/>\n\t<meta property=\"og:image:height\" content=\"1958\" \/>\n\t<meta property=\"og:image:type\" content=\"image\/jpeg\" \/>\n<meta name=\"twitter:card\" content=\"summary_large_image\" \/>\n<meta name=\"twitter:label1\" content=\"Tiempo de lectura\" \/>\n\t<meta name=\"twitter:data1\" content=\"2 minutos\" \/>\n<script type=\"application\/ld+json\" class=\"yoast-schema-graph\">{\"@context\":\"https:\\\/\\\/schema.org\",\"@graph\":[{\"@type\":\"WebPage\",\"@id\":\"https:\\\/\\\/delorenzoglobal.com\\\/es\\\/producto\\\/control-de-emisiones-2\\\/\",\"url\":\"https:\\\/\\\/delorenzoglobal.com\\\/es\\\/producto\\\/control-de-emisiones-2\\\/\",\"name\":\"CONTROL DE EMISIONES - De Lorenzo Training &amp; Didactical Equipment\",\"isPartOf\":{\"@id\":\"https:\\\/\\\/delorenzoglobal.com\\\/es\\\/#website\"},\"primaryImageOfPage\":{\"@id\":\"https:\\\/\\\/delorenzoglobal.com\\\/es\\\/producto\\\/control-de-emisiones-2\\\/#primaryimage\"},\"image\":{\"@id\":\"https:\\\/\\\/delorenzoglobal.com\\\/es\\\/producto\\\/control-de-emisiones-2\\\/#primaryimage\"},\"thumbnailUrl\":\"https:\\\/\\\/delorenzoglobal.com\\\/wp-content\\\/uploads\\\/2024\\\/04\\\/DL-MINICAR-05-xs-scaled.jpg\",\"datePublished\":\"2024-04-17T12:58:40+00:00\",\"dateModified\":\"2025-01-29T13:06:36+00:00\",\"breadcrumb\":{\"@id\":\"https:\\\/\\\/delorenzoglobal.com\\\/es\\\/producto\\\/control-de-emisiones-2\\\/#breadcrumb\"},\"inLanguage\":\"es\",\"potentialAction\":[{\"@type\":\"ReadAction\",\"target\":[\"https:\\\/\\\/delorenzoglobal.com\\\/es\\\/producto\\\/control-de-emisiones-2\\\/\"]}]},{\"@type\":\"ImageObject\",\"inLanguage\":\"es\",\"@id\":\"https:\\\/\\\/delorenzoglobal.com\\\/es\\\/producto\\\/control-de-emisiones-2\\\/#primaryimage\",\"url\":\"https:\\\/\\\/delorenzoglobal.com\\\/wp-content\\\/uploads\\\/2024\\\/04\\\/DL-MINICAR-05-xs-scaled.jpg\",\"contentUrl\":\"https:\\\/\\\/delorenzoglobal.com\\\/wp-content\\\/uploads\\\/2024\\\/04\\\/DL-MINICAR-05-xs-scaled.jpg\",\"width\":2560,\"height\":1958},{\"@type\":\"BreadcrumbList\",\"@id\":\"https:\\\/\\\/delorenzoglobal.com\\\/es\\\/producto\\\/control-de-emisiones-2\\\/#breadcrumb\",\"itemListElement\":[{\"@type\":\"ListItem\",\"position\":1,\"name\":\"Home\",\"item\":\"https:\\\/\\\/delorenzoglobal.com\\\/es\\\/\"},{\"@type\":\"ListItem\",\"position\":2,\"name\":\"Tienda\",\"item\":\"https:\\\/\\\/delorenzoglobal.com\\\/es\\\/tienda\\\/\"},{\"@type\":\"ListItem\",\"position\":3,\"name\":\"CONTROL DE EMISIONES\"}]},{\"@type\":\"WebSite\",\"@id\":\"https:\\\/\\\/delorenzoglobal.com\\\/es\\\/#website\",\"url\":\"https:\\\/\\\/delorenzoglobal.com\\\/es\\\/\",\"name\":\"De Lorenzo Training &amp; Didactical Equipment\",\"description\":\"\",\"potentialAction\":[{\"@type\":\"SearchAction\",\"target\":{\"@type\":\"EntryPoint\",\"urlTemplate\":\"https:\\\/\\\/delorenzoglobal.com\\\/es\\\/?s={search_term_string}\"},\"query-input\":{\"@type\":\"PropertyValueSpecification\",\"valueRequired\":true,\"valueName\":\"search_term_string\"}}],\"inLanguage\":\"es\"}]}<\/script>\n<!-- \/ Yoast SEO plugin. -->","yoast_head_json":{"title":"CONTROL DE EMISIONES - De Lorenzo Training &amp; Didactical Equipment","robots":{"index":"index","follow":"follow","max-snippet":"max-snippet:-1","max-image-preview":"max-image-preview:large","max-video-preview":"max-video-preview:-1"},"canonical":"https:\/\/delorenzoglobal.com\/es\/producto\/control-de-emisiones-2\/","og_locale":"es_ES","og_type":"article","og_title":"CONTROL DE EMISIONES - De Lorenzo Training &amp; Didactical Equipment","og_description":"Este simulador estudia los dispositivos y los sistemas utilizados para controlar y reducir las emisiones de los motores de gasolina. De hecho, la combusti\u00f3n del combustible dentro de los cilindros de un motor es incomleta. Cuanto m\u00e1s es incompleta, mayor es la emisi\u00f3n de los componentes nocivos que est\u00e1n presentes en los gases de escape [&hellip;]","og_url":"https:\/\/delorenzoglobal.com\/es\/producto\/control-de-emisiones-2\/","og_site_name":"De Lorenzo Training &amp; Didactical Equipment","article_modified_time":"2025-01-29T13:06:36+00:00","og_image":[{"width":2560,"height":1958,"url":"https:\/\/delorenzoglobal.com\/wp-content\/uploads\/2024\/04\/DL-MINICAR-05-xs-scaled.jpg","type":"image\/jpeg"}],"twitter_card":"summary_large_image","twitter_misc":{"Tiempo de lectura":"2 minutos"},"schema":{"@context":"https:\/\/schema.org","@graph":[{"@type":"WebPage","@id":"https:\/\/delorenzoglobal.com\/es\/producto\/control-de-emisiones-2\/","url":"https:\/\/delorenzoglobal.com\/es\/producto\/control-de-emisiones-2\/","name":"CONTROL DE EMISIONES - De Lorenzo Training &amp; Didactical Equipment","isPartOf":{"@id":"https:\/\/delorenzoglobal.com\/es\/#website"},"primaryImageOfPage":{"@id":"https:\/\/delorenzoglobal.com\/es\/producto\/control-de-emisiones-2\/#primaryimage"},"image":{"@id":"https:\/\/delorenzoglobal.com\/es\/producto\/control-de-emisiones-2\/#primaryimage"},"thumbnailUrl":"https:\/\/delorenzoglobal.com\/wp-content\/uploads\/2024\/04\/DL-MINICAR-05-xs-scaled.jpg","datePublished":"2024-04-17T12:58:40+00:00","dateModified":"2025-01-29T13:06:36+00:00","breadcrumb":{"@id":"https:\/\/delorenzoglobal.com\/es\/producto\/control-de-emisiones-2\/#breadcrumb"},"inLanguage":"es","potentialAction":[{"@type":"ReadAction","target":["https:\/\/delorenzoglobal.com\/es\/producto\/control-de-emisiones-2\/"]}]},{"@type":"ImageObject","inLanguage":"es","@id":"https:\/\/delorenzoglobal.com\/es\/producto\/control-de-emisiones-2\/#primaryimage","url":"https:\/\/delorenzoglobal.com\/wp-content\/uploads\/2024\/04\/DL-MINICAR-05-xs-scaled.jpg","contentUrl":"https:\/\/delorenzoglobal.com\/wp-content\/uploads\/2024\/04\/DL-MINICAR-05-xs-scaled.jpg","width":2560,"height":1958},{"@type":"BreadcrumbList","@id":"https:\/\/delorenzoglobal.com\/es\/producto\/control-de-emisiones-2\/#breadcrumb","itemListElement":[{"@type":"ListItem","position":1,"name":"Home","item":"https:\/\/delorenzoglobal.com\/es\/"},{"@type":"ListItem","position":2,"name":"Tienda","item":"https:\/\/delorenzoglobal.com\/es\/tienda\/"},{"@type":"ListItem","position":3,"name":"CONTROL DE EMISIONES"}]},{"@type":"WebSite","@id":"https:\/\/delorenzoglobal.com\/es\/#website","url":"https:\/\/delorenzoglobal.com\/es\/","name":"De Lorenzo Training &amp; Didactical Equipment","description":"","potentialAction":[{"@type":"SearchAction","target":{"@type":"EntryPoint","urlTemplate":"https:\/\/delorenzoglobal.com\/es\/?s={search_term_string}"},"query-input":{"@type":"PropertyValueSpecification","valueRequired":true,"valueName":"search_term_string"}}],"inLanguage":"es"}]}},"_links":{"self":[{"href":"https:\/\/delorenzoglobal.com\/es\/wp-json\/wp\/v2\/product\/9493","targetHints":{"allow":["GET"]}}],"collection":[{"href":"https:\/\/delorenzoglobal.com\/es\/wp-json\/wp\/v2\/product"}],"about":[{"href":"https:\/\/delorenzoglobal.com\/es\/wp-json\/wp\/v2\/types\/product"}],"wp:featuredmedia":[{"embeddable":true,"href":"https:\/\/delorenzoglobal.com\/es\/wp-json\/wp\/v2\/media\/19553"}],"wp:attachment":[{"href":"https:\/\/delorenzoglobal.com\/es\/wp-json\/wp\/v2\/media?parent=9493"}],"wp:term":[{"taxonomy":"product_brand","embeddable":true,"href":"https:\/\/delorenzoglobal.com\/es\/wp-json\/wp\/v2\/product_brand?post=9493"},{"taxonomy":"product_cat","embeddable":true,"href":"https:\/\/delorenzoglobal.com\/es\/wp-json\/wp\/v2\/product_cat?post=9493"},{"taxonomy":"product_tag","embeddable":true,"href":"https:\/\/delorenzoglobal.com\/es\/wp-json\/wp\/v2\/product_tag?post=9493"}],"curies":[{"name":"wp","href":"https:\/\/api.w.org\/{rel}","templated":true}]}}