{"id":9391,"date":"2024-04-17T14:24:50","date_gmt":"2024-04-17T12:24:50","guid":{"rendered":"https:\/\/delorenzoglobal.com\/?post_type=product&#038;p=9391"},"modified":"2025-01-29T13:54:36","modified_gmt":"2025-01-29T12:54:36","slug":"sistema-de-frenado-antibloqueo","status":"publish","type":"product","link":"https:\/\/delorenzoglobal.com\/es\/producto\/sistema-de-frenado-antibloqueo\/","title":{"rendered":"SISTEMA DE FRENADO ANTIBLOQUEO"},"content":{"rendered":"<p>Este panel de simulaci\u00f3n ha sido especialmente dise\u00f1ado y realizado para permitir un aprendizaje completo y f\u00e1cil de las t\u00e9cnicas y los dispositivos electromec\u00e1nicos utilizados en los sistemas de frenado antibloqueo en los coches.<\/p>\n<p>Es posible simular un sistema de frenado, provisto de un sistema antibloqueo de cuatro sensores (ABS).<\/p>\n<p>El panel muestra c\u00f3mo est\u00e1n dise\u00f1ados para funcionar los sistemas ABS de los autom\u00f3viles modernos.<\/p>\n","protected":false},"excerpt":{"rendered":"<p>Este panel de simulaci\u00f3n ha sido especialmente dise\u00f1ado y realizado para permitir un aprendizaje completo y f\u00e1cil de las t\u00e9cnicas y los dispositivos electromec\u00e1nicos utilizados en los sistemas de frenado antibloqueo en los coches. Es posible simular un sistema de frenado, provisto de un sistema antibloqueo de cuatro sensores (ABS). El panel muestra c\u00f3mo est\u00e1n [&hellip;]<\/p>\n","protected":false},"featured_media":16567,"template":"","meta":{"_acf_changed":false},"product_brand":[],"product_cat":[372],"product_tag":[],"class_list":{"0":"post-9391","1":"product","2":"type-product","3":"status-publish","4":"has-post-thumbnail","6":"product_cat-frenado","8":"first","9":"instock","10":"shipping-taxable","11":"product-type-simple"},"acf":[],"yoast_head":"<!-- This site is optimized with the Yoast SEO plugin v27.0 - https:\/\/yoast.com\/product\/yoast-seo-wordpress\/ -->\n<title>SISTEMA DE FRENADO ANTIBLOQUEO - De Lorenzo Training &amp; Didactical Equipment<\/title>\n<meta name=\"robots\" content=\"index, follow, max-snippet:-1, max-image-preview:large, max-video-preview:-1\" \/>\n<link rel=\"canonical\" href=\"https:\/\/delorenzoglobal.com\/es\/producto\/sistema-de-frenado-antibloqueo\/\" \/>\n<meta property=\"og:locale\" content=\"es_ES\" \/>\n<meta property=\"og:type\" content=\"article\" \/>\n<meta property=\"og:title\" content=\"SISTEMA DE FRENADO ANTIBLOQUEO - De Lorenzo Training &amp; Didactical Equipment\" \/>\n<meta property=\"og:description\" content=\"Este panel de simulaci\u00f3n ha sido especialmente dise\u00f1ado y realizado para permitir un aprendizaje completo y f\u00e1cil de las t\u00e9cnicas y los dispositivos electromec\u00e1nicos utilizados en los sistemas de frenado antibloqueo en los coches. Es posible simular un sistema de frenado, provisto de un sistema antibloqueo de cuatro sensores (ABS). El panel muestra c\u00f3mo est\u00e1n [&hellip;]\" \/>\n<meta property=\"og:url\" content=\"https:\/\/delorenzoglobal.com\/es\/producto\/sistema-de-frenado-antibloqueo\/\" \/>\n<meta property=\"og:site_name\" content=\"De Lorenzo Training &amp; Didactical Equipment\" \/>\n<meta property=\"article:modified_time\" content=\"2025-01-29T12:54:36+00:00\" \/>\n<meta property=\"og:image\" content=\"https:\/\/delorenzoglobal.com\/wp-content\/uploads\/2024\/04\/DL-AM14-xs-scaled.jpg\" \/>\n\t<meta property=\"og:image:width\" content=\"2560\" \/>\n\t<meta property=\"og:image:height\" content=\"1681\" \/>\n\t<meta property=\"og:image:type\" content=\"image\/jpeg\" \/>\n<meta name=\"twitter:card\" content=\"summary_large_image\" \/>\n<meta name=\"twitter:label1\" content=\"Tiempo de lectura\" \/>\n\t<meta name=\"twitter:data1\" content=\"1 minuto\" \/>\n<script type=\"application\/ld+json\" class=\"yoast-schema-graph\">{\"@context\":\"https:\/\/schema.org\",\"@graph\":[{\"@type\":\"WebPage\",\"@id\":\"https:\/\/delorenzoglobal.com\/es\/producto\/sistema-de-frenado-antibloqueo\/\",\"url\":\"https:\/\/delorenzoglobal.com\/es\/producto\/sistema-de-frenado-antibloqueo\/\",\"name\":\"SISTEMA DE FRENADO ANTIBLOQUEO - De Lorenzo Training &amp; Didactical Equipment\",\"isPartOf\":{\"@id\":\"https:\/\/delorenzoglobal.com\/es\/#website\"},\"primaryImageOfPage\":{\"@id\":\"https:\/\/delorenzoglobal.com\/es\/producto\/sistema-de-frenado-antibloqueo\/#primaryimage\"},\"image\":{\"@id\":\"https:\/\/delorenzoglobal.com\/es\/producto\/sistema-de-frenado-antibloqueo\/#primaryimage\"},\"thumbnailUrl\":\"https:\/\/delorenzoglobal.com\/wp-content\/uploads\/2024\/04\/DL-AM14-xs-scaled.jpg\",\"datePublished\":\"2024-04-17T12:24:50+00:00\",\"dateModified\":\"2025-01-29T12:54:36+00:00\",\"breadcrumb\":{\"@id\":\"https:\/\/delorenzoglobal.com\/es\/producto\/sistema-de-frenado-antibloqueo\/#breadcrumb\"},\"inLanguage\":\"es\",\"potentialAction\":[{\"@type\":\"ReadAction\",\"target\":[\"https:\/\/delorenzoglobal.com\/es\/producto\/sistema-de-frenado-antibloqueo\/\"]}]},{\"@type\":\"ImageObject\",\"inLanguage\":\"es\",\"@id\":\"https:\/\/delorenzoglobal.com\/es\/producto\/sistema-de-frenado-antibloqueo\/#primaryimage\",\"url\":\"https:\/\/delorenzoglobal.com\/wp-content\/uploads\/2024\/04\/DL-AM14-xs-scaled.jpg\",\"contentUrl\":\"https:\/\/delorenzoglobal.com\/wp-content\/uploads\/2024\/04\/DL-AM14-xs-scaled.jpg\",\"width\":2560,\"height\":1681},{\"@type\":\"BreadcrumbList\",\"@id\":\"https:\/\/delorenzoglobal.com\/es\/producto\/sistema-de-frenado-antibloqueo\/#breadcrumb\",\"itemListElement\":[{\"@type\":\"ListItem\",\"position\":1,\"name\":\"Home\",\"item\":\"https:\/\/delorenzoglobal.com\/es\/\"},{\"@type\":\"ListItem\",\"position\":2,\"name\":\"Tienda\",\"item\":\"https:\/\/delorenzoglobal.com\/es\/tienda\/\"},{\"@type\":\"ListItem\",\"position\":3,\"name\":\"SISTEMA DE FRENADO ANTIBLOQUEO\"}]},{\"@type\":\"WebSite\",\"@id\":\"https:\/\/delorenzoglobal.com\/es\/#website\",\"url\":\"https:\/\/delorenzoglobal.com\/es\/\",\"name\":\"De Lorenzo Training &amp; Didactical Equipment\",\"description\":\"\",\"potentialAction\":[{\"@type\":\"SearchAction\",\"target\":{\"@type\":\"EntryPoint\",\"urlTemplate\":\"https:\/\/delorenzoglobal.com\/es\/?s={search_term_string}\"},\"query-input\":{\"@type\":\"PropertyValueSpecification\",\"valueRequired\":true,\"valueName\":\"search_term_string\"}}],\"inLanguage\":\"es\"}]}<\/script>\n<!-- \/ Yoast SEO plugin. -->","yoast_head_json":{"title":"SISTEMA DE FRENADO ANTIBLOQUEO - De Lorenzo Training &amp; Didactical Equipment","robots":{"index":"index","follow":"follow","max-snippet":"max-snippet:-1","max-image-preview":"max-image-preview:large","max-video-preview":"max-video-preview:-1"},"canonical":"https:\/\/delorenzoglobal.com\/es\/producto\/sistema-de-frenado-antibloqueo\/","og_locale":"es_ES","og_type":"article","og_title":"SISTEMA DE FRENADO ANTIBLOQUEO - De Lorenzo Training &amp; Didactical Equipment","og_description":"Este panel de simulaci\u00f3n ha sido especialmente dise\u00f1ado y realizado para permitir un aprendizaje completo y f\u00e1cil de las t\u00e9cnicas y los dispositivos electromec\u00e1nicos utilizados en los sistemas de frenado antibloqueo en los coches. Es posible simular un sistema de frenado, provisto de un sistema antibloqueo de cuatro sensores (ABS). El panel muestra c\u00f3mo est\u00e1n [&hellip;]","og_url":"https:\/\/delorenzoglobal.com\/es\/producto\/sistema-de-frenado-antibloqueo\/","og_site_name":"De Lorenzo Training &amp; Didactical Equipment","article_modified_time":"2025-01-29T12:54:36+00:00","og_image":[{"width":2560,"height":1681,"url":"https:\/\/delorenzoglobal.com\/wp-content\/uploads\/2024\/04\/DL-AM14-xs-scaled.jpg","type":"image\/jpeg"}],"twitter_card":"summary_large_image","twitter_misc":{"Tiempo de lectura":"1 minuto"},"schema":{"@context":"https:\/\/schema.org","@graph":[{"@type":"WebPage","@id":"https:\/\/delorenzoglobal.com\/es\/producto\/sistema-de-frenado-antibloqueo\/","url":"https:\/\/delorenzoglobal.com\/es\/producto\/sistema-de-frenado-antibloqueo\/","name":"SISTEMA DE FRENADO ANTIBLOQUEO - De Lorenzo Training &amp; Didactical Equipment","isPartOf":{"@id":"https:\/\/delorenzoglobal.com\/es\/#website"},"primaryImageOfPage":{"@id":"https:\/\/delorenzoglobal.com\/es\/producto\/sistema-de-frenado-antibloqueo\/#primaryimage"},"image":{"@id":"https:\/\/delorenzoglobal.com\/es\/producto\/sistema-de-frenado-antibloqueo\/#primaryimage"},"thumbnailUrl":"https:\/\/delorenzoglobal.com\/wp-content\/uploads\/2024\/04\/DL-AM14-xs-scaled.jpg","datePublished":"2024-04-17T12:24:50+00:00","dateModified":"2025-01-29T12:54:36+00:00","breadcrumb":{"@id":"https:\/\/delorenzoglobal.com\/es\/producto\/sistema-de-frenado-antibloqueo\/#breadcrumb"},"inLanguage":"es","potentialAction":[{"@type":"ReadAction","target":["https:\/\/delorenzoglobal.com\/es\/producto\/sistema-de-frenado-antibloqueo\/"]}]},{"@type":"ImageObject","inLanguage":"es","@id":"https:\/\/delorenzoglobal.com\/es\/producto\/sistema-de-frenado-antibloqueo\/#primaryimage","url":"https:\/\/delorenzoglobal.com\/wp-content\/uploads\/2024\/04\/DL-AM14-xs-scaled.jpg","contentUrl":"https:\/\/delorenzoglobal.com\/wp-content\/uploads\/2024\/04\/DL-AM14-xs-scaled.jpg","width":2560,"height":1681},{"@type":"BreadcrumbList","@id":"https:\/\/delorenzoglobal.com\/es\/producto\/sistema-de-frenado-antibloqueo\/#breadcrumb","itemListElement":[{"@type":"ListItem","position":1,"name":"Home","item":"https:\/\/delorenzoglobal.com\/es\/"},{"@type":"ListItem","position":2,"name":"Tienda","item":"https:\/\/delorenzoglobal.com\/es\/tienda\/"},{"@type":"ListItem","position":3,"name":"SISTEMA DE FRENADO ANTIBLOQUEO"}]},{"@type":"WebSite","@id":"https:\/\/delorenzoglobal.com\/es\/#website","url":"https:\/\/delorenzoglobal.com\/es\/","name":"De Lorenzo Training &amp; Didactical Equipment","description":"","potentialAction":[{"@type":"SearchAction","target":{"@type":"EntryPoint","urlTemplate":"https:\/\/delorenzoglobal.com\/es\/?s={search_term_string}"},"query-input":{"@type":"PropertyValueSpecification","valueRequired":true,"valueName":"search_term_string"}}],"inLanguage":"es"}]}},"_links":{"self":[{"href":"https:\/\/delorenzoglobal.com\/es\/wp-json\/wp\/v2\/product\/9391","targetHints":{"allow":["GET"]}}],"collection":[{"href":"https:\/\/delorenzoglobal.com\/es\/wp-json\/wp\/v2\/product"}],"about":[{"href":"https:\/\/delorenzoglobal.com\/es\/wp-json\/wp\/v2\/types\/product"}],"wp:featuredmedia":[{"embeddable":true,"href":"https:\/\/delorenzoglobal.com\/es\/wp-json\/wp\/v2\/media\/16567"}],"wp:attachment":[{"href":"https:\/\/delorenzoglobal.com\/es\/wp-json\/wp\/v2\/media?parent=9391"}],"wp:term":[{"taxonomy":"product_brand","embeddable":true,"href":"https:\/\/delorenzoglobal.com\/es\/wp-json\/wp\/v2\/product_brand?post=9391"},{"taxonomy":"product_cat","embeddable":true,"href":"https:\/\/delorenzoglobal.com\/es\/wp-json\/wp\/v2\/product_cat?post=9391"},{"taxonomy":"product_tag","embeddable":true,"href":"https:\/\/delorenzoglobal.com\/es\/wp-json\/wp\/v2\/product_tag?post=9391"}],"curies":[{"name":"wp","href":"https:\/\/api.w.org\/{rel}","templated":true}]}}