{"id":9277,"date":"2024-04-17T13:42:46","date_gmt":"2024-04-17T11:42:46","guid":{"rendered":"https:\/\/delorenzoglobal.com\/?post_type=product&#038;p=9277"},"modified":"2025-01-29T12:45:45","modified_gmt":"2025-01-29T11:45:45","slug":"modelo-de-motor-educativo-con-sistema-de-inyeccion-de-gasolina-motronico-motor-operativo","status":"publish","type":"product","link":"https:\/\/delorenzoglobal.com\/es\/producto\/modelo-de-motor-educativo-con-sistema-de-inyeccion-de-gasolina-motronico-motor-operativo\/","title":{"rendered":"MODELO DE MOTOR EDUCATIVO CON SISTEMA DE INYECCI\u00d3N DE GASOLINA MOTR\u00d3NICO \u2013 MOTOR OPERATIVO"},"content":{"rendered":"<p>Este motor de entrenamiento con sistema de inyecci\u00f3n multipunto de gasolina (MPI) MOTRONIC basado en componentes originales (restaurados) del veh\u00edculo Audi \/ VW est\u00e1 especialmente dise\u00f1ado para demostrar el sistema de gesti\u00f3n del motor y la estructura operativa.<\/p>\n<p>Motor aut\u00f3nomo y totalmente operativo instalado en un marco m\u00f3vil.<\/p>\n<p>El motor de entrenamiento es una gran herramienta educativa que permite a los estudiantes aprender la estructura del motor, sus componentes, sistema de suministro de energ\u00eda, sistema de enfriamiento y sistema de control del motor.<\/p>\n<p>Tambi\u00e9n permite estudiar los componentes y los modos de operaci\u00f3n del sistema de control del motor, para realizar diversas mediciones, pruebas y otros procedimientos de diagn\u00f3stico.<\/p>\n","protected":false},"excerpt":{"rendered":"<p>Este motor de entrenamiento con sistema de inyecci\u00f3n multipunto de gasolina (MPI) MOTRONIC basado en componentes originales (restaurados) del veh\u00edculo Audi \/ VW est\u00e1 especialmente dise\u00f1ado para demostrar el sistema de gesti\u00f3n del motor y la estructura operativa. Motor aut\u00f3nomo y totalmente operativo instalado en un marco m\u00f3vil. El motor de entrenamiento es una gran [&hellip;]<\/p>\n","protected":false},"featured_media":19544,"template":"","meta":{"_acf_changed":false},"product_brand":[],"product_cat":[369],"product_tag":[],"class_list":{"0":"post-9277","1":"product","2":"type-product","3":"status-publish","4":"has-post-thumbnail","6":"product_cat-operacion-del-motor","8":"first","9":"instock","10":"shipping-taxable","11":"product-type-simple"},"acf":[],"yoast_head":"<!-- This site is optimized with the Yoast SEO plugin v27.0 - https:\/\/yoast.com\/product\/yoast-seo-wordpress\/ -->\n<title>MODELO DE MOTOR EDUCATIVO CON SISTEMA DE INYECCI\u00d3N DE GASOLINA MOTR\u00d3NICO \u2013 MOTOR OPERATIVO - De Lorenzo Training &amp; Didactical Equipment<\/title>\n<meta name=\"robots\" content=\"index, follow, max-snippet:-1, max-image-preview:large, max-video-preview:-1\" \/>\n<link rel=\"canonical\" href=\"https:\/\/delorenzoglobal.com\/es\/producto\/modelo-de-motor-educativo-con-sistema-de-inyeccion-de-gasolina-motronico-motor-operativo\/\" \/>\n<meta property=\"og:locale\" content=\"es_ES\" \/>\n<meta property=\"og:type\" content=\"article\" \/>\n<meta property=\"og:title\" content=\"MODELO DE MOTOR EDUCATIVO CON SISTEMA DE INYECCI\u00d3N DE GASOLINA MOTR\u00d3NICO \u2013 MOTOR OPERATIVO - De Lorenzo Training &amp; Didactical Equipment\" \/>\n<meta property=\"og:description\" content=\"Este motor de entrenamiento con sistema de inyecci\u00f3n multipunto de gasolina (MPI) MOTRONIC basado en componentes originales (restaurados) del veh\u00edculo Audi \/ VW est\u00e1 especialmente dise\u00f1ado para demostrar el sistema de gesti\u00f3n del motor y la estructura operativa. Motor aut\u00f3nomo y totalmente operativo instalado en un marco m\u00f3vil. El motor de entrenamiento es una gran [&hellip;]\" \/>\n<meta property=\"og:url\" content=\"https:\/\/delorenzoglobal.com\/es\/producto\/modelo-de-motor-educativo-con-sistema-de-inyeccion-de-gasolina-motronico-motor-operativo\/\" \/>\n<meta property=\"og:site_name\" content=\"De Lorenzo Training &amp; Didactical Equipment\" \/>\n<meta property=\"article:modified_time\" content=\"2025-01-29T11:45:45+00:00\" \/>\n<meta property=\"og:image\" content=\"https:\/\/delorenzoglobal.com\/wp-content\/uploads\/2024\/04\/DL-DM40-xs-scaled.jpg\" \/>\n\t<meta property=\"og:image:width\" content=\"2247\" \/>\n\t<meta property=\"og:image:height\" content=\"2560\" \/>\n\t<meta property=\"og:image:type\" content=\"image\/jpeg\" \/>\n<meta name=\"twitter:card\" content=\"summary_large_image\" \/>\n<meta name=\"twitter:label1\" content=\"Tiempo de lectura\" \/>\n\t<meta name=\"twitter:data1\" content=\"1 minuto\" \/>\n<script type=\"application\/ld+json\" class=\"yoast-schema-graph\">{\"@context\":\"https:\/\/schema.org\",\"@graph\":[{\"@type\":\"WebPage\",\"@id\":\"https:\/\/delorenzoglobal.com\/es\/producto\/modelo-de-motor-educativo-con-sistema-de-inyeccion-de-gasolina-motronico-motor-operativo\/\",\"url\":\"https:\/\/delorenzoglobal.com\/es\/producto\/modelo-de-motor-educativo-con-sistema-de-inyeccion-de-gasolina-motronico-motor-operativo\/\",\"name\":\"MODELO DE MOTOR EDUCATIVO CON SISTEMA DE INYECCI\u00d3N DE GASOLINA MOTR\u00d3NICO \u2013 MOTOR OPERATIVO - De Lorenzo Training &amp; Didactical Equipment\",\"isPartOf\":{\"@id\":\"https:\/\/delorenzoglobal.com\/es\/#website\"},\"primaryImageOfPage\":{\"@id\":\"https:\/\/delorenzoglobal.com\/es\/producto\/modelo-de-motor-educativo-con-sistema-de-inyeccion-de-gasolina-motronico-motor-operativo\/#primaryimage\"},\"image\":{\"@id\":\"https:\/\/delorenzoglobal.com\/es\/producto\/modelo-de-motor-educativo-con-sistema-de-inyeccion-de-gasolina-motronico-motor-operativo\/#primaryimage\"},\"thumbnailUrl\":\"https:\/\/delorenzoglobal.com\/wp-content\/uploads\/2024\/04\/DL-DM40-xs-scaled.jpg\",\"datePublished\":\"2024-04-17T11:42:46+00:00\",\"dateModified\":\"2025-01-29T11:45:45+00:00\",\"breadcrumb\":{\"@id\":\"https:\/\/delorenzoglobal.com\/es\/producto\/modelo-de-motor-educativo-con-sistema-de-inyeccion-de-gasolina-motronico-motor-operativo\/#breadcrumb\"},\"inLanguage\":\"es\",\"potentialAction\":[{\"@type\":\"ReadAction\",\"target\":[\"https:\/\/delorenzoglobal.com\/es\/producto\/modelo-de-motor-educativo-con-sistema-de-inyeccion-de-gasolina-motronico-motor-operativo\/\"]}]},{\"@type\":\"ImageObject\",\"inLanguage\":\"es\",\"@id\":\"https:\/\/delorenzoglobal.com\/es\/producto\/modelo-de-motor-educativo-con-sistema-de-inyeccion-de-gasolina-motronico-motor-operativo\/#primaryimage\",\"url\":\"https:\/\/delorenzoglobal.com\/wp-content\/uploads\/2024\/04\/DL-DM40-xs-scaled.jpg\",\"contentUrl\":\"https:\/\/delorenzoglobal.com\/wp-content\/uploads\/2024\/04\/DL-DM40-xs-scaled.jpg\",\"width\":2247,\"height\":2560},{\"@type\":\"BreadcrumbList\",\"@id\":\"https:\/\/delorenzoglobal.com\/es\/producto\/modelo-de-motor-educativo-con-sistema-de-inyeccion-de-gasolina-motronico-motor-operativo\/#breadcrumb\",\"itemListElement\":[{\"@type\":\"ListItem\",\"position\":1,\"name\":\"Home\",\"item\":\"https:\/\/delorenzoglobal.com\/es\/\"},{\"@type\":\"ListItem\",\"position\":2,\"name\":\"Tienda\",\"item\":\"https:\/\/delorenzoglobal.com\/es\/tienda\/\"},{\"@type\":\"ListItem\",\"position\":3,\"name\":\"MODELO DE MOTOR EDUCATIVO CON SISTEMA DE INYECCI\u00d3N DE GASOLINA MOTR\u00d3NICO \u2013 MOTOR OPERATIVO\"}]},{\"@type\":\"WebSite\",\"@id\":\"https:\/\/delorenzoglobal.com\/es\/#website\",\"url\":\"https:\/\/delorenzoglobal.com\/es\/\",\"name\":\"De Lorenzo Training &amp; Didactical Equipment\",\"description\":\"\",\"potentialAction\":[{\"@type\":\"SearchAction\",\"target\":{\"@type\":\"EntryPoint\",\"urlTemplate\":\"https:\/\/delorenzoglobal.com\/es\/?s={search_term_string}\"},\"query-input\":{\"@type\":\"PropertyValueSpecification\",\"valueRequired\":true,\"valueName\":\"search_term_string\"}}],\"inLanguage\":\"es\"}]}<\/script>\n<!-- \/ Yoast SEO plugin. -->","yoast_head_json":{"title":"MODELO DE MOTOR EDUCATIVO CON SISTEMA DE INYECCI\u00d3N DE GASOLINA MOTR\u00d3NICO \u2013 MOTOR OPERATIVO - De Lorenzo Training &amp; Didactical Equipment","robots":{"index":"index","follow":"follow","max-snippet":"max-snippet:-1","max-image-preview":"max-image-preview:large","max-video-preview":"max-video-preview:-1"},"canonical":"https:\/\/delorenzoglobal.com\/es\/producto\/modelo-de-motor-educativo-con-sistema-de-inyeccion-de-gasolina-motronico-motor-operativo\/","og_locale":"es_ES","og_type":"article","og_title":"MODELO DE MOTOR EDUCATIVO CON SISTEMA DE INYECCI\u00d3N DE GASOLINA MOTR\u00d3NICO \u2013 MOTOR OPERATIVO - De Lorenzo Training &amp; Didactical Equipment","og_description":"Este motor de entrenamiento con sistema de inyecci\u00f3n multipunto de gasolina (MPI) MOTRONIC basado en componentes originales (restaurados) del veh\u00edculo Audi \/ VW est\u00e1 especialmente dise\u00f1ado para demostrar el sistema de gesti\u00f3n del motor y la estructura operativa. Motor aut\u00f3nomo y totalmente operativo instalado en un marco m\u00f3vil. El motor de entrenamiento es una gran [&hellip;]","og_url":"https:\/\/delorenzoglobal.com\/es\/producto\/modelo-de-motor-educativo-con-sistema-de-inyeccion-de-gasolina-motronico-motor-operativo\/","og_site_name":"De Lorenzo Training &amp; Didactical Equipment","article_modified_time":"2025-01-29T11:45:45+00:00","og_image":[{"width":2247,"height":2560,"url":"https:\/\/delorenzoglobal.com\/wp-content\/uploads\/2024\/04\/DL-DM40-xs-scaled.jpg","type":"image\/jpeg"}],"twitter_card":"summary_large_image","twitter_misc":{"Tiempo de lectura":"1 minuto"},"schema":{"@context":"https:\/\/schema.org","@graph":[{"@type":"WebPage","@id":"https:\/\/delorenzoglobal.com\/es\/producto\/modelo-de-motor-educativo-con-sistema-de-inyeccion-de-gasolina-motronico-motor-operativo\/","url":"https:\/\/delorenzoglobal.com\/es\/producto\/modelo-de-motor-educativo-con-sistema-de-inyeccion-de-gasolina-motronico-motor-operativo\/","name":"MODELO DE MOTOR EDUCATIVO CON SISTEMA DE INYECCI\u00d3N DE GASOLINA MOTR\u00d3NICO \u2013 MOTOR OPERATIVO - De Lorenzo Training &amp; Didactical Equipment","isPartOf":{"@id":"https:\/\/delorenzoglobal.com\/es\/#website"},"primaryImageOfPage":{"@id":"https:\/\/delorenzoglobal.com\/es\/producto\/modelo-de-motor-educativo-con-sistema-de-inyeccion-de-gasolina-motronico-motor-operativo\/#primaryimage"},"image":{"@id":"https:\/\/delorenzoglobal.com\/es\/producto\/modelo-de-motor-educativo-con-sistema-de-inyeccion-de-gasolina-motronico-motor-operativo\/#primaryimage"},"thumbnailUrl":"https:\/\/delorenzoglobal.com\/wp-content\/uploads\/2024\/04\/DL-DM40-xs-scaled.jpg","datePublished":"2024-04-17T11:42:46+00:00","dateModified":"2025-01-29T11:45:45+00:00","breadcrumb":{"@id":"https:\/\/delorenzoglobal.com\/es\/producto\/modelo-de-motor-educativo-con-sistema-de-inyeccion-de-gasolina-motronico-motor-operativo\/#breadcrumb"},"inLanguage":"es","potentialAction":[{"@type":"ReadAction","target":["https:\/\/delorenzoglobal.com\/es\/producto\/modelo-de-motor-educativo-con-sistema-de-inyeccion-de-gasolina-motronico-motor-operativo\/"]}]},{"@type":"ImageObject","inLanguage":"es","@id":"https:\/\/delorenzoglobal.com\/es\/producto\/modelo-de-motor-educativo-con-sistema-de-inyeccion-de-gasolina-motronico-motor-operativo\/#primaryimage","url":"https:\/\/delorenzoglobal.com\/wp-content\/uploads\/2024\/04\/DL-DM40-xs-scaled.jpg","contentUrl":"https:\/\/delorenzoglobal.com\/wp-content\/uploads\/2024\/04\/DL-DM40-xs-scaled.jpg","width":2247,"height":2560},{"@type":"BreadcrumbList","@id":"https:\/\/delorenzoglobal.com\/es\/producto\/modelo-de-motor-educativo-con-sistema-de-inyeccion-de-gasolina-motronico-motor-operativo\/#breadcrumb","itemListElement":[{"@type":"ListItem","position":1,"name":"Home","item":"https:\/\/delorenzoglobal.com\/es\/"},{"@type":"ListItem","position":2,"name":"Tienda","item":"https:\/\/delorenzoglobal.com\/es\/tienda\/"},{"@type":"ListItem","position":3,"name":"MODELO DE MOTOR EDUCATIVO CON SISTEMA DE INYECCI\u00d3N DE GASOLINA MOTR\u00d3NICO \u2013 MOTOR OPERATIVO"}]},{"@type":"WebSite","@id":"https:\/\/delorenzoglobal.com\/es\/#website","url":"https:\/\/delorenzoglobal.com\/es\/","name":"De Lorenzo Training &amp; Didactical Equipment","description":"","potentialAction":[{"@type":"SearchAction","target":{"@type":"EntryPoint","urlTemplate":"https:\/\/delorenzoglobal.com\/es\/?s={search_term_string}"},"query-input":{"@type":"PropertyValueSpecification","valueRequired":true,"valueName":"search_term_string"}}],"inLanguage":"es"}]}},"_links":{"self":[{"href":"https:\/\/delorenzoglobal.com\/es\/wp-json\/wp\/v2\/product\/9277","targetHints":{"allow":["GET"]}}],"collection":[{"href":"https:\/\/delorenzoglobal.com\/es\/wp-json\/wp\/v2\/product"}],"about":[{"href":"https:\/\/delorenzoglobal.com\/es\/wp-json\/wp\/v2\/types\/product"}],"wp:featuredmedia":[{"embeddable":true,"href":"https:\/\/delorenzoglobal.com\/es\/wp-json\/wp\/v2\/media\/19544"}],"wp:attachment":[{"href":"https:\/\/delorenzoglobal.com\/es\/wp-json\/wp\/v2\/media?parent=9277"}],"wp:term":[{"taxonomy":"product_brand","embeddable":true,"href":"https:\/\/delorenzoglobal.com\/es\/wp-json\/wp\/v2\/product_brand?post=9277"},{"taxonomy":"product_cat","embeddable":true,"href":"https:\/\/delorenzoglobal.com\/es\/wp-json\/wp\/v2\/product_cat?post=9277"},{"taxonomy":"product_tag","embeddable":true,"href":"https:\/\/delorenzoglobal.com\/es\/wp-json\/wp\/v2\/product_tag?post=9277"}],"curies":[{"name":"wp","href":"https:\/\/api.w.org\/{rel}","templated":true}]}}