{"id":878,"date":"2024-04-08T16:01:35","date_gmt":"2024-04-08T14:01:35","guid":{"rendered":"https:\/\/delorenzoglobal.com\/?post_type=product&#038;p=878"},"modified":"2026-04-01T11:20:40","modified_gmt":"2026-04-01T09:20:40","slug":"simulador-de-entrada-digital","status":"publish","type":"product","link":"https:\/\/delorenzoglobal.com\/es\/producto\/simulador-de-entrada-digital\/","title":{"rendered":"SIMULADOR DE ENTRADA DIGITAL"},"content":{"rendered":"<p>El m\u00f3dulo DL 2113 es un simulador de entradas digitales que es esencial para el uso y la comprensi\u00f3n del funcionamiento de un PLC.<\/p>\n<p>Est\u00e1 dise\u00f1ado para la generaci\u00f3n de se\u00f1ales digitales de ENCENDIDO\/APAGADO de 24Vdc, t\u00edpicamente utilizadas por cualquier PLC en el sector industrial.<\/p>\n<p>Flexibilidad, fiabilidad y seguridad son sus principales ventajas.<\/p>\n<p>Con este m\u00f3dulo, los estudiantes tienen la oportunidad de verificar el software de aplicaci\u00f3n y simular procesos que involucran sensores digitales com\u00fanmente utilizados en el campo de la automatizaci\u00f3n industrial.<\/p>\n<p>Todas las secciones (fuente de alimentaci\u00f3n, entradas digitales con interruptores\/LED y terminales) se identifican a trav\u00e9s de bloques claros.<\/p>\n","protected":false},"excerpt":{"rendered":"<p>El m\u00f3dulo DL 2113 es un simulador de entradas digitales que es esencial para el uso y la comprensi\u00f3n del funcionamiento de un PLC. Est\u00e1 dise\u00f1ado para la generaci\u00f3n de se\u00f1ales digitales de ENCENDIDO\/APAGADO de 24Vdc, t\u00edpicamente utilizadas por cualquier PLC en el sector industrial. Flexibilidad, fiabilidad y seguridad son sus principales ventajas. Con este [&hellip;]<\/p>\n","protected":false},"featured_media":865,"template":"","meta":{"_acf_changed":false},"product_brand":[],"product_cat":[169],"product_tag":[],"class_list":{"0":"post-878","1":"product","2":"type-product","3":"status-publish","4":"has-post-thumbnail","6":"product_cat-simuladores","8":"first","9":"instock","10":"shipping-taxable","11":"product-type-simple"},"acf":[],"yoast_head":"<!-- This site is optimized with the Yoast SEO plugin v27.4 - https:\/\/yoast.com\/product\/yoast-seo-wordpress\/ -->\n<title>SIMULADOR DE ENTRADA DIGITAL - De Lorenzo Training &amp; Didactical Equipment<\/title>\n<meta name=\"description\" content=\"El m\u00f3dulo DL 2113 es un simulador de entradas digitales que es esencial para el uso y la comprensi\u00f3n del funcionamiento de un PLC.\" \/>\n<meta name=\"robots\" content=\"index, follow, max-snippet:-1, max-image-preview:large, max-video-preview:-1\" \/>\n<link rel=\"canonical\" href=\"https:\/\/delorenzoglobal.com\/es\/producto\/simulador-de-entrada-digital\/\" \/>\n<meta property=\"og:locale\" content=\"es_ES\" \/>\n<meta property=\"og:type\" content=\"article\" \/>\n<meta property=\"og:title\" content=\"SIMULADOR DE ENTRADA DIGITAL - De Lorenzo Training &amp; Didactical Equipment\" \/>\n<meta property=\"og:description\" content=\"El m\u00f3dulo DL 2113 es un simulador de entradas digitales que es esencial para el uso y la comprensi\u00f3n del funcionamiento de un PLC.\" \/>\n<meta property=\"og:url\" content=\"https:\/\/delorenzoglobal.com\/es\/producto\/simulador-de-entrada-digital\/\" \/>\n<meta property=\"og:site_name\" content=\"De Lorenzo Training &amp; Didactical Equipment\" \/>\n<meta property=\"article:modified_time\" content=\"2026-04-01T09:20:40+00:00\" \/>\n<meta property=\"og:image\" content=\"https:\/\/delorenzoglobal.com\/wp-content\/uploads\/2024\/04\/2113-1024x885.png\" \/>\n\t<meta property=\"og:image:width\" content=\"1024\" \/>\n\t<meta property=\"og:image:height\" content=\"885\" \/>\n\t<meta property=\"og:image:type\" content=\"image\/png\" \/>\n<meta name=\"twitter:card\" content=\"summary_large_image\" \/>\n<meta name=\"twitter:label1\" content=\"Tiempo de lectura\" \/>\n\t<meta name=\"twitter:data1\" content=\"1 minuto\" \/>\n<script type=\"application\/ld+json\" class=\"yoast-schema-graph\">{\"@context\":\"https:\\\/\\\/schema.org\",\"@graph\":[{\"@type\":\"WebPage\",\"@id\":\"https:\\\/\\\/delorenzoglobal.com\\\/es\\\/producto\\\/simulador-de-entrada-digital\\\/\",\"url\":\"https:\\\/\\\/delorenzoglobal.com\\\/es\\\/producto\\\/simulador-de-entrada-digital\\\/\",\"name\":\"SIMULADOR DE ENTRADA DIGITAL - De Lorenzo Training &amp; Didactical Equipment\",\"isPartOf\":{\"@id\":\"https:\\\/\\\/delorenzoglobal.com\\\/es\\\/#website\"},\"primaryImageOfPage\":{\"@id\":\"https:\\\/\\\/delorenzoglobal.com\\\/es\\\/producto\\\/simulador-de-entrada-digital\\\/#primaryimage\"},\"image\":{\"@id\":\"https:\\\/\\\/delorenzoglobal.com\\\/es\\\/producto\\\/simulador-de-entrada-digital\\\/#primaryimage\"},\"thumbnailUrl\":\"https:\\\/\\\/delorenzoglobal.com\\\/wp-content\\\/uploads\\\/2024\\\/04\\\/2113.png\",\"datePublished\":\"2024-04-08T14:01:35+00:00\",\"dateModified\":\"2026-04-01T09:20:40+00:00\",\"description\":\"El m\u00f3dulo DL 2113 es un simulador de entradas digitales que es esencial para el uso y la comprensi\u00f3n del funcionamiento de un PLC.\",\"breadcrumb\":{\"@id\":\"https:\\\/\\\/delorenzoglobal.com\\\/es\\\/producto\\\/simulador-de-entrada-digital\\\/#breadcrumb\"},\"inLanguage\":\"es\",\"potentialAction\":[{\"@type\":\"ReadAction\",\"target\":[\"https:\\\/\\\/delorenzoglobal.com\\\/es\\\/producto\\\/simulador-de-entrada-digital\\\/\"]}]},{\"@type\":\"ImageObject\",\"inLanguage\":\"es\",\"@id\":\"https:\\\/\\\/delorenzoglobal.com\\\/es\\\/producto\\\/simulador-de-entrada-digital\\\/#primaryimage\",\"url\":\"https:\\\/\\\/delorenzoglobal.com\\\/wp-content\\\/uploads\\\/2024\\\/04\\\/2113.png\",\"contentUrl\":\"https:\\\/\\\/delorenzoglobal.com\\\/wp-content\\\/uploads\\\/2024\\\/04\\\/2113.png\",\"width\":1940,\"height\":1676},{\"@type\":\"BreadcrumbList\",\"@id\":\"https:\\\/\\\/delorenzoglobal.com\\\/es\\\/producto\\\/simulador-de-entrada-digital\\\/#breadcrumb\",\"itemListElement\":[{\"@type\":\"ListItem\",\"position\":1,\"name\":\"Home\",\"item\":\"https:\\\/\\\/delorenzoglobal.com\\\/es\\\/\"},{\"@type\":\"ListItem\",\"position\":2,\"name\":\"Tienda\",\"item\":\"https:\\\/\\\/delorenzoglobal.com\\\/es\\\/tienda\\\/\"},{\"@type\":\"ListItem\",\"position\":3,\"name\":\"SIMULADOR DE ENTRADA DIGITAL\"}]},{\"@type\":\"WebSite\",\"@id\":\"https:\\\/\\\/delorenzoglobal.com\\\/es\\\/#website\",\"url\":\"https:\\\/\\\/delorenzoglobal.com\\\/es\\\/\",\"name\":\"De Lorenzo Training &amp; Didactical Equipment\",\"description\":\"\",\"potentialAction\":[{\"@type\":\"SearchAction\",\"target\":{\"@type\":\"EntryPoint\",\"urlTemplate\":\"https:\\\/\\\/delorenzoglobal.com\\\/es\\\/?s={search_term_string}\"},\"query-input\":{\"@type\":\"PropertyValueSpecification\",\"valueRequired\":true,\"valueName\":\"search_term_string\"}}],\"inLanguage\":\"es\"}]}<\/script>\n<!-- \/ Yoast SEO plugin. -->","yoast_head_json":{"title":"SIMULADOR DE ENTRADA DIGITAL - De Lorenzo Training &amp; Didactical Equipment","description":"El m\u00f3dulo DL 2113 es un simulador de entradas digitales que es esencial para el uso y la comprensi\u00f3n del funcionamiento de un PLC.","robots":{"index":"index","follow":"follow","max-snippet":"max-snippet:-1","max-image-preview":"max-image-preview:large","max-video-preview":"max-video-preview:-1"},"canonical":"https:\/\/delorenzoglobal.com\/es\/producto\/simulador-de-entrada-digital\/","og_locale":"es_ES","og_type":"article","og_title":"SIMULADOR DE ENTRADA DIGITAL - De Lorenzo Training &amp; Didactical Equipment","og_description":"El m\u00f3dulo DL 2113 es un simulador de entradas digitales que es esencial para el uso y la comprensi\u00f3n del funcionamiento de un PLC.","og_url":"https:\/\/delorenzoglobal.com\/es\/producto\/simulador-de-entrada-digital\/","og_site_name":"De Lorenzo Training &amp; Didactical Equipment","article_modified_time":"2026-04-01T09:20:40+00:00","og_image":[{"width":1024,"height":885,"url":"https:\/\/delorenzoglobal.com\/wp-content\/uploads\/2024\/04\/2113-1024x885.png","type":"image\/png"}],"twitter_card":"summary_large_image","twitter_misc":{"Tiempo de lectura":"1 minuto"},"schema":{"@context":"https:\/\/schema.org","@graph":[{"@type":"WebPage","@id":"https:\/\/delorenzoglobal.com\/es\/producto\/simulador-de-entrada-digital\/","url":"https:\/\/delorenzoglobal.com\/es\/producto\/simulador-de-entrada-digital\/","name":"SIMULADOR DE ENTRADA DIGITAL - De Lorenzo Training &amp; Didactical Equipment","isPartOf":{"@id":"https:\/\/delorenzoglobal.com\/es\/#website"},"primaryImageOfPage":{"@id":"https:\/\/delorenzoglobal.com\/es\/producto\/simulador-de-entrada-digital\/#primaryimage"},"image":{"@id":"https:\/\/delorenzoglobal.com\/es\/producto\/simulador-de-entrada-digital\/#primaryimage"},"thumbnailUrl":"https:\/\/delorenzoglobal.com\/wp-content\/uploads\/2024\/04\/2113.png","datePublished":"2024-04-08T14:01:35+00:00","dateModified":"2026-04-01T09:20:40+00:00","description":"El m\u00f3dulo DL 2113 es un simulador de entradas digitales que es esencial para el uso y la comprensi\u00f3n del funcionamiento de un PLC.","breadcrumb":{"@id":"https:\/\/delorenzoglobal.com\/es\/producto\/simulador-de-entrada-digital\/#breadcrumb"},"inLanguage":"es","potentialAction":[{"@type":"ReadAction","target":["https:\/\/delorenzoglobal.com\/es\/producto\/simulador-de-entrada-digital\/"]}]},{"@type":"ImageObject","inLanguage":"es","@id":"https:\/\/delorenzoglobal.com\/es\/producto\/simulador-de-entrada-digital\/#primaryimage","url":"https:\/\/delorenzoglobal.com\/wp-content\/uploads\/2024\/04\/2113.png","contentUrl":"https:\/\/delorenzoglobal.com\/wp-content\/uploads\/2024\/04\/2113.png","width":1940,"height":1676},{"@type":"BreadcrumbList","@id":"https:\/\/delorenzoglobal.com\/es\/producto\/simulador-de-entrada-digital\/#breadcrumb","itemListElement":[{"@type":"ListItem","position":1,"name":"Home","item":"https:\/\/delorenzoglobal.com\/es\/"},{"@type":"ListItem","position":2,"name":"Tienda","item":"https:\/\/delorenzoglobal.com\/es\/tienda\/"},{"@type":"ListItem","position":3,"name":"SIMULADOR DE ENTRADA DIGITAL"}]},{"@type":"WebSite","@id":"https:\/\/delorenzoglobal.com\/es\/#website","url":"https:\/\/delorenzoglobal.com\/es\/","name":"De Lorenzo Training &amp; Didactical Equipment","description":"","potentialAction":[{"@type":"SearchAction","target":{"@type":"EntryPoint","urlTemplate":"https:\/\/delorenzoglobal.com\/es\/?s={search_term_string}"},"query-input":{"@type":"PropertyValueSpecification","valueRequired":true,"valueName":"search_term_string"}}],"inLanguage":"es"}]}},"_links":{"self":[{"href":"https:\/\/delorenzoglobal.com\/es\/wp-json\/wp\/v2\/product\/878","targetHints":{"allow":["GET"]}}],"collection":[{"href":"https:\/\/delorenzoglobal.com\/es\/wp-json\/wp\/v2\/product"}],"about":[{"href":"https:\/\/delorenzoglobal.com\/es\/wp-json\/wp\/v2\/types\/product"}],"wp:featuredmedia":[{"embeddable":true,"href":"https:\/\/delorenzoglobal.com\/es\/wp-json\/wp\/v2\/media\/865"}],"wp:attachment":[{"href":"https:\/\/delorenzoglobal.com\/es\/wp-json\/wp\/v2\/media?parent=878"}],"wp:term":[{"taxonomy":"product_brand","embeddable":true,"href":"https:\/\/delorenzoglobal.com\/es\/wp-json\/wp\/v2\/product_brand?post=878"},{"taxonomy":"product_cat","embeddable":true,"href":"https:\/\/delorenzoglobal.com\/es\/wp-json\/wp\/v2\/product_cat?post=878"},{"taxonomy":"product_tag","embeddable":true,"href":"https:\/\/delorenzoglobal.com\/es\/wp-json\/wp\/v2\/product_tag?post=878"}],"curies":[{"name":"wp","href":"https:\/\/api.w.org\/{rel}","templated":true}]}}