{"id":856,"date":"2024-04-08T15:52:35","date_gmt":"2024-04-08T13:52:35","guid":{"rendered":"https:\/\/delorenzoglobal.com\/?post_type=product&#038;p=856"},"modified":"2025-04-14T09:03:35","modified_gmt":"2025-04-14T07:03:35","slug":"entrenador-de-manufactura-integrada-por-computadora-plc-allen-bradley","status":"publish","type":"product","link":"https:\/\/delorenzoglobal.com\/es\/producto\/entrenador-de-manufactura-integrada-por-computadora-plc-allen-bradley\/","title":{"rendered":"ENTRENADOR DE MANUFACTURA INTEGRADA POR COMPUTADORA &#8211; PLC ALLEN BRADLEY"},"content":{"rendered":"<p>CIM (Manufactura Integrada por Computadora) es un m\u00e9todo de fabricaci\u00f3n, en el que todo el proceso de producci\u00f3n est\u00e1 controlado por computadora.<\/p>\n<p>Este m\u00e9todo de fabricaci\u00f3n incluye aplicaciones transversales en varias \u00e1reas did\u00e1cticas como automatizaci\u00f3n, neum\u00e1tica, electr\u00f3nica, mecatr\u00f3nica y control de procesos.<\/p>\n<p>De Lorenzo ha desarrollado sistemas de entrenamiento basados en estaciones, que permiten al estudiante ver un proceso de fabricaci\u00f3n espec\u00edfico de una l\u00ednea de producci\u00f3n industrial.<\/p>\n<p>El entrenador es un sistema de control de lazo cerrado basado en PLC que intercambia informaci\u00f3n recopilada de sensores.<\/p>\n<p>La versi\u00f3n DL CIM-A integra las unidades Banda Transportadora, Transferencia lineal y Pick and Place.<\/p>\n<p>El entrenador DL CIM-A est\u00e1 disponible en dos versiones dependiendo del PLC integrado en el sistema:<\/p>\n<ul>\n<li>\u00a0DL CIM-A_1200 con Siemens PLC (serie S7-1200, CPU 1214C)<\/li>\n<li>\u00a0DL CIM-A_AB con Allen Bradley PLC CPU 2080-LC30-16QWB<br \/>\nM\u00f3dulo de expansi\u00f3n 2080-IQ4OB4<\/li>\n<\/ul>\n<p>Tambi\u00e9n est\u00e1 disponible una tercera versi\u00f3n que a\u00f1ade HMI y un software SCADA al DL CIM-A con PLC Siemens:<\/p>\n<ul>\n<li>\u00a0DL CIM-AS_7INCH con HMI de 7 pulgadas<\/li>\n<li>\u00a0DL CIM-AS_10INCH con HMI de 10 pulgadas<\/li>\n<\/ul>\n<p>El sistema CIM tambi\u00e9n est\u00e1 disponible con un bloque de terminales abierto en lugar del PLC.<\/p>\n<p>Esta versi\u00f3n permite la conexi\u00f3n de un controlador externo a trav\u00e9s de los terminales de 2mm.<\/p>\n<p>Para el correcto funcionamiento del sistema, se recomienda utilizar un PLC con caracter\u00edsticas similares o mejoradas (ENTRADA\/SALIDA) como las que se ofrecen con nuestras versiones est\u00e1ndar (ver notas anteriores).<\/p>\n<p>C\u00f3digo del pedido: DL CIM-A_AB<\/p>\n","protected":false},"excerpt":{"rendered":"<p>CIM (Manufactura Integrada por Computadora) es un m\u00e9todo de fabricaci\u00f3n, en el que todo el proceso de producci\u00f3n est\u00e1 controlado por computadora. Este m\u00e9todo de fabricaci\u00f3n incluye aplicaciones transversales en varias \u00e1reas did\u00e1cticas como automatizaci\u00f3n, neum\u00e1tica, electr\u00f3nica, mecatr\u00f3nica y control de procesos. De Lorenzo ha desarrollado sistemas de entrenamiento basados en estaciones, que permiten al [&hellip;]<\/p>\n","protected":false},"featured_media":743,"template":"","meta":{"_acf_changed":false},"product_brand":[],"product_cat":[155],"product_tag":[],"class_list":{"0":"post-856","1":"product","2":"type-product","3":"status-publish","4":"has-post-thumbnail","6":"product_cat-aplicaciones-industriales","8":"first","9":"instock","10":"shipping-taxable","11":"product-type-simple"},"acf":[],"yoast_head":"<!-- This site is optimized with the Yoast SEO plugin v27.0 - https:\/\/yoast.com\/product\/yoast-seo-wordpress\/ -->\n<title>ENTRENADOR DE MANUFACTURA INTEGRADA POR COMPUTADORA - PLC ALLEN BRADLEY - De Lorenzo Training &amp; Didactical Equipment<\/title>\n<meta name=\"robots\" content=\"index, follow, max-snippet:-1, max-image-preview:large, max-video-preview:-1\" \/>\n<link rel=\"canonical\" href=\"https:\/\/delorenzoglobal.com\/es\/producto\/entrenador-de-manufactura-integrada-por-computadora-plc-allen-bradley\/\" \/>\n<meta property=\"og:locale\" content=\"es_ES\" \/>\n<meta property=\"og:type\" content=\"article\" \/>\n<meta property=\"og:title\" content=\"ENTRENADOR DE MANUFACTURA INTEGRADA POR COMPUTADORA - PLC ALLEN BRADLEY - De Lorenzo Training &amp; Didactical Equipment\" \/>\n<meta property=\"og:description\" content=\"CIM (Manufactura Integrada por Computadora) es un m\u00e9todo de fabricaci\u00f3n, en el que todo el proceso de producci\u00f3n est\u00e1 controlado por computadora. Este m\u00e9todo de fabricaci\u00f3n incluye aplicaciones transversales en varias \u00e1reas did\u00e1cticas como automatizaci\u00f3n, neum\u00e1tica, electr\u00f3nica, mecatr\u00f3nica y control de procesos. De Lorenzo ha desarrollado sistemas de entrenamiento basados en estaciones, que permiten al [&hellip;]\" \/>\n<meta property=\"og:url\" content=\"https:\/\/delorenzoglobal.com\/es\/producto\/entrenador-de-manufactura-integrada-por-computadora-plc-allen-bradley\/\" \/>\n<meta property=\"og:site_name\" content=\"De Lorenzo Training &amp; Didactical Equipment\" \/>\n<meta property=\"article:modified_time\" content=\"2025-04-14T07:03:35+00:00\" \/>\n<meta property=\"og:image\" content=\"https:\/\/delorenzoglobal.com\/wp-content\/uploads\/2024\/04\/CIM-A-scaled.jpg\" \/>\n\t<meta property=\"og:image:width\" content=\"2560\" \/>\n\t<meta property=\"og:image:height\" content=\"2257\" \/>\n\t<meta property=\"og:image:type\" content=\"image\/jpeg\" \/>\n<meta name=\"twitter:card\" content=\"summary_large_image\" \/>\n<meta name=\"twitter:label1\" content=\"Tiempo de lectura\" \/>\n\t<meta name=\"twitter:data1\" content=\"2 minutos\" \/>\n<script type=\"application\/ld+json\" class=\"yoast-schema-graph\">{\"@context\":\"https:\/\/schema.org\",\"@graph\":[{\"@type\":\"WebPage\",\"@id\":\"https:\/\/delorenzoglobal.com\/es\/producto\/entrenador-de-manufactura-integrada-por-computadora-plc-allen-bradley\/\",\"url\":\"https:\/\/delorenzoglobal.com\/es\/producto\/entrenador-de-manufactura-integrada-por-computadora-plc-allen-bradley\/\",\"name\":\"ENTRENADOR DE MANUFACTURA INTEGRADA POR COMPUTADORA - PLC ALLEN BRADLEY - De Lorenzo Training &amp; Didactical Equipment\",\"isPartOf\":{\"@id\":\"https:\/\/delorenzoglobal.com\/es\/#website\"},\"primaryImageOfPage\":{\"@id\":\"https:\/\/delorenzoglobal.com\/es\/producto\/entrenador-de-manufactura-integrada-por-computadora-plc-allen-bradley\/#primaryimage\"},\"image\":{\"@id\":\"https:\/\/delorenzoglobal.com\/es\/producto\/entrenador-de-manufactura-integrada-por-computadora-plc-allen-bradley\/#primaryimage\"},\"thumbnailUrl\":\"https:\/\/delorenzoglobal.com\/wp-content\/uploads\/2024\/04\/CIM-A-scaled.jpg\",\"datePublished\":\"2024-04-08T13:52:35+00:00\",\"dateModified\":\"2025-04-14T07:03:35+00:00\",\"breadcrumb\":{\"@id\":\"https:\/\/delorenzoglobal.com\/es\/producto\/entrenador-de-manufactura-integrada-por-computadora-plc-allen-bradley\/#breadcrumb\"},\"inLanguage\":\"es\",\"potentialAction\":[{\"@type\":\"ReadAction\",\"target\":[\"https:\/\/delorenzoglobal.com\/es\/producto\/entrenador-de-manufactura-integrada-por-computadora-plc-allen-bradley\/\"]}]},{\"@type\":\"ImageObject\",\"inLanguage\":\"es\",\"@id\":\"https:\/\/delorenzoglobal.com\/es\/producto\/entrenador-de-manufactura-integrada-por-computadora-plc-allen-bradley\/#primaryimage\",\"url\":\"https:\/\/delorenzoglobal.com\/wp-content\/uploads\/2024\/04\/CIM-A-scaled.jpg\",\"contentUrl\":\"https:\/\/delorenzoglobal.com\/wp-content\/uploads\/2024\/04\/CIM-A-scaled.jpg\",\"width\":2560,\"height\":2257},{\"@type\":\"BreadcrumbList\",\"@id\":\"https:\/\/delorenzoglobal.com\/es\/producto\/entrenador-de-manufactura-integrada-por-computadora-plc-allen-bradley\/#breadcrumb\",\"itemListElement\":[{\"@type\":\"ListItem\",\"position\":1,\"name\":\"Home\",\"item\":\"https:\/\/delorenzoglobal.com\/es\/\"},{\"@type\":\"ListItem\",\"position\":2,\"name\":\"Tienda\",\"item\":\"https:\/\/delorenzoglobal.com\/es\/tienda\/\"},{\"@type\":\"ListItem\",\"position\":3,\"name\":\"ENTRENADOR DE MANUFACTURA INTEGRADA POR COMPUTADORA &#8211; PLC ALLEN BRADLEY\"}]},{\"@type\":\"WebSite\",\"@id\":\"https:\/\/delorenzoglobal.com\/es\/#website\",\"url\":\"https:\/\/delorenzoglobal.com\/es\/\",\"name\":\"De Lorenzo Training &amp; Didactical Equipment\",\"description\":\"\",\"potentialAction\":[{\"@type\":\"SearchAction\",\"target\":{\"@type\":\"EntryPoint\",\"urlTemplate\":\"https:\/\/delorenzoglobal.com\/es\/?s={search_term_string}\"},\"query-input\":{\"@type\":\"PropertyValueSpecification\",\"valueRequired\":true,\"valueName\":\"search_term_string\"}}],\"inLanguage\":\"es\"}]}<\/script>\n<!-- \/ Yoast SEO plugin. -->","yoast_head_json":{"title":"ENTRENADOR DE MANUFACTURA INTEGRADA POR COMPUTADORA - PLC ALLEN BRADLEY - De Lorenzo Training &amp; Didactical Equipment","robots":{"index":"index","follow":"follow","max-snippet":"max-snippet:-1","max-image-preview":"max-image-preview:large","max-video-preview":"max-video-preview:-1"},"canonical":"https:\/\/delorenzoglobal.com\/es\/producto\/entrenador-de-manufactura-integrada-por-computadora-plc-allen-bradley\/","og_locale":"es_ES","og_type":"article","og_title":"ENTRENADOR DE MANUFACTURA INTEGRADA POR COMPUTADORA - PLC ALLEN BRADLEY - De Lorenzo Training &amp; Didactical Equipment","og_description":"CIM (Manufactura Integrada por Computadora) es un m\u00e9todo de fabricaci\u00f3n, en el que todo el proceso de producci\u00f3n est\u00e1 controlado por computadora. Este m\u00e9todo de fabricaci\u00f3n incluye aplicaciones transversales en varias \u00e1reas did\u00e1cticas como automatizaci\u00f3n, neum\u00e1tica, electr\u00f3nica, mecatr\u00f3nica y control de procesos. De Lorenzo ha desarrollado sistemas de entrenamiento basados en estaciones, que permiten al [&hellip;]","og_url":"https:\/\/delorenzoglobal.com\/es\/producto\/entrenador-de-manufactura-integrada-por-computadora-plc-allen-bradley\/","og_site_name":"De Lorenzo Training &amp; Didactical Equipment","article_modified_time":"2025-04-14T07:03:35+00:00","og_image":[{"width":2560,"height":2257,"url":"https:\/\/delorenzoglobal.com\/wp-content\/uploads\/2024\/04\/CIM-A-scaled.jpg","type":"image\/jpeg"}],"twitter_card":"summary_large_image","twitter_misc":{"Tiempo de lectura":"2 minutos"},"schema":{"@context":"https:\/\/schema.org","@graph":[{"@type":"WebPage","@id":"https:\/\/delorenzoglobal.com\/es\/producto\/entrenador-de-manufactura-integrada-por-computadora-plc-allen-bradley\/","url":"https:\/\/delorenzoglobal.com\/es\/producto\/entrenador-de-manufactura-integrada-por-computadora-plc-allen-bradley\/","name":"ENTRENADOR DE MANUFACTURA INTEGRADA POR COMPUTADORA - PLC ALLEN BRADLEY - De Lorenzo Training &amp; Didactical Equipment","isPartOf":{"@id":"https:\/\/delorenzoglobal.com\/es\/#website"},"primaryImageOfPage":{"@id":"https:\/\/delorenzoglobal.com\/es\/producto\/entrenador-de-manufactura-integrada-por-computadora-plc-allen-bradley\/#primaryimage"},"image":{"@id":"https:\/\/delorenzoglobal.com\/es\/producto\/entrenador-de-manufactura-integrada-por-computadora-plc-allen-bradley\/#primaryimage"},"thumbnailUrl":"https:\/\/delorenzoglobal.com\/wp-content\/uploads\/2024\/04\/CIM-A-scaled.jpg","datePublished":"2024-04-08T13:52:35+00:00","dateModified":"2025-04-14T07:03:35+00:00","breadcrumb":{"@id":"https:\/\/delorenzoglobal.com\/es\/producto\/entrenador-de-manufactura-integrada-por-computadora-plc-allen-bradley\/#breadcrumb"},"inLanguage":"es","potentialAction":[{"@type":"ReadAction","target":["https:\/\/delorenzoglobal.com\/es\/producto\/entrenador-de-manufactura-integrada-por-computadora-plc-allen-bradley\/"]}]},{"@type":"ImageObject","inLanguage":"es","@id":"https:\/\/delorenzoglobal.com\/es\/producto\/entrenador-de-manufactura-integrada-por-computadora-plc-allen-bradley\/#primaryimage","url":"https:\/\/delorenzoglobal.com\/wp-content\/uploads\/2024\/04\/CIM-A-scaled.jpg","contentUrl":"https:\/\/delorenzoglobal.com\/wp-content\/uploads\/2024\/04\/CIM-A-scaled.jpg","width":2560,"height":2257},{"@type":"BreadcrumbList","@id":"https:\/\/delorenzoglobal.com\/es\/producto\/entrenador-de-manufactura-integrada-por-computadora-plc-allen-bradley\/#breadcrumb","itemListElement":[{"@type":"ListItem","position":1,"name":"Home","item":"https:\/\/delorenzoglobal.com\/es\/"},{"@type":"ListItem","position":2,"name":"Tienda","item":"https:\/\/delorenzoglobal.com\/es\/tienda\/"},{"@type":"ListItem","position":3,"name":"ENTRENADOR DE MANUFACTURA INTEGRADA POR COMPUTADORA &#8211; PLC ALLEN BRADLEY"}]},{"@type":"WebSite","@id":"https:\/\/delorenzoglobal.com\/es\/#website","url":"https:\/\/delorenzoglobal.com\/es\/","name":"De Lorenzo Training &amp; Didactical Equipment","description":"","potentialAction":[{"@type":"SearchAction","target":{"@type":"EntryPoint","urlTemplate":"https:\/\/delorenzoglobal.com\/es\/?s={search_term_string}"},"query-input":{"@type":"PropertyValueSpecification","valueRequired":true,"valueName":"search_term_string"}}],"inLanguage":"es"}]}},"_links":{"self":[{"href":"https:\/\/delorenzoglobal.com\/es\/wp-json\/wp\/v2\/product\/856","targetHints":{"allow":["GET"]}}],"collection":[{"href":"https:\/\/delorenzoglobal.com\/es\/wp-json\/wp\/v2\/product"}],"about":[{"href":"https:\/\/delorenzoglobal.com\/es\/wp-json\/wp\/v2\/types\/product"}],"wp:featuredmedia":[{"embeddable":true,"href":"https:\/\/delorenzoglobal.com\/es\/wp-json\/wp\/v2\/media\/743"}],"wp:attachment":[{"href":"https:\/\/delorenzoglobal.com\/es\/wp-json\/wp\/v2\/media?parent=856"}],"wp:term":[{"taxonomy":"product_brand","embeddable":true,"href":"https:\/\/delorenzoglobal.com\/es\/wp-json\/wp\/v2\/product_brand?post=856"},{"taxonomy":"product_cat","embeddable":true,"href":"https:\/\/delorenzoglobal.com\/es\/wp-json\/wp\/v2\/product_cat?post=856"},{"taxonomy":"product_tag","embeddable":true,"href":"https:\/\/delorenzoglobal.com\/es\/wp-json\/wp\/v2\/product_tag?post=856"}],"curies":[{"name":"wp","href":"https:\/\/api.w.org\/{rel}","templated":true}]}}