{"id":8483,"date":"2024-04-17T10:16:26","date_gmt":"2024-04-17T08:16:26","guid":{"rendered":"https:\/\/delorenzoglobal.com\/?post_type=product&#038;p=8483"},"modified":"2025-01-28T11:31:02","modified_gmt":"2025-01-28T10:31:02","slug":"kit-para-el-montaje-de-2-transformadores","status":"publish","type":"product","link":"https:\/\/delorenzoglobal.com\/es\/producto\/kit-para-el-montaje-de-2-transformadores\/","title":{"rendered":"KIT PARA EL MONTAJE DE 2 TRANSFORMADORES"},"content":{"rendered":"<p>El kit viene completo de un n\u00facleo magn\u00e9tico, carretes y partes mec\u00e1nicas, excluyendo el cobre, para la construcci\u00f3n de 2 transformadores:<\/p>\n<p>\u2022 monof\u00e1sico, 1000 VA, 220\/380 V<\/p>\n<p>\u2022 trif\u00e1sico, 1000 VA, 220\/380 V<\/p>\n","protected":false},"excerpt":{"rendered":"<p>El kit viene completo de un n\u00facleo magn\u00e9tico, carretes y partes mec\u00e1nicas, excluyendo el cobre, para la construcci\u00f3n de 2 transformadores: \u2022 monof\u00e1sico, 1000 VA, 220\/380 V \u2022 trif\u00e1sico, 1000 VA, 220\/380 V<\/p>\n","protected":false},"featured_media":8443,"template":"","meta":{"_acf_changed":false},"product_brand":[],"product_cat":[314],"product_tag":[],"class_list":{"0":"post-8483","1":"product","2":"type-product","3":"status-publish","4":"has-post-thumbnail","6":"product_cat-construcciones-electromecanicas","8":"first","9":"instock","10":"shipping-taxable","11":"product-type-simple"},"acf":[],"yoast_head":"<!-- This site is optimized with the Yoast SEO plugin v27.0 - https:\/\/yoast.com\/product\/yoast-seo-wordpress\/ -->\n<title>KIT PARA EL MONTAJE DE 2 TRANSFORMADORES - De Lorenzo Training &amp; Didactical Equipment<\/title>\n<meta name=\"robots\" content=\"index, follow, max-snippet:-1, max-image-preview:large, max-video-preview:-1\" \/>\n<link rel=\"canonical\" href=\"https:\/\/delorenzoglobal.com\/es\/producto\/kit-para-el-montaje-de-2-transformadores\/\" \/>\n<meta property=\"og:locale\" content=\"es_ES\" \/>\n<meta property=\"og:type\" content=\"article\" \/>\n<meta property=\"og:title\" content=\"KIT PARA EL MONTAJE DE 2 TRANSFORMADORES - De Lorenzo Training &amp; Didactical Equipment\" \/>\n<meta property=\"og:description\" content=\"El kit viene completo de un n\u00facleo magn\u00e9tico, carretes y partes mec\u00e1nicas, excluyendo el cobre, para la construcci\u00f3n de 2 transformadores: \u2022 monof\u00e1sico, 1000 VA, 220\/380 V \u2022 trif\u00e1sico, 1000 VA, 220\/380 V\" \/>\n<meta property=\"og:url\" content=\"https:\/\/delorenzoglobal.com\/es\/producto\/kit-para-el-montaje-de-2-transformadores\/\" \/>\n<meta property=\"og:site_name\" content=\"De Lorenzo Training &amp; Didactical Equipment\" \/>\n<meta property=\"article:modified_time\" content=\"2025-01-28T10:31:02+00:00\" \/>\n<meta property=\"og:image\" content=\"https:\/\/delorenzoglobal.com\/wp-content\/uploads\/2024\/04\/DL-2106.png\" \/>\n\t<meta property=\"og:image:width\" content=\"652\" \/>\n\t<meta property=\"og:image:height\" content=\"346\" \/>\n\t<meta property=\"og:image:type\" content=\"image\/png\" \/>\n<meta name=\"twitter:card\" content=\"summary_large_image\" \/>\n<meta name=\"twitter:label1\" content=\"Tiempo de lectura\" \/>\n\t<meta name=\"twitter:data1\" content=\"1 minuto\" \/>\n<script type=\"application\/ld+json\" class=\"yoast-schema-graph\">{\"@context\":\"https:\/\/schema.org\",\"@graph\":[{\"@type\":\"WebPage\",\"@id\":\"https:\/\/delorenzoglobal.com\/es\/producto\/kit-para-el-montaje-de-2-transformadores\/\",\"url\":\"https:\/\/delorenzoglobal.com\/es\/producto\/kit-para-el-montaje-de-2-transformadores\/\",\"name\":\"KIT PARA EL MONTAJE DE 2 TRANSFORMADORES - De Lorenzo Training &amp; Didactical Equipment\",\"isPartOf\":{\"@id\":\"https:\/\/delorenzoglobal.com\/es\/#website\"},\"primaryImageOfPage\":{\"@id\":\"https:\/\/delorenzoglobal.com\/es\/producto\/kit-para-el-montaje-de-2-transformadores\/#primaryimage\"},\"image\":{\"@id\":\"https:\/\/delorenzoglobal.com\/es\/producto\/kit-para-el-montaje-de-2-transformadores\/#primaryimage\"},\"thumbnailUrl\":\"https:\/\/delorenzoglobal.com\/wp-content\/uploads\/2024\/04\/DL-2106.png\",\"datePublished\":\"2024-04-17T08:16:26+00:00\",\"dateModified\":\"2025-01-28T10:31:02+00:00\",\"breadcrumb\":{\"@id\":\"https:\/\/delorenzoglobal.com\/es\/producto\/kit-para-el-montaje-de-2-transformadores\/#breadcrumb\"},\"inLanguage\":\"es\",\"potentialAction\":[{\"@type\":\"ReadAction\",\"target\":[\"https:\/\/delorenzoglobal.com\/es\/producto\/kit-para-el-montaje-de-2-transformadores\/\"]}]},{\"@type\":\"ImageObject\",\"inLanguage\":\"es\",\"@id\":\"https:\/\/delorenzoglobal.com\/es\/producto\/kit-para-el-montaje-de-2-transformadores\/#primaryimage\",\"url\":\"https:\/\/delorenzoglobal.com\/wp-content\/uploads\/2024\/04\/DL-2106.png\",\"contentUrl\":\"https:\/\/delorenzoglobal.com\/wp-content\/uploads\/2024\/04\/DL-2106.png\",\"width\":652,\"height\":346},{\"@type\":\"BreadcrumbList\",\"@id\":\"https:\/\/delorenzoglobal.com\/es\/producto\/kit-para-el-montaje-de-2-transformadores\/#breadcrumb\",\"itemListElement\":[{\"@type\":\"ListItem\",\"position\":1,\"name\":\"Home\",\"item\":\"https:\/\/delorenzoglobal.com\/es\/\"},{\"@type\":\"ListItem\",\"position\":2,\"name\":\"Tienda\",\"item\":\"https:\/\/delorenzoglobal.com\/es\/tienda\/\"},{\"@type\":\"ListItem\",\"position\":3,\"name\":\"KIT PARA EL MONTAJE DE 2 TRANSFORMADORES\"}]},{\"@type\":\"WebSite\",\"@id\":\"https:\/\/delorenzoglobal.com\/es\/#website\",\"url\":\"https:\/\/delorenzoglobal.com\/es\/\",\"name\":\"De Lorenzo Training &amp; Didactical Equipment\",\"description\":\"\",\"potentialAction\":[{\"@type\":\"SearchAction\",\"target\":{\"@type\":\"EntryPoint\",\"urlTemplate\":\"https:\/\/delorenzoglobal.com\/es\/?s={search_term_string}\"},\"query-input\":{\"@type\":\"PropertyValueSpecification\",\"valueRequired\":true,\"valueName\":\"search_term_string\"}}],\"inLanguage\":\"es\"}]}<\/script>\n<!-- \/ Yoast SEO plugin. -->","yoast_head_json":{"title":"KIT PARA EL MONTAJE DE 2 TRANSFORMADORES - De Lorenzo Training &amp; Didactical Equipment","robots":{"index":"index","follow":"follow","max-snippet":"max-snippet:-1","max-image-preview":"max-image-preview:large","max-video-preview":"max-video-preview:-1"},"canonical":"https:\/\/delorenzoglobal.com\/es\/producto\/kit-para-el-montaje-de-2-transformadores\/","og_locale":"es_ES","og_type":"article","og_title":"KIT PARA EL MONTAJE DE 2 TRANSFORMADORES - De Lorenzo Training &amp; Didactical Equipment","og_description":"El kit viene completo de un n\u00facleo magn\u00e9tico, carretes y partes mec\u00e1nicas, excluyendo el cobre, para la construcci\u00f3n de 2 transformadores: \u2022 monof\u00e1sico, 1000 VA, 220\/380 V \u2022 trif\u00e1sico, 1000 VA, 220\/380 V","og_url":"https:\/\/delorenzoglobal.com\/es\/producto\/kit-para-el-montaje-de-2-transformadores\/","og_site_name":"De Lorenzo Training &amp; Didactical Equipment","article_modified_time":"2025-01-28T10:31:02+00:00","og_image":[{"width":652,"height":346,"url":"https:\/\/delorenzoglobal.com\/wp-content\/uploads\/2024\/04\/DL-2106.png","type":"image\/png"}],"twitter_card":"summary_large_image","twitter_misc":{"Tiempo de lectura":"1 minuto"},"schema":{"@context":"https:\/\/schema.org","@graph":[{"@type":"WebPage","@id":"https:\/\/delorenzoglobal.com\/es\/producto\/kit-para-el-montaje-de-2-transformadores\/","url":"https:\/\/delorenzoglobal.com\/es\/producto\/kit-para-el-montaje-de-2-transformadores\/","name":"KIT PARA EL MONTAJE DE 2 TRANSFORMADORES - De Lorenzo Training &amp; Didactical Equipment","isPartOf":{"@id":"https:\/\/delorenzoglobal.com\/es\/#website"},"primaryImageOfPage":{"@id":"https:\/\/delorenzoglobal.com\/es\/producto\/kit-para-el-montaje-de-2-transformadores\/#primaryimage"},"image":{"@id":"https:\/\/delorenzoglobal.com\/es\/producto\/kit-para-el-montaje-de-2-transformadores\/#primaryimage"},"thumbnailUrl":"https:\/\/delorenzoglobal.com\/wp-content\/uploads\/2024\/04\/DL-2106.png","datePublished":"2024-04-17T08:16:26+00:00","dateModified":"2025-01-28T10:31:02+00:00","breadcrumb":{"@id":"https:\/\/delorenzoglobal.com\/es\/producto\/kit-para-el-montaje-de-2-transformadores\/#breadcrumb"},"inLanguage":"es","potentialAction":[{"@type":"ReadAction","target":["https:\/\/delorenzoglobal.com\/es\/producto\/kit-para-el-montaje-de-2-transformadores\/"]}]},{"@type":"ImageObject","inLanguage":"es","@id":"https:\/\/delorenzoglobal.com\/es\/producto\/kit-para-el-montaje-de-2-transformadores\/#primaryimage","url":"https:\/\/delorenzoglobal.com\/wp-content\/uploads\/2024\/04\/DL-2106.png","contentUrl":"https:\/\/delorenzoglobal.com\/wp-content\/uploads\/2024\/04\/DL-2106.png","width":652,"height":346},{"@type":"BreadcrumbList","@id":"https:\/\/delorenzoglobal.com\/es\/producto\/kit-para-el-montaje-de-2-transformadores\/#breadcrumb","itemListElement":[{"@type":"ListItem","position":1,"name":"Home","item":"https:\/\/delorenzoglobal.com\/es\/"},{"@type":"ListItem","position":2,"name":"Tienda","item":"https:\/\/delorenzoglobal.com\/es\/tienda\/"},{"@type":"ListItem","position":3,"name":"KIT PARA EL MONTAJE DE 2 TRANSFORMADORES"}]},{"@type":"WebSite","@id":"https:\/\/delorenzoglobal.com\/es\/#website","url":"https:\/\/delorenzoglobal.com\/es\/","name":"De Lorenzo Training &amp; Didactical Equipment","description":"","potentialAction":[{"@type":"SearchAction","target":{"@type":"EntryPoint","urlTemplate":"https:\/\/delorenzoglobal.com\/es\/?s={search_term_string}"},"query-input":{"@type":"PropertyValueSpecification","valueRequired":true,"valueName":"search_term_string"}}],"inLanguage":"es"}]}},"_links":{"self":[{"href":"https:\/\/delorenzoglobal.com\/es\/wp-json\/wp\/v2\/product\/8483","targetHints":{"allow":["GET"]}}],"collection":[{"href":"https:\/\/delorenzoglobal.com\/es\/wp-json\/wp\/v2\/product"}],"about":[{"href":"https:\/\/delorenzoglobal.com\/es\/wp-json\/wp\/v2\/types\/product"}],"wp:featuredmedia":[{"embeddable":true,"href":"https:\/\/delorenzoglobal.com\/es\/wp-json\/wp\/v2\/media\/8443"}],"wp:attachment":[{"href":"https:\/\/delorenzoglobal.com\/es\/wp-json\/wp\/v2\/media?parent=8483"}],"wp:term":[{"taxonomy":"product_brand","embeddable":true,"href":"https:\/\/delorenzoglobal.com\/es\/wp-json\/wp\/v2\/product_brand?post=8483"},{"taxonomy":"product_cat","embeddable":true,"href":"https:\/\/delorenzoglobal.com\/es\/wp-json\/wp\/v2\/product_cat?post=8483"},{"taxonomy":"product_tag","embeddable":true,"href":"https:\/\/delorenzoglobal.com\/es\/wp-json\/wp\/v2\/product_tag?post=8483"}],"curies":[{"name":"wp","href":"https:\/\/api.w.org\/{rel}","templated":true}]}}