{"id":8281,"date":"2024-04-17T09:30:18","date_gmt":"2024-04-17T07:30:18","guid":{"rendered":"https:\/\/delorenzoglobal.com\/?post_type=product&#038;p=8281"},"modified":"2026-03-03T10:55:08","modified_gmt":"2026-03-03T09:55:08","slug":"bobinadora-para-motores","status":"publish","type":"product","link":"https:\/\/delorenzoglobal.com\/es\/producto\/bobinadora-para-motores\/","title":{"rendered":"BOBINADORA PARA MOTORES"},"content":{"rendered":"<p>Enrollamientos:<\/p>\n<ul>\n<li>\u00a0Bobina para motores<\/li>\n<\/ul>\n<p>Hilos:<\/p>\n<ul>\n<li>Di\u00e1metro minimo: 0.1 mm.<\/li>\n<li>Di\u00e1metro m\u00e1ximo: 2.0 mm.<\/li>\n<\/ul>\n<p>Bobinas:<\/p>\n<ul>\n<li>\u00a0Di\u00e1metro m\u00e1ximo de las bobinas: 180 mm.<\/li>\n<li>\u00a0Largo m\u00e1ximo de las bobinas: 200 mm.<\/li>\n<\/ul>\n<p>Motor:<\/p>\n<ul>\n<li>\u00a0Motor trifasico con freno, 0.75 kW<\/li>\n<\/ul>\n<p>Modos de bobinado:<br \/>\nAutom\u00e1tico y manual Dimensiones: 700 x 700 x 1700 (h) mm<\/p>\n","protected":false},"excerpt":{"rendered":"<p>Enrollamientos: \u00a0Bobina para motores Hilos: Di\u00e1metro minimo: 0.1 mm. Di\u00e1metro m\u00e1ximo: 2.0 mm. Bobinas: \u00a0Di\u00e1metro m\u00e1ximo de las bobinas: 180 mm. \u00a0Largo m\u00e1ximo de las bobinas: 200 mm. Motor: \u00a0Motor trifasico con freno, 0.75 kW Modos de bobinado: Autom\u00e1tico y manual Dimensiones: 700 x 700 x 1700 (h) mm<\/p>\n","protected":false},"featured_media":68917,"template":"","meta":{"_acf_changed":false},"product_brand":[],"product_cat":[314],"product_tag":[],"class_list":{"0":"post-8281","1":"product","2":"type-product","3":"status-publish","4":"has-post-thumbnail","6":"product_cat-construcciones-electromecanicas","8":"first","9":"instock","10":"shipping-taxable","11":"product-type-simple"},"acf":[],"yoast_head":"<!-- This site is optimized with the Yoast SEO plugin v27.0 - https:\/\/yoast.com\/product\/yoast-seo-wordpress\/ -->\n<title>BOBINADORA PARA MOTORES - De Lorenzo Training &amp; Didactical Equipment<\/title>\n<meta name=\"robots\" content=\"index, follow, max-snippet:-1, max-image-preview:large, max-video-preview:-1\" \/>\n<link rel=\"canonical\" href=\"https:\/\/delorenzoglobal.com\/es\/producto\/bobinadora-para-motores\/\" \/>\n<meta property=\"og:locale\" content=\"es_ES\" \/>\n<meta property=\"og:type\" content=\"article\" \/>\n<meta property=\"og:title\" content=\"BOBINADORA PARA MOTORES - De Lorenzo Training &amp; Didactical Equipment\" \/>\n<meta property=\"og:description\" content=\"Enrollamientos: \u00a0Bobina para motores Hilos: Di\u00e1metro minimo: 0.1 mm. Di\u00e1metro m\u00e1ximo: 2.0 mm. Bobinas: \u00a0Di\u00e1metro m\u00e1ximo de las bobinas: 180 mm. \u00a0Largo m\u00e1ximo de las bobinas: 200 mm. Motor: \u00a0Motor trifasico con freno, 0.75 kW Modos de bobinado: Autom\u00e1tico y manual Dimensiones: 700 x 700 x 1700 (h) mm\" \/>\n<meta property=\"og:url\" content=\"https:\/\/delorenzoglobal.com\/es\/producto\/bobinadora-para-motores\/\" \/>\n<meta property=\"og:site_name\" content=\"De Lorenzo Training &amp; Didactical Equipment\" \/>\n<meta property=\"article:modified_time\" content=\"2026-03-03T09:55:08+00:00\" \/>\n<meta property=\"og:image\" content=\"https:\/\/delorenzoglobal.com\/wp-content\/uploads\/2024\/04\/DL-1012Z-3.jpg\" \/>\n\t<meta property=\"og:image:width\" content=\"405\" \/>\n\t<meta property=\"og:image:height\" content=\"630\" \/>\n\t<meta property=\"og:image:type\" content=\"image\/jpeg\" \/>\n<meta name=\"twitter:card\" content=\"summary_large_image\" \/>\n<meta name=\"twitter:label1\" content=\"Tiempo de lectura\" \/>\n\t<meta name=\"twitter:data1\" content=\"1 minuto\" \/>\n<script type=\"application\/ld+json\" class=\"yoast-schema-graph\">{\"@context\":\"https:\/\/schema.org\",\"@graph\":[{\"@type\":\"WebPage\",\"@id\":\"https:\/\/delorenzoglobal.com\/es\/producto\/bobinadora-para-motores\/\",\"url\":\"https:\/\/delorenzoglobal.com\/es\/producto\/bobinadora-para-motores\/\",\"name\":\"BOBINADORA PARA MOTORES - De Lorenzo Training &amp; Didactical Equipment\",\"isPartOf\":{\"@id\":\"https:\/\/delorenzoglobal.com\/es\/#website\"},\"primaryImageOfPage\":{\"@id\":\"https:\/\/delorenzoglobal.com\/es\/producto\/bobinadora-para-motores\/#primaryimage\"},\"image\":{\"@id\":\"https:\/\/delorenzoglobal.com\/es\/producto\/bobinadora-para-motores\/#primaryimage\"},\"thumbnailUrl\":\"https:\/\/delorenzoglobal.com\/wp-content\/uploads\/2024\/04\/DL-1012Z-7.jpg\",\"datePublished\":\"2024-04-17T07:30:18+00:00\",\"dateModified\":\"2026-03-03T09:55:08+00:00\",\"breadcrumb\":{\"@id\":\"https:\/\/delorenzoglobal.com\/es\/producto\/bobinadora-para-motores\/#breadcrumb\"},\"inLanguage\":\"es\",\"potentialAction\":[{\"@type\":\"ReadAction\",\"target\":[\"https:\/\/delorenzoglobal.com\/es\/producto\/bobinadora-para-motores\/\"]}]},{\"@type\":\"ImageObject\",\"inLanguage\":\"es\",\"@id\":\"https:\/\/delorenzoglobal.com\/es\/producto\/bobinadora-para-motores\/#primaryimage\",\"url\":\"https:\/\/delorenzoglobal.com\/wp-content\/uploads\/2024\/04\/DL-1012Z-7.jpg\",\"contentUrl\":\"https:\/\/delorenzoglobal.com\/wp-content\/uploads\/2024\/04\/DL-1012Z-7.jpg\",\"width\":1092,\"height\":1159},{\"@type\":\"BreadcrumbList\",\"@id\":\"https:\/\/delorenzoglobal.com\/es\/producto\/bobinadora-para-motores\/#breadcrumb\",\"itemListElement\":[{\"@type\":\"ListItem\",\"position\":1,\"name\":\"Home\",\"item\":\"https:\/\/delorenzoglobal.com\/es\/\"},{\"@type\":\"ListItem\",\"position\":2,\"name\":\"Tienda\",\"item\":\"https:\/\/delorenzoglobal.com\/es\/tienda\/\"},{\"@type\":\"ListItem\",\"position\":3,\"name\":\"BOBINADORA PARA MOTORES\"}]},{\"@type\":\"WebSite\",\"@id\":\"https:\/\/delorenzoglobal.com\/es\/#website\",\"url\":\"https:\/\/delorenzoglobal.com\/es\/\",\"name\":\"De Lorenzo Training &amp; Didactical Equipment\",\"description\":\"\",\"potentialAction\":[{\"@type\":\"SearchAction\",\"target\":{\"@type\":\"EntryPoint\",\"urlTemplate\":\"https:\/\/delorenzoglobal.com\/es\/?s={search_term_string}\"},\"query-input\":{\"@type\":\"PropertyValueSpecification\",\"valueRequired\":true,\"valueName\":\"search_term_string\"}}],\"inLanguage\":\"es\"}]}<\/script>\n<!-- \/ Yoast SEO plugin. -->","yoast_head_json":{"title":"BOBINADORA PARA MOTORES - De Lorenzo Training &amp; Didactical Equipment","robots":{"index":"index","follow":"follow","max-snippet":"max-snippet:-1","max-image-preview":"max-image-preview:large","max-video-preview":"max-video-preview:-1"},"canonical":"https:\/\/delorenzoglobal.com\/es\/producto\/bobinadora-para-motores\/","og_locale":"es_ES","og_type":"article","og_title":"BOBINADORA PARA MOTORES - De Lorenzo Training &amp; Didactical Equipment","og_description":"Enrollamientos: \u00a0Bobina para motores Hilos: Di\u00e1metro minimo: 0.1 mm. Di\u00e1metro m\u00e1ximo: 2.0 mm. Bobinas: \u00a0Di\u00e1metro m\u00e1ximo de las bobinas: 180 mm. \u00a0Largo m\u00e1ximo de las bobinas: 200 mm. Motor: \u00a0Motor trifasico con freno, 0.75 kW Modos de bobinado: Autom\u00e1tico y manual Dimensiones: 700 x 700 x 1700 (h) mm","og_url":"https:\/\/delorenzoglobal.com\/es\/producto\/bobinadora-para-motores\/","og_site_name":"De Lorenzo Training &amp; Didactical Equipment","article_modified_time":"2026-03-03T09:55:08+00:00","og_image":[{"width":405,"height":630,"url":"https:\/\/delorenzoglobal.com\/wp-content\/uploads\/2024\/04\/DL-1012Z-3.jpg","type":"image\/jpeg"}],"twitter_card":"summary_large_image","twitter_misc":{"Tiempo de lectura":"1 minuto"},"schema":{"@context":"https:\/\/schema.org","@graph":[{"@type":"WebPage","@id":"https:\/\/delorenzoglobal.com\/es\/producto\/bobinadora-para-motores\/","url":"https:\/\/delorenzoglobal.com\/es\/producto\/bobinadora-para-motores\/","name":"BOBINADORA PARA MOTORES - De Lorenzo Training &amp; Didactical Equipment","isPartOf":{"@id":"https:\/\/delorenzoglobal.com\/es\/#website"},"primaryImageOfPage":{"@id":"https:\/\/delorenzoglobal.com\/es\/producto\/bobinadora-para-motores\/#primaryimage"},"image":{"@id":"https:\/\/delorenzoglobal.com\/es\/producto\/bobinadora-para-motores\/#primaryimage"},"thumbnailUrl":"https:\/\/delorenzoglobal.com\/wp-content\/uploads\/2024\/04\/DL-1012Z-7.jpg","datePublished":"2024-04-17T07:30:18+00:00","dateModified":"2026-03-03T09:55:08+00:00","breadcrumb":{"@id":"https:\/\/delorenzoglobal.com\/es\/producto\/bobinadora-para-motores\/#breadcrumb"},"inLanguage":"es","potentialAction":[{"@type":"ReadAction","target":["https:\/\/delorenzoglobal.com\/es\/producto\/bobinadora-para-motores\/"]}]},{"@type":"ImageObject","inLanguage":"es","@id":"https:\/\/delorenzoglobal.com\/es\/producto\/bobinadora-para-motores\/#primaryimage","url":"https:\/\/delorenzoglobal.com\/wp-content\/uploads\/2024\/04\/DL-1012Z-7.jpg","contentUrl":"https:\/\/delorenzoglobal.com\/wp-content\/uploads\/2024\/04\/DL-1012Z-7.jpg","width":1092,"height":1159},{"@type":"BreadcrumbList","@id":"https:\/\/delorenzoglobal.com\/es\/producto\/bobinadora-para-motores\/#breadcrumb","itemListElement":[{"@type":"ListItem","position":1,"name":"Home","item":"https:\/\/delorenzoglobal.com\/es\/"},{"@type":"ListItem","position":2,"name":"Tienda","item":"https:\/\/delorenzoglobal.com\/es\/tienda\/"},{"@type":"ListItem","position":3,"name":"BOBINADORA PARA MOTORES"}]},{"@type":"WebSite","@id":"https:\/\/delorenzoglobal.com\/es\/#website","url":"https:\/\/delorenzoglobal.com\/es\/","name":"De Lorenzo Training &amp; Didactical Equipment","description":"","potentialAction":[{"@type":"SearchAction","target":{"@type":"EntryPoint","urlTemplate":"https:\/\/delorenzoglobal.com\/es\/?s={search_term_string}"},"query-input":{"@type":"PropertyValueSpecification","valueRequired":true,"valueName":"search_term_string"}}],"inLanguage":"es"}]}},"_links":{"self":[{"href":"https:\/\/delorenzoglobal.com\/es\/wp-json\/wp\/v2\/product\/8281","targetHints":{"allow":["GET"]}}],"collection":[{"href":"https:\/\/delorenzoglobal.com\/es\/wp-json\/wp\/v2\/product"}],"about":[{"href":"https:\/\/delorenzoglobal.com\/es\/wp-json\/wp\/v2\/types\/product"}],"wp:featuredmedia":[{"embeddable":true,"href":"https:\/\/delorenzoglobal.com\/es\/wp-json\/wp\/v2\/media\/68917"}],"wp:attachment":[{"href":"https:\/\/delorenzoglobal.com\/es\/wp-json\/wp\/v2\/media?parent=8281"}],"wp:term":[{"taxonomy":"product_brand","embeddable":true,"href":"https:\/\/delorenzoglobal.com\/es\/wp-json\/wp\/v2\/product_brand?post=8281"},{"taxonomy":"product_cat","embeddable":true,"href":"https:\/\/delorenzoglobal.com\/es\/wp-json\/wp\/v2\/product_cat?post=8281"},{"taxonomy":"product_tag","embeddable":true,"href":"https:\/\/delorenzoglobal.com\/es\/wp-json\/wp\/v2\/product_tag?post=8281"}],"curies":[{"name":"wp","href":"https:\/\/api.w.org\/{rel}","templated":true}]}}