{"id":7913,"date":"2024-04-16T15:43:00","date_gmt":"2024-04-16T13:43:00","guid":{"rendered":"https:\/\/delorenzoglobal.com\/?post_type=product&#038;p=7913"},"modified":"2025-01-29T09:41:41","modified_gmt":"2025-01-29T08:41:41","slug":"componentes-y-circuitos-electronicos-en-el-vehiculo","status":"publish","type":"product","link":"https:\/\/delorenzoglobal.com\/es\/producto\/componentes-y-circuitos-electronicos-en-el-vehiculo\/","title":{"rendered":"COMPONENTES Y CIRCUITOS ELECTRONICOS EN EL VEHICULO"},"content":{"rendered":"<p>El dise\u00f1o y la construcci\u00f3n de circuitos electronicos para resolver problemas pr\u00e1cticos es una t\u00e9cnica esencial en el campo de la ingenier\u00eda electr\u00f3nica y la ingenier\u00eda inform\u00e1tica.<\/p>\n<p>Con esta tarjeta los estudiantes pueden estudiar y analizar los componentes el\u00e9ctricos y los circuitos utilizados en los autom\u00f3viles modernos.<\/p>\n","protected":false},"excerpt":{"rendered":"<p>El dise\u00f1o y la construcci\u00f3n de circuitos electronicos para resolver problemas pr\u00e1cticos es una t\u00e9cnica esencial en el campo de la ingenier\u00eda electr\u00f3nica y la ingenier\u00eda inform\u00e1tica. Con esta tarjeta los estudiantes pueden estudiar y analizar los componentes el\u00e9ctricos y los circuitos utilizados en los autom\u00f3viles modernos.<\/p>\n","protected":false},"featured_media":7902,"template":"","meta":{"_acf_changed":false},"product_brand":[],"product_cat":[356],"product_tag":[],"class_list":{"0":"post-7913","1":"product","2":"type-product","3":"status-publish","4":"has-post-thumbnail","6":"product_cat-sistema-de-plataforma-time-es","8":"first","9":"instock","10":"shipping-taxable","11":"product-type-simple"},"acf":[],"yoast_head":"<!-- This site is optimized with the Yoast SEO plugin v27.0 - https:\/\/yoast.com\/product\/yoast-seo-wordpress\/ -->\n<title>COMPONENTES Y CIRCUITOS ELECTRONICOS EN EL VEHICULO - De Lorenzo Training &amp; Didactical Equipment<\/title>\n<meta name=\"robots\" content=\"index, follow, max-snippet:-1, max-image-preview:large, max-video-preview:-1\" \/>\n<link rel=\"canonical\" href=\"https:\/\/delorenzoglobal.com\/es\/producto\/componentes-y-circuitos-electronicos-en-el-vehiculo\/\" \/>\n<meta property=\"og:locale\" content=\"es_ES\" \/>\n<meta property=\"og:type\" content=\"article\" \/>\n<meta property=\"og:title\" content=\"COMPONENTES Y CIRCUITOS ELECTRONICOS EN EL VEHICULO - De Lorenzo Training &amp; Didactical Equipment\" \/>\n<meta property=\"og:description\" content=\"El dise\u00f1o y la construcci\u00f3n de circuitos electronicos para resolver problemas pr\u00e1cticos es una t\u00e9cnica esencial en el campo de la ingenier\u00eda electr\u00f3nica y la ingenier\u00eda inform\u00e1tica. Con esta tarjeta los estudiantes pueden estudiar y analizar los componentes el\u00e9ctricos y los circuitos utilizados en los autom\u00f3viles modernos.\" \/>\n<meta property=\"og:url\" content=\"https:\/\/delorenzoglobal.com\/es\/producto\/componentes-y-circuitos-electronicos-en-el-vehiculo\/\" \/>\n<meta property=\"og:site_name\" content=\"De Lorenzo Training &amp; Didactical Equipment\" \/>\n<meta property=\"article:modified_time\" content=\"2025-01-29T08:41:41+00:00\" \/>\n<meta property=\"og:image\" content=\"https:\/\/delorenzoglobal.com\/wp-content\/uploads\/2024\/04\/DL-3155A01.jpg\" \/>\n\t<meta property=\"og:image:width\" content=\"1808\" \/>\n\t<meta property=\"og:image:height\" content=\"1582\" \/>\n\t<meta property=\"og:image:type\" content=\"image\/jpeg\" \/>\n<meta name=\"twitter:card\" content=\"summary_large_image\" \/>\n<meta name=\"twitter:label1\" content=\"Tiempo de lectura\" \/>\n\t<meta name=\"twitter:data1\" content=\"1 minuto\" \/>\n<script type=\"application\/ld+json\" class=\"yoast-schema-graph\">{\"@context\":\"https:\/\/schema.org\",\"@graph\":[{\"@type\":\"WebPage\",\"@id\":\"https:\/\/delorenzoglobal.com\/es\/producto\/componentes-y-circuitos-electronicos-en-el-vehiculo\/\",\"url\":\"https:\/\/delorenzoglobal.com\/es\/producto\/componentes-y-circuitos-electronicos-en-el-vehiculo\/\",\"name\":\"COMPONENTES Y CIRCUITOS ELECTRONICOS EN EL VEHICULO - De Lorenzo Training &amp; Didactical Equipment\",\"isPartOf\":{\"@id\":\"https:\/\/delorenzoglobal.com\/es\/#website\"},\"primaryImageOfPage\":{\"@id\":\"https:\/\/delorenzoglobal.com\/es\/producto\/componentes-y-circuitos-electronicos-en-el-vehiculo\/#primaryimage\"},\"image\":{\"@id\":\"https:\/\/delorenzoglobal.com\/es\/producto\/componentes-y-circuitos-electronicos-en-el-vehiculo\/#primaryimage\"},\"thumbnailUrl\":\"https:\/\/delorenzoglobal.com\/wp-content\/uploads\/2024\/04\/DL-3155A01.jpg\",\"datePublished\":\"2024-04-16T13:43:00+00:00\",\"dateModified\":\"2025-01-29T08:41:41+00:00\",\"breadcrumb\":{\"@id\":\"https:\/\/delorenzoglobal.com\/es\/producto\/componentes-y-circuitos-electronicos-en-el-vehiculo\/#breadcrumb\"},\"inLanguage\":\"es\",\"potentialAction\":[{\"@type\":\"ReadAction\",\"target\":[\"https:\/\/delorenzoglobal.com\/es\/producto\/componentes-y-circuitos-electronicos-en-el-vehiculo\/\"]}]},{\"@type\":\"ImageObject\",\"inLanguage\":\"es\",\"@id\":\"https:\/\/delorenzoglobal.com\/es\/producto\/componentes-y-circuitos-electronicos-en-el-vehiculo\/#primaryimage\",\"url\":\"https:\/\/delorenzoglobal.com\/wp-content\/uploads\/2024\/04\/DL-3155A01.jpg\",\"contentUrl\":\"https:\/\/delorenzoglobal.com\/wp-content\/uploads\/2024\/04\/DL-3155A01.jpg\",\"width\":1808,\"height\":1582},{\"@type\":\"BreadcrumbList\",\"@id\":\"https:\/\/delorenzoglobal.com\/es\/producto\/componentes-y-circuitos-electronicos-en-el-vehiculo\/#breadcrumb\",\"itemListElement\":[{\"@type\":\"ListItem\",\"position\":1,\"name\":\"Home\",\"item\":\"https:\/\/delorenzoglobal.com\/es\/\"},{\"@type\":\"ListItem\",\"position\":2,\"name\":\"Tienda\",\"item\":\"https:\/\/delorenzoglobal.com\/es\/tienda\/\"},{\"@type\":\"ListItem\",\"position\":3,\"name\":\"COMPONENTES Y CIRCUITOS ELECTRONICOS EN EL VEHICULO\"}]},{\"@type\":\"WebSite\",\"@id\":\"https:\/\/delorenzoglobal.com\/es\/#website\",\"url\":\"https:\/\/delorenzoglobal.com\/es\/\",\"name\":\"De Lorenzo Training &amp; Didactical Equipment\",\"description\":\"\",\"potentialAction\":[{\"@type\":\"SearchAction\",\"target\":{\"@type\":\"EntryPoint\",\"urlTemplate\":\"https:\/\/delorenzoglobal.com\/es\/?s={search_term_string}\"},\"query-input\":{\"@type\":\"PropertyValueSpecification\",\"valueRequired\":true,\"valueName\":\"search_term_string\"}}],\"inLanguage\":\"es\"}]}<\/script>\n<!-- \/ Yoast SEO plugin. -->","yoast_head_json":{"title":"COMPONENTES Y CIRCUITOS ELECTRONICOS EN EL VEHICULO - De Lorenzo Training &amp; Didactical Equipment","robots":{"index":"index","follow":"follow","max-snippet":"max-snippet:-1","max-image-preview":"max-image-preview:large","max-video-preview":"max-video-preview:-1"},"canonical":"https:\/\/delorenzoglobal.com\/es\/producto\/componentes-y-circuitos-electronicos-en-el-vehiculo\/","og_locale":"es_ES","og_type":"article","og_title":"COMPONENTES Y CIRCUITOS ELECTRONICOS EN EL VEHICULO - De Lorenzo Training &amp; Didactical Equipment","og_description":"El dise\u00f1o y la construcci\u00f3n de circuitos electronicos para resolver problemas pr\u00e1cticos es una t\u00e9cnica esencial en el campo de la ingenier\u00eda electr\u00f3nica y la ingenier\u00eda inform\u00e1tica. Con esta tarjeta los estudiantes pueden estudiar y analizar los componentes el\u00e9ctricos y los circuitos utilizados en los autom\u00f3viles modernos.","og_url":"https:\/\/delorenzoglobal.com\/es\/producto\/componentes-y-circuitos-electronicos-en-el-vehiculo\/","og_site_name":"De Lorenzo Training &amp; Didactical Equipment","article_modified_time":"2025-01-29T08:41:41+00:00","og_image":[{"width":1808,"height":1582,"url":"https:\/\/delorenzoglobal.com\/wp-content\/uploads\/2024\/04\/DL-3155A01.jpg","type":"image\/jpeg"}],"twitter_card":"summary_large_image","twitter_misc":{"Tiempo de lectura":"1 minuto"},"schema":{"@context":"https:\/\/schema.org","@graph":[{"@type":"WebPage","@id":"https:\/\/delorenzoglobal.com\/es\/producto\/componentes-y-circuitos-electronicos-en-el-vehiculo\/","url":"https:\/\/delorenzoglobal.com\/es\/producto\/componentes-y-circuitos-electronicos-en-el-vehiculo\/","name":"COMPONENTES Y CIRCUITOS ELECTRONICOS EN EL VEHICULO - De Lorenzo Training &amp; Didactical Equipment","isPartOf":{"@id":"https:\/\/delorenzoglobal.com\/es\/#website"},"primaryImageOfPage":{"@id":"https:\/\/delorenzoglobal.com\/es\/producto\/componentes-y-circuitos-electronicos-en-el-vehiculo\/#primaryimage"},"image":{"@id":"https:\/\/delorenzoglobal.com\/es\/producto\/componentes-y-circuitos-electronicos-en-el-vehiculo\/#primaryimage"},"thumbnailUrl":"https:\/\/delorenzoglobal.com\/wp-content\/uploads\/2024\/04\/DL-3155A01.jpg","datePublished":"2024-04-16T13:43:00+00:00","dateModified":"2025-01-29T08:41:41+00:00","breadcrumb":{"@id":"https:\/\/delorenzoglobal.com\/es\/producto\/componentes-y-circuitos-electronicos-en-el-vehiculo\/#breadcrumb"},"inLanguage":"es","potentialAction":[{"@type":"ReadAction","target":["https:\/\/delorenzoglobal.com\/es\/producto\/componentes-y-circuitos-electronicos-en-el-vehiculo\/"]}]},{"@type":"ImageObject","inLanguage":"es","@id":"https:\/\/delorenzoglobal.com\/es\/producto\/componentes-y-circuitos-electronicos-en-el-vehiculo\/#primaryimage","url":"https:\/\/delorenzoglobal.com\/wp-content\/uploads\/2024\/04\/DL-3155A01.jpg","contentUrl":"https:\/\/delorenzoglobal.com\/wp-content\/uploads\/2024\/04\/DL-3155A01.jpg","width":1808,"height":1582},{"@type":"BreadcrumbList","@id":"https:\/\/delorenzoglobal.com\/es\/producto\/componentes-y-circuitos-electronicos-en-el-vehiculo\/#breadcrumb","itemListElement":[{"@type":"ListItem","position":1,"name":"Home","item":"https:\/\/delorenzoglobal.com\/es\/"},{"@type":"ListItem","position":2,"name":"Tienda","item":"https:\/\/delorenzoglobal.com\/es\/tienda\/"},{"@type":"ListItem","position":3,"name":"COMPONENTES Y CIRCUITOS ELECTRONICOS EN EL VEHICULO"}]},{"@type":"WebSite","@id":"https:\/\/delorenzoglobal.com\/es\/#website","url":"https:\/\/delorenzoglobal.com\/es\/","name":"De Lorenzo Training &amp; Didactical Equipment","description":"","potentialAction":[{"@type":"SearchAction","target":{"@type":"EntryPoint","urlTemplate":"https:\/\/delorenzoglobal.com\/es\/?s={search_term_string}"},"query-input":{"@type":"PropertyValueSpecification","valueRequired":true,"valueName":"search_term_string"}}],"inLanguage":"es"}]}},"_links":{"self":[{"href":"https:\/\/delorenzoglobal.com\/es\/wp-json\/wp\/v2\/product\/7913","targetHints":{"allow":["GET"]}}],"collection":[{"href":"https:\/\/delorenzoglobal.com\/es\/wp-json\/wp\/v2\/product"}],"about":[{"href":"https:\/\/delorenzoglobal.com\/es\/wp-json\/wp\/v2\/types\/product"}],"wp:featuredmedia":[{"embeddable":true,"href":"https:\/\/delorenzoglobal.com\/es\/wp-json\/wp\/v2\/media\/7902"}],"wp:attachment":[{"href":"https:\/\/delorenzoglobal.com\/es\/wp-json\/wp\/v2\/media?parent=7913"}],"wp:term":[{"taxonomy":"product_brand","embeddable":true,"href":"https:\/\/delorenzoglobal.com\/es\/wp-json\/wp\/v2\/product_brand?post=7913"},{"taxonomy":"product_cat","embeddable":true,"href":"https:\/\/delorenzoglobal.com\/es\/wp-json\/wp\/v2\/product_cat?post=7913"},{"taxonomy":"product_tag","embeddable":true,"href":"https:\/\/delorenzoglobal.com\/es\/wp-json\/wp\/v2\/product_tag?post=7913"}],"curies":[{"name":"wp","href":"https:\/\/api.w.org\/{rel}","templated":true}]}}