{"id":7884,"date":"2024-04-16T14:56:29","date_gmt":"2024-04-16T12:56:29","guid":{"rendered":"https:\/\/delorenzoglobal.com\/?post_type=product&#038;p=7884"},"modified":"2025-02-17T09:37:34","modified_gmt":"2025-02-17T08:37:34","slug":"ingenieria-de-energia-electrica","status":"publish","type":"product","link":"https:\/\/delorenzoglobal.com\/es\/producto\/ingenieria-de-energia-electrica\/","title":{"rendered":"INGENIER\u00cdA DE ENERG\u00cdA EL\u00c9CTRICA"},"content":{"rendered":"<p>Los sistemas el\u00e9ctricos modernos han crecido y se han expandido geogr\u00e1ficamente haci\u00e9ndose m\u00e1s complejos con el tiempo.<\/p>\n<p>La planificaci\u00f3n, la supervisi\u00f3n y la gesti\u00f3n de estos sistemas requieren t\u00e9cnicas avanzadas de an\u00e1lisis y control para la interconexi\u00f3n de redes, la gesti\u00f3n y el almacenamiento de la energ\u00eda y la integraci\u00f3n de las fuentes de energ\u00eda renovables distribuidas en las futuras implementaciones de redes inteligentes.<\/p>\n<p>El entrenador DL GTUTOT-S ha sido dise\u00f1ado para proporcionar a los estudiantes un conocimiento completo en sistemas de Ingenier\u00eda de Energ\u00eda El\u00e9ctrica, en una soluci\u00f3n compacta y flexible.<\/p>\n<p>El laboratorio se subdivide en cuatro grandes \u00e1reas de estudio:<\/p>\n<ul>\n<li>Generaci\u00f3n de energ\u00eda el\u00e9ctrica DL-GTU101-S<\/li>\n<li>Transmisi\u00f3n y distribuci\u00f3n de energ\u00eda el\u00e9ctrica DL GTU102-S<\/li>\n<li>Uso de energ\u00eda el\u00e9ctrica \u00a0DL GTU104-S<\/li>\n<li>T\u00e9cnicas de protecci\u00f3n \u00a0DL GTU103-S<\/li>\n<\/ul>\n<p>Ideal para que 5 estudiantes trabajen simult\u00e1neamente.<\/p>\n<p>Escuelas universitarias y t\u00e9cnicas.<\/p>\n<p>Y aplicable a cursos en: M\u00e1quinas El\u00e9ctricas, Ingenier\u00eda de Energ\u00eda El\u00e9ctrica.<\/p>\n","protected":false},"excerpt":{"rendered":"<p>Los sistemas el\u00e9ctricos modernos han crecido y se han expandido geogr\u00e1ficamente haci\u00e9ndose m\u00e1s complejos con el tiempo. La planificaci\u00f3n, la supervisi\u00f3n y la gesti\u00f3n de estos sistemas requieren t\u00e9cnicas avanzadas de an\u00e1lisis y control para la interconexi\u00f3n de redes, la gesti\u00f3n y el almacenamiento de la energ\u00eda y la integraci\u00f3n de las fuentes de energ\u00eda [&hellip;]<\/p>\n","protected":false},"featured_media":7869,"template":"","meta":{"_acf_changed":false},"product_brand":[],"product_cat":[341],"product_tag":[],"class_list":{"0":"post-7884","1":"product","2":"type-product","3":"status-publish","4":"has-post-thumbnail","6":"product_cat-electronica-de-potencia-avanzada-es-2","8":"first","9":"instock","10":"shipping-taxable","11":"product-type-simple"},"acf":[],"yoast_head":"<!-- This site is optimized with the Yoast SEO plugin v27.0 - https:\/\/yoast.com\/product\/yoast-seo-wordpress\/ -->\n<title>INGENIER\u00cdA DE ENERG\u00cdA EL\u00c9CTRICA - De Lorenzo Training &amp; Didactical Equipment<\/title>\n<meta name=\"robots\" content=\"index, follow, max-snippet:-1, max-image-preview:large, max-video-preview:-1\" \/>\n<link rel=\"canonical\" href=\"https:\/\/delorenzoglobal.com\/es\/producto\/ingenieria-de-energia-electrica\/\" \/>\n<meta property=\"og:locale\" content=\"es_ES\" \/>\n<meta property=\"og:type\" content=\"article\" \/>\n<meta property=\"og:title\" content=\"INGENIER\u00cdA DE ENERG\u00cdA EL\u00c9CTRICA - De Lorenzo Training &amp; Didactical Equipment\" \/>\n<meta property=\"og:description\" content=\"Los sistemas el\u00e9ctricos modernos han crecido y se han expandido geogr\u00e1ficamente haci\u00e9ndose m\u00e1s complejos con el tiempo. La planificaci\u00f3n, la supervisi\u00f3n y la gesti\u00f3n de estos sistemas requieren t\u00e9cnicas avanzadas de an\u00e1lisis y control para la interconexi\u00f3n de redes, la gesti\u00f3n y el almacenamiento de la energ\u00eda y la integraci\u00f3n de las fuentes de energ\u00eda [&hellip;]\" \/>\n<meta property=\"og:url\" content=\"https:\/\/delorenzoglobal.com\/es\/producto\/ingenieria-de-energia-electrica\/\" \/>\n<meta property=\"og:site_name\" content=\"De Lorenzo Training &amp; Didactical Equipment\" \/>\n<meta property=\"article:modified_time\" content=\"2025-02-17T08:37:34+00:00\" \/>\n<meta property=\"og:image\" content=\"https:\/\/delorenzoglobal.com\/wp-content\/uploads\/2024\/04\/DL-GTUTOT-1024x690.png\" \/>\n\t<meta property=\"og:image:width\" content=\"1024\" \/>\n\t<meta property=\"og:image:height\" content=\"690\" \/>\n\t<meta property=\"og:image:type\" content=\"image\/png\" \/>\n<meta name=\"twitter:card\" content=\"summary_large_image\" \/>\n<meta name=\"twitter:label1\" content=\"Tiempo de lectura\" \/>\n\t<meta name=\"twitter:data1\" content=\"1 minuto\" \/>\n<script type=\"application\/ld+json\" class=\"yoast-schema-graph\">{\"@context\":\"https:\/\/schema.org\",\"@graph\":[{\"@type\":\"WebPage\",\"@id\":\"https:\/\/delorenzoglobal.com\/es\/producto\/ingenieria-de-energia-electrica\/\",\"url\":\"https:\/\/delorenzoglobal.com\/es\/producto\/ingenieria-de-energia-electrica\/\",\"name\":\"INGENIER\u00cdA DE ENERG\u00cdA EL\u00c9CTRICA - De Lorenzo Training &amp; Didactical Equipment\",\"isPartOf\":{\"@id\":\"https:\/\/delorenzoglobal.com\/es\/#website\"},\"primaryImageOfPage\":{\"@id\":\"https:\/\/delorenzoglobal.com\/es\/producto\/ingenieria-de-energia-electrica\/#primaryimage\"},\"image\":{\"@id\":\"https:\/\/delorenzoglobal.com\/es\/producto\/ingenieria-de-energia-electrica\/#primaryimage\"},\"thumbnailUrl\":\"https:\/\/delorenzoglobal.com\/wp-content\/uploads\/2024\/04\/DL-GTUTOT.png\",\"datePublished\":\"2024-04-16T12:56:29+00:00\",\"dateModified\":\"2025-02-17T08:37:34+00:00\",\"breadcrumb\":{\"@id\":\"https:\/\/delorenzoglobal.com\/es\/producto\/ingenieria-de-energia-electrica\/#breadcrumb\"},\"inLanguage\":\"es\",\"potentialAction\":[{\"@type\":\"ReadAction\",\"target\":[\"https:\/\/delorenzoglobal.com\/es\/producto\/ingenieria-de-energia-electrica\/\"]}]},{\"@type\":\"ImageObject\",\"inLanguage\":\"es\",\"@id\":\"https:\/\/delorenzoglobal.com\/es\/producto\/ingenieria-de-energia-electrica\/#primaryimage\",\"url\":\"https:\/\/delorenzoglobal.com\/wp-content\/uploads\/2024\/04\/DL-GTUTOT.png\",\"contentUrl\":\"https:\/\/delorenzoglobal.com\/wp-content\/uploads\/2024\/04\/DL-GTUTOT.png\",\"width\":2607,\"height\":1756},{\"@type\":\"BreadcrumbList\",\"@id\":\"https:\/\/delorenzoglobal.com\/es\/producto\/ingenieria-de-energia-electrica\/#breadcrumb\",\"itemListElement\":[{\"@type\":\"ListItem\",\"position\":1,\"name\":\"Home\",\"item\":\"https:\/\/delorenzoglobal.com\/es\/\"},{\"@type\":\"ListItem\",\"position\":2,\"name\":\"Tienda\",\"item\":\"https:\/\/delorenzoglobal.com\/es\/tienda\/\"},{\"@type\":\"ListItem\",\"position\":3,\"name\":\"INGENIER\u00cdA DE ENERG\u00cdA EL\u00c9CTRICA\"}]},{\"@type\":\"WebSite\",\"@id\":\"https:\/\/delorenzoglobal.com\/es\/#website\",\"url\":\"https:\/\/delorenzoglobal.com\/es\/\",\"name\":\"De Lorenzo Training &amp; Didactical Equipment\",\"description\":\"\",\"potentialAction\":[{\"@type\":\"SearchAction\",\"target\":{\"@type\":\"EntryPoint\",\"urlTemplate\":\"https:\/\/delorenzoglobal.com\/es\/?s={search_term_string}\"},\"query-input\":{\"@type\":\"PropertyValueSpecification\",\"valueRequired\":true,\"valueName\":\"search_term_string\"}}],\"inLanguage\":\"es\"}]}<\/script>\n<!-- \/ Yoast SEO plugin. -->","yoast_head_json":{"title":"INGENIER\u00cdA DE ENERG\u00cdA EL\u00c9CTRICA - De Lorenzo Training &amp; Didactical Equipment","robots":{"index":"index","follow":"follow","max-snippet":"max-snippet:-1","max-image-preview":"max-image-preview:large","max-video-preview":"max-video-preview:-1"},"canonical":"https:\/\/delorenzoglobal.com\/es\/producto\/ingenieria-de-energia-electrica\/","og_locale":"es_ES","og_type":"article","og_title":"INGENIER\u00cdA DE ENERG\u00cdA EL\u00c9CTRICA - De Lorenzo Training &amp; Didactical Equipment","og_description":"Los sistemas el\u00e9ctricos modernos han crecido y se han expandido geogr\u00e1ficamente haci\u00e9ndose m\u00e1s complejos con el tiempo. La planificaci\u00f3n, la supervisi\u00f3n y la gesti\u00f3n de estos sistemas requieren t\u00e9cnicas avanzadas de an\u00e1lisis y control para la interconexi\u00f3n de redes, la gesti\u00f3n y el almacenamiento de la energ\u00eda y la integraci\u00f3n de las fuentes de energ\u00eda [&hellip;]","og_url":"https:\/\/delorenzoglobal.com\/es\/producto\/ingenieria-de-energia-electrica\/","og_site_name":"De Lorenzo Training &amp; Didactical Equipment","article_modified_time":"2025-02-17T08:37:34+00:00","og_image":[{"width":1024,"height":690,"url":"https:\/\/delorenzoglobal.com\/wp-content\/uploads\/2024\/04\/DL-GTUTOT-1024x690.png","type":"image\/png"}],"twitter_card":"summary_large_image","twitter_misc":{"Tiempo de lectura":"1 minuto"},"schema":{"@context":"https:\/\/schema.org","@graph":[{"@type":"WebPage","@id":"https:\/\/delorenzoglobal.com\/es\/producto\/ingenieria-de-energia-electrica\/","url":"https:\/\/delorenzoglobal.com\/es\/producto\/ingenieria-de-energia-electrica\/","name":"INGENIER\u00cdA DE ENERG\u00cdA EL\u00c9CTRICA - De Lorenzo Training &amp; Didactical Equipment","isPartOf":{"@id":"https:\/\/delorenzoglobal.com\/es\/#website"},"primaryImageOfPage":{"@id":"https:\/\/delorenzoglobal.com\/es\/producto\/ingenieria-de-energia-electrica\/#primaryimage"},"image":{"@id":"https:\/\/delorenzoglobal.com\/es\/producto\/ingenieria-de-energia-electrica\/#primaryimage"},"thumbnailUrl":"https:\/\/delorenzoglobal.com\/wp-content\/uploads\/2024\/04\/DL-GTUTOT.png","datePublished":"2024-04-16T12:56:29+00:00","dateModified":"2025-02-17T08:37:34+00:00","breadcrumb":{"@id":"https:\/\/delorenzoglobal.com\/es\/producto\/ingenieria-de-energia-electrica\/#breadcrumb"},"inLanguage":"es","potentialAction":[{"@type":"ReadAction","target":["https:\/\/delorenzoglobal.com\/es\/producto\/ingenieria-de-energia-electrica\/"]}]},{"@type":"ImageObject","inLanguage":"es","@id":"https:\/\/delorenzoglobal.com\/es\/producto\/ingenieria-de-energia-electrica\/#primaryimage","url":"https:\/\/delorenzoglobal.com\/wp-content\/uploads\/2024\/04\/DL-GTUTOT.png","contentUrl":"https:\/\/delorenzoglobal.com\/wp-content\/uploads\/2024\/04\/DL-GTUTOT.png","width":2607,"height":1756},{"@type":"BreadcrumbList","@id":"https:\/\/delorenzoglobal.com\/es\/producto\/ingenieria-de-energia-electrica\/#breadcrumb","itemListElement":[{"@type":"ListItem","position":1,"name":"Home","item":"https:\/\/delorenzoglobal.com\/es\/"},{"@type":"ListItem","position":2,"name":"Tienda","item":"https:\/\/delorenzoglobal.com\/es\/tienda\/"},{"@type":"ListItem","position":3,"name":"INGENIER\u00cdA DE ENERG\u00cdA EL\u00c9CTRICA"}]},{"@type":"WebSite","@id":"https:\/\/delorenzoglobal.com\/es\/#website","url":"https:\/\/delorenzoglobal.com\/es\/","name":"De Lorenzo Training &amp; Didactical Equipment","description":"","potentialAction":[{"@type":"SearchAction","target":{"@type":"EntryPoint","urlTemplate":"https:\/\/delorenzoglobal.com\/es\/?s={search_term_string}"},"query-input":{"@type":"PropertyValueSpecification","valueRequired":true,"valueName":"search_term_string"}}],"inLanguage":"es"}]}},"_links":{"self":[{"href":"https:\/\/delorenzoglobal.com\/es\/wp-json\/wp\/v2\/product\/7884","targetHints":{"allow":["GET"]}}],"collection":[{"href":"https:\/\/delorenzoglobal.com\/es\/wp-json\/wp\/v2\/product"}],"about":[{"href":"https:\/\/delorenzoglobal.com\/es\/wp-json\/wp\/v2\/types\/product"}],"wp:featuredmedia":[{"embeddable":true,"href":"https:\/\/delorenzoglobal.com\/es\/wp-json\/wp\/v2\/media\/7869"}],"wp:attachment":[{"href":"https:\/\/delorenzoglobal.com\/es\/wp-json\/wp\/v2\/media?parent=7884"}],"wp:term":[{"taxonomy":"product_brand","embeddable":true,"href":"https:\/\/delorenzoglobal.com\/es\/wp-json\/wp\/v2\/product_brand?post=7884"},{"taxonomy":"product_cat","embeddable":true,"href":"https:\/\/delorenzoglobal.com\/es\/wp-json\/wp\/v2\/product_cat?post=7884"},{"taxonomy":"product_tag","embeddable":true,"href":"https:\/\/delorenzoglobal.com\/es\/wp-json\/wp\/v2\/product_tag?post=7884"}],"curies":[{"name":"wp","href":"https:\/\/api.w.org\/{rel}","templated":true}]}}