{"id":7823,"date":"2024-04-16T14:26:26","date_gmt":"2024-04-16T12:26:26","guid":{"rendered":"https:\/\/delorenzoglobal.com\/?post_type=product&#038;p=7823"},"modified":"2026-03-18T13:49:52","modified_gmt":"2026-03-18T12:49:52","slug":"proteccion-de-generacion","status":"publish","type":"product","link":"https:\/\/delorenzoglobal.com\/es\/producto\/proteccion-de-generacion\/","title":{"rendered":"PROTECCION DE GENERACION"},"content":{"rendered":"<p>Los rel\u00e9s de protecci\u00f3n dedicados se utilizan para monitorear cada secci\u00f3n del sistema el\u00e9ctrico (generadores, transformadores y l\u00edneas de transmisi\u00f3n), para reconocer un componente del sistema da\u00f1ado en caso de una falla espec\u00edfica (sub\/sobretensi\u00f3n, sub\/sobrefrecuencia, sobrecorriente, falla a tierra, potencia inversa, etc.), y desconectarlo de manera r\u00e1pida y confiable, protegiendo a los seres humanos y a las dem\u00e1s partes sanas del sistema manteniendo la distribuci\u00f3n de la energ\u00eda.<\/p>\n<p>Al agregar m\u00f3dulos opcionales a la configuraci\u00f3n GTU 103.2-S, se ampl\u00eda la lista de experimentos disponibles y las capacidades del sistema.<\/p>\n<p>DL GTU103A-S: Protecci\u00f3n de generaci\u00f3n<\/p>\n<p>DL GTU103B-S: Protecci\u00f3n de l\u00ednea de alta tensi\u00f3n<\/p>\n<p>DL 2108T22: Protecci\u00f3n a distancia<\/p>\n<p>DL GTU103C-S: Protecci\u00f3n del transformador<\/p>\n<p>&nbsp;<\/p>\n","protected":false},"excerpt":{"rendered":"<p>Los rel\u00e9s de protecci\u00f3n dedicados se utilizan para monitorear cada secci\u00f3n del sistema el\u00e9ctrico (generadores, transformadores y l\u00edneas de transmisi\u00f3n), para reconocer un componente del sistema da\u00f1ado en caso de una falla espec\u00edfica (sub\/sobretensi\u00f3n, sub\/sobrefrecuencia, sobrecorriente, falla a tierra, potencia inversa, etc.), y desconectarlo de manera r\u00e1pida y confiable, protegiendo a los seres humanos y [&hellip;]<\/p>\n","protected":false},"featured_media":7803,"template":"","meta":{"_acf_changed":false},"product_brand":[],"product_cat":[341],"product_tag":[],"class_list":{"0":"post-7823","1":"product","2":"type-product","3":"status-publish","4":"has-post-thumbnail","6":"product_cat-electronica-de-potencia-avanzada-es-2","8":"first","9":"instock","10":"shipping-taxable","11":"product-type-simple"},"acf":[],"yoast_head":"<!-- This site is optimized with the Yoast SEO plugin v27.0 - https:\/\/yoast.com\/product\/yoast-seo-wordpress\/ -->\n<title>PROTECCION DE GENERACION - De Lorenzo Training &amp; Didactical Equipment<\/title>\n<meta name=\"robots\" content=\"index, follow, max-snippet:-1, max-image-preview:large, max-video-preview:-1\" \/>\n<link rel=\"canonical\" href=\"https:\/\/delorenzoglobal.com\/es\/producto\/proteccion-de-generacion\/\" \/>\n<meta property=\"og:locale\" content=\"es_ES\" \/>\n<meta property=\"og:type\" content=\"article\" \/>\n<meta property=\"og:title\" content=\"PROTECCION DE GENERACION - De Lorenzo Training &amp; Didactical Equipment\" \/>\n<meta property=\"og:description\" content=\"Los rel\u00e9s de protecci\u00f3n dedicados se utilizan para monitorear cada secci\u00f3n del sistema el\u00e9ctrico (generadores, transformadores y l\u00edneas de transmisi\u00f3n), para reconocer un componente del sistema da\u00f1ado en caso de una falla espec\u00edfica (sub\/sobretensi\u00f3n, sub\/sobrefrecuencia, sobrecorriente, falla a tierra, potencia inversa, etc.), y desconectarlo de manera r\u00e1pida y confiable, protegiendo a los seres humanos y [&hellip;]\" \/>\n<meta property=\"og:url\" content=\"https:\/\/delorenzoglobal.com\/es\/producto\/proteccion-de-generacion\/\" \/>\n<meta property=\"og:site_name\" content=\"De Lorenzo Training &amp; Didactical Equipment\" \/>\n<meta property=\"article:modified_time\" content=\"2026-03-18T12:49:52+00:00\" \/>\n<meta property=\"og:image\" content=\"https:\/\/delorenzoglobal.com\/wp-content\/uploads\/2024\/04\/DL-GTU103.2-S.jpg\" \/>\n\t<meta property=\"og:image:width\" content=\"2000\" \/>\n\t<meta property=\"og:image:height\" content=\"1416\" \/>\n\t<meta property=\"og:image:type\" content=\"image\/jpeg\" \/>\n<meta name=\"twitter:card\" content=\"summary_large_image\" \/>\n<meta name=\"twitter:label1\" content=\"Tiempo de lectura\" \/>\n\t<meta name=\"twitter:data1\" content=\"1 minuto\" \/>\n<script type=\"application\/ld+json\" class=\"yoast-schema-graph\">{\"@context\":\"https:\/\/schema.org\",\"@graph\":[{\"@type\":\"WebPage\",\"@id\":\"https:\/\/delorenzoglobal.com\/es\/producto\/proteccion-de-generacion\/\",\"url\":\"https:\/\/delorenzoglobal.com\/es\/producto\/proteccion-de-generacion\/\",\"name\":\"PROTECCION DE GENERACION - De Lorenzo Training &amp; Didactical Equipment\",\"isPartOf\":{\"@id\":\"https:\/\/delorenzoglobal.com\/es\/#website\"},\"primaryImageOfPage\":{\"@id\":\"https:\/\/delorenzoglobal.com\/es\/producto\/proteccion-de-generacion\/#primaryimage\"},\"image\":{\"@id\":\"https:\/\/delorenzoglobal.com\/es\/producto\/proteccion-de-generacion\/#primaryimage\"},\"thumbnailUrl\":\"https:\/\/delorenzoglobal.com\/wp-content\/uploads\/2024\/04\/DL-GTU103.2-S.jpg\",\"datePublished\":\"2024-04-16T12:26:26+00:00\",\"dateModified\":\"2026-03-18T12:49:52+00:00\",\"breadcrumb\":{\"@id\":\"https:\/\/delorenzoglobal.com\/es\/producto\/proteccion-de-generacion\/#breadcrumb\"},\"inLanguage\":\"es\",\"potentialAction\":[{\"@type\":\"ReadAction\",\"target\":[\"https:\/\/delorenzoglobal.com\/es\/producto\/proteccion-de-generacion\/\"]}]},{\"@type\":\"ImageObject\",\"inLanguage\":\"es\",\"@id\":\"https:\/\/delorenzoglobal.com\/es\/producto\/proteccion-de-generacion\/#primaryimage\",\"url\":\"https:\/\/delorenzoglobal.com\/wp-content\/uploads\/2024\/04\/DL-GTU103.2-S.jpg\",\"contentUrl\":\"https:\/\/delorenzoglobal.com\/wp-content\/uploads\/2024\/04\/DL-GTU103.2-S.jpg\",\"width\":2000,\"height\":1416},{\"@type\":\"BreadcrumbList\",\"@id\":\"https:\/\/delorenzoglobal.com\/es\/producto\/proteccion-de-generacion\/#breadcrumb\",\"itemListElement\":[{\"@type\":\"ListItem\",\"position\":1,\"name\":\"Home\",\"item\":\"https:\/\/delorenzoglobal.com\/es\/\"},{\"@type\":\"ListItem\",\"position\":2,\"name\":\"Tienda\",\"item\":\"https:\/\/delorenzoglobal.com\/es\/tienda\/\"},{\"@type\":\"ListItem\",\"position\":3,\"name\":\"PROTECCION DE GENERACION\"}]},{\"@type\":\"WebSite\",\"@id\":\"https:\/\/delorenzoglobal.com\/es\/#website\",\"url\":\"https:\/\/delorenzoglobal.com\/es\/\",\"name\":\"De Lorenzo Training &amp; Didactical Equipment\",\"description\":\"\",\"potentialAction\":[{\"@type\":\"SearchAction\",\"target\":{\"@type\":\"EntryPoint\",\"urlTemplate\":\"https:\/\/delorenzoglobal.com\/es\/?s={search_term_string}\"},\"query-input\":{\"@type\":\"PropertyValueSpecification\",\"valueRequired\":true,\"valueName\":\"search_term_string\"}}],\"inLanguage\":\"es\"}]}<\/script>\n<!-- \/ Yoast SEO plugin. -->","yoast_head_json":{"title":"PROTECCION DE GENERACION - De Lorenzo Training &amp; Didactical Equipment","robots":{"index":"index","follow":"follow","max-snippet":"max-snippet:-1","max-image-preview":"max-image-preview:large","max-video-preview":"max-video-preview:-1"},"canonical":"https:\/\/delorenzoglobal.com\/es\/producto\/proteccion-de-generacion\/","og_locale":"es_ES","og_type":"article","og_title":"PROTECCION DE GENERACION - De Lorenzo Training &amp; Didactical Equipment","og_description":"Los rel\u00e9s de protecci\u00f3n dedicados se utilizan para monitorear cada secci\u00f3n del sistema el\u00e9ctrico (generadores, transformadores y l\u00edneas de transmisi\u00f3n), para reconocer un componente del sistema da\u00f1ado en caso de una falla espec\u00edfica (sub\/sobretensi\u00f3n, sub\/sobrefrecuencia, sobrecorriente, falla a tierra, potencia inversa, etc.), y desconectarlo de manera r\u00e1pida y confiable, protegiendo a los seres humanos y [&hellip;]","og_url":"https:\/\/delorenzoglobal.com\/es\/producto\/proteccion-de-generacion\/","og_site_name":"De Lorenzo Training &amp; Didactical Equipment","article_modified_time":"2026-03-18T12:49:52+00:00","og_image":[{"width":2000,"height":1416,"url":"https:\/\/delorenzoglobal.com\/wp-content\/uploads\/2024\/04\/DL-GTU103.2-S.jpg","type":"image\/jpeg"}],"twitter_card":"summary_large_image","twitter_misc":{"Tiempo de lectura":"1 minuto"},"schema":{"@context":"https:\/\/schema.org","@graph":[{"@type":"WebPage","@id":"https:\/\/delorenzoglobal.com\/es\/producto\/proteccion-de-generacion\/","url":"https:\/\/delorenzoglobal.com\/es\/producto\/proteccion-de-generacion\/","name":"PROTECCION DE GENERACION - De Lorenzo Training &amp; Didactical Equipment","isPartOf":{"@id":"https:\/\/delorenzoglobal.com\/es\/#website"},"primaryImageOfPage":{"@id":"https:\/\/delorenzoglobal.com\/es\/producto\/proteccion-de-generacion\/#primaryimage"},"image":{"@id":"https:\/\/delorenzoglobal.com\/es\/producto\/proteccion-de-generacion\/#primaryimage"},"thumbnailUrl":"https:\/\/delorenzoglobal.com\/wp-content\/uploads\/2024\/04\/DL-GTU103.2-S.jpg","datePublished":"2024-04-16T12:26:26+00:00","dateModified":"2026-03-18T12:49:52+00:00","breadcrumb":{"@id":"https:\/\/delorenzoglobal.com\/es\/producto\/proteccion-de-generacion\/#breadcrumb"},"inLanguage":"es","potentialAction":[{"@type":"ReadAction","target":["https:\/\/delorenzoglobal.com\/es\/producto\/proteccion-de-generacion\/"]}]},{"@type":"ImageObject","inLanguage":"es","@id":"https:\/\/delorenzoglobal.com\/es\/producto\/proteccion-de-generacion\/#primaryimage","url":"https:\/\/delorenzoglobal.com\/wp-content\/uploads\/2024\/04\/DL-GTU103.2-S.jpg","contentUrl":"https:\/\/delorenzoglobal.com\/wp-content\/uploads\/2024\/04\/DL-GTU103.2-S.jpg","width":2000,"height":1416},{"@type":"BreadcrumbList","@id":"https:\/\/delorenzoglobal.com\/es\/producto\/proteccion-de-generacion\/#breadcrumb","itemListElement":[{"@type":"ListItem","position":1,"name":"Home","item":"https:\/\/delorenzoglobal.com\/es\/"},{"@type":"ListItem","position":2,"name":"Tienda","item":"https:\/\/delorenzoglobal.com\/es\/tienda\/"},{"@type":"ListItem","position":3,"name":"PROTECCION DE GENERACION"}]},{"@type":"WebSite","@id":"https:\/\/delorenzoglobal.com\/es\/#website","url":"https:\/\/delorenzoglobal.com\/es\/","name":"De Lorenzo Training &amp; Didactical Equipment","description":"","potentialAction":[{"@type":"SearchAction","target":{"@type":"EntryPoint","urlTemplate":"https:\/\/delorenzoglobal.com\/es\/?s={search_term_string}"},"query-input":{"@type":"PropertyValueSpecification","valueRequired":true,"valueName":"search_term_string"}}],"inLanguage":"es"}]}},"_links":{"self":[{"href":"https:\/\/delorenzoglobal.com\/es\/wp-json\/wp\/v2\/product\/7823","targetHints":{"allow":["GET"]}}],"collection":[{"href":"https:\/\/delorenzoglobal.com\/es\/wp-json\/wp\/v2\/product"}],"about":[{"href":"https:\/\/delorenzoglobal.com\/es\/wp-json\/wp\/v2\/types\/product"}],"wp:featuredmedia":[{"embeddable":true,"href":"https:\/\/delorenzoglobal.com\/es\/wp-json\/wp\/v2\/media\/7803"}],"wp:attachment":[{"href":"https:\/\/delorenzoglobal.com\/es\/wp-json\/wp\/v2\/media?parent=7823"}],"wp:term":[{"taxonomy":"product_brand","embeddable":true,"href":"https:\/\/delorenzoglobal.com\/es\/wp-json\/wp\/v2\/product_brand?post=7823"},{"taxonomy":"product_cat","embeddable":true,"href":"https:\/\/delorenzoglobal.com\/es\/wp-json\/wp\/v2\/product_cat?post=7823"},{"taxonomy":"product_tag","embeddable":true,"href":"https:\/\/delorenzoglobal.com\/es\/wp-json\/wp\/v2\/product_tag?post=7823"}],"curies":[{"name":"wp","href":"https:\/\/api.w.org\/{rel}","templated":true}]}}