{"id":7789,"date":"2024-04-16T14:06:55","date_gmt":"2024-04-16T12:06:55","guid":{"rendered":"https:\/\/delorenzoglobal.com\/?post_type=product&#038;p=7789"},"modified":"2025-02-14T12:25:23","modified_gmt":"2025-02-14T11:25:23","slug":"transformadores-de-corriente-y-tension","status":"publish","type":"product","link":"https:\/\/delorenzoglobal.com\/es\/producto\/transformadores-de-corriente-y-tension\/","title":{"rendered":"TRANSFORMADORES DE CORRIENTE Y TENSI\u00d3N"},"content":{"rendered":"<p>En sistemas de suministro de energ\u00eda el\u00e9ctrica, las corrientes y las tensiones son medidas y monitoreadas constantemente para asegurar que se mantengan dentro de ciertos l\u00edmites.<\/p>\n<p>En general, los valores de tensi\u00f3n y corriente son tan altos que no pueden medirse directamente.<\/p>\n<p>Se deben utilizar transformadores especiales para reducir estos valores a niveles que puedan medirse de forma segura y econ\u00f3mica.<\/p>\n<p>Estos valores son necesarios para proporcionar informaci\u00f3n sobre la salud del sistema, para calcular la cantidad de energ\u00eda suministrada al consumidor para desconectar r\u00e1pidamente secciones de una red en caso de una falla y evitar su propagaci\u00f3n ya que esto podr\u00eda provocar el colapso de todo el sistema.<\/p>\n","protected":false},"excerpt":{"rendered":"<p>En sistemas de suministro de energ\u00eda el\u00e9ctrica, las corrientes y las tensiones son medidas y monitoreadas constantemente para asegurar que se mantengan dentro de ciertos l\u00edmites. En general, los valores de tensi\u00f3n y corriente son tan altos que no pueden medirse directamente. Se deben utilizar transformadores especiales para reducir estos valores a niveles que puedan [&hellip;]<\/p>\n","protected":false},"featured_media":7778,"template":"","meta":{"_acf_changed":false},"product_brand":[],"product_cat":[341],"product_tag":[],"class_list":{"0":"post-7789","1":"product","2":"type-product","3":"status-publish","4":"has-post-thumbnail","6":"product_cat-electronica-de-potencia-avanzada-es-2","8":"first","9":"instock","10":"shipping-taxable","11":"product-type-simple"},"acf":[],"yoast_head":"<!-- This site is optimized with the Yoast SEO plugin v27.0 - https:\/\/yoast.com\/product\/yoast-seo-wordpress\/ -->\n<title>TRANSFORMADORES DE CORRIENTE Y TENSI\u00d3N - De Lorenzo Training &amp; Didactical Equipment<\/title>\n<meta name=\"robots\" content=\"index, follow, max-snippet:-1, max-image-preview:large, max-video-preview:-1\" \/>\n<link rel=\"canonical\" href=\"https:\/\/delorenzoglobal.com\/es\/producto\/transformadores-de-corriente-y-tension\/\" \/>\n<meta property=\"og:locale\" content=\"es_ES\" \/>\n<meta property=\"og:type\" content=\"article\" \/>\n<meta property=\"og:title\" content=\"TRANSFORMADORES DE CORRIENTE Y TENSI\u00d3N - De Lorenzo Training &amp; Didactical Equipment\" \/>\n<meta property=\"og:description\" content=\"En sistemas de suministro de energ\u00eda el\u00e9ctrica, las corrientes y las tensiones son medidas y monitoreadas constantemente para asegurar que se mantengan dentro de ciertos l\u00edmites. En general, los valores de tensi\u00f3n y corriente son tan altos que no pueden medirse directamente. Se deben utilizar transformadores especiales para reducir estos valores a niveles que puedan [&hellip;]\" \/>\n<meta property=\"og:url\" content=\"https:\/\/delorenzoglobal.com\/es\/producto\/transformadores-de-corriente-y-tension\/\" \/>\n<meta property=\"og:site_name\" content=\"De Lorenzo Training &amp; Didactical Equipment\" \/>\n<meta property=\"article:modified_time\" content=\"2025-02-14T11:25:23+00:00\" \/>\n<meta property=\"og:image\" content=\"https:\/\/delorenzoglobal.com\/wp-content\/uploads\/2024\/04\/DL-GTU103.1-S.jpg\" \/>\n\t<meta property=\"og:image:width\" content=\"2000\" \/>\n\t<meta property=\"og:image:height\" content=\"1416\" \/>\n\t<meta property=\"og:image:type\" content=\"image\/jpeg\" \/>\n<meta name=\"twitter:card\" content=\"summary_large_image\" \/>\n<meta name=\"twitter:label1\" content=\"Tiempo de lectura\" \/>\n\t<meta name=\"twitter:data1\" content=\"1 minuto\" \/>\n<script type=\"application\/ld+json\" class=\"yoast-schema-graph\">{\"@context\":\"https:\/\/schema.org\",\"@graph\":[{\"@type\":\"WebPage\",\"@id\":\"https:\/\/delorenzoglobal.com\/es\/producto\/transformadores-de-corriente-y-tension\/\",\"url\":\"https:\/\/delorenzoglobal.com\/es\/producto\/transformadores-de-corriente-y-tension\/\",\"name\":\"TRANSFORMADORES DE CORRIENTE Y TENSI\u00d3N - De Lorenzo Training &amp; Didactical Equipment\",\"isPartOf\":{\"@id\":\"https:\/\/delorenzoglobal.com\/es\/#website\"},\"primaryImageOfPage\":{\"@id\":\"https:\/\/delorenzoglobal.com\/es\/producto\/transformadores-de-corriente-y-tension\/#primaryimage\"},\"image\":{\"@id\":\"https:\/\/delorenzoglobal.com\/es\/producto\/transformadores-de-corriente-y-tension\/#primaryimage\"},\"thumbnailUrl\":\"https:\/\/delorenzoglobal.com\/wp-content\/uploads\/2024\/04\/DL-GTU103.1-S.jpg\",\"datePublished\":\"2024-04-16T12:06:55+00:00\",\"dateModified\":\"2025-02-14T11:25:23+00:00\",\"breadcrumb\":{\"@id\":\"https:\/\/delorenzoglobal.com\/es\/producto\/transformadores-de-corriente-y-tension\/#breadcrumb\"},\"inLanguage\":\"es\",\"potentialAction\":[{\"@type\":\"ReadAction\",\"target\":[\"https:\/\/delorenzoglobal.com\/es\/producto\/transformadores-de-corriente-y-tension\/\"]}]},{\"@type\":\"ImageObject\",\"inLanguage\":\"es\",\"@id\":\"https:\/\/delorenzoglobal.com\/es\/producto\/transformadores-de-corriente-y-tension\/#primaryimage\",\"url\":\"https:\/\/delorenzoglobal.com\/wp-content\/uploads\/2024\/04\/DL-GTU103.1-S.jpg\",\"contentUrl\":\"https:\/\/delorenzoglobal.com\/wp-content\/uploads\/2024\/04\/DL-GTU103.1-S.jpg\",\"width\":2000,\"height\":1416},{\"@type\":\"BreadcrumbList\",\"@id\":\"https:\/\/delorenzoglobal.com\/es\/producto\/transformadores-de-corriente-y-tension\/#breadcrumb\",\"itemListElement\":[{\"@type\":\"ListItem\",\"position\":1,\"name\":\"Home\",\"item\":\"https:\/\/delorenzoglobal.com\/es\/\"},{\"@type\":\"ListItem\",\"position\":2,\"name\":\"Tienda\",\"item\":\"https:\/\/delorenzoglobal.com\/es\/tienda\/\"},{\"@type\":\"ListItem\",\"position\":3,\"name\":\"TRANSFORMADORES DE CORRIENTE Y TENSI\u00d3N\"}]},{\"@type\":\"WebSite\",\"@id\":\"https:\/\/delorenzoglobal.com\/es\/#website\",\"url\":\"https:\/\/delorenzoglobal.com\/es\/\",\"name\":\"De Lorenzo Training &amp; Didactical Equipment\",\"description\":\"\",\"potentialAction\":[{\"@type\":\"SearchAction\",\"target\":{\"@type\":\"EntryPoint\",\"urlTemplate\":\"https:\/\/delorenzoglobal.com\/es\/?s={search_term_string}\"},\"query-input\":{\"@type\":\"PropertyValueSpecification\",\"valueRequired\":true,\"valueName\":\"search_term_string\"}}],\"inLanguage\":\"es\"}]}<\/script>\n<!-- \/ Yoast SEO plugin. -->","yoast_head_json":{"title":"TRANSFORMADORES DE CORRIENTE Y TENSI\u00d3N - De Lorenzo Training &amp; Didactical Equipment","robots":{"index":"index","follow":"follow","max-snippet":"max-snippet:-1","max-image-preview":"max-image-preview:large","max-video-preview":"max-video-preview:-1"},"canonical":"https:\/\/delorenzoglobal.com\/es\/producto\/transformadores-de-corriente-y-tension\/","og_locale":"es_ES","og_type":"article","og_title":"TRANSFORMADORES DE CORRIENTE Y TENSI\u00d3N - De Lorenzo Training &amp; Didactical Equipment","og_description":"En sistemas de suministro de energ\u00eda el\u00e9ctrica, las corrientes y las tensiones son medidas y monitoreadas constantemente para asegurar que se mantengan dentro de ciertos l\u00edmites. En general, los valores de tensi\u00f3n y corriente son tan altos que no pueden medirse directamente. Se deben utilizar transformadores especiales para reducir estos valores a niveles que puedan [&hellip;]","og_url":"https:\/\/delorenzoglobal.com\/es\/producto\/transformadores-de-corriente-y-tension\/","og_site_name":"De Lorenzo Training &amp; Didactical Equipment","article_modified_time":"2025-02-14T11:25:23+00:00","og_image":[{"width":2000,"height":1416,"url":"https:\/\/delorenzoglobal.com\/wp-content\/uploads\/2024\/04\/DL-GTU103.1-S.jpg","type":"image\/jpeg"}],"twitter_card":"summary_large_image","twitter_misc":{"Tiempo de lectura":"1 minuto"},"schema":{"@context":"https:\/\/schema.org","@graph":[{"@type":"WebPage","@id":"https:\/\/delorenzoglobal.com\/es\/producto\/transformadores-de-corriente-y-tension\/","url":"https:\/\/delorenzoglobal.com\/es\/producto\/transformadores-de-corriente-y-tension\/","name":"TRANSFORMADORES DE CORRIENTE Y TENSI\u00d3N - De Lorenzo Training &amp; Didactical Equipment","isPartOf":{"@id":"https:\/\/delorenzoglobal.com\/es\/#website"},"primaryImageOfPage":{"@id":"https:\/\/delorenzoglobal.com\/es\/producto\/transformadores-de-corriente-y-tension\/#primaryimage"},"image":{"@id":"https:\/\/delorenzoglobal.com\/es\/producto\/transformadores-de-corriente-y-tension\/#primaryimage"},"thumbnailUrl":"https:\/\/delorenzoglobal.com\/wp-content\/uploads\/2024\/04\/DL-GTU103.1-S.jpg","datePublished":"2024-04-16T12:06:55+00:00","dateModified":"2025-02-14T11:25:23+00:00","breadcrumb":{"@id":"https:\/\/delorenzoglobal.com\/es\/producto\/transformadores-de-corriente-y-tension\/#breadcrumb"},"inLanguage":"es","potentialAction":[{"@type":"ReadAction","target":["https:\/\/delorenzoglobal.com\/es\/producto\/transformadores-de-corriente-y-tension\/"]}]},{"@type":"ImageObject","inLanguage":"es","@id":"https:\/\/delorenzoglobal.com\/es\/producto\/transformadores-de-corriente-y-tension\/#primaryimage","url":"https:\/\/delorenzoglobal.com\/wp-content\/uploads\/2024\/04\/DL-GTU103.1-S.jpg","contentUrl":"https:\/\/delorenzoglobal.com\/wp-content\/uploads\/2024\/04\/DL-GTU103.1-S.jpg","width":2000,"height":1416},{"@type":"BreadcrumbList","@id":"https:\/\/delorenzoglobal.com\/es\/producto\/transformadores-de-corriente-y-tension\/#breadcrumb","itemListElement":[{"@type":"ListItem","position":1,"name":"Home","item":"https:\/\/delorenzoglobal.com\/es\/"},{"@type":"ListItem","position":2,"name":"Tienda","item":"https:\/\/delorenzoglobal.com\/es\/tienda\/"},{"@type":"ListItem","position":3,"name":"TRANSFORMADORES DE CORRIENTE Y TENSI\u00d3N"}]},{"@type":"WebSite","@id":"https:\/\/delorenzoglobal.com\/es\/#website","url":"https:\/\/delorenzoglobal.com\/es\/","name":"De Lorenzo Training &amp; Didactical Equipment","description":"","potentialAction":[{"@type":"SearchAction","target":{"@type":"EntryPoint","urlTemplate":"https:\/\/delorenzoglobal.com\/es\/?s={search_term_string}"},"query-input":{"@type":"PropertyValueSpecification","valueRequired":true,"valueName":"search_term_string"}}],"inLanguage":"es"}]}},"_links":{"self":[{"href":"https:\/\/delorenzoglobal.com\/es\/wp-json\/wp\/v2\/product\/7789","targetHints":{"allow":["GET"]}}],"collection":[{"href":"https:\/\/delorenzoglobal.com\/es\/wp-json\/wp\/v2\/product"}],"about":[{"href":"https:\/\/delorenzoglobal.com\/es\/wp-json\/wp\/v2\/types\/product"}],"wp:featuredmedia":[{"embeddable":true,"href":"https:\/\/delorenzoglobal.com\/es\/wp-json\/wp\/v2\/media\/7778"}],"wp:attachment":[{"href":"https:\/\/delorenzoglobal.com\/es\/wp-json\/wp\/v2\/media?parent=7789"}],"wp:term":[{"taxonomy":"product_brand","embeddable":true,"href":"https:\/\/delorenzoglobal.com\/es\/wp-json\/wp\/v2\/product_brand?post=7789"},{"taxonomy":"product_cat","embeddable":true,"href":"https:\/\/delorenzoglobal.com\/es\/wp-json\/wp\/v2\/product_cat?post=7789"},{"taxonomy":"product_tag","embeddable":true,"href":"https:\/\/delorenzoglobal.com\/es\/wp-json\/wp\/v2\/product_tag?post=7789"}],"curies":[{"name":"wp","href":"https:\/\/api.w.org\/{rel}","templated":true}]}}