{"id":7764,"date":"2024-04-16T13:47:18","date_gmt":"2024-04-16T11:47:18","guid":{"rendered":"https:\/\/delorenzoglobal.com\/?post_type=product&#038;p=7764"},"modified":"2025-06-05T11:08:43","modified_gmt":"2025-06-05T09:08:43","slug":"proteccion-de-lineas-de-transmision","status":"publish","type":"product","link":"https:\/\/delorenzoglobal.com\/es\/producto\/proteccion-de-lineas-de-transmision\/","title":{"rendered":"PROTECCI\u00d3N DE L\u00cdNEAS DE TRANSMISI\u00d3N"},"content":{"rendered":"<p>Hoy en d\u00eda, la energ\u00eda el\u00e9ctrica p\u00fablica se suministra casi exclusivamente a trav\u00e9s de sistemas trif\u00e1sicos con frecuencias de 50 o 60 Hz, dependiendo del pa\u00eds.<\/p>\n<p>La principal ventaja de los sistemas trif\u00e1sicos de CA sobre los sistemas de CC es que la energ\u00eda el\u00e9ctrica se genera de forma econ\u00f3mica en grandes centrales el\u00e9ctricas relativamente alejadas de los usuarios finales, se transporta a alta tensi\u00f3n a largas distancias con muy pocas p\u00e9rdidas de potencia y finalmente se pone a disposici\u00f3n de los consumidores ofreci\u00e9ndoles dos niveles de tensi\u00f3n diferentes, dependiendo de las necesidades de aplicaci\u00f3n.<\/p>\n<p>Los componentes principales de los sistemas de transmisi\u00f3n y distribuci\u00f3n de energ\u00eda son los siguientes:<\/p>\n<ul>\n<li>Transformadores, DL GTU102.1-S: \u00a0Los transformadores elevadores aumentan la tensi\u00f3n generada a valores adecuados para los sistemas de transmisi\u00f3n de alta tensi\u00f3n, los trasformadores de aislamiento se utilizan para intercambiar energ\u00eda entre las redes, y los transformadores reductores disminuyen las tensiones a niveles de media tensi\u00f3n o incluso a niveles de baja tensi\u00f3n para abastecer a los consumidores.<\/li>\n<li>L\u00edneas de transmisi\u00f3n DL GTU102.2-S : \u00a0Las l\u00edneas el\u00e9ctricas a\u00e9reas se utilizan principalmente para transmitir energ\u00eda el\u00e9ctrica de las centrales a los consumidores.<\/li>\n<\/ul>\n<p>Sin embargo, en \u00e1reas densamente pobladas, la energ\u00eda solo puede suministrarse a trav\u00e9s de cables.<\/p>\n<p>Se utilizan varios niveles de tensi\u00f3n para transmitir energ\u00eda, estos niveles est\u00e1n determinados por la cantidad de energ\u00eda y la distancia, cuanto m\u00e1s altas las tensiones de transmisi\u00f3n, m\u00e1s bajas ser\u00e1n las corrientes, as\u00ed como las p\u00e9rdidas de transmisi\u00f3n.<\/p>\n<p>Sin embargo, tambi\u00e9n debe considerarse que los costos de la inversi\u00f3n de la red aumentar\u00e1n con la tensi\u00f3n.<\/p>\n<ul>\n<li>Barras colectoras, DL GTU102.3-S , seccionadores e interruptores de potencia: \u00a0Son los componentes principales de una estaci\u00f3n de conmutaci\u00f3n utilizada para la distribuci\u00f3n de energ\u00eda. Los componentes principales de una estaci\u00f3n de conmutaci\u00f3n utilizada para la distribuci\u00f3n de energ\u00eda.<\/li>\n<\/ul>\n<p>DL GTU102.1-P Protecci\u00f3n del transformador<\/p>\n<p>DL GTU102.2-P Protecci\u00f3n de l\u00ednea de transmisi\u00f3n<\/p>\n<p>DL 2108T22 Protecci\u00f3n a distancia<\/p>\n","protected":false},"excerpt":{"rendered":"<p>Hoy en d\u00eda, la energ\u00eda el\u00e9ctrica p\u00fablica se suministra casi exclusivamente a trav\u00e9s de sistemas trif\u00e1sicos con frecuencias de 50 o 60 Hz, dependiendo del pa\u00eds. La principal ventaja de los sistemas trif\u00e1sicos de CA sobre los sistemas de CC es que la energ\u00eda el\u00e9ctrica se genera de forma econ\u00f3mica en grandes centrales el\u00e9ctricas relativamente [&hellip;]<\/p>\n","protected":false},"featured_media":7685,"template":"","meta":{"_acf_changed":false},"product_brand":[],"product_cat":[341],"product_tag":[],"class_list":{"0":"post-7764","1":"product","2":"type-product","3":"status-publish","4":"has-post-thumbnail","6":"product_cat-electronica-de-potencia-avanzada-es-2","8":"first","9":"instock","10":"shipping-taxable","11":"product-type-simple"},"acf":[],"yoast_head":"<!-- This site is optimized with the Yoast SEO plugin v27.0 - https:\/\/yoast.com\/product\/yoast-seo-wordpress\/ -->\n<title>PROTECCI\u00d3N DE L\u00cdNEAS DE TRANSMISI\u00d3N - De Lorenzo Training &amp; Didactical Equipment<\/title>\n<meta name=\"robots\" content=\"index, follow, max-snippet:-1, max-image-preview:large, max-video-preview:-1\" \/>\n<link rel=\"canonical\" href=\"https:\/\/delorenzoglobal.com\/es\/producto\/proteccion-de-lineas-de-transmision\/\" \/>\n<meta property=\"og:locale\" content=\"es_ES\" \/>\n<meta property=\"og:type\" content=\"article\" \/>\n<meta property=\"og:title\" content=\"PROTECCI\u00d3N DE L\u00cdNEAS DE TRANSMISI\u00d3N - De Lorenzo Training &amp; Didactical Equipment\" \/>\n<meta property=\"og:description\" content=\"Hoy en d\u00eda, la energ\u00eda el\u00e9ctrica p\u00fablica se suministra casi exclusivamente a trav\u00e9s de sistemas trif\u00e1sicos con frecuencias de 50 o 60 Hz, dependiendo del pa\u00eds. La principal ventaja de los sistemas trif\u00e1sicos de CA sobre los sistemas de CC es que la energ\u00eda el\u00e9ctrica se genera de forma econ\u00f3mica en grandes centrales el\u00e9ctricas relativamente [&hellip;]\" \/>\n<meta property=\"og:url\" content=\"https:\/\/delorenzoglobal.com\/es\/producto\/proteccion-de-lineas-de-transmision\/\" \/>\n<meta property=\"og:site_name\" content=\"De Lorenzo Training &amp; Didactical Equipment\" \/>\n<meta property=\"article:modified_time\" content=\"2025-06-05T09:08:43+00:00\" \/>\n<meta property=\"og:image\" content=\"https:\/\/delorenzoglobal.com\/wp-content\/uploads\/2024\/04\/DL-GTU102-S.jpg\" \/>\n\t<meta property=\"og:image:width\" content=\"1500\" \/>\n\t<meta property=\"og:image:height\" content=\"1034\" \/>\n\t<meta property=\"og:image:type\" content=\"image\/jpeg\" \/>\n<meta name=\"twitter:card\" content=\"summary_large_image\" \/>\n<meta name=\"twitter:label1\" content=\"Tiempo de lectura\" \/>\n\t<meta name=\"twitter:data1\" content=\"2 minutos\" \/>\n<script type=\"application\/ld+json\" class=\"yoast-schema-graph\">{\"@context\":\"https:\/\/schema.org\",\"@graph\":[{\"@type\":\"WebPage\",\"@id\":\"https:\/\/delorenzoglobal.com\/es\/producto\/proteccion-de-lineas-de-transmision\/\",\"url\":\"https:\/\/delorenzoglobal.com\/es\/producto\/proteccion-de-lineas-de-transmision\/\",\"name\":\"PROTECCI\u00d3N DE L\u00cdNEAS DE TRANSMISI\u00d3N - De Lorenzo Training &amp; Didactical Equipment\",\"isPartOf\":{\"@id\":\"https:\/\/delorenzoglobal.com\/es\/#website\"},\"primaryImageOfPage\":{\"@id\":\"https:\/\/delorenzoglobal.com\/es\/producto\/proteccion-de-lineas-de-transmision\/#primaryimage\"},\"image\":{\"@id\":\"https:\/\/delorenzoglobal.com\/es\/producto\/proteccion-de-lineas-de-transmision\/#primaryimage\"},\"thumbnailUrl\":\"https:\/\/delorenzoglobal.com\/wp-content\/uploads\/2024\/04\/DL-GTU102-S.jpg\",\"datePublished\":\"2024-04-16T11:47:18+00:00\",\"dateModified\":\"2025-06-05T09:08:43+00:00\",\"breadcrumb\":{\"@id\":\"https:\/\/delorenzoglobal.com\/es\/producto\/proteccion-de-lineas-de-transmision\/#breadcrumb\"},\"inLanguage\":\"es\",\"potentialAction\":[{\"@type\":\"ReadAction\",\"target\":[\"https:\/\/delorenzoglobal.com\/es\/producto\/proteccion-de-lineas-de-transmision\/\"]}]},{\"@type\":\"ImageObject\",\"inLanguage\":\"es\",\"@id\":\"https:\/\/delorenzoglobal.com\/es\/producto\/proteccion-de-lineas-de-transmision\/#primaryimage\",\"url\":\"https:\/\/delorenzoglobal.com\/wp-content\/uploads\/2024\/04\/DL-GTU102-S.jpg\",\"contentUrl\":\"https:\/\/delorenzoglobal.com\/wp-content\/uploads\/2024\/04\/DL-GTU102-S.jpg\",\"width\":1500,\"height\":1034},{\"@type\":\"BreadcrumbList\",\"@id\":\"https:\/\/delorenzoglobal.com\/es\/producto\/proteccion-de-lineas-de-transmision\/#breadcrumb\",\"itemListElement\":[{\"@type\":\"ListItem\",\"position\":1,\"name\":\"Home\",\"item\":\"https:\/\/delorenzoglobal.com\/es\/\"},{\"@type\":\"ListItem\",\"position\":2,\"name\":\"Tienda\",\"item\":\"https:\/\/delorenzoglobal.com\/es\/tienda\/\"},{\"@type\":\"ListItem\",\"position\":3,\"name\":\"PROTECCI\u00d3N DE L\u00cdNEAS DE TRANSMISI\u00d3N\"}]},{\"@type\":\"WebSite\",\"@id\":\"https:\/\/delorenzoglobal.com\/es\/#website\",\"url\":\"https:\/\/delorenzoglobal.com\/es\/\",\"name\":\"De Lorenzo Training &amp; Didactical Equipment\",\"description\":\"\",\"potentialAction\":[{\"@type\":\"SearchAction\",\"target\":{\"@type\":\"EntryPoint\",\"urlTemplate\":\"https:\/\/delorenzoglobal.com\/es\/?s={search_term_string}\"},\"query-input\":{\"@type\":\"PropertyValueSpecification\",\"valueRequired\":true,\"valueName\":\"search_term_string\"}}],\"inLanguage\":\"es\"}]}<\/script>\n<!-- \/ Yoast SEO plugin. -->","yoast_head_json":{"title":"PROTECCI\u00d3N DE L\u00cdNEAS DE TRANSMISI\u00d3N - De Lorenzo Training &amp; Didactical Equipment","robots":{"index":"index","follow":"follow","max-snippet":"max-snippet:-1","max-image-preview":"max-image-preview:large","max-video-preview":"max-video-preview:-1"},"canonical":"https:\/\/delorenzoglobal.com\/es\/producto\/proteccion-de-lineas-de-transmision\/","og_locale":"es_ES","og_type":"article","og_title":"PROTECCI\u00d3N DE L\u00cdNEAS DE TRANSMISI\u00d3N - De Lorenzo Training &amp; Didactical Equipment","og_description":"Hoy en d\u00eda, la energ\u00eda el\u00e9ctrica p\u00fablica se suministra casi exclusivamente a trav\u00e9s de sistemas trif\u00e1sicos con frecuencias de 50 o 60 Hz, dependiendo del pa\u00eds. La principal ventaja de los sistemas trif\u00e1sicos de CA sobre los sistemas de CC es que la energ\u00eda el\u00e9ctrica se genera de forma econ\u00f3mica en grandes centrales el\u00e9ctricas relativamente [&hellip;]","og_url":"https:\/\/delorenzoglobal.com\/es\/producto\/proteccion-de-lineas-de-transmision\/","og_site_name":"De Lorenzo Training &amp; Didactical Equipment","article_modified_time":"2025-06-05T09:08:43+00:00","og_image":[{"width":1500,"height":1034,"url":"https:\/\/delorenzoglobal.com\/wp-content\/uploads\/2024\/04\/DL-GTU102-S.jpg","type":"image\/jpeg"}],"twitter_card":"summary_large_image","twitter_misc":{"Tiempo de lectura":"2 minutos"},"schema":{"@context":"https:\/\/schema.org","@graph":[{"@type":"WebPage","@id":"https:\/\/delorenzoglobal.com\/es\/producto\/proteccion-de-lineas-de-transmision\/","url":"https:\/\/delorenzoglobal.com\/es\/producto\/proteccion-de-lineas-de-transmision\/","name":"PROTECCI\u00d3N DE L\u00cdNEAS DE TRANSMISI\u00d3N - De Lorenzo Training &amp; Didactical Equipment","isPartOf":{"@id":"https:\/\/delorenzoglobal.com\/es\/#website"},"primaryImageOfPage":{"@id":"https:\/\/delorenzoglobal.com\/es\/producto\/proteccion-de-lineas-de-transmision\/#primaryimage"},"image":{"@id":"https:\/\/delorenzoglobal.com\/es\/producto\/proteccion-de-lineas-de-transmision\/#primaryimage"},"thumbnailUrl":"https:\/\/delorenzoglobal.com\/wp-content\/uploads\/2024\/04\/DL-GTU102-S.jpg","datePublished":"2024-04-16T11:47:18+00:00","dateModified":"2025-06-05T09:08:43+00:00","breadcrumb":{"@id":"https:\/\/delorenzoglobal.com\/es\/producto\/proteccion-de-lineas-de-transmision\/#breadcrumb"},"inLanguage":"es","potentialAction":[{"@type":"ReadAction","target":["https:\/\/delorenzoglobal.com\/es\/producto\/proteccion-de-lineas-de-transmision\/"]}]},{"@type":"ImageObject","inLanguage":"es","@id":"https:\/\/delorenzoglobal.com\/es\/producto\/proteccion-de-lineas-de-transmision\/#primaryimage","url":"https:\/\/delorenzoglobal.com\/wp-content\/uploads\/2024\/04\/DL-GTU102-S.jpg","contentUrl":"https:\/\/delorenzoglobal.com\/wp-content\/uploads\/2024\/04\/DL-GTU102-S.jpg","width":1500,"height":1034},{"@type":"BreadcrumbList","@id":"https:\/\/delorenzoglobal.com\/es\/producto\/proteccion-de-lineas-de-transmision\/#breadcrumb","itemListElement":[{"@type":"ListItem","position":1,"name":"Home","item":"https:\/\/delorenzoglobal.com\/es\/"},{"@type":"ListItem","position":2,"name":"Tienda","item":"https:\/\/delorenzoglobal.com\/es\/tienda\/"},{"@type":"ListItem","position":3,"name":"PROTECCI\u00d3N DE L\u00cdNEAS DE TRANSMISI\u00d3N"}]},{"@type":"WebSite","@id":"https:\/\/delorenzoglobal.com\/es\/#website","url":"https:\/\/delorenzoglobal.com\/es\/","name":"De Lorenzo Training &amp; Didactical Equipment","description":"","potentialAction":[{"@type":"SearchAction","target":{"@type":"EntryPoint","urlTemplate":"https:\/\/delorenzoglobal.com\/es\/?s={search_term_string}"},"query-input":{"@type":"PropertyValueSpecification","valueRequired":true,"valueName":"search_term_string"}}],"inLanguage":"es"}]}},"_links":{"self":[{"href":"https:\/\/delorenzoglobal.com\/es\/wp-json\/wp\/v2\/product\/7764","targetHints":{"allow":["GET"]}}],"collection":[{"href":"https:\/\/delorenzoglobal.com\/es\/wp-json\/wp\/v2\/product"}],"about":[{"href":"https:\/\/delorenzoglobal.com\/es\/wp-json\/wp\/v2\/types\/product"}],"wp:featuredmedia":[{"embeddable":true,"href":"https:\/\/delorenzoglobal.com\/es\/wp-json\/wp\/v2\/media\/7685"}],"wp:attachment":[{"href":"https:\/\/delorenzoglobal.com\/es\/wp-json\/wp\/v2\/media?parent=7764"}],"wp:term":[{"taxonomy":"product_brand","embeddable":true,"href":"https:\/\/delorenzoglobal.com\/es\/wp-json\/wp\/v2\/product_brand?post=7764"},{"taxonomy":"product_cat","embeddable":true,"href":"https:\/\/delorenzoglobal.com\/es\/wp-json\/wp\/v2\/product_cat?post=7764"},{"taxonomy":"product_tag","embeddable":true,"href":"https:\/\/delorenzoglobal.com\/es\/wp-json\/wp\/v2\/product_tag?post=7764"}],"curies":[{"name":"wp","href":"https:\/\/api.w.org\/{rel}","templated":true}]}}