{"id":7661,"date":"2024-04-16T11:56:08","date_gmt":"2024-04-16T09:56:08","guid":{"rendered":"https:\/\/delorenzoglobal.com\/?post_type=product&#038;p=7661"},"modified":"2025-02-13T14:41:27","modified_gmt":"2025-02-13T13:41:27","slug":"generacion-de-energia-modulos-de-expansion","status":"publish","type":"product","link":"https:\/\/delorenzoglobal.com\/es\/producto\/generacion-de-energia-modulos-de-expansion\/","title":{"rendered":"GENERACI\u00d3N DE ENERG\u00cdA MODULOS DE EXPANSION"},"content":{"rendered":"<p>La energ\u00eda trif\u00e1sica es la m\u00e1s utilizada para la generaci\u00f3n, transmisi\u00f3n, distribuci\u00f3n y uso en el sector p\u00fablico de la energ\u00eda.<\/p>\n<p>Los sistemas trif\u00e1sicos son m\u00e1s econ\u00f3micos que los sistemas monof\u00e1sicos debido a la reducida cantidad de material conductor necesario para transmitir la misma cantidad de energ\u00eda, haci\u00e9ndolos m\u00e1s apropiados para la transmisi\u00f3n de alta tensi\u00f3n a largas distancias.<\/p>\n<p>Adem\u00e1s, es ideal para los consumidores en aplicaciones trif\u00e1sicas (motores, cargas pesadas) o monof\u00e1sicas.<\/p>\n<p>La generaci\u00f3n de energ\u00eda el\u00e9ctrica se realiza casi exclusivamente por medio de m\u00e1quinas s\u00edncronas, o alternadores, cuyo dise\u00f1o de construcci\u00f3n depende del tipo de accionamiento, que normalmente es vapor, gas o agua.<\/p>\n<p>Una limitaci\u00f3n importante de la energ\u00eda el\u00e9ctrica es que no puede almacenarse en grandes cantidades y, por lo tanto, tiene que ser generada en el momento en el que el consumidor la necesita.<\/p>\n<p>El generador s\u00edncrono puede funcionar en modo aislado, suministrando energ\u00eda a un solo consumidor o puede conectarse en paralelo con un sistema de red de tensi\u00f3n constante y frecuencia constante.<\/p>\n<p>En este laboratorio se estudian las principales caracter\u00edsticas de un generador s\u00edncrono, as\u00ed como su sincronizaci\u00f3n con la red principal y su comportamiento bajo diferentes condiciones de carga.<\/p>\n<p>Expansi\u00f3n:<\/p>\n<p>Al agregar m\u00f3dulos opcionales a la configuraci\u00f3n del GTU 101-S, se ampl\u00eda la lista de experimentos disponibles y las capacidades del sistema.<\/p>\n<p>DL GTU101-P Protecci\u00f3n de la generaci\u00f3n<\/p>\n","protected":false},"excerpt":{"rendered":"<p>La energ\u00eda trif\u00e1sica es la m\u00e1s utilizada para la generaci\u00f3n, transmisi\u00f3n, distribuci\u00f3n y uso en el sector p\u00fablico de la energ\u00eda. Los sistemas trif\u00e1sicos son m\u00e1s econ\u00f3micos que los sistemas monof\u00e1sicos debido a la reducida cantidad de material conductor necesario para transmitir la misma cantidad de energ\u00eda, haci\u00e9ndolos m\u00e1s apropiados para la transmisi\u00f3n de alta [&hellip;]<\/p>\n","protected":false},"featured_media":7653,"template":"","meta":{"_acf_changed":false},"product_brand":[],"product_cat":[341],"product_tag":[],"class_list":{"0":"post-7661","1":"product","2":"type-product","3":"status-publish","4":"has-post-thumbnail","6":"product_cat-electronica-de-potencia-avanzada-es-2","8":"first","9":"instock","10":"shipping-taxable","11":"product-type-simple"},"acf":[],"yoast_head":"<!-- This site is optimized with the Yoast SEO plugin v27.0 - https:\/\/yoast.com\/product\/yoast-seo-wordpress\/ -->\n<title>GENERACI\u00d3N DE ENERG\u00cdA MODULOS DE EXPANSION - De Lorenzo Training &amp; Didactical Equipment<\/title>\n<meta name=\"robots\" content=\"index, follow, max-snippet:-1, max-image-preview:large, max-video-preview:-1\" \/>\n<link rel=\"canonical\" href=\"https:\/\/delorenzoglobal.com\/es\/producto\/generacion-de-energia-modulos-de-expansion\/\" \/>\n<meta property=\"og:locale\" content=\"es_ES\" \/>\n<meta property=\"og:type\" content=\"article\" \/>\n<meta property=\"og:title\" content=\"GENERACI\u00d3N DE ENERG\u00cdA MODULOS DE EXPANSION - De Lorenzo Training &amp; Didactical Equipment\" \/>\n<meta property=\"og:description\" content=\"La energ\u00eda trif\u00e1sica es la m\u00e1s utilizada para la generaci\u00f3n, transmisi\u00f3n, distribuci\u00f3n y uso en el sector p\u00fablico de la energ\u00eda. Los sistemas trif\u00e1sicos son m\u00e1s econ\u00f3micos que los sistemas monof\u00e1sicos debido a la reducida cantidad de material conductor necesario para transmitir la misma cantidad de energ\u00eda, haci\u00e9ndolos m\u00e1s apropiados para la transmisi\u00f3n de alta [&hellip;]\" \/>\n<meta property=\"og:url\" content=\"https:\/\/delorenzoglobal.com\/es\/producto\/generacion-de-energia-modulos-de-expansion\/\" \/>\n<meta property=\"og:site_name\" content=\"De Lorenzo Training &amp; Didactical Equipment\" \/>\n<meta property=\"article:modified_time\" content=\"2025-02-13T13:41:27+00:00\" \/>\n<meta property=\"og:image\" content=\"https:\/\/delorenzoglobal.com\/wp-content\/uploads\/2024\/04\/DL-GTU101-S-1.jpg\" \/>\n\t<meta property=\"og:image:width\" content=\"2000\" \/>\n\t<meta property=\"og:image:height\" content=\"1416\" \/>\n\t<meta property=\"og:image:type\" content=\"image\/jpeg\" \/>\n<meta name=\"twitter:card\" content=\"summary_large_image\" \/>\n<meta name=\"twitter:label1\" content=\"Tiempo de lectura\" \/>\n\t<meta name=\"twitter:data1\" content=\"2 minutos\" \/>\n<script type=\"application\/ld+json\" class=\"yoast-schema-graph\">{\"@context\":\"https:\/\/schema.org\",\"@graph\":[{\"@type\":\"WebPage\",\"@id\":\"https:\/\/delorenzoglobal.com\/es\/producto\/generacion-de-energia-modulos-de-expansion\/\",\"url\":\"https:\/\/delorenzoglobal.com\/es\/producto\/generacion-de-energia-modulos-de-expansion\/\",\"name\":\"GENERACI\u00d3N DE ENERG\u00cdA MODULOS DE EXPANSION - De Lorenzo Training &amp; Didactical Equipment\",\"isPartOf\":{\"@id\":\"https:\/\/delorenzoglobal.com\/es\/#website\"},\"primaryImageOfPage\":{\"@id\":\"https:\/\/delorenzoglobal.com\/es\/producto\/generacion-de-energia-modulos-de-expansion\/#primaryimage\"},\"image\":{\"@id\":\"https:\/\/delorenzoglobal.com\/es\/producto\/generacion-de-energia-modulos-de-expansion\/#primaryimage\"},\"thumbnailUrl\":\"https:\/\/delorenzoglobal.com\/wp-content\/uploads\/2024\/04\/DL-GTU101-S-1.jpg\",\"datePublished\":\"2024-04-16T09:56:08+00:00\",\"dateModified\":\"2025-02-13T13:41:27+00:00\",\"breadcrumb\":{\"@id\":\"https:\/\/delorenzoglobal.com\/es\/producto\/generacion-de-energia-modulos-de-expansion\/#breadcrumb\"},\"inLanguage\":\"es\",\"potentialAction\":[{\"@type\":\"ReadAction\",\"target\":[\"https:\/\/delorenzoglobal.com\/es\/producto\/generacion-de-energia-modulos-de-expansion\/\"]}]},{\"@type\":\"ImageObject\",\"inLanguage\":\"es\",\"@id\":\"https:\/\/delorenzoglobal.com\/es\/producto\/generacion-de-energia-modulos-de-expansion\/#primaryimage\",\"url\":\"https:\/\/delorenzoglobal.com\/wp-content\/uploads\/2024\/04\/DL-GTU101-S-1.jpg\",\"contentUrl\":\"https:\/\/delorenzoglobal.com\/wp-content\/uploads\/2024\/04\/DL-GTU101-S-1.jpg\",\"width\":2000,\"height\":1416},{\"@type\":\"BreadcrumbList\",\"@id\":\"https:\/\/delorenzoglobal.com\/es\/producto\/generacion-de-energia-modulos-de-expansion\/#breadcrumb\",\"itemListElement\":[{\"@type\":\"ListItem\",\"position\":1,\"name\":\"Home\",\"item\":\"https:\/\/delorenzoglobal.com\/es\/\"},{\"@type\":\"ListItem\",\"position\":2,\"name\":\"Tienda\",\"item\":\"https:\/\/delorenzoglobal.com\/es\/tienda\/\"},{\"@type\":\"ListItem\",\"position\":3,\"name\":\"GENERACI\u00d3N DE ENERG\u00cdA MODULOS DE EXPANSION\"}]},{\"@type\":\"WebSite\",\"@id\":\"https:\/\/delorenzoglobal.com\/es\/#website\",\"url\":\"https:\/\/delorenzoglobal.com\/es\/\",\"name\":\"De Lorenzo Training &amp; Didactical Equipment\",\"description\":\"\",\"potentialAction\":[{\"@type\":\"SearchAction\",\"target\":{\"@type\":\"EntryPoint\",\"urlTemplate\":\"https:\/\/delorenzoglobal.com\/es\/?s={search_term_string}\"},\"query-input\":{\"@type\":\"PropertyValueSpecification\",\"valueRequired\":true,\"valueName\":\"search_term_string\"}}],\"inLanguage\":\"es\"}]}<\/script>\n<!-- \/ Yoast SEO plugin. -->","yoast_head_json":{"title":"GENERACI\u00d3N DE ENERG\u00cdA MODULOS DE EXPANSION - De Lorenzo Training &amp; Didactical Equipment","robots":{"index":"index","follow":"follow","max-snippet":"max-snippet:-1","max-image-preview":"max-image-preview:large","max-video-preview":"max-video-preview:-1"},"canonical":"https:\/\/delorenzoglobal.com\/es\/producto\/generacion-de-energia-modulos-de-expansion\/","og_locale":"es_ES","og_type":"article","og_title":"GENERACI\u00d3N DE ENERG\u00cdA MODULOS DE EXPANSION - De Lorenzo Training &amp; Didactical Equipment","og_description":"La energ\u00eda trif\u00e1sica es la m\u00e1s utilizada para la generaci\u00f3n, transmisi\u00f3n, distribuci\u00f3n y uso en el sector p\u00fablico de la energ\u00eda. Los sistemas trif\u00e1sicos son m\u00e1s econ\u00f3micos que los sistemas monof\u00e1sicos debido a la reducida cantidad de material conductor necesario para transmitir la misma cantidad de energ\u00eda, haci\u00e9ndolos m\u00e1s apropiados para la transmisi\u00f3n de alta [&hellip;]","og_url":"https:\/\/delorenzoglobal.com\/es\/producto\/generacion-de-energia-modulos-de-expansion\/","og_site_name":"De Lorenzo Training &amp; Didactical Equipment","article_modified_time":"2025-02-13T13:41:27+00:00","og_image":[{"width":2000,"height":1416,"url":"https:\/\/delorenzoglobal.com\/wp-content\/uploads\/2024\/04\/DL-GTU101-S-1.jpg","type":"image\/jpeg"}],"twitter_card":"summary_large_image","twitter_misc":{"Tiempo de lectura":"2 minutos"},"schema":{"@context":"https:\/\/schema.org","@graph":[{"@type":"WebPage","@id":"https:\/\/delorenzoglobal.com\/es\/producto\/generacion-de-energia-modulos-de-expansion\/","url":"https:\/\/delorenzoglobal.com\/es\/producto\/generacion-de-energia-modulos-de-expansion\/","name":"GENERACI\u00d3N DE ENERG\u00cdA MODULOS DE EXPANSION - De Lorenzo Training &amp; Didactical Equipment","isPartOf":{"@id":"https:\/\/delorenzoglobal.com\/es\/#website"},"primaryImageOfPage":{"@id":"https:\/\/delorenzoglobal.com\/es\/producto\/generacion-de-energia-modulos-de-expansion\/#primaryimage"},"image":{"@id":"https:\/\/delorenzoglobal.com\/es\/producto\/generacion-de-energia-modulos-de-expansion\/#primaryimage"},"thumbnailUrl":"https:\/\/delorenzoglobal.com\/wp-content\/uploads\/2024\/04\/DL-GTU101-S-1.jpg","datePublished":"2024-04-16T09:56:08+00:00","dateModified":"2025-02-13T13:41:27+00:00","breadcrumb":{"@id":"https:\/\/delorenzoglobal.com\/es\/producto\/generacion-de-energia-modulos-de-expansion\/#breadcrumb"},"inLanguage":"es","potentialAction":[{"@type":"ReadAction","target":["https:\/\/delorenzoglobal.com\/es\/producto\/generacion-de-energia-modulos-de-expansion\/"]}]},{"@type":"ImageObject","inLanguage":"es","@id":"https:\/\/delorenzoglobal.com\/es\/producto\/generacion-de-energia-modulos-de-expansion\/#primaryimage","url":"https:\/\/delorenzoglobal.com\/wp-content\/uploads\/2024\/04\/DL-GTU101-S-1.jpg","contentUrl":"https:\/\/delorenzoglobal.com\/wp-content\/uploads\/2024\/04\/DL-GTU101-S-1.jpg","width":2000,"height":1416},{"@type":"BreadcrumbList","@id":"https:\/\/delorenzoglobal.com\/es\/producto\/generacion-de-energia-modulos-de-expansion\/#breadcrumb","itemListElement":[{"@type":"ListItem","position":1,"name":"Home","item":"https:\/\/delorenzoglobal.com\/es\/"},{"@type":"ListItem","position":2,"name":"Tienda","item":"https:\/\/delorenzoglobal.com\/es\/tienda\/"},{"@type":"ListItem","position":3,"name":"GENERACI\u00d3N DE ENERG\u00cdA MODULOS DE EXPANSION"}]},{"@type":"WebSite","@id":"https:\/\/delorenzoglobal.com\/es\/#website","url":"https:\/\/delorenzoglobal.com\/es\/","name":"De Lorenzo Training &amp; Didactical Equipment","description":"","potentialAction":[{"@type":"SearchAction","target":{"@type":"EntryPoint","urlTemplate":"https:\/\/delorenzoglobal.com\/es\/?s={search_term_string}"},"query-input":{"@type":"PropertyValueSpecification","valueRequired":true,"valueName":"search_term_string"}}],"inLanguage":"es"}]}},"_links":{"self":[{"href":"https:\/\/delorenzoglobal.com\/es\/wp-json\/wp\/v2\/product\/7661","targetHints":{"allow":["GET"]}}],"collection":[{"href":"https:\/\/delorenzoglobal.com\/es\/wp-json\/wp\/v2\/product"}],"about":[{"href":"https:\/\/delorenzoglobal.com\/es\/wp-json\/wp\/v2\/types\/product"}],"wp:featuredmedia":[{"embeddable":true,"href":"https:\/\/delorenzoglobal.com\/es\/wp-json\/wp\/v2\/media\/7653"}],"wp:attachment":[{"href":"https:\/\/delorenzoglobal.com\/es\/wp-json\/wp\/v2\/media?parent=7661"}],"wp:term":[{"taxonomy":"product_brand","embeddable":true,"href":"https:\/\/delorenzoglobal.com\/es\/wp-json\/wp\/v2\/product_brand?post=7661"},{"taxonomy":"product_cat","embeddable":true,"href":"https:\/\/delorenzoglobal.com\/es\/wp-json\/wp\/v2\/product_cat?post=7661"},{"taxonomy":"product_tag","embeddable":true,"href":"https:\/\/delorenzoglobal.com\/es\/wp-json\/wp\/v2\/product_tag?post=7661"}],"curies":[{"name":"wp","href":"https:\/\/api.w.org\/{rel}","templated":true}]}}