{"id":7458,"date":"2024-04-16T09:09:21","date_gmt":"2024-04-16T07:09:21","guid":{"rendered":"https:\/\/delorenzoglobal.com\/?post_type=product&#038;p=7458"},"modified":"2025-01-28T15:25:51","modified_gmt":"2025-01-28T14:25:51","slug":"electronica-de-potencia-2","status":"publish","type":"product","link":"https:\/\/delorenzoglobal.com\/es\/producto\/electronica-de-potencia-2\/","title":{"rendered":"ELECTRONICA DE POTENCIA"},"content":{"rendered":"<p>Esta placa permite estudiar e identificar los componentes y circuitos m\u00e1s importantes habitualmente utilizados en el campo de la electr\u00f3nica de potencia.<\/p>\n<p>Incluye secciones claras distribuidas de manera que se comprendan sus funciones individuales, lo que permite al usuario final realizar f\u00e1cilmente los experimentos con el m\u00ednimo de cables.<\/p>\n<p>Cada secci\u00f3n muestra un diagrama esquem\u00e1tico para reconocer f\u00e1cilmente el circuito o el componente y todas est\u00e1n equipadas con terminales de 2 mm para la conexi\u00f3n el\u00e9ctrica.<\/p>\n<p>Se alimenta de red el\u00e9ctrica e incluye un display LCD con simulador de fallos.<\/p>\n","protected":false},"excerpt":{"rendered":"<p>Esta placa permite estudiar e identificar los componentes y circuitos m\u00e1s importantes habitualmente utilizados en el campo de la electr\u00f3nica de potencia. Incluye secciones claras distribuidas de manera que se comprendan sus funciones individuales, lo que permite al usuario final realizar f\u00e1cilmente los experimentos con el m\u00ednimo de cables. Cada secci\u00f3n muestra un diagrama esquem\u00e1tico [&hellip;]<\/p>\n","protected":false},"featured_media":7447,"template":"","meta":{"_acf_changed":false},"product_brand":[],"product_cat":[332],"product_tag":[],"class_list":{"0":"post-7458","1":"product","2":"type-product","3":"status-publish","4":"has-post-thumbnail","6":"product_cat-sistema-de-introduccion-basico","8":"first","9":"instock","10":"shipping-taxable","11":"product-type-simple"},"acf":[],"yoast_head":"<!-- This site is optimized with the Yoast SEO plugin v27.0 - https:\/\/yoast.com\/product\/yoast-seo-wordpress\/ -->\n<title>ELECTRONICA DE POTENCIA - De Lorenzo Training &amp; Didactical Equipment<\/title>\n<meta name=\"robots\" content=\"index, follow, max-snippet:-1, max-image-preview:large, max-video-preview:-1\" \/>\n<link rel=\"canonical\" href=\"https:\/\/delorenzoglobal.com\/es\/producto\/electronica-de-potencia-2\/\" \/>\n<meta property=\"og:locale\" content=\"es_ES\" \/>\n<meta property=\"og:type\" content=\"article\" \/>\n<meta property=\"og:title\" content=\"ELECTRONICA DE POTENCIA - De Lorenzo Training &amp; Didactical Equipment\" \/>\n<meta property=\"og:description\" content=\"Esta placa permite estudiar e identificar los componentes y circuitos m\u00e1s importantes habitualmente utilizados en el campo de la electr\u00f3nica de potencia. Incluye secciones claras distribuidas de manera que se comprendan sus funciones individuales, lo que permite al usuario final realizar f\u00e1cilmente los experimentos con el m\u00ednimo de cables. Cada secci\u00f3n muestra un diagrama esquem\u00e1tico [&hellip;]\" \/>\n<meta property=\"og:url\" content=\"https:\/\/delorenzoglobal.com\/es\/producto\/electronica-de-potencia-2\/\" \/>\n<meta property=\"og:site_name\" content=\"De Lorenzo Training &amp; Didactical Equipment\" \/>\n<meta property=\"article:modified_time\" content=\"2025-01-28T14:25:51+00:00\" \/>\n<meta property=\"og:image\" content=\"https:\/\/delorenzoglobal.com\/wp-content\/uploads\/2024\/04\/DL-2317SR.png\" \/>\n\t<meta property=\"og:image:width\" content=\"1375\" \/>\n\t<meta property=\"og:image:height\" content=\"839\" \/>\n\t<meta property=\"og:image:type\" content=\"image\/png\" \/>\n<meta name=\"twitter:card\" content=\"summary_large_image\" \/>\n<meta name=\"twitter:label1\" content=\"Tiempo de lectura\" \/>\n\t<meta name=\"twitter:data1\" content=\"1 minuto\" \/>\n<script type=\"application\/ld+json\" class=\"yoast-schema-graph\">{\"@context\":\"https:\/\/schema.org\",\"@graph\":[{\"@type\":\"WebPage\",\"@id\":\"https:\/\/delorenzoglobal.com\/es\/producto\/electronica-de-potencia-2\/\",\"url\":\"https:\/\/delorenzoglobal.com\/es\/producto\/electronica-de-potencia-2\/\",\"name\":\"ELECTRONICA DE POTENCIA - De Lorenzo Training &amp; Didactical Equipment\",\"isPartOf\":{\"@id\":\"https:\/\/delorenzoglobal.com\/es\/#website\"},\"primaryImageOfPage\":{\"@id\":\"https:\/\/delorenzoglobal.com\/es\/producto\/electronica-de-potencia-2\/#primaryimage\"},\"image\":{\"@id\":\"https:\/\/delorenzoglobal.com\/es\/producto\/electronica-de-potencia-2\/#primaryimage\"},\"thumbnailUrl\":\"https:\/\/delorenzoglobal.com\/wp-content\/uploads\/2024\/04\/DL-2317SR.png\",\"datePublished\":\"2024-04-16T07:09:21+00:00\",\"dateModified\":\"2025-01-28T14:25:51+00:00\",\"breadcrumb\":{\"@id\":\"https:\/\/delorenzoglobal.com\/es\/producto\/electronica-de-potencia-2\/#breadcrumb\"},\"inLanguage\":\"es\",\"potentialAction\":[{\"@type\":\"ReadAction\",\"target\":[\"https:\/\/delorenzoglobal.com\/es\/producto\/electronica-de-potencia-2\/\"]}]},{\"@type\":\"ImageObject\",\"inLanguage\":\"es\",\"@id\":\"https:\/\/delorenzoglobal.com\/es\/producto\/electronica-de-potencia-2\/#primaryimage\",\"url\":\"https:\/\/delorenzoglobal.com\/wp-content\/uploads\/2024\/04\/DL-2317SR.png\",\"contentUrl\":\"https:\/\/delorenzoglobal.com\/wp-content\/uploads\/2024\/04\/DL-2317SR.png\",\"width\":1375,\"height\":839},{\"@type\":\"BreadcrumbList\",\"@id\":\"https:\/\/delorenzoglobal.com\/es\/producto\/electronica-de-potencia-2\/#breadcrumb\",\"itemListElement\":[{\"@type\":\"ListItem\",\"position\":1,\"name\":\"Home\",\"item\":\"https:\/\/delorenzoglobal.com\/es\/\"},{\"@type\":\"ListItem\",\"position\":2,\"name\":\"Tienda\",\"item\":\"https:\/\/delorenzoglobal.com\/es\/tienda\/\"},{\"@type\":\"ListItem\",\"position\":3,\"name\":\"ELECTRONICA DE POTENCIA\"}]},{\"@type\":\"WebSite\",\"@id\":\"https:\/\/delorenzoglobal.com\/es\/#website\",\"url\":\"https:\/\/delorenzoglobal.com\/es\/\",\"name\":\"De Lorenzo Training &amp; Didactical Equipment\",\"description\":\"\",\"potentialAction\":[{\"@type\":\"SearchAction\",\"target\":{\"@type\":\"EntryPoint\",\"urlTemplate\":\"https:\/\/delorenzoglobal.com\/es\/?s={search_term_string}\"},\"query-input\":{\"@type\":\"PropertyValueSpecification\",\"valueRequired\":true,\"valueName\":\"search_term_string\"}}],\"inLanguage\":\"es\"}]}<\/script>\n<!-- \/ Yoast SEO plugin. -->","yoast_head_json":{"title":"ELECTRONICA DE POTENCIA - De Lorenzo Training &amp; Didactical Equipment","robots":{"index":"index","follow":"follow","max-snippet":"max-snippet:-1","max-image-preview":"max-image-preview:large","max-video-preview":"max-video-preview:-1"},"canonical":"https:\/\/delorenzoglobal.com\/es\/producto\/electronica-de-potencia-2\/","og_locale":"es_ES","og_type":"article","og_title":"ELECTRONICA DE POTENCIA - De Lorenzo Training &amp; Didactical Equipment","og_description":"Esta placa permite estudiar e identificar los componentes y circuitos m\u00e1s importantes habitualmente utilizados en el campo de la electr\u00f3nica de potencia. Incluye secciones claras distribuidas de manera que se comprendan sus funciones individuales, lo que permite al usuario final realizar f\u00e1cilmente los experimentos con el m\u00ednimo de cables. Cada secci\u00f3n muestra un diagrama esquem\u00e1tico [&hellip;]","og_url":"https:\/\/delorenzoglobal.com\/es\/producto\/electronica-de-potencia-2\/","og_site_name":"De Lorenzo Training &amp; Didactical Equipment","article_modified_time":"2025-01-28T14:25:51+00:00","og_image":[{"width":1375,"height":839,"url":"https:\/\/delorenzoglobal.com\/wp-content\/uploads\/2024\/04\/DL-2317SR.png","type":"image\/png"}],"twitter_card":"summary_large_image","twitter_misc":{"Tiempo de lectura":"1 minuto"},"schema":{"@context":"https:\/\/schema.org","@graph":[{"@type":"WebPage","@id":"https:\/\/delorenzoglobal.com\/es\/producto\/electronica-de-potencia-2\/","url":"https:\/\/delorenzoglobal.com\/es\/producto\/electronica-de-potencia-2\/","name":"ELECTRONICA DE POTENCIA - De Lorenzo Training &amp; Didactical Equipment","isPartOf":{"@id":"https:\/\/delorenzoglobal.com\/es\/#website"},"primaryImageOfPage":{"@id":"https:\/\/delorenzoglobal.com\/es\/producto\/electronica-de-potencia-2\/#primaryimage"},"image":{"@id":"https:\/\/delorenzoglobal.com\/es\/producto\/electronica-de-potencia-2\/#primaryimage"},"thumbnailUrl":"https:\/\/delorenzoglobal.com\/wp-content\/uploads\/2024\/04\/DL-2317SR.png","datePublished":"2024-04-16T07:09:21+00:00","dateModified":"2025-01-28T14:25:51+00:00","breadcrumb":{"@id":"https:\/\/delorenzoglobal.com\/es\/producto\/electronica-de-potencia-2\/#breadcrumb"},"inLanguage":"es","potentialAction":[{"@type":"ReadAction","target":["https:\/\/delorenzoglobal.com\/es\/producto\/electronica-de-potencia-2\/"]}]},{"@type":"ImageObject","inLanguage":"es","@id":"https:\/\/delorenzoglobal.com\/es\/producto\/electronica-de-potencia-2\/#primaryimage","url":"https:\/\/delorenzoglobal.com\/wp-content\/uploads\/2024\/04\/DL-2317SR.png","contentUrl":"https:\/\/delorenzoglobal.com\/wp-content\/uploads\/2024\/04\/DL-2317SR.png","width":1375,"height":839},{"@type":"BreadcrumbList","@id":"https:\/\/delorenzoglobal.com\/es\/producto\/electronica-de-potencia-2\/#breadcrumb","itemListElement":[{"@type":"ListItem","position":1,"name":"Home","item":"https:\/\/delorenzoglobal.com\/es\/"},{"@type":"ListItem","position":2,"name":"Tienda","item":"https:\/\/delorenzoglobal.com\/es\/tienda\/"},{"@type":"ListItem","position":3,"name":"ELECTRONICA DE POTENCIA"}]},{"@type":"WebSite","@id":"https:\/\/delorenzoglobal.com\/es\/#website","url":"https:\/\/delorenzoglobal.com\/es\/","name":"De Lorenzo Training &amp; Didactical Equipment","description":"","potentialAction":[{"@type":"SearchAction","target":{"@type":"EntryPoint","urlTemplate":"https:\/\/delorenzoglobal.com\/es\/?s={search_term_string}"},"query-input":{"@type":"PropertyValueSpecification","valueRequired":true,"valueName":"search_term_string"}}],"inLanguage":"es"}]}},"_links":{"self":[{"href":"https:\/\/delorenzoglobal.com\/es\/wp-json\/wp\/v2\/product\/7458","targetHints":{"allow":["GET"]}}],"collection":[{"href":"https:\/\/delorenzoglobal.com\/es\/wp-json\/wp\/v2\/product"}],"about":[{"href":"https:\/\/delorenzoglobal.com\/es\/wp-json\/wp\/v2\/types\/product"}],"wp:featuredmedia":[{"embeddable":true,"href":"https:\/\/delorenzoglobal.com\/es\/wp-json\/wp\/v2\/media\/7447"}],"wp:attachment":[{"href":"https:\/\/delorenzoglobal.com\/es\/wp-json\/wp\/v2\/media?parent=7458"}],"wp:term":[{"taxonomy":"product_brand","embeddable":true,"href":"https:\/\/delorenzoglobal.com\/es\/wp-json\/wp\/v2\/product_brand?post=7458"},{"taxonomy":"product_cat","embeddable":true,"href":"https:\/\/delorenzoglobal.com\/es\/wp-json\/wp\/v2\/product_cat?post=7458"},{"taxonomy":"product_tag","embeddable":true,"href":"https:\/\/delorenzoglobal.com\/es\/wp-json\/wp\/v2\/product_tag?post=7458"}],"curies":[{"name":"wp","href":"https:\/\/api.w.org\/{rel}","templated":true}]}}