{"id":70463,"date":"2026-04-10T14:38:38","date_gmt":"2026-04-10T12:38:38","guid":{"rendered":"https:\/\/delorenzoglobal.com\/?post_type=product&#038;p=70463"},"modified":"2026-04-10T14:39:39","modified_gmt":"2026-04-10T12:39:39","slug":"entrenador-de-sistemas-fotovoltaicos","status":"publish","type":"product","link":"https:\/\/delorenzoglobal.com\/es\/producto\/entrenador-de-sistemas-fotovoltaicos\/","title":{"rendered":"ENTRENADOR DE SISTEMAS FOTOVOLTAICOS"},"content":{"rendered":"<p>El entrenador de energ\u00eda fotovoltaica est\u00e1 montado sobre una estructura con ruedas, que dispone de un sistema de bloqueo de seguridad en las ruedas para evitar desplazamientos accidentales durante los ensayos y dispone de los componentes de un sistema el\u00e9ctrico solar, cuenta con regulador de carga, inversor de red, acumulador para almacenamiento de energ\u00eda el\u00e9ctrica, contador bidireccional y sistema para la gesti\u00f3n de la energ\u00eda.<\/p>\n","protected":false},"excerpt":{"rendered":"<p>El entrenador de energ\u00eda fotovoltaica est\u00e1 montado sobre una estructura con ruedas, que dispone de un sistema de bloqueo de seguridad en las ruedas para evitar desplazamientos accidentales durante los ensayos y dispone de los componentes de un sistema el\u00e9ctrico solar, cuenta con regulador de carga, inversor de red, acumulador para almacenamiento de energ\u00eda el\u00e9ctrica, [&hellip;]<\/p>\n","protected":false},"featured_media":70469,"template":"","meta":{"_acf_changed":false},"product_brand":[],"product_cat":[3106],"product_tag":[],"class_list":{"0":"post-70463","1":"product","2":"type-product","3":"status-publish","4":"has-post-thumbnail","6":"product_cat-senza-categoria-es","8":"first","9":"instock","10":"shipping-taxable","11":"product-type-simple"},"acf":[],"yoast_head":"<!-- This site is optimized with the Yoast SEO plugin v27.4 - https:\/\/yoast.com\/product\/yoast-seo-wordpress\/ -->\n<title>ENTRENADOR DE SISTEMAS FOTOVOLTAICOS - De Lorenzo Training &amp; Didactical Equipment<\/title>\n<meta name=\"robots\" content=\"index, follow, max-snippet:-1, max-image-preview:large, max-video-preview:-1\" \/>\n<link rel=\"canonical\" href=\"https:\/\/delorenzoglobal.com\/es\/producto\/entrenador-de-sistemas-fotovoltaicos\/\" \/>\n<meta property=\"og:locale\" content=\"es_ES\" \/>\n<meta property=\"og:type\" content=\"article\" \/>\n<meta property=\"og:title\" content=\"ENTRENADOR DE SISTEMAS FOTOVOLTAICOS - De Lorenzo Training &amp; Didactical Equipment\" \/>\n<meta property=\"og:description\" content=\"El entrenador de energ\u00eda fotovoltaica est\u00e1 montado sobre una estructura con ruedas, que dispone de un sistema de bloqueo de seguridad en las ruedas para evitar desplazamientos accidentales durante los ensayos y dispone de los componentes de un sistema el\u00e9ctrico solar, cuenta con regulador de carga, inversor de red, acumulador para almacenamiento de energ\u00eda el\u00e9ctrica, [&hellip;]\" \/>\n<meta property=\"og:url\" content=\"https:\/\/delorenzoglobal.com\/es\/producto\/entrenador-de-sistemas-fotovoltaicos\/\" \/>\n<meta property=\"og:site_name\" content=\"De Lorenzo Training &amp; Didactical Equipment\" \/>\n<meta property=\"article:modified_time\" content=\"2026-04-10T12:39:39+00:00\" \/>\n<meta property=\"og:image\" content=\"https:\/\/delorenzoglobal.com\/wp-content\/uploads\/2026\/04\/DL-SOLAR-AR.png\" \/>\n\t<meta property=\"og:image:width\" content=\"1694\" \/>\n\t<meta property=\"og:image:height\" content=\"537\" \/>\n\t<meta property=\"og:image:type\" content=\"image\/png\" \/>\n<meta name=\"twitter:card\" content=\"summary_large_image\" \/>\n<meta name=\"twitter:label1\" content=\"Tiempo de lectura\" \/>\n\t<meta name=\"twitter:data1\" content=\"1 minuto\" \/>\n<script type=\"application\/ld+json\" class=\"yoast-schema-graph\">{\"@context\":\"https:\\\/\\\/schema.org\",\"@graph\":[{\"@type\":\"WebPage\",\"@id\":\"https:\\\/\\\/delorenzoglobal.com\\\/es\\\/producto\\\/entrenador-de-sistemas-fotovoltaicos\\\/\",\"url\":\"https:\\\/\\\/delorenzoglobal.com\\\/es\\\/producto\\\/entrenador-de-sistemas-fotovoltaicos\\\/\",\"name\":\"ENTRENADOR DE SISTEMAS FOTOVOLTAICOS - De Lorenzo Training &amp; Didactical Equipment\",\"isPartOf\":{\"@id\":\"https:\\\/\\\/delorenzoglobal.com\\\/es\\\/#website\"},\"primaryImageOfPage\":{\"@id\":\"https:\\\/\\\/delorenzoglobal.com\\\/es\\\/producto\\\/entrenador-de-sistemas-fotovoltaicos\\\/#primaryimage\"},\"image\":{\"@id\":\"https:\\\/\\\/delorenzoglobal.com\\\/es\\\/producto\\\/entrenador-de-sistemas-fotovoltaicos\\\/#primaryimage\"},\"thumbnailUrl\":\"https:\\\/\\\/delorenzoglobal.com\\\/wp-content\\\/uploads\\\/2026\\\/04\\\/DL-SOLAR-AR.png\",\"datePublished\":\"2026-04-10T12:38:38+00:00\",\"dateModified\":\"2026-04-10T12:39:39+00:00\",\"breadcrumb\":{\"@id\":\"https:\\\/\\\/delorenzoglobal.com\\\/es\\\/producto\\\/entrenador-de-sistemas-fotovoltaicos\\\/#breadcrumb\"},\"inLanguage\":\"es\",\"potentialAction\":[{\"@type\":\"ReadAction\",\"target\":[\"https:\\\/\\\/delorenzoglobal.com\\\/es\\\/producto\\\/entrenador-de-sistemas-fotovoltaicos\\\/\"]}]},{\"@type\":\"ImageObject\",\"inLanguage\":\"es\",\"@id\":\"https:\\\/\\\/delorenzoglobal.com\\\/es\\\/producto\\\/entrenador-de-sistemas-fotovoltaicos\\\/#primaryimage\",\"url\":\"https:\\\/\\\/delorenzoglobal.com\\\/wp-content\\\/uploads\\\/2026\\\/04\\\/DL-SOLAR-AR.png\",\"contentUrl\":\"https:\\\/\\\/delorenzoglobal.com\\\/wp-content\\\/uploads\\\/2026\\\/04\\\/DL-SOLAR-AR.png\",\"width\":1694,\"height\":537},{\"@type\":\"BreadcrumbList\",\"@id\":\"https:\\\/\\\/delorenzoglobal.com\\\/es\\\/producto\\\/entrenador-de-sistemas-fotovoltaicos\\\/#breadcrumb\",\"itemListElement\":[{\"@type\":\"ListItem\",\"position\":1,\"name\":\"Home\",\"item\":\"https:\\\/\\\/delorenzoglobal.com\\\/es\\\/\"},{\"@type\":\"ListItem\",\"position\":2,\"name\":\"Tienda\",\"item\":\"https:\\\/\\\/delorenzoglobal.com\\\/es\\\/tienda\\\/\"},{\"@type\":\"ListItem\",\"position\":3,\"name\":\"ENTRENADOR DE SISTEMAS FOTOVOLTAICOS\"}]},{\"@type\":\"WebSite\",\"@id\":\"https:\\\/\\\/delorenzoglobal.com\\\/es\\\/#website\",\"url\":\"https:\\\/\\\/delorenzoglobal.com\\\/es\\\/\",\"name\":\"De Lorenzo Training &amp; Didactical Equipment\",\"description\":\"\",\"potentialAction\":[{\"@type\":\"SearchAction\",\"target\":{\"@type\":\"EntryPoint\",\"urlTemplate\":\"https:\\\/\\\/delorenzoglobal.com\\\/es\\\/?s={search_term_string}\"},\"query-input\":{\"@type\":\"PropertyValueSpecification\",\"valueRequired\":true,\"valueName\":\"search_term_string\"}}],\"inLanguage\":\"es\"}]}<\/script>\n<!-- \/ Yoast SEO plugin. -->","yoast_head_json":{"title":"ENTRENADOR DE SISTEMAS FOTOVOLTAICOS - De Lorenzo Training &amp; Didactical Equipment","robots":{"index":"index","follow":"follow","max-snippet":"max-snippet:-1","max-image-preview":"max-image-preview:large","max-video-preview":"max-video-preview:-1"},"canonical":"https:\/\/delorenzoglobal.com\/es\/producto\/entrenador-de-sistemas-fotovoltaicos\/","og_locale":"es_ES","og_type":"article","og_title":"ENTRENADOR DE SISTEMAS FOTOVOLTAICOS - De Lorenzo Training &amp; Didactical Equipment","og_description":"El entrenador de energ\u00eda fotovoltaica est\u00e1 montado sobre una estructura con ruedas, que dispone de un sistema de bloqueo de seguridad en las ruedas para evitar desplazamientos accidentales durante los ensayos y dispone de los componentes de un sistema el\u00e9ctrico solar, cuenta con regulador de carga, inversor de red, acumulador para almacenamiento de energ\u00eda el\u00e9ctrica, [&hellip;]","og_url":"https:\/\/delorenzoglobal.com\/es\/producto\/entrenador-de-sistemas-fotovoltaicos\/","og_site_name":"De Lorenzo Training &amp; Didactical Equipment","article_modified_time":"2026-04-10T12:39:39+00:00","og_image":[{"width":1694,"height":537,"url":"https:\/\/delorenzoglobal.com\/wp-content\/uploads\/2026\/04\/DL-SOLAR-AR.png","type":"image\/png"}],"twitter_card":"summary_large_image","twitter_misc":{"Tiempo de lectura":"1 minuto"},"schema":{"@context":"https:\/\/schema.org","@graph":[{"@type":"WebPage","@id":"https:\/\/delorenzoglobal.com\/es\/producto\/entrenador-de-sistemas-fotovoltaicos\/","url":"https:\/\/delorenzoglobal.com\/es\/producto\/entrenador-de-sistemas-fotovoltaicos\/","name":"ENTRENADOR DE SISTEMAS FOTOVOLTAICOS - De Lorenzo Training &amp; Didactical Equipment","isPartOf":{"@id":"https:\/\/delorenzoglobal.com\/es\/#website"},"primaryImageOfPage":{"@id":"https:\/\/delorenzoglobal.com\/es\/producto\/entrenador-de-sistemas-fotovoltaicos\/#primaryimage"},"image":{"@id":"https:\/\/delorenzoglobal.com\/es\/producto\/entrenador-de-sistemas-fotovoltaicos\/#primaryimage"},"thumbnailUrl":"https:\/\/delorenzoglobal.com\/wp-content\/uploads\/2026\/04\/DL-SOLAR-AR.png","datePublished":"2026-04-10T12:38:38+00:00","dateModified":"2026-04-10T12:39:39+00:00","breadcrumb":{"@id":"https:\/\/delorenzoglobal.com\/es\/producto\/entrenador-de-sistemas-fotovoltaicos\/#breadcrumb"},"inLanguage":"es","potentialAction":[{"@type":"ReadAction","target":["https:\/\/delorenzoglobal.com\/es\/producto\/entrenador-de-sistemas-fotovoltaicos\/"]}]},{"@type":"ImageObject","inLanguage":"es","@id":"https:\/\/delorenzoglobal.com\/es\/producto\/entrenador-de-sistemas-fotovoltaicos\/#primaryimage","url":"https:\/\/delorenzoglobal.com\/wp-content\/uploads\/2026\/04\/DL-SOLAR-AR.png","contentUrl":"https:\/\/delorenzoglobal.com\/wp-content\/uploads\/2026\/04\/DL-SOLAR-AR.png","width":1694,"height":537},{"@type":"BreadcrumbList","@id":"https:\/\/delorenzoglobal.com\/es\/producto\/entrenador-de-sistemas-fotovoltaicos\/#breadcrumb","itemListElement":[{"@type":"ListItem","position":1,"name":"Home","item":"https:\/\/delorenzoglobal.com\/es\/"},{"@type":"ListItem","position":2,"name":"Tienda","item":"https:\/\/delorenzoglobal.com\/es\/tienda\/"},{"@type":"ListItem","position":3,"name":"ENTRENADOR DE SISTEMAS FOTOVOLTAICOS"}]},{"@type":"WebSite","@id":"https:\/\/delorenzoglobal.com\/es\/#website","url":"https:\/\/delorenzoglobal.com\/es\/","name":"De Lorenzo Training &amp; Didactical Equipment","description":"","potentialAction":[{"@type":"SearchAction","target":{"@type":"EntryPoint","urlTemplate":"https:\/\/delorenzoglobal.com\/es\/?s={search_term_string}"},"query-input":{"@type":"PropertyValueSpecification","valueRequired":true,"valueName":"search_term_string"}}],"inLanguage":"es"}]}},"_links":{"self":[{"href":"https:\/\/delorenzoglobal.com\/es\/wp-json\/wp\/v2\/product\/70463","targetHints":{"allow":["GET"]}}],"collection":[{"href":"https:\/\/delorenzoglobal.com\/es\/wp-json\/wp\/v2\/product"}],"about":[{"href":"https:\/\/delorenzoglobal.com\/es\/wp-json\/wp\/v2\/types\/product"}],"wp:featuredmedia":[{"embeddable":true,"href":"https:\/\/delorenzoglobal.com\/es\/wp-json\/wp\/v2\/media\/70469"}],"wp:attachment":[{"href":"https:\/\/delorenzoglobal.com\/es\/wp-json\/wp\/v2\/media?parent=70463"}],"wp:term":[{"taxonomy":"product_brand","embeddable":true,"href":"https:\/\/delorenzoglobal.com\/es\/wp-json\/wp\/v2\/product_brand?post=70463"},{"taxonomy":"product_cat","embeddable":true,"href":"https:\/\/delorenzoglobal.com\/es\/wp-json\/wp\/v2\/product_cat?post=70463"},{"taxonomy":"product_tag","embeddable":true,"href":"https:\/\/delorenzoglobal.com\/es\/wp-json\/wp\/v2\/product_tag?post=70463"}],"curies":[{"name":"wp","href":"https:\/\/api.w.org\/{rel}","templated":true}]}}