{"id":70413,"date":"2026-04-10T10:18:14","date_gmt":"2026-04-10T08:18:14","guid":{"rendered":"https:\/\/delorenzoglobal.com\/?post_type=product&#038;p=70413"},"modified":"2026-04-10T10:31:08","modified_gmt":"2026-04-10T08:31:08","slug":"sistema-de-seguimiento-solar-para-exteriores","status":"publish","type":"product","link":"https:\/\/delorenzoglobal.com\/es\/producto\/sistema-de-seguimiento-solar-para-exteriores\/","title":{"rendered":"SISTEMA DE SEGUIMIENTO SOLAR PARA EXTERIORES"},"content":{"rendered":"<p>El DL SUN-TRACKER 4.0 es un sistema educativo dise\u00f1ado para orientar autom\u00e1ticamente un panel solar hacia la direcci\u00f3n m\u00e1s favorable para la luz solar durante todo el d\u00eda.<\/p>\n<p>Se trata de un simulador dise\u00f1ado para institutos t\u00e9cnicos y universidades. No es solo un seguidor solar, sino un laboratorio completo que permite estudiar la intersecci\u00f3n entre las energ\u00edas renovables, la automatizaci\u00f3n y la comunicaci\u00f3n digital.<\/p>\n","protected":false},"excerpt":{"rendered":"<p>El DL SUN-TRACKER 4.0 es un sistema educativo dise\u00f1ado para orientar autom\u00e1ticamente un panel solar hacia la direcci\u00f3n m\u00e1s favorable para la luz solar durante todo el d\u00eda. Se trata de un simulador dise\u00f1ado para institutos t\u00e9cnicos y universidades. No es solo un seguidor solar, sino un laboratorio completo que permite estudiar la intersecci\u00f3n entre [&hellip;]<\/p>\n","protected":false},"featured_media":70398,"template":"","meta":{"_acf_changed":false},"product_brand":[],"product_cat":[248],"product_tag":[],"class_list":{"0":"post-70413","1":"product","2":"type-product","3":"status-publish","4":"has-post-thumbnail","6":"product_cat-fotovoltaica-solar","8":"first","9":"instock","10":"shipping-taxable","11":"product-type-simple"},"acf":[],"yoast_head":"<!-- This site is optimized with the Yoast SEO plugin v27.4 - https:\/\/yoast.com\/product\/yoast-seo-wordpress\/ -->\n<title>SISTEMA DE SEGUIMIENTO SOLAR PARA EXTERIORES - De Lorenzo Training &amp; Didactical Equipment<\/title>\n<meta name=\"description\" content=\"El DL SUN-TRACKER 4.0 es un laboratorio completo que permite estudiar la intersecci\u00f3n entre energ\u00edas renovables, automatizaci\u00f3n y comunicaci\u00f3n digital.\" \/>\n<meta name=\"robots\" content=\"index, follow, max-snippet:-1, max-image-preview:large, max-video-preview:-1\" \/>\n<link rel=\"canonical\" href=\"https:\/\/delorenzoglobal.com\/es\/producto\/sistema-de-seguimiento-solar-para-exteriores\/\" \/>\n<meta property=\"og:locale\" content=\"es_ES\" \/>\n<meta property=\"og:type\" content=\"article\" \/>\n<meta property=\"og:title\" content=\"SISTEMA DE SEGUIMIENTO SOLAR PARA EXTERIORES - De Lorenzo Training &amp; Didactical Equipment\" \/>\n<meta property=\"og:description\" content=\"El DL SUN-TRACKER 4.0 es un laboratorio completo que permite estudiar la intersecci\u00f3n entre energ\u00edas renovables, automatizaci\u00f3n y comunicaci\u00f3n digital.\" \/>\n<meta property=\"og:url\" content=\"https:\/\/delorenzoglobal.com\/es\/producto\/sistema-de-seguimiento-solar-para-exteriores\/\" \/>\n<meta property=\"og:site_name\" content=\"De Lorenzo Training &amp; Didactical Equipment\" \/>\n<meta property=\"article:modified_time\" content=\"2026-04-10T08:31:08+00:00\" \/>\n<meta property=\"og:image\" content=\"https:\/\/delorenzoglobal.com\/wp-content\/uploads\/2026\/04\/DL-SUN-TRACKER-4.0-scaled.jpg\" \/>\n\t<meta property=\"og:image:width\" content=\"2020\" \/>\n\t<meta property=\"og:image:height\" content=\"2560\" \/>\n\t<meta property=\"og:image:type\" content=\"image\/jpeg\" \/>\n<meta name=\"twitter:card\" content=\"summary_large_image\" \/>\n<meta name=\"twitter:label1\" content=\"Tiempo de lectura\" \/>\n\t<meta name=\"twitter:data1\" content=\"1 minuto\" \/>\n<script type=\"application\/ld+json\" class=\"yoast-schema-graph\">{\"@context\":\"https:\\\/\\\/schema.org\",\"@graph\":[{\"@type\":\"WebPage\",\"@id\":\"https:\\\/\\\/delorenzoglobal.com\\\/es\\\/producto\\\/sistema-de-seguimiento-solar-para-exteriores\\\/\",\"url\":\"https:\\\/\\\/delorenzoglobal.com\\\/es\\\/producto\\\/sistema-de-seguimiento-solar-para-exteriores\\\/\",\"name\":\"SISTEMA DE SEGUIMIENTO SOLAR PARA EXTERIORES - De Lorenzo Training &amp; Didactical Equipment\",\"isPartOf\":{\"@id\":\"https:\\\/\\\/delorenzoglobal.com\\\/es\\\/#website\"},\"primaryImageOfPage\":{\"@id\":\"https:\\\/\\\/delorenzoglobal.com\\\/es\\\/producto\\\/sistema-de-seguimiento-solar-para-exteriores\\\/#primaryimage\"},\"image\":{\"@id\":\"https:\\\/\\\/delorenzoglobal.com\\\/es\\\/producto\\\/sistema-de-seguimiento-solar-para-exteriores\\\/#primaryimage\"},\"thumbnailUrl\":\"https:\\\/\\\/delorenzoglobal.com\\\/wp-content\\\/uploads\\\/2026\\\/04\\\/DL-SUN-TRACKER-4.0-scaled.jpg\",\"datePublished\":\"2026-04-10T08:18:14+00:00\",\"dateModified\":\"2026-04-10T08:31:08+00:00\",\"description\":\"El DL SUN-TRACKER 4.0 es un laboratorio completo que permite estudiar la intersecci\u00f3n entre energ\u00edas renovables, automatizaci\u00f3n y comunicaci\u00f3n digital.\",\"breadcrumb\":{\"@id\":\"https:\\\/\\\/delorenzoglobal.com\\\/es\\\/producto\\\/sistema-de-seguimiento-solar-para-exteriores\\\/#breadcrumb\"},\"inLanguage\":\"es\",\"potentialAction\":[{\"@type\":\"ReadAction\",\"target\":[\"https:\\\/\\\/delorenzoglobal.com\\\/es\\\/producto\\\/sistema-de-seguimiento-solar-para-exteriores\\\/\"]}]},{\"@type\":\"ImageObject\",\"inLanguage\":\"es\",\"@id\":\"https:\\\/\\\/delorenzoglobal.com\\\/es\\\/producto\\\/sistema-de-seguimiento-solar-para-exteriores\\\/#primaryimage\",\"url\":\"https:\\\/\\\/delorenzoglobal.com\\\/wp-content\\\/uploads\\\/2026\\\/04\\\/DL-SUN-TRACKER-4.0-scaled.jpg\",\"contentUrl\":\"https:\\\/\\\/delorenzoglobal.com\\\/wp-content\\\/uploads\\\/2026\\\/04\\\/DL-SUN-TRACKER-4.0-scaled.jpg\",\"width\":2020,\"height\":2560},{\"@type\":\"BreadcrumbList\",\"@id\":\"https:\\\/\\\/delorenzoglobal.com\\\/es\\\/producto\\\/sistema-de-seguimiento-solar-para-exteriores\\\/#breadcrumb\",\"itemListElement\":[{\"@type\":\"ListItem\",\"position\":1,\"name\":\"Home\",\"item\":\"https:\\\/\\\/delorenzoglobal.com\\\/es\\\/\"},{\"@type\":\"ListItem\",\"position\":2,\"name\":\"Tienda\",\"item\":\"https:\\\/\\\/delorenzoglobal.com\\\/es\\\/tienda\\\/\"},{\"@type\":\"ListItem\",\"position\":3,\"name\":\"SISTEMA DE SEGUIMIENTO SOLAR PARA EXTERIORES\"}]},{\"@type\":\"WebSite\",\"@id\":\"https:\\\/\\\/delorenzoglobal.com\\\/es\\\/#website\",\"url\":\"https:\\\/\\\/delorenzoglobal.com\\\/es\\\/\",\"name\":\"De Lorenzo Training &amp; Didactical Equipment\",\"description\":\"\",\"potentialAction\":[{\"@type\":\"SearchAction\",\"target\":{\"@type\":\"EntryPoint\",\"urlTemplate\":\"https:\\\/\\\/delorenzoglobal.com\\\/es\\\/?s={search_term_string}\"},\"query-input\":{\"@type\":\"PropertyValueSpecification\",\"valueRequired\":true,\"valueName\":\"search_term_string\"}}],\"inLanguage\":\"es\"}]}<\/script>\n<!-- \/ Yoast SEO plugin. -->","yoast_head_json":{"title":"SISTEMA DE SEGUIMIENTO SOLAR PARA EXTERIORES - De Lorenzo Training &amp; Didactical Equipment","description":"El DL SUN-TRACKER 4.0 es un laboratorio completo que permite estudiar la intersecci\u00f3n entre energ\u00edas renovables, automatizaci\u00f3n y comunicaci\u00f3n digital.","robots":{"index":"index","follow":"follow","max-snippet":"max-snippet:-1","max-image-preview":"max-image-preview:large","max-video-preview":"max-video-preview:-1"},"canonical":"https:\/\/delorenzoglobal.com\/es\/producto\/sistema-de-seguimiento-solar-para-exteriores\/","og_locale":"es_ES","og_type":"article","og_title":"SISTEMA DE SEGUIMIENTO SOLAR PARA EXTERIORES - De Lorenzo Training &amp; Didactical Equipment","og_description":"El DL SUN-TRACKER 4.0 es un laboratorio completo que permite estudiar la intersecci\u00f3n entre energ\u00edas renovables, automatizaci\u00f3n y comunicaci\u00f3n digital.","og_url":"https:\/\/delorenzoglobal.com\/es\/producto\/sistema-de-seguimiento-solar-para-exteriores\/","og_site_name":"De Lorenzo Training &amp; Didactical Equipment","article_modified_time":"2026-04-10T08:31:08+00:00","og_image":[{"width":2020,"height":2560,"url":"https:\/\/delorenzoglobal.com\/wp-content\/uploads\/2026\/04\/DL-SUN-TRACKER-4.0-scaled.jpg","type":"image\/jpeg"}],"twitter_card":"summary_large_image","twitter_misc":{"Tiempo de lectura":"1 minuto"},"schema":{"@context":"https:\/\/schema.org","@graph":[{"@type":"WebPage","@id":"https:\/\/delorenzoglobal.com\/es\/producto\/sistema-de-seguimiento-solar-para-exteriores\/","url":"https:\/\/delorenzoglobal.com\/es\/producto\/sistema-de-seguimiento-solar-para-exteriores\/","name":"SISTEMA DE SEGUIMIENTO SOLAR PARA EXTERIORES - De Lorenzo Training &amp; Didactical Equipment","isPartOf":{"@id":"https:\/\/delorenzoglobal.com\/es\/#website"},"primaryImageOfPage":{"@id":"https:\/\/delorenzoglobal.com\/es\/producto\/sistema-de-seguimiento-solar-para-exteriores\/#primaryimage"},"image":{"@id":"https:\/\/delorenzoglobal.com\/es\/producto\/sistema-de-seguimiento-solar-para-exteriores\/#primaryimage"},"thumbnailUrl":"https:\/\/delorenzoglobal.com\/wp-content\/uploads\/2026\/04\/DL-SUN-TRACKER-4.0-scaled.jpg","datePublished":"2026-04-10T08:18:14+00:00","dateModified":"2026-04-10T08:31:08+00:00","description":"El DL SUN-TRACKER 4.0 es un laboratorio completo que permite estudiar la intersecci\u00f3n entre energ\u00edas renovables, automatizaci\u00f3n y comunicaci\u00f3n digital.","breadcrumb":{"@id":"https:\/\/delorenzoglobal.com\/es\/producto\/sistema-de-seguimiento-solar-para-exteriores\/#breadcrumb"},"inLanguage":"es","potentialAction":[{"@type":"ReadAction","target":["https:\/\/delorenzoglobal.com\/es\/producto\/sistema-de-seguimiento-solar-para-exteriores\/"]}]},{"@type":"ImageObject","inLanguage":"es","@id":"https:\/\/delorenzoglobal.com\/es\/producto\/sistema-de-seguimiento-solar-para-exteriores\/#primaryimage","url":"https:\/\/delorenzoglobal.com\/wp-content\/uploads\/2026\/04\/DL-SUN-TRACKER-4.0-scaled.jpg","contentUrl":"https:\/\/delorenzoglobal.com\/wp-content\/uploads\/2026\/04\/DL-SUN-TRACKER-4.0-scaled.jpg","width":2020,"height":2560},{"@type":"BreadcrumbList","@id":"https:\/\/delorenzoglobal.com\/es\/producto\/sistema-de-seguimiento-solar-para-exteriores\/#breadcrumb","itemListElement":[{"@type":"ListItem","position":1,"name":"Home","item":"https:\/\/delorenzoglobal.com\/es\/"},{"@type":"ListItem","position":2,"name":"Tienda","item":"https:\/\/delorenzoglobal.com\/es\/tienda\/"},{"@type":"ListItem","position":3,"name":"SISTEMA DE SEGUIMIENTO SOLAR PARA EXTERIORES"}]},{"@type":"WebSite","@id":"https:\/\/delorenzoglobal.com\/es\/#website","url":"https:\/\/delorenzoglobal.com\/es\/","name":"De Lorenzo Training &amp; Didactical Equipment","description":"","potentialAction":[{"@type":"SearchAction","target":{"@type":"EntryPoint","urlTemplate":"https:\/\/delorenzoglobal.com\/es\/?s={search_term_string}"},"query-input":{"@type":"PropertyValueSpecification","valueRequired":true,"valueName":"search_term_string"}}],"inLanguage":"es"}]}},"_links":{"self":[{"href":"https:\/\/delorenzoglobal.com\/es\/wp-json\/wp\/v2\/product\/70413","targetHints":{"allow":["GET"]}}],"collection":[{"href":"https:\/\/delorenzoglobal.com\/es\/wp-json\/wp\/v2\/product"}],"about":[{"href":"https:\/\/delorenzoglobal.com\/es\/wp-json\/wp\/v2\/types\/product"}],"wp:featuredmedia":[{"embeddable":true,"href":"https:\/\/delorenzoglobal.com\/es\/wp-json\/wp\/v2\/media\/70398"}],"wp:attachment":[{"href":"https:\/\/delorenzoglobal.com\/es\/wp-json\/wp\/v2\/media?parent=70413"}],"wp:term":[{"taxonomy":"product_brand","embeddable":true,"href":"https:\/\/delorenzoglobal.com\/es\/wp-json\/wp\/v2\/product_brand?post=70413"},{"taxonomy":"product_cat","embeddable":true,"href":"https:\/\/delorenzoglobal.com\/es\/wp-json\/wp\/v2\/product_cat?post=70413"},{"taxonomy":"product_tag","embeddable":true,"href":"https:\/\/delorenzoglobal.com\/es\/wp-json\/wp\/v2\/product_tag?post=70413"}],"curies":[{"name":"wp","href":"https:\/\/api.w.org\/{rel}","templated":true}]}}