{"id":70389,"date":"2026-04-10T09:36:00","date_gmt":"2026-04-10T07:36:00","guid":{"rendered":"https:\/\/delorenzoglobal.com\/?post_type=product&#038;p=70389"},"modified":"2026-04-10T10:07:53","modified_gmt":"2026-04-10T08:07:53","slug":"sistema-basico-de-seguimiento-solar-para-interiores","status":"publish","type":"product","link":"https:\/\/delorenzoglobal.com\/es\/producto\/sistema-basico-de-seguimiento-solar-para-interiores\/","title":{"rendered":"SISTEMA B\u00c1SICO DE SEGUIMIENTO SOLAR PARA INTERIORES"},"content":{"rendered":"<p>El DL SUN-TRACKER 2.0 es un sistema educativo dise\u00f1ado para orientar autom\u00e1ticamente un panel solar hacia la direcci\u00f3n m\u00e1s favorable para la luz solar durante todo el d\u00eda.<\/p>\n<p>El objetivo es mantener los rayos del sol perpendiculares a la superficie del panel para maximizar la absorci\u00f3n de energ\u00eda a lo largo del d\u00eda y, en consecuencia, aumentar su eficiencia.<\/p>\n","protected":false},"excerpt":{"rendered":"<p>El DL SUN-TRACKER 2.0 es un sistema educativo dise\u00f1ado para orientar autom\u00e1ticamente un panel solar hacia la direcci\u00f3n m\u00e1s favorable para la luz solar durante todo el d\u00eda. El objetivo es mantener los rayos del sol perpendiculares a la superficie del panel para maximizar la absorci\u00f3n de energ\u00eda a lo largo del d\u00eda y, en [&hellip;]<\/p>\n","protected":false},"featured_media":70373,"template":"","meta":{"_acf_changed":false},"product_brand":[],"product_cat":[248],"product_tag":[],"class_list":{"0":"post-70389","1":"product","2":"type-product","3":"status-publish","4":"has-post-thumbnail","6":"product_cat-fotovoltaica-solar","8":"first","9":"instock","10":"shipping-taxable","11":"product-type-simple"},"acf":[],"yoast_head":"<!-- This site is optimized with the Yoast SEO plugin v27.4 - https:\/\/yoast.com\/product\/yoast-seo-wordpress\/ -->\n<title>SISTEMA B\u00c1SICO DE SEGUIMIENTO SOLAR PARA INTERIORES - De Lorenzo Training &amp; Didactical Equipment<\/title>\n<meta name=\"description\" content=\"El DL SUN-TRACKER 2.0 es un sistema educativo dise\u00f1ado para orientar autom\u00e1ticamente un panel solar hacia la direcci\u00f3n m\u00e1s favorable para la luz solar durante todo el d\u00eda.\" \/>\n<meta name=\"robots\" content=\"index, follow, max-snippet:-1, max-image-preview:large, max-video-preview:-1\" \/>\n<link rel=\"canonical\" href=\"https:\/\/delorenzoglobal.com\/es\/producto\/sistema-basico-de-seguimiento-solar-para-interiores\/\" \/>\n<meta property=\"og:locale\" content=\"es_ES\" \/>\n<meta property=\"og:type\" content=\"article\" \/>\n<meta property=\"og:title\" content=\"SISTEMA B\u00c1SICO DE SEGUIMIENTO SOLAR PARA INTERIORES - De Lorenzo Training &amp; Didactical Equipment\" \/>\n<meta property=\"og:description\" content=\"El DL SUN-TRACKER 2.0 es un sistema educativo dise\u00f1ado para orientar autom\u00e1ticamente un panel solar hacia la direcci\u00f3n m\u00e1s favorable para la luz solar durante todo el d\u00eda.\" \/>\n<meta property=\"og:url\" content=\"https:\/\/delorenzoglobal.com\/es\/producto\/sistema-basico-de-seguimiento-solar-para-interiores\/\" \/>\n<meta property=\"og:site_name\" content=\"De Lorenzo Training &amp; Didactical Equipment\" \/>\n<meta property=\"article:modified_time\" content=\"2026-04-10T08:07:53+00:00\" \/>\n<meta property=\"og:image\" content=\"https:\/\/delorenzoglobal.com\/wp-content\/uploads\/2026\/04\/DL-SUN-TRACKER-2.0.jpg\" \/>\n\t<meta property=\"og:image:width\" content=\"1259\" \/>\n\t<meta property=\"og:image:height\" content=\"679\" \/>\n\t<meta property=\"og:image:type\" content=\"image\/jpeg\" \/>\n<meta name=\"twitter:card\" content=\"summary_large_image\" \/>\n<meta name=\"twitter:label1\" content=\"Tiempo de lectura\" \/>\n\t<meta name=\"twitter:data1\" content=\"1 minuto\" \/>\n<script type=\"application\/ld+json\" class=\"yoast-schema-graph\">{\"@context\":\"https:\\\/\\\/schema.org\",\"@graph\":[{\"@type\":\"WebPage\",\"@id\":\"https:\\\/\\\/delorenzoglobal.com\\\/es\\\/producto\\\/sistema-basico-de-seguimiento-solar-para-interiores\\\/\",\"url\":\"https:\\\/\\\/delorenzoglobal.com\\\/es\\\/producto\\\/sistema-basico-de-seguimiento-solar-para-interiores\\\/\",\"name\":\"SISTEMA B\u00c1SICO DE SEGUIMIENTO SOLAR PARA INTERIORES - De Lorenzo Training &amp; Didactical Equipment\",\"isPartOf\":{\"@id\":\"https:\\\/\\\/delorenzoglobal.com\\\/es\\\/#website\"},\"primaryImageOfPage\":{\"@id\":\"https:\\\/\\\/delorenzoglobal.com\\\/es\\\/producto\\\/sistema-basico-de-seguimiento-solar-para-interiores\\\/#primaryimage\"},\"image\":{\"@id\":\"https:\\\/\\\/delorenzoglobal.com\\\/es\\\/producto\\\/sistema-basico-de-seguimiento-solar-para-interiores\\\/#primaryimage\"},\"thumbnailUrl\":\"https:\\\/\\\/delorenzoglobal.com\\\/wp-content\\\/uploads\\\/2026\\\/04\\\/DL-SUN-TRACKER-2.0.jpg\",\"datePublished\":\"2026-04-10T07:36:00+00:00\",\"dateModified\":\"2026-04-10T08:07:53+00:00\",\"description\":\"El DL SUN-TRACKER 2.0 es un sistema educativo dise\u00f1ado para orientar autom\u00e1ticamente un panel solar hacia la direcci\u00f3n m\u00e1s favorable para la luz solar durante todo el d\u00eda.\",\"breadcrumb\":{\"@id\":\"https:\\\/\\\/delorenzoglobal.com\\\/es\\\/producto\\\/sistema-basico-de-seguimiento-solar-para-interiores\\\/#breadcrumb\"},\"inLanguage\":\"es\",\"potentialAction\":[{\"@type\":\"ReadAction\",\"target\":[\"https:\\\/\\\/delorenzoglobal.com\\\/es\\\/producto\\\/sistema-basico-de-seguimiento-solar-para-interiores\\\/\"]}]},{\"@type\":\"ImageObject\",\"inLanguage\":\"es\",\"@id\":\"https:\\\/\\\/delorenzoglobal.com\\\/es\\\/producto\\\/sistema-basico-de-seguimiento-solar-para-interiores\\\/#primaryimage\",\"url\":\"https:\\\/\\\/delorenzoglobal.com\\\/wp-content\\\/uploads\\\/2026\\\/04\\\/DL-SUN-TRACKER-2.0.jpg\",\"contentUrl\":\"https:\\\/\\\/delorenzoglobal.com\\\/wp-content\\\/uploads\\\/2026\\\/04\\\/DL-SUN-TRACKER-2.0.jpg\",\"width\":1259,\"height\":679},{\"@type\":\"BreadcrumbList\",\"@id\":\"https:\\\/\\\/delorenzoglobal.com\\\/es\\\/producto\\\/sistema-basico-de-seguimiento-solar-para-interiores\\\/#breadcrumb\",\"itemListElement\":[{\"@type\":\"ListItem\",\"position\":1,\"name\":\"Home\",\"item\":\"https:\\\/\\\/delorenzoglobal.com\\\/es\\\/\"},{\"@type\":\"ListItem\",\"position\":2,\"name\":\"Tienda\",\"item\":\"https:\\\/\\\/delorenzoglobal.com\\\/es\\\/tienda\\\/\"},{\"@type\":\"ListItem\",\"position\":3,\"name\":\"SISTEMA B\u00c1SICO DE SEGUIMIENTO SOLAR PARA INTERIORES\"}]},{\"@type\":\"WebSite\",\"@id\":\"https:\\\/\\\/delorenzoglobal.com\\\/es\\\/#website\",\"url\":\"https:\\\/\\\/delorenzoglobal.com\\\/es\\\/\",\"name\":\"De Lorenzo Training &amp; Didactical Equipment\",\"description\":\"\",\"potentialAction\":[{\"@type\":\"SearchAction\",\"target\":{\"@type\":\"EntryPoint\",\"urlTemplate\":\"https:\\\/\\\/delorenzoglobal.com\\\/es\\\/?s={search_term_string}\"},\"query-input\":{\"@type\":\"PropertyValueSpecification\",\"valueRequired\":true,\"valueName\":\"search_term_string\"}}],\"inLanguage\":\"es\"}]}<\/script>\n<!-- \/ Yoast SEO plugin. -->","yoast_head_json":{"title":"SISTEMA B\u00c1SICO DE SEGUIMIENTO SOLAR PARA INTERIORES - De Lorenzo Training &amp; Didactical Equipment","description":"El DL SUN-TRACKER 2.0 es un sistema educativo dise\u00f1ado para orientar autom\u00e1ticamente un panel solar hacia la direcci\u00f3n m\u00e1s favorable para la luz solar durante todo el d\u00eda.","robots":{"index":"index","follow":"follow","max-snippet":"max-snippet:-1","max-image-preview":"max-image-preview:large","max-video-preview":"max-video-preview:-1"},"canonical":"https:\/\/delorenzoglobal.com\/es\/producto\/sistema-basico-de-seguimiento-solar-para-interiores\/","og_locale":"es_ES","og_type":"article","og_title":"SISTEMA B\u00c1SICO DE SEGUIMIENTO SOLAR PARA INTERIORES - De Lorenzo Training &amp; Didactical Equipment","og_description":"El DL SUN-TRACKER 2.0 es un sistema educativo dise\u00f1ado para orientar autom\u00e1ticamente un panel solar hacia la direcci\u00f3n m\u00e1s favorable para la luz solar durante todo el d\u00eda.","og_url":"https:\/\/delorenzoglobal.com\/es\/producto\/sistema-basico-de-seguimiento-solar-para-interiores\/","og_site_name":"De Lorenzo Training &amp; Didactical Equipment","article_modified_time":"2026-04-10T08:07:53+00:00","og_image":[{"width":1259,"height":679,"url":"https:\/\/delorenzoglobal.com\/wp-content\/uploads\/2026\/04\/DL-SUN-TRACKER-2.0.jpg","type":"image\/jpeg"}],"twitter_card":"summary_large_image","twitter_misc":{"Tiempo de lectura":"1 minuto"},"schema":{"@context":"https:\/\/schema.org","@graph":[{"@type":"WebPage","@id":"https:\/\/delorenzoglobal.com\/es\/producto\/sistema-basico-de-seguimiento-solar-para-interiores\/","url":"https:\/\/delorenzoglobal.com\/es\/producto\/sistema-basico-de-seguimiento-solar-para-interiores\/","name":"SISTEMA B\u00c1SICO DE SEGUIMIENTO SOLAR PARA INTERIORES - De Lorenzo Training &amp; Didactical Equipment","isPartOf":{"@id":"https:\/\/delorenzoglobal.com\/es\/#website"},"primaryImageOfPage":{"@id":"https:\/\/delorenzoglobal.com\/es\/producto\/sistema-basico-de-seguimiento-solar-para-interiores\/#primaryimage"},"image":{"@id":"https:\/\/delorenzoglobal.com\/es\/producto\/sistema-basico-de-seguimiento-solar-para-interiores\/#primaryimage"},"thumbnailUrl":"https:\/\/delorenzoglobal.com\/wp-content\/uploads\/2026\/04\/DL-SUN-TRACKER-2.0.jpg","datePublished":"2026-04-10T07:36:00+00:00","dateModified":"2026-04-10T08:07:53+00:00","description":"El DL SUN-TRACKER 2.0 es un sistema educativo dise\u00f1ado para orientar autom\u00e1ticamente un panel solar hacia la direcci\u00f3n m\u00e1s favorable para la luz solar durante todo el d\u00eda.","breadcrumb":{"@id":"https:\/\/delorenzoglobal.com\/es\/producto\/sistema-basico-de-seguimiento-solar-para-interiores\/#breadcrumb"},"inLanguage":"es","potentialAction":[{"@type":"ReadAction","target":["https:\/\/delorenzoglobal.com\/es\/producto\/sistema-basico-de-seguimiento-solar-para-interiores\/"]}]},{"@type":"ImageObject","inLanguage":"es","@id":"https:\/\/delorenzoglobal.com\/es\/producto\/sistema-basico-de-seguimiento-solar-para-interiores\/#primaryimage","url":"https:\/\/delorenzoglobal.com\/wp-content\/uploads\/2026\/04\/DL-SUN-TRACKER-2.0.jpg","contentUrl":"https:\/\/delorenzoglobal.com\/wp-content\/uploads\/2026\/04\/DL-SUN-TRACKER-2.0.jpg","width":1259,"height":679},{"@type":"BreadcrumbList","@id":"https:\/\/delorenzoglobal.com\/es\/producto\/sistema-basico-de-seguimiento-solar-para-interiores\/#breadcrumb","itemListElement":[{"@type":"ListItem","position":1,"name":"Home","item":"https:\/\/delorenzoglobal.com\/es\/"},{"@type":"ListItem","position":2,"name":"Tienda","item":"https:\/\/delorenzoglobal.com\/es\/tienda\/"},{"@type":"ListItem","position":3,"name":"SISTEMA B\u00c1SICO DE SEGUIMIENTO SOLAR PARA INTERIORES"}]},{"@type":"WebSite","@id":"https:\/\/delorenzoglobal.com\/es\/#website","url":"https:\/\/delorenzoglobal.com\/es\/","name":"De Lorenzo Training &amp; Didactical Equipment","description":"","potentialAction":[{"@type":"SearchAction","target":{"@type":"EntryPoint","urlTemplate":"https:\/\/delorenzoglobal.com\/es\/?s={search_term_string}"},"query-input":{"@type":"PropertyValueSpecification","valueRequired":true,"valueName":"search_term_string"}}],"inLanguage":"es"}]}},"_links":{"self":[{"href":"https:\/\/delorenzoglobal.com\/es\/wp-json\/wp\/v2\/product\/70389","targetHints":{"allow":["GET"]}}],"collection":[{"href":"https:\/\/delorenzoglobal.com\/es\/wp-json\/wp\/v2\/product"}],"about":[{"href":"https:\/\/delorenzoglobal.com\/es\/wp-json\/wp\/v2\/types\/product"}],"wp:featuredmedia":[{"embeddable":true,"href":"https:\/\/delorenzoglobal.com\/es\/wp-json\/wp\/v2\/media\/70373"}],"wp:attachment":[{"href":"https:\/\/delorenzoglobal.com\/es\/wp-json\/wp\/v2\/media?parent=70389"}],"wp:term":[{"taxonomy":"product_brand","embeddable":true,"href":"https:\/\/delorenzoglobal.com\/es\/wp-json\/wp\/v2\/product_brand?post=70389"},{"taxonomy":"product_cat","embeddable":true,"href":"https:\/\/delorenzoglobal.com\/es\/wp-json\/wp\/v2\/product_cat?post=70389"},{"taxonomy":"product_tag","embeddable":true,"href":"https:\/\/delorenzoglobal.com\/es\/wp-json\/wp\/v2\/product_tag?post=70389"}],"curies":[{"name":"wp","href":"https:\/\/api.w.org\/{rel}","templated":true}]}}