{"id":68667,"date":"2026-02-23T11:27:21","date_gmt":"2026-02-23T10:27:21","guid":{"rendered":"https:\/\/delorenzoglobal.com\/?post_type=product&#038;p=68667"},"modified":"2026-02-23T11:46:07","modified_gmt":"2026-02-23T10:46:07","slug":"kit-de-montaje-para-valvula-de-compuerta-de-cuerpo-plano-y-valvula-de-asiento-angulado-copia","status":"publish","type":"product","link":"https:\/\/delorenzoglobal.com\/es\/producto\/kit-de-montaje-para-valvula-de-compuerta-de-cuerpo-plano-y-valvula-de-asiento-angulado-copia\/","title":{"rendered":"ENTRENADOR DE SEPARACI\u00d3N DE CICLONES"},"content":{"rendered":"<p>Este entrenador se utiliza ampliamente en la industria y permite la separaci\u00f3n centr\u00edfuga de part\u00edculas s\u00f3lidas suspendidas en un gas.<\/p>\n<p>Su funcionamiento se basa simplemente en la separaci\u00f3n de part\u00edculas por fuerza centr\u00edfuga.<\/p>\n<p>Al no tener piezas m\u00f3viles, es muy f\u00e1cil de mantener, pero su inconveniente es que no es lo suficientemente flexible como para responder a cambios en la concentraci\u00f3n, el flujo o el tama\u00f1o de las part\u00edculas.<\/p>\n<p>Est\u00e1 dise\u00f1ado para estudiar c\u00f3mo los ciclones, dispositivos de limpieza de gases que contienen part\u00edculas, las eliminan del flujo de gas.<\/p>\n","protected":false},"excerpt":{"rendered":"<p>Este entrenador se utiliza ampliamente en la industria y permite la separaci\u00f3n centr\u00edfuga de part\u00edculas s\u00f3lidas suspendidas en un gas. Su funcionamiento se basa simplemente en la separaci\u00f3n de part\u00edculas por fuerza centr\u00edfuga. Al no tener piezas m\u00f3viles, es muy f\u00e1cil de mantener, pero su inconveniente es que no es lo suficientemente flexible como para [&hellip;]<\/p>\n","protected":false},"featured_media":68676,"template":"","meta":{"_acf_changed":false},"product_brand":[],"product_cat":[429],"product_tag":[],"class_list":{"0":"post-68667","1":"product","2":"type-product","3":"status-publish","4":"has-post-thumbnail","6":"product_cat-fundamentos-de-la-mecanica-de-fluidos","8":"first","9":"instock","10":"shipping-taxable","11":"product-type-simple"},"acf":[],"yoast_head":"<!-- This site is optimized with the Yoast SEO plugin v27.4 - https:\/\/yoast.com\/product\/yoast-seo-wordpress\/ -->\n<title>ENTRENADOR DE SEPARACI\u00d3N DE CICLONES - De Lorenzo Training &amp; Didactical Equipment<\/title>\n<meta name=\"description\" content=\"Kit formativo para estudiar la separaci\u00f3n de part\u00edculas s\u00f3lidas suspendidas en gas mediante fuerza centr\u00edfuga, f\u00e1cil de usar y con bajo mantenimiento.\" \/>\n<meta name=\"robots\" content=\"index, follow, max-snippet:-1, max-image-preview:large, max-video-preview:-1\" \/>\n<link rel=\"canonical\" href=\"https:\/\/delorenzoglobal.com\/es\/producto\/kit-de-montaje-para-valvula-de-compuerta-de-cuerpo-plano-y-valvula-de-asiento-angulado-copia\/\" \/>\n<meta property=\"og:locale\" content=\"es_ES\" \/>\n<meta property=\"og:type\" content=\"article\" \/>\n<meta property=\"og:title\" content=\"ENTRENADOR DE SEPARACI\u00d3N DE CICLONES - De Lorenzo Training &amp; Didactical Equipment\" \/>\n<meta property=\"og:description\" content=\"Kit formativo para estudiar la separaci\u00f3n de part\u00edculas s\u00f3lidas suspendidas en gas mediante fuerza centr\u00edfuga, f\u00e1cil de usar y con bajo mantenimiento.\" \/>\n<meta property=\"og:url\" content=\"https:\/\/delorenzoglobal.com\/es\/producto\/kit-de-montaje-para-valvula-de-compuerta-de-cuerpo-plano-y-valvula-de-asiento-angulado-copia\/\" \/>\n<meta property=\"og:site_name\" content=\"De Lorenzo Training &amp; Didactical Equipment\" \/>\n<meta property=\"article:modified_time\" content=\"2026-02-23T10:46:07+00:00\" \/>\n<meta property=\"og:image\" content=\"https:\/\/delorenzoglobal.com\/wp-content\/uploads\/2026\/02\/DL-PSQI2.png\" \/>\n\t<meta property=\"og:image:width\" content=\"1026\" \/>\n\t<meta property=\"og:image:height\" content=\"1082\" \/>\n\t<meta property=\"og:image:type\" content=\"image\/png\" \/>\n<meta name=\"twitter:card\" content=\"summary_large_image\" \/>\n<meta name=\"twitter:label1\" content=\"Tiempo de lectura\" \/>\n\t<meta name=\"twitter:data1\" content=\"1 minuto\" \/>\n<script type=\"application\/ld+json\" class=\"yoast-schema-graph\">{\"@context\":\"https:\\\/\\\/schema.org\",\"@graph\":[{\"@type\":\"WebPage\",\"@id\":\"https:\\\/\\\/delorenzoglobal.com\\\/es\\\/producto\\\/kit-de-montaje-para-valvula-de-compuerta-de-cuerpo-plano-y-valvula-de-asiento-angulado-copia\\\/\",\"url\":\"https:\\\/\\\/delorenzoglobal.com\\\/es\\\/producto\\\/kit-de-montaje-para-valvula-de-compuerta-de-cuerpo-plano-y-valvula-de-asiento-angulado-copia\\\/\",\"name\":\"ENTRENADOR DE SEPARACI\u00d3N DE CICLONES - De Lorenzo Training &amp; Didactical Equipment\",\"isPartOf\":{\"@id\":\"https:\\\/\\\/delorenzoglobal.com\\\/es\\\/#website\"},\"primaryImageOfPage\":{\"@id\":\"https:\\\/\\\/delorenzoglobal.com\\\/es\\\/producto\\\/kit-de-montaje-para-valvula-de-compuerta-de-cuerpo-plano-y-valvula-de-asiento-angulado-copia\\\/#primaryimage\"},\"image\":{\"@id\":\"https:\\\/\\\/delorenzoglobal.com\\\/es\\\/producto\\\/kit-de-montaje-para-valvula-de-compuerta-de-cuerpo-plano-y-valvula-de-asiento-angulado-copia\\\/#primaryimage\"},\"thumbnailUrl\":\"https:\\\/\\\/delorenzoglobal.com\\\/wp-content\\\/uploads\\\/2026\\\/02\\\/DL-PSQI2.png\",\"datePublished\":\"2026-02-23T10:27:21+00:00\",\"dateModified\":\"2026-02-23T10:46:07+00:00\",\"description\":\"Kit formativo para estudiar la separaci\u00f3n de part\u00edculas s\u00f3lidas suspendidas en gas mediante fuerza centr\u00edfuga, f\u00e1cil de usar y con bajo mantenimiento.\",\"breadcrumb\":{\"@id\":\"https:\\\/\\\/delorenzoglobal.com\\\/es\\\/producto\\\/kit-de-montaje-para-valvula-de-compuerta-de-cuerpo-plano-y-valvula-de-asiento-angulado-copia\\\/#breadcrumb\"},\"inLanguage\":\"es\",\"potentialAction\":[{\"@type\":\"ReadAction\",\"target\":[\"https:\\\/\\\/delorenzoglobal.com\\\/es\\\/producto\\\/kit-de-montaje-para-valvula-de-compuerta-de-cuerpo-plano-y-valvula-de-asiento-angulado-copia\\\/\"]}]},{\"@type\":\"ImageObject\",\"inLanguage\":\"es\",\"@id\":\"https:\\\/\\\/delorenzoglobal.com\\\/es\\\/producto\\\/kit-de-montaje-para-valvula-de-compuerta-de-cuerpo-plano-y-valvula-de-asiento-angulado-copia\\\/#primaryimage\",\"url\":\"https:\\\/\\\/delorenzoglobal.com\\\/wp-content\\\/uploads\\\/2026\\\/02\\\/DL-PSQI2.png\",\"contentUrl\":\"https:\\\/\\\/delorenzoglobal.com\\\/wp-content\\\/uploads\\\/2026\\\/02\\\/DL-PSQI2.png\",\"width\":1026,\"height\":1082},{\"@type\":\"BreadcrumbList\",\"@id\":\"https:\\\/\\\/delorenzoglobal.com\\\/es\\\/producto\\\/kit-de-montaje-para-valvula-de-compuerta-de-cuerpo-plano-y-valvula-de-asiento-angulado-copia\\\/#breadcrumb\",\"itemListElement\":[{\"@type\":\"ListItem\",\"position\":1,\"name\":\"Home\",\"item\":\"https:\\\/\\\/delorenzoglobal.com\\\/es\\\/\"},{\"@type\":\"ListItem\",\"position\":2,\"name\":\"Tienda\",\"item\":\"https:\\\/\\\/delorenzoglobal.com\\\/es\\\/tienda\\\/\"},{\"@type\":\"ListItem\",\"position\":3,\"name\":\"ENTRENADOR DE SEPARACI\u00d3N DE CICLONES\"}]},{\"@type\":\"WebSite\",\"@id\":\"https:\\\/\\\/delorenzoglobal.com\\\/es\\\/#website\",\"url\":\"https:\\\/\\\/delorenzoglobal.com\\\/es\\\/\",\"name\":\"De Lorenzo Training &amp; Didactical Equipment\",\"description\":\"\",\"potentialAction\":[{\"@type\":\"SearchAction\",\"target\":{\"@type\":\"EntryPoint\",\"urlTemplate\":\"https:\\\/\\\/delorenzoglobal.com\\\/es\\\/?s={search_term_string}\"},\"query-input\":{\"@type\":\"PropertyValueSpecification\",\"valueRequired\":true,\"valueName\":\"search_term_string\"}}],\"inLanguage\":\"es\"}]}<\/script>\n<!-- \/ Yoast SEO plugin. -->","yoast_head_json":{"title":"ENTRENADOR DE SEPARACI\u00d3N DE CICLONES - De Lorenzo Training &amp; Didactical Equipment","description":"Kit formativo para estudiar la separaci\u00f3n de part\u00edculas s\u00f3lidas suspendidas en gas mediante fuerza centr\u00edfuga, f\u00e1cil de usar y con bajo mantenimiento.","robots":{"index":"index","follow":"follow","max-snippet":"max-snippet:-1","max-image-preview":"max-image-preview:large","max-video-preview":"max-video-preview:-1"},"canonical":"https:\/\/delorenzoglobal.com\/es\/producto\/kit-de-montaje-para-valvula-de-compuerta-de-cuerpo-plano-y-valvula-de-asiento-angulado-copia\/","og_locale":"es_ES","og_type":"article","og_title":"ENTRENADOR DE SEPARACI\u00d3N DE CICLONES - De Lorenzo Training &amp; Didactical Equipment","og_description":"Kit formativo para estudiar la separaci\u00f3n de part\u00edculas s\u00f3lidas suspendidas en gas mediante fuerza centr\u00edfuga, f\u00e1cil de usar y con bajo mantenimiento.","og_url":"https:\/\/delorenzoglobal.com\/es\/producto\/kit-de-montaje-para-valvula-de-compuerta-de-cuerpo-plano-y-valvula-de-asiento-angulado-copia\/","og_site_name":"De Lorenzo Training &amp; Didactical Equipment","article_modified_time":"2026-02-23T10:46:07+00:00","og_image":[{"width":1026,"height":1082,"url":"https:\/\/delorenzoglobal.com\/wp-content\/uploads\/2026\/02\/DL-PSQI2.png","type":"image\/png"}],"twitter_card":"summary_large_image","twitter_misc":{"Tiempo de lectura":"1 minuto"},"schema":{"@context":"https:\/\/schema.org","@graph":[{"@type":"WebPage","@id":"https:\/\/delorenzoglobal.com\/es\/producto\/kit-de-montaje-para-valvula-de-compuerta-de-cuerpo-plano-y-valvula-de-asiento-angulado-copia\/","url":"https:\/\/delorenzoglobal.com\/es\/producto\/kit-de-montaje-para-valvula-de-compuerta-de-cuerpo-plano-y-valvula-de-asiento-angulado-copia\/","name":"ENTRENADOR DE SEPARACI\u00d3N DE CICLONES - De Lorenzo Training &amp; Didactical Equipment","isPartOf":{"@id":"https:\/\/delorenzoglobal.com\/es\/#website"},"primaryImageOfPage":{"@id":"https:\/\/delorenzoglobal.com\/es\/producto\/kit-de-montaje-para-valvula-de-compuerta-de-cuerpo-plano-y-valvula-de-asiento-angulado-copia\/#primaryimage"},"image":{"@id":"https:\/\/delorenzoglobal.com\/es\/producto\/kit-de-montaje-para-valvula-de-compuerta-de-cuerpo-plano-y-valvula-de-asiento-angulado-copia\/#primaryimage"},"thumbnailUrl":"https:\/\/delorenzoglobal.com\/wp-content\/uploads\/2026\/02\/DL-PSQI2.png","datePublished":"2026-02-23T10:27:21+00:00","dateModified":"2026-02-23T10:46:07+00:00","description":"Kit formativo para estudiar la separaci\u00f3n de part\u00edculas s\u00f3lidas suspendidas en gas mediante fuerza centr\u00edfuga, f\u00e1cil de usar y con bajo mantenimiento.","breadcrumb":{"@id":"https:\/\/delorenzoglobal.com\/es\/producto\/kit-de-montaje-para-valvula-de-compuerta-de-cuerpo-plano-y-valvula-de-asiento-angulado-copia\/#breadcrumb"},"inLanguage":"es","potentialAction":[{"@type":"ReadAction","target":["https:\/\/delorenzoglobal.com\/es\/producto\/kit-de-montaje-para-valvula-de-compuerta-de-cuerpo-plano-y-valvula-de-asiento-angulado-copia\/"]}]},{"@type":"ImageObject","inLanguage":"es","@id":"https:\/\/delorenzoglobal.com\/es\/producto\/kit-de-montaje-para-valvula-de-compuerta-de-cuerpo-plano-y-valvula-de-asiento-angulado-copia\/#primaryimage","url":"https:\/\/delorenzoglobal.com\/wp-content\/uploads\/2026\/02\/DL-PSQI2.png","contentUrl":"https:\/\/delorenzoglobal.com\/wp-content\/uploads\/2026\/02\/DL-PSQI2.png","width":1026,"height":1082},{"@type":"BreadcrumbList","@id":"https:\/\/delorenzoglobal.com\/es\/producto\/kit-de-montaje-para-valvula-de-compuerta-de-cuerpo-plano-y-valvula-de-asiento-angulado-copia\/#breadcrumb","itemListElement":[{"@type":"ListItem","position":1,"name":"Home","item":"https:\/\/delorenzoglobal.com\/es\/"},{"@type":"ListItem","position":2,"name":"Tienda","item":"https:\/\/delorenzoglobal.com\/es\/tienda\/"},{"@type":"ListItem","position":3,"name":"ENTRENADOR DE SEPARACI\u00d3N DE CICLONES"}]},{"@type":"WebSite","@id":"https:\/\/delorenzoglobal.com\/es\/#website","url":"https:\/\/delorenzoglobal.com\/es\/","name":"De Lorenzo Training &amp; Didactical Equipment","description":"","potentialAction":[{"@type":"SearchAction","target":{"@type":"EntryPoint","urlTemplate":"https:\/\/delorenzoglobal.com\/es\/?s={search_term_string}"},"query-input":{"@type":"PropertyValueSpecification","valueRequired":true,"valueName":"search_term_string"}}],"inLanguage":"es"}]}},"_links":{"self":[{"href":"https:\/\/delorenzoglobal.com\/es\/wp-json\/wp\/v2\/product\/68667","targetHints":{"allow":["GET"]}}],"collection":[{"href":"https:\/\/delorenzoglobal.com\/es\/wp-json\/wp\/v2\/product"}],"about":[{"href":"https:\/\/delorenzoglobal.com\/es\/wp-json\/wp\/v2\/types\/product"}],"wp:featuredmedia":[{"embeddable":true,"href":"https:\/\/delorenzoglobal.com\/es\/wp-json\/wp\/v2\/media\/68676"}],"wp:attachment":[{"href":"https:\/\/delorenzoglobal.com\/es\/wp-json\/wp\/v2\/media?parent=68667"}],"wp:term":[{"taxonomy":"product_brand","embeddable":true,"href":"https:\/\/delorenzoglobal.com\/es\/wp-json\/wp\/v2\/product_brand?post=68667"},{"taxonomy":"product_cat","embeddable":true,"href":"https:\/\/delorenzoglobal.com\/es\/wp-json\/wp\/v2\/product_cat?post=68667"},{"taxonomy":"product_tag","embeddable":true,"href":"https:\/\/delorenzoglobal.com\/es\/wp-json\/wp\/v2\/product_tag?post=68667"}],"curies":[{"name":"wp","href":"https:\/\/api.w.org\/{rel}","templated":true}]}}