{"id":68610,"date":"2026-02-23T10:53:17","date_gmt":"2026-02-23T09:53:17","guid":{"rendered":"https:\/\/delorenzoglobal.com\/?post_type=product&#038;p=68610"},"modified":"2026-02-23T11:08:47","modified_gmt":"2026-02-23T10:08:47","slug":"kit-de-montaje-de-valvula-de-cierre-copia","status":"publish","type":"product","link":"https:\/\/delorenzoglobal.com\/es\/producto\/kit-de-montaje-de-valvula-de-cierre-copia\/","title":{"rendered":"KIT DE MONTAJE DE ENGRANAJE COMBINADO"},"content":{"rendered":"<p>Este kit permite el montaje y desmontaje de una caja de cambios combinada.<\/p>\n<p>Al cortar las piezas, los estudiantes pueden estudiar cada uno de los diferentes componentes y sus funciones. Por ejemplo, pueden ver c\u00f3mo la transmisi\u00f3n completa se compone de m\u00faltiples transmisiones mediante diferentes tipos de engranajes, requiriendo \u00fanicamente fuerza manual.<\/p>\n<p>El equipo se suministra guardado y protegido en un malet\u00edn de transporte junto con las herramientas necesarias para su uso.<\/p>\n<p>El manual de usuario, incluido con el equipo, ilustra claramente todo el proceso de funcionamiento con numerosas ilustraciones.<\/p>\n","protected":false},"excerpt":{"rendered":"<p>Este kit permite el montaje y desmontaje de una caja de cambios combinada. Al cortar las piezas, los estudiantes pueden estudiar cada uno de los diferentes componentes y sus funciones. Por ejemplo, pueden ver c\u00f3mo la transmisi\u00f3n completa se compone de m\u00faltiples transmisiones mediante diferentes tipos de engranajes, requiriendo \u00fanicamente fuerza manual. El equipo se [&hellip;]<\/p>\n","protected":false},"featured_media":68619,"template":"","meta":{"_acf_changed":false},"product_brand":[],"product_cat":[429],"product_tag":[],"class_list":{"0":"post-68610","1":"product","2":"type-product","3":"status-publish","4":"has-post-thumbnail","6":"product_cat-fundamentos-de-la-mecanica-de-fluidos","8":"first","9":"instock","10":"shipping-taxable","11":"product-type-simple"},"acf":[],"yoast_head":"<!-- This site is optimized with the Yoast SEO plugin v27.4 - https:\/\/yoast.com\/product\/yoast-seo-wordpress\/ -->\n<title>KIT DE MONTAJE DE ENGRANAJE COMBINADO - De Lorenzo Training &amp; Didactical Equipment<\/title>\n<meta name=\"description\" content=\"Kit formativo para estudiar los componentes y el funcionamiento de una transmisi\u00f3n con engranajes combinados.\" \/>\n<meta name=\"robots\" content=\"index, follow, max-snippet:-1, max-image-preview:large, max-video-preview:-1\" \/>\n<link rel=\"canonical\" href=\"https:\/\/delorenzoglobal.com\/es\/producto\/kit-de-montaje-de-valvula-de-cierre-copia\/\" \/>\n<meta property=\"og:locale\" content=\"es_ES\" \/>\n<meta property=\"og:type\" content=\"article\" \/>\n<meta property=\"og:title\" content=\"KIT DE MONTAJE DE ENGRANAJE COMBINADO - De Lorenzo Training &amp; Didactical Equipment\" \/>\n<meta property=\"og:description\" content=\"Kit formativo para estudiar los componentes y el funcionamiento de una transmisi\u00f3n con engranajes combinados.\" \/>\n<meta property=\"og:url\" content=\"https:\/\/delorenzoglobal.com\/es\/producto\/kit-de-montaje-de-valvula-de-cierre-copia\/\" \/>\n<meta property=\"og:site_name\" content=\"De Lorenzo Training &amp; Didactical Equipment\" \/>\n<meta property=\"article:modified_time\" content=\"2026-02-23T10:08:47+00:00\" \/>\n<meta property=\"og:image\" content=\"https:\/\/delorenzoglobal.com\/wp-content\/uploads\/2026\/02\/DL-PSM10.jpg\" \/>\n\t<meta property=\"og:image:width\" content=\"890\" \/>\n\t<meta property=\"og:image:height\" content=\"810\" \/>\n\t<meta property=\"og:image:type\" content=\"image\/jpeg\" \/>\n<meta name=\"twitter:card\" content=\"summary_large_image\" \/>\n<meta name=\"twitter:label1\" content=\"Tiempo de lectura\" \/>\n\t<meta name=\"twitter:data1\" content=\"1 minuto\" \/>\n<script type=\"application\/ld+json\" class=\"yoast-schema-graph\">{\"@context\":\"https:\\\/\\\/schema.org\",\"@graph\":[{\"@type\":\"WebPage\",\"@id\":\"https:\\\/\\\/delorenzoglobal.com\\\/es\\\/producto\\\/kit-de-montaje-de-valvula-de-cierre-copia\\\/\",\"url\":\"https:\\\/\\\/delorenzoglobal.com\\\/es\\\/producto\\\/kit-de-montaje-de-valvula-de-cierre-copia\\\/\",\"name\":\"KIT DE MONTAJE DE ENGRANAJE COMBINADO - De Lorenzo Training &amp; Didactical Equipment\",\"isPartOf\":{\"@id\":\"https:\\\/\\\/delorenzoglobal.com\\\/es\\\/#website\"},\"primaryImageOfPage\":{\"@id\":\"https:\\\/\\\/delorenzoglobal.com\\\/es\\\/producto\\\/kit-de-montaje-de-valvula-de-cierre-copia\\\/#primaryimage\"},\"image\":{\"@id\":\"https:\\\/\\\/delorenzoglobal.com\\\/es\\\/producto\\\/kit-de-montaje-de-valvula-de-cierre-copia\\\/#primaryimage\"},\"thumbnailUrl\":\"https:\\\/\\\/delorenzoglobal.com\\\/wp-content\\\/uploads\\\/2026\\\/02\\\/DL-PSM10.jpg\",\"datePublished\":\"2026-02-23T09:53:17+00:00\",\"dateModified\":\"2026-02-23T10:08:47+00:00\",\"description\":\"Kit formativo para estudiar los componentes y el funcionamiento de una transmisi\u00f3n con engranajes combinados.\",\"breadcrumb\":{\"@id\":\"https:\\\/\\\/delorenzoglobal.com\\\/es\\\/producto\\\/kit-de-montaje-de-valvula-de-cierre-copia\\\/#breadcrumb\"},\"inLanguage\":\"es\",\"potentialAction\":[{\"@type\":\"ReadAction\",\"target\":[\"https:\\\/\\\/delorenzoglobal.com\\\/es\\\/producto\\\/kit-de-montaje-de-valvula-de-cierre-copia\\\/\"]}]},{\"@type\":\"ImageObject\",\"inLanguage\":\"es\",\"@id\":\"https:\\\/\\\/delorenzoglobal.com\\\/es\\\/producto\\\/kit-de-montaje-de-valvula-de-cierre-copia\\\/#primaryimage\",\"url\":\"https:\\\/\\\/delorenzoglobal.com\\\/wp-content\\\/uploads\\\/2026\\\/02\\\/DL-PSM10.jpg\",\"contentUrl\":\"https:\\\/\\\/delorenzoglobal.com\\\/wp-content\\\/uploads\\\/2026\\\/02\\\/DL-PSM10.jpg\",\"width\":890,\"height\":810},{\"@type\":\"BreadcrumbList\",\"@id\":\"https:\\\/\\\/delorenzoglobal.com\\\/es\\\/producto\\\/kit-de-montaje-de-valvula-de-cierre-copia\\\/#breadcrumb\",\"itemListElement\":[{\"@type\":\"ListItem\",\"position\":1,\"name\":\"Home\",\"item\":\"https:\\\/\\\/delorenzoglobal.com\\\/es\\\/\"},{\"@type\":\"ListItem\",\"position\":2,\"name\":\"Tienda\",\"item\":\"https:\\\/\\\/delorenzoglobal.com\\\/es\\\/tienda\\\/\"},{\"@type\":\"ListItem\",\"position\":3,\"name\":\"KIT DE MONTAJE DE ENGRANAJE COMBINADO\"}]},{\"@type\":\"WebSite\",\"@id\":\"https:\\\/\\\/delorenzoglobal.com\\\/es\\\/#website\",\"url\":\"https:\\\/\\\/delorenzoglobal.com\\\/es\\\/\",\"name\":\"De Lorenzo Training &amp; Didactical Equipment\",\"description\":\"\",\"potentialAction\":[{\"@type\":\"SearchAction\",\"target\":{\"@type\":\"EntryPoint\",\"urlTemplate\":\"https:\\\/\\\/delorenzoglobal.com\\\/es\\\/?s={search_term_string}\"},\"query-input\":{\"@type\":\"PropertyValueSpecification\",\"valueRequired\":true,\"valueName\":\"search_term_string\"}}],\"inLanguage\":\"es\"}]}<\/script>\n<!-- \/ Yoast SEO plugin. -->","yoast_head_json":{"title":"KIT DE MONTAJE DE ENGRANAJE COMBINADO - De Lorenzo Training &amp; Didactical Equipment","description":"Kit formativo para estudiar los componentes y el funcionamiento de una transmisi\u00f3n con engranajes combinados.","robots":{"index":"index","follow":"follow","max-snippet":"max-snippet:-1","max-image-preview":"max-image-preview:large","max-video-preview":"max-video-preview:-1"},"canonical":"https:\/\/delorenzoglobal.com\/es\/producto\/kit-de-montaje-de-valvula-de-cierre-copia\/","og_locale":"es_ES","og_type":"article","og_title":"KIT DE MONTAJE DE ENGRANAJE COMBINADO - De Lorenzo Training &amp; Didactical Equipment","og_description":"Kit formativo para estudiar los componentes y el funcionamiento de una transmisi\u00f3n con engranajes combinados.","og_url":"https:\/\/delorenzoglobal.com\/es\/producto\/kit-de-montaje-de-valvula-de-cierre-copia\/","og_site_name":"De Lorenzo Training &amp; Didactical Equipment","article_modified_time":"2026-02-23T10:08:47+00:00","og_image":[{"width":890,"height":810,"url":"https:\/\/delorenzoglobal.com\/wp-content\/uploads\/2026\/02\/DL-PSM10.jpg","type":"image\/jpeg"}],"twitter_card":"summary_large_image","twitter_misc":{"Tiempo de lectura":"1 minuto"},"schema":{"@context":"https:\/\/schema.org","@graph":[{"@type":"WebPage","@id":"https:\/\/delorenzoglobal.com\/es\/producto\/kit-de-montaje-de-valvula-de-cierre-copia\/","url":"https:\/\/delorenzoglobal.com\/es\/producto\/kit-de-montaje-de-valvula-de-cierre-copia\/","name":"KIT DE MONTAJE DE ENGRANAJE COMBINADO - De Lorenzo Training &amp; Didactical Equipment","isPartOf":{"@id":"https:\/\/delorenzoglobal.com\/es\/#website"},"primaryImageOfPage":{"@id":"https:\/\/delorenzoglobal.com\/es\/producto\/kit-de-montaje-de-valvula-de-cierre-copia\/#primaryimage"},"image":{"@id":"https:\/\/delorenzoglobal.com\/es\/producto\/kit-de-montaje-de-valvula-de-cierre-copia\/#primaryimage"},"thumbnailUrl":"https:\/\/delorenzoglobal.com\/wp-content\/uploads\/2026\/02\/DL-PSM10.jpg","datePublished":"2026-02-23T09:53:17+00:00","dateModified":"2026-02-23T10:08:47+00:00","description":"Kit formativo para estudiar los componentes y el funcionamiento de una transmisi\u00f3n con engranajes combinados.","breadcrumb":{"@id":"https:\/\/delorenzoglobal.com\/es\/producto\/kit-de-montaje-de-valvula-de-cierre-copia\/#breadcrumb"},"inLanguage":"es","potentialAction":[{"@type":"ReadAction","target":["https:\/\/delorenzoglobal.com\/es\/producto\/kit-de-montaje-de-valvula-de-cierre-copia\/"]}]},{"@type":"ImageObject","inLanguage":"es","@id":"https:\/\/delorenzoglobal.com\/es\/producto\/kit-de-montaje-de-valvula-de-cierre-copia\/#primaryimage","url":"https:\/\/delorenzoglobal.com\/wp-content\/uploads\/2026\/02\/DL-PSM10.jpg","contentUrl":"https:\/\/delorenzoglobal.com\/wp-content\/uploads\/2026\/02\/DL-PSM10.jpg","width":890,"height":810},{"@type":"BreadcrumbList","@id":"https:\/\/delorenzoglobal.com\/es\/producto\/kit-de-montaje-de-valvula-de-cierre-copia\/#breadcrumb","itemListElement":[{"@type":"ListItem","position":1,"name":"Home","item":"https:\/\/delorenzoglobal.com\/es\/"},{"@type":"ListItem","position":2,"name":"Tienda","item":"https:\/\/delorenzoglobal.com\/es\/tienda\/"},{"@type":"ListItem","position":3,"name":"KIT DE MONTAJE DE ENGRANAJE COMBINADO"}]},{"@type":"WebSite","@id":"https:\/\/delorenzoglobal.com\/es\/#website","url":"https:\/\/delorenzoglobal.com\/es\/","name":"De Lorenzo Training &amp; Didactical Equipment","description":"","potentialAction":[{"@type":"SearchAction","target":{"@type":"EntryPoint","urlTemplate":"https:\/\/delorenzoglobal.com\/es\/?s={search_term_string}"},"query-input":{"@type":"PropertyValueSpecification","valueRequired":true,"valueName":"search_term_string"}}],"inLanguage":"es"}]}},"_links":{"self":[{"href":"https:\/\/delorenzoglobal.com\/es\/wp-json\/wp\/v2\/product\/68610","targetHints":{"allow":["GET"]}}],"collection":[{"href":"https:\/\/delorenzoglobal.com\/es\/wp-json\/wp\/v2\/product"}],"about":[{"href":"https:\/\/delorenzoglobal.com\/es\/wp-json\/wp\/v2\/types\/product"}],"wp:featuredmedia":[{"embeddable":true,"href":"https:\/\/delorenzoglobal.com\/es\/wp-json\/wp\/v2\/media\/68619"}],"wp:attachment":[{"href":"https:\/\/delorenzoglobal.com\/es\/wp-json\/wp\/v2\/media?parent=68610"}],"wp:term":[{"taxonomy":"product_brand","embeddable":true,"href":"https:\/\/delorenzoglobal.com\/es\/wp-json\/wp\/v2\/product_brand?post=68610"},{"taxonomy":"product_cat","embeddable":true,"href":"https:\/\/delorenzoglobal.com\/es\/wp-json\/wp\/v2\/product_cat?post=68610"},{"taxonomy":"product_tag","embeddable":true,"href":"https:\/\/delorenzoglobal.com\/es\/wp-json\/wp\/v2\/product_tag?post=68610"}],"curies":[{"name":"wp","href":"https:\/\/api.w.org\/{rel}","templated":true}]}}