{"id":6859,"date":"2024-04-15T12:17:03","date_gmt":"2024-04-15T10:17:03","guid":{"rendered":"https:\/\/delorenzoglobal.com\/?post_type=product&#038;p=6859"},"modified":"2026-03-17T11:35:58","modified_gmt":"2026-03-17T10:35:58","slug":"sistema-didactico-para-la-correccion-automatizada-del-factor-de-potencia","status":"publish","type":"product","link":"https:\/\/delorenzoglobal.com\/es\/producto\/sistema-didactico-para-la-correccion-automatizada-del-factor-de-potencia\/","title":{"rendered":"SISTEMA DID\u00c1CTICO PARA LA CORRECCI\u00d3N AUTOMATIZADA DEL FACTOR DE POTENCIA"},"content":{"rendered":"<p>El sistema de entrenamiento modular DL FAT-SMC permite a los usuarios realizar estudios te\u00f3rico-pr\u00e1cticos que involucran el uso de dispositivos con instrumentaci\u00f3n de medici\u00f3n de magnitud el\u00e9ctrica en alterna para analizar los valores medidos en una carga inductiva, o un motor de inducci\u00f3n trif\u00e1sico en este caso, y adem\u00e1s permite realizar procedimientos de correcci\u00f3n del factor de potencia a trav\u00e9s de un banco de correcci\u00f3n capacitivo.<\/p>\n<p>Todos estos dispositivos pueden ser monitoreados por SCADA integrado en una HMI<\/p>\n","protected":false},"excerpt":{"rendered":"<p>El sistema de entrenamiento modular DL FAT-SMC permite a los usuarios realizar estudios te\u00f3rico-pr\u00e1cticos que involucran el uso de dispositivos con instrumentaci\u00f3n de medici\u00f3n de magnitud el\u00e9ctrica en alterna para analizar los valores medidos en una carga inductiva, o un motor de inducci\u00f3n trif\u00e1sico en este caso, y adem\u00e1s permite realizar procedimientos de correcci\u00f3n del [&hellip;]<\/p>\n","protected":false},"featured_media":25053,"template":"","meta":{"_acf_changed":false},"product_brand":[],"product_cat":[308],"product_tag":[],"class_list":{"0":"post-6859","1":"product","2":"type-product","3":"status-publish","4":"has-post-thumbnail","6":"product_cat-banco-de-pruebas","8":"first","9":"instock","10":"shipping-taxable","11":"product-type-simple"},"acf":[],"yoast_head":"<!-- This site is optimized with the Yoast SEO plugin v27.4 - https:\/\/yoast.com\/product\/yoast-seo-wordpress\/ -->\n<title>SISTEMA DID\u00c1CTICO PARA LA CORRECCI\u00d3N AUTOMATIZADA DEL FACTOR DE POTENCIA - De Lorenzo Training &amp; Didactical Equipment<\/title>\n<meta name=\"robots\" content=\"index, follow, max-snippet:-1, max-image-preview:large, max-video-preview:-1\" \/>\n<link rel=\"canonical\" href=\"https:\/\/delorenzoglobal.com\/es\/producto\/sistema-didactico-para-la-correccion-automatizada-del-factor-de-potencia\/\" \/>\n<meta property=\"og:locale\" content=\"es_ES\" \/>\n<meta property=\"og:type\" content=\"article\" \/>\n<meta property=\"og:title\" content=\"SISTEMA DID\u00c1CTICO PARA LA CORRECCI\u00d3N AUTOMATIZADA DEL FACTOR DE POTENCIA - De Lorenzo Training &amp; Didactical Equipment\" \/>\n<meta property=\"og:description\" content=\"El sistema de entrenamiento modular DL FAT-SMC permite a los usuarios realizar estudios te\u00f3rico-pr\u00e1cticos que involucran el uso de dispositivos con instrumentaci\u00f3n de medici\u00f3n de magnitud el\u00e9ctrica en alterna para analizar los valores medidos en una carga inductiva, o un motor de inducci\u00f3n trif\u00e1sico en este caso, y adem\u00e1s permite realizar procedimientos de correcci\u00f3n del [&hellip;]\" \/>\n<meta property=\"og:url\" content=\"https:\/\/delorenzoglobal.com\/es\/producto\/sistema-didactico-para-la-correccion-automatizada-del-factor-de-potencia\/\" \/>\n<meta property=\"og:site_name\" content=\"De Lorenzo Training &amp; Didactical Equipment\" \/>\n<meta property=\"article:modified_time\" content=\"2026-03-17T10:35:58+00:00\" \/>\n<meta property=\"og:image\" content=\"https:\/\/delorenzoglobal.com\/wp-content\/uploads\/2024\/04\/DL-FAT-SMC.jpg\" \/>\n\t<meta property=\"og:image:width\" content=\"2151\" \/>\n\t<meta property=\"og:image:height\" content=\"751\" \/>\n\t<meta property=\"og:image:type\" content=\"image\/jpeg\" \/>\n<meta name=\"twitter:card\" content=\"summary_large_image\" \/>\n<meta name=\"twitter:label1\" content=\"Tiempo de lectura\" \/>\n\t<meta name=\"twitter:data1\" content=\"1 minuto\" \/>\n<script type=\"application\/ld+json\" class=\"yoast-schema-graph\">{\"@context\":\"https:\\\/\\\/schema.org\",\"@graph\":[{\"@type\":\"WebPage\",\"@id\":\"https:\\\/\\\/delorenzoglobal.com\\\/es\\\/producto\\\/sistema-didactico-para-la-correccion-automatizada-del-factor-de-potencia\\\/\",\"url\":\"https:\\\/\\\/delorenzoglobal.com\\\/es\\\/producto\\\/sistema-didactico-para-la-correccion-automatizada-del-factor-de-potencia\\\/\",\"name\":\"SISTEMA DID\u00c1CTICO PARA LA CORRECCI\u00d3N AUTOMATIZADA DEL FACTOR DE POTENCIA - De Lorenzo Training &amp; Didactical Equipment\",\"isPartOf\":{\"@id\":\"https:\\\/\\\/delorenzoglobal.com\\\/es\\\/#website\"},\"primaryImageOfPage\":{\"@id\":\"https:\\\/\\\/delorenzoglobal.com\\\/es\\\/producto\\\/sistema-didactico-para-la-correccion-automatizada-del-factor-de-potencia\\\/#primaryimage\"},\"image\":{\"@id\":\"https:\\\/\\\/delorenzoglobal.com\\\/es\\\/producto\\\/sistema-didactico-para-la-correccion-automatizada-del-factor-de-potencia\\\/#primaryimage\"},\"thumbnailUrl\":\"https:\\\/\\\/delorenzoglobal.com\\\/wp-content\\\/uploads\\\/2024\\\/04\\\/DL-FAT-SMC.jpg\",\"datePublished\":\"2024-04-15T10:17:03+00:00\",\"dateModified\":\"2026-03-17T10:35:58+00:00\",\"breadcrumb\":{\"@id\":\"https:\\\/\\\/delorenzoglobal.com\\\/es\\\/producto\\\/sistema-didactico-para-la-correccion-automatizada-del-factor-de-potencia\\\/#breadcrumb\"},\"inLanguage\":\"es\",\"potentialAction\":[{\"@type\":\"ReadAction\",\"target\":[\"https:\\\/\\\/delorenzoglobal.com\\\/es\\\/producto\\\/sistema-didactico-para-la-correccion-automatizada-del-factor-de-potencia\\\/\"]}]},{\"@type\":\"ImageObject\",\"inLanguage\":\"es\",\"@id\":\"https:\\\/\\\/delorenzoglobal.com\\\/es\\\/producto\\\/sistema-didactico-para-la-correccion-automatizada-del-factor-de-potencia\\\/#primaryimage\",\"url\":\"https:\\\/\\\/delorenzoglobal.com\\\/wp-content\\\/uploads\\\/2024\\\/04\\\/DL-FAT-SMC.jpg\",\"contentUrl\":\"https:\\\/\\\/delorenzoglobal.com\\\/wp-content\\\/uploads\\\/2024\\\/04\\\/DL-FAT-SMC.jpg\",\"width\":2151,\"height\":751},{\"@type\":\"BreadcrumbList\",\"@id\":\"https:\\\/\\\/delorenzoglobal.com\\\/es\\\/producto\\\/sistema-didactico-para-la-correccion-automatizada-del-factor-de-potencia\\\/#breadcrumb\",\"itemListElement\":[{\"@type\":\"ListItem\",\"position\":1,\"name\":\"Home\",\"item\":\"https:\\\/\\\/delorenzoglobal.com\\\/es\\\/\"},{\"@type\":\"ListItem\",\"position\":2,\"name\":\"Tienda\",\"item\":\"https:\\\/\\\/delorenzoglobal.com\\\/es\\\/tienda\\\/\"},{\"@type\":\"ListItem\",\"position\":3,\"name\":\"SISTEMA DID\u00c1CTICO PARA LA CORRECCI\u00d3N AUTOMATIZADA DEL FACTOR DE POTENCIA\"}]},{\"@type\":\"WebSite\",\"@id\":\"https:\\\/\\\/delorenzoglobal.com\\\/es\\\/#website\",\"url\":\"https:\\\/\\\/delorenzoglobal.com\\\/es\\\/\",\"name\":\"De Lorenzo Training &amp; Didactical Equipment\",\"description\":\"\",\"potentialAction\":[{\"@type\":\"SearchAction\",\"target\":{\"@type\":\"EntryPoint\",\"urlTemplate\":\"https:\\\/\\\/delorenzoglobal.com\\\/es\\\/?s={search_term_string}\"},\"query-input\":{\"@type\":\"PropertyValueSpecification\",\"valueRequired\":true,\"valueName\":\"search_term_string\"}}],\"inLanguage\":\"es\"}]}<\/script>\n<!-- \/ Yoast SEO plugin. -->","yoast_head_json":{"title":"SISTEMA DID\u00c1CTICO PARA LA CORRECCI\u00d3N AUTOMATIZADA DEL FACTOR DE POTENCIA - De Lorenzo Training &amp; Didactical Equipment","robots":{"index":"index","follow":"follow","max-snippet":"max-snippet:-1","max-image-preview":"max-image-preview:large","max-video-preview":"max-video-preview:-1"},"canonical":"https:\/\/delorenzoglobal.com\/es\/producto\/sistema-didactico-para-la-correccion-automatizada-del-factor-de-potencia\/","og_locale":"es_ES","og_type":"article","og_title":"SISTEMA DID\u00c1CTICO PARA LA CORRECCI\u00d3N AUTOMATIZADA DEL FACTOR DE POTENCIA - De Lorenzo Training &amp; Didactical Equipment","og_description":"El sistema de entrenamiento modular DL FAT-SMC permite a los usuarios realizar estudios te\u00f3rico-pr\u00e1cticos que involucran el uso de dispositivos con instrumentaci\u00f3n de medici\u00f3n de magnitud el\u00e9ctrica en alterna para analizar los valores medidos en una carga inductiva, o un motor de inducci\u00f3n trif\u00e1sico en este caso, y adem\u00e1s permite realizar procedimientos de correcci\u00f3n del [&hellip;]","og_url":"https:\/\/delorenzoglobal.com\/es\/producto\/sistema-didactico-para-la-correccion-automatizada-del-factor-de-potencia\/","og_site_name":"De Lorenzo Training &amp; Didactical Equipment","article_modified_time":"2026-03-17T10:35:58+00:00","og_image":[{"width":2151,"height":751,"url":"https:\/\/delorenzoglobal.com\/wp-content\/uploads\/2024\/04\/DL-FAT-SMC.jpg","type":"image\/jpeg"}],"twitter_card":"summary_large_image","twitter_misc":{"Tiempo de lectura":"1 minuto"},"schema":{"@context":"https:\/\/schema.org","@graph":[{"@type":"WebPage","@id":"https:\/\/delorenzoglobal.com\/es\/producto\/sistema-didactico-para-la-correccion-automatizada-del-factor-de-potencia\/","url":"https:\/\/delorenzoglobal.com\/es\/producto\/sistema-didactico-para-la-correccion-automatizada-del-factor-de-potencia\/","name":"SISTEMA DID\u00c1CTICO PARA LA CORRECCI\u00d3N AUTOMATIZADA DEL FACTOR DE POTENCIA - De Lorenzo Training &amp; Didactical Equipment","isPartOf":{"@id":"https:\/\/delorenzoglobal.com\/es\/#website"},"primaryImageOfPage":{"@id":"https:\/\/delorenzoglobal.com\/es\/producto\/sistema-didactico-para-la-correccion-automatizada-del-factor-de-potencia\/#primaryimage"},"image":{"@id":"https:\/\/delorenzoglobal.com\/es\/producto\/sistema-didactico-para-la-correccion-automatizada-del-factor-de-potencia\/#primaryimage"},"thumbnailUrl":"https:\/\/delorenzoglobal.com\/wp-content\/uploads\/2024\/04\/DL-FAT-SMC.jpg","datePublished":"2024-04-15T10:17:03+00:00","dateModified":"2026-03-17T10:35:58+00:00","breadcrumb":{"@id":"https:\/\/delorenzoglobal.com\/es\/producto\/sistema-didactico-para-la-correccion-automatizada-del-factor-de-potencia\/#breadcrumb"},"inLanguage":"es","potentialAction":[{"@type":"ReadAction","target":["https:\/\/delorenzoglobal.com\/es\/producto\/sistema-didactico-para-la-correccion-automatizada-del-factor-de-potencia\/"]}]},{"@type":"ImageObject","inLanguage":"es","@id":"https:\/\/delorenzoglobal.com\/es\/producto\/sistema-didactico-para-la-correccion-automatizada-del-factor-de-potencia\/#primaryimage","url":"https:\/\/delorenzoglobal.com\/wp-content\/uploads\/2024\/04\/DL-FAT-SMC.jpg","contentUrl":"https:\/\/delorenzoglobal.com\/wp-content\/uploads\/2024\/04\/DL-FAT-SMC.jpg","width":2151,"height":751},{"@type":"BreadcrumbList","@id":"https:\/\/delorenzoglobal.com\/es\/producto\/sistema-didactico-para-la-correccion-automatizada-del-factor-de-potencia\/#breadcrumb","itemListElement":[{"@type":"ListItem","position":1,"name":"Home","item":"https:\/\/delorenzoglobal.com\/es\/"},{"@type":"ListItem","position":2,"name":"Tienda","item":"https:\/\/delorenzoglobal.com\/es\/tienda\/"},{"@type":"ListItem","position":3,"name":"SISTEMA DID\u00c1CTICO PARA LA CORRECCI\u00d3N AUTOMATIZADA DEL FACTOR DE POTENCIA"}]},{"@type":"WebSite","@id":"https:\/\/delorenzoglobal.com\/es\/#website","url":"https:\/\/delorenzoglobal.com\/es\/","name":"De Lorenzo Training &amp; Didactical Equipment","description":"","potentialAction":[{"@type":"SearchAction","target":{"@type":"EntryPoint","urlTemplate":"https:\/\/delorenzoglobal.com\/es\/?s={search_term_string}"},"query-input":{"@type":"PropertyValueSpecification","valueRequired":true,"valueName":"search_term_string"}}],"inLanguage":"es"}]}},"_links":{"self":[{"href":"https:\/\/delorenzoglobal.com\/es\/wp-json\/wp\/v2\/product\/6859","targetHints":{"allow":["GET"]}}],"collection":[{"href":"https:\/\/delorenzoglobal.com\/es\/wp-json\/wp\/v2\/product"}],"about":[{"href":"https:\/\/delorenzoglobal.com\/es\/wp-json\/wp\/v2\/types\/product"}],"wp:featuredmedia":[{"embeddable":true,"href":"https:\/\/delorenzoglobal.com\/es\/wp-json\/wp\/v2\/media\/25053"}],"wp:attachment":[{"href":"https:\/\/delorenzoglobal.com\/es\/wp-json\/wp\/v2\/media?parent=6859"}],"wp:term":[{"taxonomy":"product_brand","embeddable":true,"href":"https:\/\/delorenzoglobal.com\/es\/wp-json\/wp\/v2\/product_brand?post=6859"},{"taxonomy":"product_cat","embeddable":true,"href":"https:\/\/delorenzoglobal.com\/es\/wp-json\/wp\/v2\/product_cat?post=6859"},{"taxonomy":"product_tag","embeddable":true,"href":"https:\/\/delorenzoglobal.com\/es\/wp-json\/wp\/v2\/product_tag?post=6859"}],"curies":[{"name":"wp","href":"https:\/\/api.w.org\/{rel}","templated":true}]}}