{"id":6849,"date":"2024-04-15T12:17:11","date_gmt":"2024-04-15T10:17:11","guid":{"rendered":"https:\/\/delorenzoglobal.com\/?post_type=product&#038;p=6849"},"modified":"2025-01-28T14:31:05","modified_gmt":"2025-01-28T13:31:05","slug":"linea-de-transmision","status":"publish","type":"product","link":"https:\/\/delorenzoglobal.com\/es\/producto\/linea-de-transmision\/","title":{"rendered":"LINEA DE TRANSMISION"},"content":{"rendered":"<p>El panel ha sido dise\u00f1ado para guiar al estudiante a la comprensi\u00f3n y experimentaci\u00f3n de los principios f\u00edsicos de propagaci\u00f3n de las se\u00f1ales el\u00e9ctricas en l\u00edneas de transmisi\u00f3n, as\u00ed como una introducci\u00f3n al uso de las l\u00edneas como elemento fundamental en los sistemas de comunicaci\u00f3n.<\/p>\n<p>Caracter\u00edsticas t\u00e9cnicas El entrenador consiste de un m\u00f3dulo con 100 metros de cable coaxial con tomas intermedias cada 25 metros y con resistencias variables de terminaci\u00f3n.<\/p>\n","protected":false},"excerpt":{"rendered":"<p>El panel ha sido dise\u00f1ado para guiar al estudiante a la comprensi\u00f3n y experimentaci\u00f3n de los principios f\u00edsicos de propagaci\u00f3n de las se\u00f1ales el\u00e9ctricas en l\u00edneas de transmisi\u00f3n, as\u00ed como una introducci\u00f3n al uso de las l\u00edneas como elemento fundamental en los sistemas de comunicaci\u00f3n. Caracter\u00edsticas t\u00e9cnicas El entrenador consiste de un m\u00f3dulo con 100 [&hellip;]<\/p>\n","protected":false},"featured_media":6833,"template":"","meta":{"_acf_changed":false},"product_brand":[],"product_cat":[323],"product_tag":[],"class_list":{"0":"post-6849","1":"product","2":"type-product","3":"status-publish","4":"has-post-thumbnail","6":"product_cat-sistemas-de-transmision","8":"first","9":"instock","10":"shipping-taxable","11":"product-type-simple"},"acf":[],"yoast_head":"<!-- This site is optimized with the Yoast SEO plugin v27.4 - https:\/\/yoast.com\/product\/yoast-seo-wordpress\/ -->\n<title>LINEA DE TRANSMISION - De Lorenzo Training &amp; Didactical Equipment<\/title>\n<meta name=\"robots\" content=\"index, follow, max-snippet:-1, max-image-preview:large, max-video-preview:-1\" \/>\n<link rel=\"canonical\" href=\"https:\/\/delorenzoglobal.com\/es\/producto\/linea-de-transmision\/\" \/>\n<meta property=\"og:locale\" content=\"es_ES\" \/>\n<meta property=\"og:type\" content=\"article\" \/>\n<meta property=\"og:title\" content=\"LINEA DE TRANSMISION - De Lorenzo Training &amp; Didactical Equipment\" \/>\n<meta property=\"og:description\" content=\"El panel ha sido dise\u00f1ado para guiar al estudiante a la comprensi\u00f3n y experimentaci\u00f3n de los principios f\u00edsicos de propagaci\u00f3n de las se\u00f1ales el\u00e9ctricas en l\u00edneas de transmisi\u00f3n, as\u00ed como una introducci\u00f3n al uso de las l\u00edneas como elemento fundamental en los sistemas de comunicaci\u00f3n. Caracter\u00edsticas t\u00e9cnicas El entrenador consiste de un m\u00f3dulo con 100 [&hellip;]\" \/>\n<meta property=\"og:url\" content=\"https:\/\/delorenzoglobal.com\/es\/producto\/linea-de-transmision\/\" \/>\n<meta property=\"og:site_name\" content=\"De Lorenzo Training &amp; Didactical Equipment\" \/>\n<meta property=\"article:modified_time\" content=\"2025-01-28T13:31:05+00:00\" \/>\n<meta property=\"og:image\" content=\"https:\/\/delorenzoglobal.com\/wp-content\/uploads\/2024\/04\/2597-scaled.jpg\" \/>\n\t<meta property=\"og:image:width\" content=\"2560\" \/>\n\t<meta property=\"og:image:height\" content=\"1327\" \/>\n\t<meta property=\"og:image:type\" content=\"image\/jpeg\" \/>\n<meta name=\"twitter:card\" content=\"summary_large_image\" \/>\n<meta name=\"twitter:label1\" content=\"Tiempo de lectura\" \/>\n\t<meta name=\"twitter:data1\" content=\"1 minuto\" \/>\n<script type=\"application\/ld+json\" class=\"yoast-schema-graph\">{\"@context\":\"https:\\\/\\\/schema.org\",\"@graph\":[{\"@type\":\"WebPage\",\"@id\":\"https:\\\/\\\/delorenzoglobal.com\\\/es\\\/producto\\\/linea-de-transmision\\\/\",\"url\":\"https:\\\/\\\/delorenzoglobal.com\\\/es\\\/producto\\\/linea-de-transmision\\\/\",\"name\":\"LINEA DE TRANSMISION - De Lorenzo Training &amp; Didactical Equipment\",\"isPartOf\":{\"@id\":\"https:\\\/\\\/delorenzoglobal.com\\\/es\\\/#website\"},\"primaryImageOfPage\":{\"@id\":\"https:\\\/\\\/delorenzoglobal.com\\\/es\\\/producto\\\/linea-de-transmision\\\/#primaryimage\"},\"image\":{\"@id\":\"https:\\\/\\\/delorenzoglobal.com\\\/es\\\/producto\\\/linea-de-transmision\\\/#primaryimage\"},\"thumbnailUrl\":\"https:\\\/\\\/delorenzoglobal.com\\\/wp-content\\\/uploads\\\/2024\\\/04\\\/2597-scaled.jpg\",\"datePublished\":\"2024-04-15T10:17:11+00:00\",\"dateModified\":\"2025-01-28T13:31:05+00:00\",\"breadcrumb\":{\"@id\":\"https:\\\/\\\/delorenzoglobal.com\\\/es\\\/producto\\\/linea-de-transmision\\\/#breadcrumb\"},\"inLanguage\":\"es\",\"potentialAction\":[{\"@type\":\"ReadAction\",\"target\":[\"https:\\\/\\\/delorenzoglobal.com\\\/es\\\/producto\\\/linea-de-transmision\\\/\"]}]},{\"@type\":\"ImageObject\",\"inLanguage\":\"es\",\"@id\":\"https:\\\/\\\/delorenzoglobal.com\\\/es\\\/producto\\\/linea-de-transmision\\\/#primaryimage\",\"url\":\"https:\\\/\\\/delorenzoglobal.com\\\/wp-content\\\/uploads\\\/2024\\\/04\\\/2597-scaled.jpg\",\"contentUrl\":\"https:\\\/\\\/delorenzoglobal.com\\\/wp-content\\\/uploads\\\/2024\\\/04\\\/2597-scaled.jpg\",\"width\":2560,\"height\":1327},{\"@type\":\"BreadcrumbList\",\"@id\":\"https:\\\/\\\/delorenzoglobal.com\\\/es\\\/producto\\\/linea-de-transmision\\\/#breadcrumb\",\"itemListElement\":[{\"@type\":\"ListItem\",\"position\":1,\"name\":\"Home\",\"item\":\"https:\\\/\\\/delorenzoglobal.com\\\/es\\\/\"},{\"@type\":\"ListItem\",\"position\":2,\"name\":\"Tienda\",\"item\":\"https:\\\/\\\/delorenzoglobal.com\\\/es\\\/tienda\\\/\"},{\"@type\":\"ListItem\",\"position\":3,\"name\":\"LINEA DE TRANSMISION\"}]},{\"@type\":\"WebSite\",\"@id\":\"https:\\\/\\\/delorenzoglobal.com\\\/es\\\/#website\",\"url\":\"https:\\\/\\\/delorenzoglobal.com\\\/es\\\/\",\"name\":\"De Lorenzo Training &amp; Didactical Equipment\",\"description\":\"\",\"potentialAction\":[{\"@type\":\"SearchAction\",\"target\":{\"@type\":\"EntryPoint\",\"urlTemplate\":\"https:\\\/\\\/delorenzoglobal.com\\\/es\\\/?s={search_term_string}\"},\"query-input\":{\"@type\":\"PropertyValueSpecification\",\"valueRequired\":true,\"valueName\":\"search_term_string\"}}],\"inLanguage\":\"es\"}]}<\/script>\n<!-- \/ Yoast SEO plugin. -->","yoast_head_json":{"title":"LINEA DE TRANSMISION - De Lorenzo Training &amp; Didactical Equipment","robots":{"index":"index","follow":"follow","max-snippet":"max-snippet:-1","max-image-preview":"max-image-preview:large","max-video-preview":"max-video-preview:-1"},"canonical":"https:\/\/delorenzoglobal.com\/es\/producto\/linea-de-transmision\/","og_locale":"es_ES","og_type":"article","og_title":"LINEA DE TRANSMISION - De Lorenzo Training &amp; Didactical Equipment","og_description":"El panel ha sido dise\u00f1ado para guiar al estudiante a la comprensi\u00f3n y experimentaci\u00f3n de los principios f\u00edsicos de propagaci\u00f3n de las se\u00f1ales el\u00e9ctricas en l\u00edneas de transmisi\u00f3n, as\u00ed como una introducci\u00f3n al uso de las l\u00edneas como elemento fundamental en los sistemas de comunicaci\u00f3n. Caracter\u00edsticas t\u00e9cnicas El entrenador consiste de un m\u00f3dulo con 100 [&hellip;]","og_url":"https:\/\/delorenzoglobal.com\/es\/producto\/linea-de-transmision\/","og_site_name":"De Lorenzo Training &amp; Didactical Equipment","article_modified_time":"2025-01-28T13:31:05+00:00","og_image":[{"width":2560,"height":1327,"url":"https:\/\/delorenzoglobal.com\/wp-content\/uploads\/2024\/04\/2597-scaled.jpg","type":"image\/jpeg"}],"twitter_card":"summary_large_image","twitter_misc":{"Tiempo de lectura":"1 minuto"},"schema":{"@context":"https:\/\/schema.org","@graph":[{"@type":"WebPage","@id":"https:\/\/delorenzoglobal.com\/es\/producto\/linea-de-transmision\/","url":"https:\/\/delorenzoglobal.com\/es\/producto\/linea-de-transmision\/","name":"LINEA DE TRANSMISION - De Lorenzo Training &amp; Didactical Equipment","isPartOf":{"@id":"https:\/\/delorenzoglobal.com\/es\/#website"},"primaryImageOfPage":{"@id":"https:\/\/delorenzoglobal.com\/es\/producto\/linea-de-transmision\/#primaryimage"},"image":{"@id":"https:\/\/delorenzoglobal.com\/es\/producto\/linea-de-transmision\/#primaryimage"},"thumbnailUrl":"https:\/\/delorenzoglobal.com\/wp-content\/uploads\/2024\/04\/2597-scaled.jpg","datePublished":"2024-04-15T10:17:11+00:00","dateModified":"2025-01-28T13:31:05+00:00","breadcrumb":{"@id":"https:\/\/delorenzoglobal.com\/es\/producto\/linea-de-transmision\/#breadcrumb"},"inLanguage":"es","potentialAction":[{"@type":"ReadAction","target":["https:\/\/delorenzoglobal.com\/es\/producto\/linea-de-transmision\/"]}]},{"@type":"ImageObject","inLanguage":"es","@id":"https:\/\/delorenzoglobal.com\/es\/producto\/linea-de-transmision\/#primaryimage","url":"https:\/\/delorenzoglobal.com\/wp-content\/uploads\/2024\/04\/2597-scaled.jpg","contentUrl":"https:\/\/delorenzoglobal.com\/wp-content\/uploads\/2024\/04\/2597-scaled.jpg","width":2560,"height":1327},{"@type":"BreadcrumbList","@id":"https:\/\/delorenzoglobal.com\/es\/producto\/linea-de-transmision\/#breadcrumb","itemListElement":[{"@type":"ListItem","position":1,"name":"Home","item":"https:\/\/delorenzoglobal.com\/es\/"},{"@type":"ListItem","position":2,"name":"Tienda","item":"https:\/\/delorenzoglobal.com\/es\/tienda\/"},{"@type":"ListItem","position":3,"name":"LINEA DE TRANSMISION"}]},{"@type":"WebSite","@id":"https:\/\/delorenzoglobal.com\/es\/#website","url":"https:\/\/delorenzoglobal.com\/es\/","name":"De Lorenzo Training &amp; Didactical Equipment","description":"","potentialAction":[{"@type":"SearchAction","target":{"@type":"EntryPoint","urlTemplate":"https:\/\/delorenzoglobal.com\/es\/?s={search_term_string}"},"query-input":{"@type":"PropertyValueSpecification","valueRequired":true,"valueName":"search_term_string"}}],"inLanguage":"es"}]}},"_links":{"self":[{"href":"https:\/\/delorenzoglobal.com\/es\/wp-json\/wp\/v2\/product\/6849","targetHints":{"allow":["GET"]}}],"collection":[{"href":"https:\/\/delorenzoglobal.com\/es\/wp-json\/wp\/v2\/product"}],"about":[{"href":"https:\/\/delorenzoglobal.com\/es\/wp-json\/wp\/v2\/types\/product"}],"wp:featuredmedia":[{"embeddable":true,"href":"https:\/\/delorenzoglobal.com\/es\/wp-json\/wp\/v2\/media\/6833"}],"wp:attachment":[{"href":"https:\/\/delorenzoglobal.com\/es\/wp-json\/wp\/v2\/media?parent=6849"}],"wp:term":[{"taxonomy":"product_brand","embeddable":true,"href":"https:\/\/delorenzoglobal.com\/es\/wp-json\/wp\/v2\/product_brand?post=6849"},{"taxonomy":"product_cat","embeddable":true,"href":"https:\/\/delorenzoglobal.com\/es\/wp-json\/wp\/v2\/product_cat?post=6849"},{"taxonomy":"product_tag","embeddable":true,"href":"https:\/\/delorenzoglobal.com\/es\/wp-json\/wp\/v2\/product_tag?post=6849"}],"curies":[{"name":"wp","href":"https:\/\/api.w.org\/{rel}","templated":true}]}}