{"id":68397,"date":"2026-02-18T16:13:54","date_gmt":"2026-02-18T15:13:54","guid":{"rendered":"https:\/\/delorenzoglobal.com\/?post_type=product&#038;p=68397"},"modified":"2026-02-18T16:25:39","modified_gmt":"2026-02-18T15:25:39","slug":"kit-de-montaje-de-compresor-de-embolo-copia","status":"publish","type":"product","link":"https:\/\/delorenzoglobal.com\/es\/producto\/kit-de-montaje-de-compresor-de-embolo-copia\/","title":{"rendered":"MONTAJE Y MANTENIMIENTO DE  UNA BOMBA CENTR\u00cdFUGA MULTIETAPA"},"content":{"rendered":"<p>Este kit de montaje permite el ensamblaje y el mantenimiento de una bomba centr\u00edfuga multietapa t\u00edpica, com\u00fanmente utilizada en la industria y en el transporte de agua.<\/p>\n<p>Gracias al corte, los estudiantes pueden aprender todos los componentes de la bomba y su funcionamiento.<\/p>\n<p>El material se suministra conservado y protegido en una caja de transporte junto con las herramientas necesarias para su uso.<\/p>\n<p>El manual de instrucciones, proporcionado con el equipo, muestra de manera clara y con numerosas im\u00e1genes todo el proceso a seguir para el funcionamiento del equipo.<\/p>\n","protected":false},"excerpt":{"rendered":"<p>Este kit de montaje permite el ensamblaje y el mantenimiento de una bomba centr\u00edfuga multietapa t\u00edpica, com\u00fanmente utilizada en la industria y en el transporte de agua. Gracias al corte, los estudiantes pueden aprender todos los componentes de la bomba y su funcionamiento. El material se suministra conservado y protegido en una caja de transporte [&hellip;]<\/p>\n","protected":false},"featured_media":68473,"template":"","meta":{"_acf_changed":false},"product_brand":[],"product_cat":[429],"product_tag":[],"class_list":{"0":"post-68397","1":"product","2":"type-product","3":"status-publish","4":"has-post-thumbnail","6":"product_cat-fundamentos-de-la-mecanica-de-fluidos","8":"first","9":"instock","10":"shipping-taxable","11":"product-type-simple"},"acf":[],"yoast_head":"<!-- This site is optimized with the Yoast SEO plugin v27.4 - https:\/\/yoast.com\/product\/yoast-seo-wordpress\/ -->\n<title>MONTAJE Y MANTENIMIENTO DE UNA BOMBA CENTR\u00cdFUGA MULTIETAPA - De Lorenzo Training &amp; Didactical Equipment<\/title>\n<meta name=\"description\" content=\"Kit did\u00e1ctico con bomba centr\u00edfuga multietapa seccionada para el aprendizaje pr\u00e1ctico de montaje, mantenimiento y principios de funcionamiento.\" \/>\n<meta name=\"robots\" content=\"index, follow, max-snippet:-1, max-image-preview:large, max-video-preview:-1\" \/>\n<link rel=\"canonical\" href=\"https:\/\/delorenzoglobal.com\/es\/producto\/kit-de-montaje-de-compresor-de-embolo-copia\/\" \/>\n<meta property=\"og:locale\" content=\"es_ES\" \/>\n<meta property=\"og:type\" content=\"article\" \/>\n<meta property=\"og:title\" content=\"MONTAJE Y MANTENIMIENTO DE UNA BOMBA CENTR\u00cdFUGA MULTIETAPA - De Lorenzo Training &amp; Didactical Equipment\" \/>\n<meta property=\"og:description\" content=\"Kit did\u00e1ctico con bomba centr\u00edfuga multietapa seccionada para el aprendizaje pr\u00e1ctico de montaje, mantenimiento y principios de funcionamiento.\" \/>\n<meta property=\"og:url\" content=\"https:\/\/delorenzoglobal.com\/es\/producto\/kit-de-montaje-de-compresor-de-embolo-copia\/\" \/>\n<meta property=\"og:site_name\" content=\"De Lorenzo Training &amp; Didactical Equipment\" \/>\n<meta property=\"article:modified_time\" content=\"2026-02-18T15:25:39+00:00\" \/>\n<meta property=\"og:image\" content=\"https:\/\/delorenzoglobal.com\/wp-content\/uploads\/2026\/02\/DL-PSM03.jpg\" \/>\n\t<meta property=\"og:image:width\" content=\"290\" \/>\n\t<meta property=\"og:image:height\" content=\"340\" \/>\n\t<meta property=\"og:image:type\" content=\"image\/jpeg\" \/>\n<meta name=\"twitter:card\" content=\"summary_large_image\" \/>\n<meta name=\"twitter:label1\" content=\"Tiempo de lectura\" \/>\n\t<meta name=\"twitter:data1\" content=\"1 minuto\" \/>\n<script type=\"application\/ld+json\" class=\"yoast-schema-graph\">{\"@context\":\"https:\\\/\\\/schema.org\",\"@graph\":[{\"@type\":\"WebPage\",\"@id\":\"https:\\\/\\\/delorenzoglobal.com\\\/es\\\/producto\\\/kit-de-montaje-de-compresor-de-embolo-copia\\\/\",\"url\":\"https:\\\/\\\/delorenzoglobal.com\\\/es\\\/producto\\\/kit-de-montaje-de-compresor-de-embolo-copia\\\/\",\"name\":\"MONTAJE Y MANTENIMIENTO DE UNA BOMBA CENTR\u00cdFUGA MULTIETAPA - De Lorenzo Training &amp; Didactical Equipment\",\"isPartOf\":{\"@id\":\"https:\\\/\\\/delorenzoglobal.com\\\/es\\\/#website\"},\"primaryImageOfPage\":{\"@id\":\"https:\\\/\\\/delorenzoglobal.com\\\/es\\\/producto\\\/kit-de-montaje-de-compresor-de-embolo-copia\\\/#primaryimage\"},\"image\":{\"@id\":\"https:\\\/\\\/delorenzoglobal.com\\\/es\\\/producto\\\/kit-de-montaje-de-compresor-de-embolo-copia\\\/#primaryimage\"},\"thumbnailUrl\":\"https:\\\/\\\/delorenzoglobal.com\\\/wp-content\\\/uploads\\\/2026\\\/02\\\/DL-PSM03-1.jpg\",\"datePublished\":\"2026-02-18T15:13:54+00:00\",\"dateModified\":\"2026-02-18T15:25:39+00:00\",\"description\":\"Kit did\u00e1ctico con bomba centr\u00edfuga multietapa seccionada para el aprendizaje pr\u00e1ctico de montaje, mantenimiento y principios de funcionamiento.\",\"breadcrumb\":{\"@id\":\"https:\\\/\\\/delorenzoglobal.com\\\/es\\\/producto\\\/kit-de-montaje-de-compresor-de-embolo-copia\\\/#breadcrumb\"},\"inLanguage\":\"es\",\"potentialAction\":[{\"@type\":\"ReadAction\",\"target\":[\"https:\\\/\\\/delorenzoglobal.com\\\/es\\\/producto\\\/kit-de-montaje-de-compresor-de-embolo-copia\\\/\"]}]},{\"@type\":\"ImageObject\",\"inLanguage\":\"es\",\"@id\":\"https:\\\/\\\/delorenzoglobal.com\\\/es\\\/producto\\\/kit-de-montaje-de-compresor-de-embolo-copia\\\/#primaryimage\",\"url\":\"https:\\\/\\\/delorenzoglobal.com\\\/wp-content\\\/uploads\\\/2026\\\/02\\\/DL-PSM03-1.jpg\",\"contentUrl\":\"https:\\\/\\\/delorenzoglobal.com\\\/wp-content\\\/uploads\\\/2026\\\/02\\\/DL-PSM03-1.jpg\",\"width\":890,\"height\":810},{\"@type\":\"BreadcrumbList\",\"@id\":\"https:\\\/\\\/delorenzoglobal.com\\\/es\\\/producto\\\/kit-de-montaje-de-compresor-de-embolo-copia\\\/#breadcrumb\",\"itemListElement\":[{\"@type\":\"ListItem\",\"position\":1,\"name\":\"Home\",\"item\":\"https:\\\/\\\/delorenzoglobal.com\\\/es\\\/\"},{\"@type\":\"ListItem\",\"position\":2,\"name\":\"Tienda\",\"item\":\"https:\\\/\\\/delorenzoglobal.com\\\/es\\\/tienda\\\/\"},{\"@type\":\"ListItem\",\"position\":3,\"name\":\"MONTAJE Y MANTENIMIENTO DE UNA BOMBA CENTR\u00cdFUGA MULTIETAPA\"}]},{\"@type\":\"WebSite\",\"@id\":\"https:\\\/\\\/delorenzoglobal.com\\\/es\\\/#website\",\"url\":\"https:\\\/\\\/delorenzoglobal.com\\\/es\\\/\",\"name\":\"De Lorenzo Training &amp; Didactical Equipment\",\"description\":\"\",\"potentialAction\":[{\"@type\":\"SearchAction\",\"target\":{\"@type\":\"EntryPoint\",\"urlTemplate\":\"https:\\\/\\\/delorenzoglobal.com\\\/es\\\/?s={search_term_string}\"},\"query-input\":{\"@type\":\"PropertyValueSpecification\",\"valueRequired\":true,\"valueName\":\"search_term_string\"}}],\"inLanguage\":\"es\"}]}<\/script>\n<!-- \/ Yoast SEO plugin. -->","yoast_head_json":{"title":"MONTAJE Y MANTENIMIENTO DE UNA BOMBA CENTR\u00cdFUGA MULTIETAPA - De Lorenzo Training &amp; Didactical Equipment","description":"Kit did\u00e1ctico con bomba centr\u00edfuga multietapa seccionada para el aprendizaje pr\u00e1ctico de montaje, mantenimiento y principios de funcionamiento.","robots":{"index":"index","follow":"follow","max-snippet":"max-snippet:-1","max-image-preview":"max-image-preview:large","max-video-preview":"max-video-preview:-1"},"canonical":"https:\/\/delorenzoglobal.com\/es\/producto\/kit-de-montaje-de-compresor-de-embolo-copia\/","og_locale":"es_ES","og_type":"article","og_title":"MONTAJE Y MANTENIMIENTO DE UNA BOMBA CENTR\u00cdFUGA MULTIETAPA - De Lorenzo Training &amp; Didactical Equipment","og_description":"Kit did\u00e1ctico con bomba centr\u00edfuga multietapa seccionada para el aprendizaje pr\u00e1ctico de montaje, mantenimiento y principios de funcionamiento.","og_url":"https:\/\/delorenzoglobal.com\/es\/producto\/kit-de-montaje-de-compresor-de-embolo-copia\/","og_site_name":"De Lorenzo Training &amp; Didactical Equipment","article_modified_time":"2026-02-18T15:25:39+00:00","og_image":[{"width":290,"height":340,"url":"https:\/\/delorenzoglobal.com\/wp-content\/uploads\/2026\/02\/DL-PSM03.jpg","type":"image\/jpeg"}],"twitter_card":"summary_large_image","twitter_misc":{"Tiempo de lectura":"1 minuto"},"schema":{"@context":"https:\/\/schema.org","@graph":[{"@type":"WebPage","@id":"https:\/\/delorenzoglobal.com\/es\/producto\/kit-de-montaje-de-compresor-de-embolo-copia\/","url":"https:\/\/delorenzoglobal.com\/es\/producto\/kit-de-montaje-de-compresor-de-embolo-copia\/","name":"MONTAJE Y MANTENIMIENTO DE UNA BOMBA CENTR\u00cdFUGA MULTIETAPA - De Lorenzo Training &amp; Didactical Equipment","isPartOf":{"@id":"https:\/\/delorenzoglobal.com\/es\/#website"},"primaryImageOfPage":{"@id":"https:\/\/delorenzoglobal.com\/es\/producto\/kit-de-montaje-de-compresor-de-embolo-copia\/#primaryimage"},"image":{"@id":"https:\/\/delorenzoglobal.com\/es\/producto\/kit-de-montaje-de-compresor-de-embolo-copia\/#primaryimage"},"thumbnailUrl":"https:\/\/delorenzoglobal.com\/wp-content\/uploads\/2026\/02\/DL-PSM03-1.jpg","datePublished":"2026-02-18T15:13:54+00:00","dateModified":"2026-02-18T15:25:39+00:00","description":"Kit did\u00e1ctico con bomba centr\u00edfuga multietapa seccionada para el aprendizaje pr\u00e1ctico de montaje, mantenimiento y principios de funcionamiento.","breadcrumb":{"@id":"https:\/\/delorenzoglobal.com\/es\/producto\/kit-de-montaje-de-compresor-de-embolo-copia\/#breadcrumb"},"inLanguage":"es","potentialAction":[{"@type":"ReadAction","target":["https:\/\/delorenzoglobal.com\/es\/producto\/kit-de-montaje-de-compresor-de-embolo-copia\/"]}]},{"@type":"ImageObject","inLanguage":"es","@id":"https:\/\/delorenzoglobal.com\/es\/producto\/kit-de-montaje-de-compresor-de-embolo-copia\/#primaryimage","url":"https:\/\/delorenzoglobal.com\/wp-content\/uploads\/2026\/02\/DL-PSM03-1.jpg","contentUrl":"https:\/\/delorenzoglobal.com\/wp-content\/uploads\/2026\/02\/DL-PSM03-1.jpg","width":890,"height":810},{"@type":"BreadcrumbList","@id":"https:\/\/delorenzoglobal.com\/es\/producto\/kit-de-montaje-de-compresor-de-embolo-copia\/#breadcrumb","itemListElement":[{"@type":"ListItem","position":1,"name":"Home","item":"https:\/\/delorenzoglobal.com\/es\/"},{"@type":"ListItem","position":2,"name":"Tienda","item":"https:\/\/delorenzoglobal.com\/es\/tienda\/"},{"@type":"ListItem","position":3,"name":"MONTAJE Y MANTENIMIENTO DE UNA BOMBA CENTR\u00cdFUGA MULTIETAPA"}]},{"@type":"WebSite","@id":"https:\/\/delorenzoglobal.com\/es\/#website","url":"https:\/\/delorenzoglobal.com\/es\/","name":"De Lorenzo Training &amp; Didactical Equipment","description":"","potentialAction":[{"@type":"SearchAction","target":{"@type":"EntryPoint","urlTemplate":"https:\/\/delorenzoglobal.com\/es\/?s={search_term_string}"},"query-input":{"@type":"PropertyValueSpecification","valueRequired":true,"valueName":"search_term_string"}}],"inLanguage":"es"}]}},"_links":{"self":[{"href":"https:\/\/delorenzoglobal.com\/es\/wp-json\/wp\/v2\/product\/68397","targetHints":{"allow":["GET"]}}],"collection":[{"href":"https:\/\/delorenzoglobal.com\/es\/wp-json\/wp\/v2\/product"}],"about":[{"href":"https:\/\/delorenzoglobal.com\/es\/wp-json\/wp\/v2\/types\/product"}],"wp:featuredmedia":[{"embeddable":true,"href":"https:\/\/delorenzoglobal.com\/es\/wp-json\/wp\/v2\/media\/68473"}],"wp:attachment":[{"href":"https:\/\/delorenzoglobal.com\/es\/wp-json\/wp\/v2\/media?parent=68397"}],"wp:term":[{"taxonomy":"product_brand","embeddable":true,"href":"https:\/\/delorenzoglobal.com\/es\/wp-json\/wp\/v2\/product_brand?post=68397"},{"taxonomy":"product_cat","embeddable":true,"href":"https:\/\/delorenzoglobal.com\/es\/wp-json\/wp\/v2\/product_cat?post=68397"},{"taxonomy":"product_tag","embeddable":true,"href":"https:\/\/delorenzoglobal.com\/es\/wp-json\/wp\/v2\/product_tag?post=68397"}],"curies":[{"name":"wp","href":"https:\/\/api.w.org\/{rel}","templated":true}]}}