{"id":68268,"date":"2026-02-18T12:29:28","date_gmt":"2026-02-18T11:29:28","guid":{"rendered":"https:\/\/delorenzoglobal.com\/?post_type=product&#038;p=68268"},"modified":"2026-02-18T15:25:31","modified_gmt":"2026-02-18T14:25:31","slug":"entrenador-de-visualizacion-de-flujo-copia-2","status":"publish","type":"product","link":"https:\/\/delorenzoglobal.com\/es\/producto\/entrenador-de-visualizacion-de-flujo-copia-2\/","title":{"rendered":"BANCO HIDR\u00c1ULICO B\u00c1SICO"},"content":{"rendered":"<p>El DL PLS016 es un banco hidr\u00e1ulico adecuado para su uso como banco de trabajo para la medici\u00f3n del caudal volum\u00e9trico con tanque.<\/p>\n<p>Es posible utilizar una gran variedad de dispositivos did\u00e1cticos, en los cuales se requiere un flujo de entrada, mont\u00e1ndolos en la mesa.<\/p>\n<p>El banco est\u00e1 compuesto por dos tanques volum\u00e9tricos de diferentes tama\u00f1os para medir con precisi\u00f3n caudales altos y bajos.<\/p>\n","protected":false},"excerpt":{"rendered":"<p>El DL PLS016 es un banco hidr\u00e1ulico adecuado para su uso como banco de trabajo para la medici\u00f3n del caudal volum\u00e9trico con tanque. Es posible utilizar una gran variedad de dispositivos did\u00e1cticos, en los cuales se requiere un flujo de entrada, mont\u00e1ndolos en la mesa. El banco est\u00e1 compuesto por dos tanques volum\u00e9tricos de diferentes [&hellip;]<\/p>\n","protected":false},"featured_media":68331,"template":"","meta":{"_acf_changed":false},"product_brand":[],"product_cat":[429],"product_tag":[],"class_list":{"0":"post-68268","1":"product","2":"type-product","3":"status-publish","4":"has-post-thumbnail","6":"product_cat-fundamentos-de-la-mecanica-de-fluidos","8":"first","9":"instock","10":"shipping-taxable","11":"product-type-simple"},"acf":[],"yoast_head":"<!-- This site is optimized with the Yoast SEO plugin v27.4 - https:\/\/yoast.com\/product\/yoast-seo-wordpress\/ -->\n<title>BANCO HIDR\u00c1ULICO B\u00c1SICO - De Lorenzo Training &amp; Didactical Equipment<\/title>\n<meta name=\"description\" content=\"Es un banco hidr\u00e1ulico profesional con doble dep\u00f3sito volum\u00e9trico ideal para la medici\u00f3n precisa del caudal y para aplicaciones educativas.\" \/>\n<meta name=\"robots\" content=\"index, follow, max-snippet:-1, max-image-preview:large, max-video-preview:-1\" \/>\n<link rel=\"canonical\" href=\"https:\/\/delorenzoglobal.com\/es\/producto\/entrenador-de-visualizacion-de-flujo-copia-2\/\" \/>\n<meta property=\"og:locale\" content=\"es_ES\" \/>\n<meta property=\"og:type\" content=\"article\" \/>\n<meta property=\"og:title\" content=\"BANCO HIDR\u00c1ULICO B\u00c1SICO - De Lorenzo Training &amp; Didactical Equipment\" \/>\n<meta property=\"og:description\" content=\"Es un banco hidr\u00e1ulico profesional con doble dep\u00f3sito volum\u00e9trico ideal para la medici\u00f3n precisa del caudal y para aplicaciones educativas.\" \/>\n<meta property=\"og:url\" content=\"https:\/\/delorenzoglobal.com\/es\/producto\/entrenador-de-visualizacion-de-flujo-copia-2\/\" \/>\n<meta property=\"og:site_name\" content=\"De Lorenzo Training &amp; Didactical Equipment\" \/>\n<meta property=\"article:modified_time\" content=\"2026-02-18T14:25:31+00:00\" \/>\n<meta property=\"og:image\" content=\"https:\/\/delorenzoglobal.com\/wp-content\/uploads\/2026\/02\/DL-PSL016.jpg\" \/>\n\t<meta property=\"og:image:width\" content=\"773\" \/>\n\t<meta property=\"og:image:height\" content=\"631\" \/>\n\t<meta property=\"og:image:type\" content=\"image\/jpeg\" \/>\n<meta name=\"twitter:card\" content=\"summary_large_image\" \/>\n<meta name=\"twitter:label1\" content=\"Tiempo de lectura\" \/>\n\t<meta name=\"twitter:data1\" content=\"1 minuto\" \/>\n<script type=\"application\/ld+json\" class=\"yoast-schema-graph\">{\"@context\":\"https:\\\/\\\/schema.org\",\"@graph\":[{\"@type\":\"WebPage\",\"@id\":\"https:\\\/\\\/delorenzoglobal.com\\\/es\\\/producto\\\/entrenador-de-visualizacion-de-flujo-copia-2\\\/\",\"url\":\"https:\\\/\\\/delorenzoglobal.com\\\/es\\\/producto\\\/entrenador-de-visualizacion-de-flujo-copia-2\\\/\",\"name\":\"BANCO HIDR\u00c1ULICO B\u00c1SICO - De Lorenzo Training &amp; Didactical Equipment\",\"isPartOf\":{\"@id\":\"https:\\\/\\\/delorenzoglobal.com\\\/es\\\/#website\"},\"primaryImageOfPage\":{\"@id\":\"https:\\\/\\\/delorenzoglobal.com\\\/es\\\/producto\\\/entrenador-de-visualizacion-de-flujo-copia-2\\\/#primaryimage\"},\"image\":{\"@id\":\"https:\\\/\\\/delorenzoglobal.com\\\/es\\\/producto\\\/entrenador-de-visualizacion-de-flujo-copia-2\\\/#primaryimage\"},\"thumbnailUrl\":\"https:\\\/\\\/delorenzoglobal.com\\\/wp-content\\\/uploads\\\/2026\\\/02\\\/DL-PSL016.jpg\",\"datePublished\":\"2026-02-18T11:29:28+00:00\",\"dateModified\":\"2026-02-18T14:25:31+00:00\",\"description\":\"Es un banco hidr\u00e1ulico profesional con doble dep\u00f3sito volum\u00e9trico ideal para la medici\u00f3n precisa del caudal y para aplicaciones educativas.\",\"breadcrumb\":{\"@id\":\"https:\\\/\\\/delorenzoglobal.com\\\/es\\\/producto\\\/entrenador-de-visualizacion-de-flujo-copia-2\\\/#breadcrumb\"},\"inLanguage\":\"es\",\"potentialAction\":[{\"@type\":\"ReadAction\",\"target\":[\"https:\\\/\\\/delorenzoglobal.com\\\/es\\\/producto\\\/entrenador-de-visualizacion-de-flujo-copia-2\\\/\"]}]},{\"@type\":\"ImageObject\",\"inLanguage\":\"es\",\"@id\":\"https:\\\/\\\/delorenzoglobal.com\\\/es\\\/producto\\\/entrenador-de-visualizacion-de-flujo-copia-2\\\/#primaryimage\",\"url\":\"https:\\\/\\\/delorenzoglobal.com\\\/wp-content\\\/uploads\\\/2026\\\/02\\\/DL-PSL016.jpg\",\"contentUrl\":\"https:\\\/\\\/delorenzoglobal.com\\\/wp-content\\\/uploads\\\/2026\\\/02\\\/DL-PSL016.jpg\",\"width\":773,\"height\":631},{\"@type\":\"BreadcrumbList\",\"@id\":\"https:\\\/\\\/delorenzoglobal.com\\\/es\\\/producto\\\/entrenador-de-visualizacion-de-flujo-copia-2\\\/#breadcrumb\",\"itemListElement\":[{\"@type\":\"ListItem\",\"position\":1,\"name\":\"Home\",\"item\":\"https:\\\/\\\/delorenzoglobal.com\\\/es\\\/\"},{\"@type\":\"ListItem\",\"position\":2,\"name\":\"Tienda\",\"item\":\"https:\\\/\\\/delorenzoglobal.com\\\/es\\\/tienda\\\/\"},{\"@type\":\"ListItem\",\"position\":3,\"name\":\"BANCO HIDR\u00c1ULICO B\u00c1SICO\"}]},{\"@type\":\"WebSite\",\"@id\":\"https:\\\/\\\/delorenzoglobal.com\\\/es\\\/#website\",\"url\":\"https:\\\/\\\/delorenzoglobal.com\\\/es\\\/\",\"name\":\"De Lorenzo Training &amp; Didactical Equipment\",\"description\":\"\",\"potentialAction\":[{\"@type\":\"SearchAction\",\"target\":{\"@type\":\"EntryPoint\",\"urlTemplate\":\"https:\\\/\\\/delorenzoglobal.com\\\/es\\\/?s={search_term_string}\"},\"query-input\":{\"@type\":\"PropertyValueSpecification\",\"valueRequired\":true,\"valueName\":\"search_term_string\"}}],\"inLanguage\":\"es\"}]}<\/script>\n<!-- \/ Yoast SEO plugin. -->","yoast_head_json":{"title":"BANCO HIDR\u00c1ULICO B\u00c1SICO - De Lorenzo Training &amp; Didactical Equipment","description":"Es un banco hidr\u00e1ulico profesional con doble dep\u00f3sito volum\u00e9trico ideal para la medici\u00f3n precisa del caudal y para aplicaciones educativas.","robots":{"index":"index","follow":"follow","max-snippet":"max-snippet:-1","max-image-preview":"max-image-preview:large","max-video-preview":"max-video-preview:-1"},"canonical":"https:\/\/delorenzoglobal.com\/es\/producto\/entrenador-de-visualizacion-de-flujo-copia-2\/","og_locale":"es_ES","og_type":"article","og_title":"BANCO HIDR\u00c1ULICO B\u00c1SICO - De Lorenzo Training &amp; Didactical Equipment","og_description":"Es un banco hidr\u00e1ulico profesional con doble dep\u00f3sito volum\u00e9trico ideal para la medici\u00f3n precisa del caudal y para aplicaciones educativas.","og_url":"https:\/\/delorenzoglobal.com\/es\/producto\/entrenador-de-visualizacion-de-flujo-copia-2\/","og_site_name":"De Lorenzo Training &amp; Didactical Equipment","article_modified_time":"2026-02-18T14:25:31+00:00","og_image":[{"width":773,"height":631,"url":"https:\/\/delorenzoglobal.com\/wp-content\/uploads\/2026\/02\/DL-PSL016.jpg","type":"image\/jpeg"}],"twitter_card":"summary_large_image","twitter_misc":{"Tiempo de lectura":"1 minuto"},"schema":{"@context":"https:\/\/schema.org","@graph":[{"@type":"WebPage","@id":"https:\/\/delorenzoglobal.com\/es\/producto\/entrenador-de-visualizacion-de-flujo-copia-2\/","url":"https:\/\/delorenzoglobal.com\/es\/producto\/entrenador-de-visualizacion-de-flujo-copia-2\/","name":"BANCO HIDR\u00c1ULICO B\u00c1SICO - De Lorenzo Training &amp; Didactical Equipment","isPartOf":{"@id":"https:\/\/delorenzoglobal.com\/es\/#website"},"primaryImageOfPage":{"@id":"https:\/\/delorenzoglobal.com\/es\/producto\/entrenador-de-visualizacion-de-flujo-copia-2\/#primaryimage"},"image":{"@id":"https:\/\/delorenzoglobal.com\/es\/producto\/entrenador-de-visualizacion-de-flujo-copia-2\/#primaryimage"},"thumbnailUrl":"https:\/\/delorenzoglobal.com\/wp-content\/uploads\/2026\/02\/DL-PSL016.jpg","datePublished":"2026-02-18T11:29:28+00:00","dateModified":"2026-02-18T14:25:31+00:00","description":"Es un banco hidr\u00e1ulico profesional con doble dep\u00f3sito volum\u00e9trico ideal para la medici\u00f3n precisa del caudal y para aplicaciones educativas.","breadcrumb":{"@id":"https:\/\/delorenzoglobal.com\/es\/producto\/entrenador-de-visualizacion-de-flujo-copia-2\/#breadcrumb"},"inLanguage":"es","potentialAction":[{"@type":"ReadAction","target":["https:\/\/delorenzoglobal.com\/es\/producto\/entrenador-de-visualizacion-de-flujo-copia-2\/"]}]},{"@type":"ImageObject","inLanguage":"es","@id":"https:\/\/delorenzoglobal.com\/es\/producto\/entrenador-de-visualizacion-de-flujo-copia-2\/#primaryimage","url":"https:\/\/delorenzoglobal.com\/wp-content\/uploads\/2026\/02\/DL-PSL016.jpg","contentUrl":"https:\/\/delorenzoglobal.com\/wp-content\/uploads\/2026\/02\/DL-PSL016.jpg","width":773,"height":631},{"@type":"BreadcrumbList","@id":"https:\/\/delorenzoglobal.com\/es\/producto\/entrenador-de-visualizacion-de-flujo-copia-2\/#breadcrumb","itemListElement":[{"@type":"ListItem","position":1,"name":"Home","item":"https:\/\/delorenzoglobal.com\/es\/"},{"@type":"ListItem","position":2,"name":"Tienda","item":"https:\/\/delorenzoglobal.com\/es\/tienda\/"},{"@type":"ListItem","position":3,"name":"BANCO HIDR\u00c1ULICO B\u00c1SICO"}]},{"@type":"WebSite","@id":"https:\/\/delorenzoglobal.com\/es\/#website","url":"https:\/\/delorenzoglobal.com\/es\/","name":"De Lorenzo Training &amp; Didactical Equipment","description":"","potentialAction":[{"@type":"SearchAction","target":{"@type":"EntryPoint","urlTemplate":"https:\/\/delorenzoglobal.com\/es\/?s={search_term_string}"},"query-input":{"@type":"PropertyValueSpecification","valueRequired":true,"valueName":"search_term_string"}}],"inLanguage":"es"}]}},"_links":{"self":[{"href":"https:\/\/delorenzoglobal.com\/es\/wp-json\/wp\/v2\/product\/68268","targetHints":{"allow":["GET"]}}],"collection":[{"href":"https:\/\/delorenzoglobal.com\/es\/wp-json\/wp\/v2\/product"}],"about":[{"href":"https:\/\/delorenzoglobal.com\/es\/wp-json\/wp\/v2\/types\/product"}],"wp:featuredmedia":[{"embeddable":true,"href":"https:\/\/delorenzoglobal.com\/es\/wp-json\/wp\/v2\/media\/68331"}],"wp:attachment":[{"href":"https:\/\/delorenzoglobal.com\/es\/wp-json\/wp\/v2\/media?parent=68268"}],"wp:term":[{"taxonomy":"product_brand","embeddable":true,"href":"https:\/\/delorenzoglobal.com\/es\/wp-json\/wp\/v2\/product_brand?post=68268"},{"taxonomy":"product_cat","embeddable":true,"href":"https:\/\/delorenzoglobal.com\/es\/wp-json\/wp\/v2\/product_cat?post=68268"},{"taxonomy":"product_tag","embeddable":true,"href":"https:\/\/delorenzoglobal.com\/es\/wp-json\/wp\/v2\/product_tag?post=68268"}],"curies":[{"name":"wp","href":"https:\/\/api.w.org\/{rel}","templated":true}]}}