{"id":68249,"date":"2026-02-17T15:53:45","date_gmt":"2026-02-17T14:53:45","guid":{"rendered":"https:\/\/delorenzoglobal.com\/?post_type=product&#038;p=68249"},"modified":"2026-03-05T09:23:52","modified_gmt":"2026-03-05T08:23:52","slug":"entrenador-de-visualizacion-de-flujo-copia-copia","status":"publish","type":"product","link":"https:\/\/delorenzoglobal.com\/es\/producto\/entrenador-de-visualizacion-de-flujo-copia-copia\/","title":{"rendered":"CENTRAL HIDROEL\u00c9CTRICA CON TURBINA PELTON"},"content":{"rendered":"<p>Este equipo reproduce una central hidroel\u00e9ctrica de peque\u00f1a escala, equipada con una turbina Pelton capaz de garantizar el funcionamiento completo y con todos los accesorios necesarios.<\/p>\n<p>Ayuda a los estudiantes a observar e interpretar con precisi\u00f3n el funcionamiento de una central hidroel\u00e9ctrica.<\/p>\n<p>&nbsp;<\/p>\n","protected":false},"excerpt":{"rendered":"<p>Este equipo reproduce una central hidroel\u00e9ctrica de peque\u00f1a escala, equipada con una turbina Pelton capaz de garantizar el funcionamiento completo y con todos los accesorios necesarios. Ayuda a los estudiantes a observar e interpretar con precisi\u00f3n el funcionamiento de una central hidroel\u00e9ctrica. &nbsp;<\/p>\n","protected":false},"featured_media":68314,"template":"","meta":{"_acf_changed":false},"product_brand":[],"product_cat":[429],"product_tag":[],"class_list":{"0":"post-68249","1":"product","2":"type-product","3":"status-publish","4":"has-post-thumbnail","6":"product_cat-fundamentos-de-la-mecanica-de-fluidos","8":"first","9":"instock","10":"shipping-taxable","11":"product-type-simple"},"acf":[],"yoast_head":"<!-- This site is optimized with the Yoast SEO plugin v27.4 - https:\/\/yoast.com\/product\/yoast-seo-wordpress\/ -->\n<title>CENTRAL HIDROEL\u00c9CTRICA CON TURBINA PELTON - De Lorenzo Training &amp; Didactical Equipment<\/title>\n<meta name=\"description\" content=\"Simulador educativo de central hidroel\u00e9ctrica con turbina Pelton para estudiar producci\u00f3n y eficiencia energ\u00e9tica.\" \/>\n<meta name=\"robots\" content=\"index, follow, max-snippet:-1, max-image-preview:large, max-video-preview:-1\" \/>\n<link rel=\"canonical\" href=\"https:\/\/delorenzoglobal.com\/es\/producto\/entrenador-de-visualizacion-de-flujo-copia-copia\/\" \/>\n<meta property=\"og:locale\" content=\"es_ES\" \/>\n<meta property=\"og:type\" content=\"article\" \/>\n<meta property=\"og:title\" content=\"CENTRAL HIDROEL\u00c9CTRICA CON TURBINA PELTON - De Lorenzo Training &amp; Didactical Equipment\" \/>\n<meta property=\"og:description\" content=\"Simulador educativo de central hidroel\u00e9ctrica con turbina Pelton para estudiar producci\u00f3n y eficiencia energ\u00e9tica.\" \/>\n<meta property=\"og:url\" content=\"https:\/\/delorenzoglobal.com\/es\/producto\/entrenador-de-visualizacion-de-flujo-copia-copia\/\" \/>\n<meta property=\"og:site_name\" content=\"De Lorenzo Training &amp; Didactical Equipment\" \/>\n<meta property=\"article:modified_time\" content=\"2026-03-05T08:23:52+00:00\" \/>\n<meta property=\"og:image\" content=\"https:\/\/delorenzoglobal.com\/wp-content\/uploads\/2026\/02\/DL-PS-HYDROELECTRIC.png\" \/>\n\t<meta property=\"og:image:width\" content=\"1011\" \/>\n\t<meta property=\"og:image:height\" content=\"593\" \/>\n\t<meta property=\"og:image:type\" content=\"image\/png\" \/>\n<meta name=\"twitter:card\" content=\"summary_large_image\" \/>\n<meta name=\"twitter:label1\" content=\"Tiempo de lectura\" \/>\n\t<meta name=\"twitter:data1\" content=\"1 minuto\" \/>\n<script type=\"application\/ld+json\" class=\"yoast-schema-graph\">{\"@context\":\"https:\\\/\\\/schema.org\",\"@graph\":[{\"@type\":\"WebPage\",\"@id\":\"https:\\\/\\\/delorenzoglobal.com\\\/es\\\/producto\\\/entrenador-de-visualizacion-de-flujo-copia-copia\\\/\",\"url\":\"https:\\\/\\\/delorenzoglobal.com\\\/es\\\/producto\\\/entrenador-de-visualizacion-de-flujo-copia-copia\\\/\",\"name\":\"CENTRAL HIDROEL\u00c9CTRICA CON TURBINA PELTON - De Lorenzo Training &amp; Didactical Equipment\",\"isPartOf\":{\"@id\":\"https:\\\/\\\/delorenzoglobal.com\\\/es\\\/#website\"},\"primaryImageOfPage\":{\"@id\":\"https:\\\/\\\/delorenzoglobal.com\\\/es\\\/producto\\\/entrenador-de-visualizacion-de-flujo-copia-copia\\\/#primaryimage\"},\"image\":{\"@id\":\"https:\\\/\\\/delorenzoglobal.com\\\/es\\\/producto\\\/entrenador-de-visualizacion-de-flujo-copia-copia\\\/#primaryimage\"},\"thumbnailUrl\":\"https:\\\/\\\/delorenzoglobal.com\\\/wp-content\\\/uploads\\\/2026\\\/02\\\/DL-PS-HYDROELECTRIC.png\",\"datePublished\":\"2026-02-17T14:53:45+00:00\",\"dateModified\":\"2026-03-05T08:23:52+00:00\",\"description\":\"Simulador educativo de central hidroel\u00e9ctrica con turbina Pelton para estudiar producci\u00f3n y eficiencia energ\u00e9tica.\",\"breadcrumb\":{\"@id\":\"https:\\\/\\\/delorenzoglobal.com\\\/es\\\/producto\\\/entrenador-de-visualizacion-de-flujo-copia-copia\\\/#breadcrumb\"},\"inLanguage\":\"es\",\"potentialAction\":[{\"@type\":\"ReadAction\",\"target\":[\"https:\\\/\\\/delorenzoglobal.com\\\/es\\\/producto\\\/entrenador-de-visualizacion-de-flujo-copia-copia\\\/\"]}]},{\"@type\":\"ImageObject\",\"inLanguage\":\"es\",\"@id\":\"https:\\\/\\\/delorenzoglobal.com\\\/es\\\/producto\\\/entrenador-de-visualizacion-de-flujo-copia-copia\\\/#primaryimage\",\"url\":\"https:\\\/\\\/delorenzoglobal.com\\\/wp-content\\\/uploads\\\/2026\\\/02\\\/DL-PS-HYDROELECTRIC.png\",\"contentUrl\":\"https:\\\/\\\/delorenzoglobal.com\\\/wp-content\\\/uploads\\\/2026\\\/02\\\/DL-PS-HYDROELECTRIC.png\",\"width\":1011,\"height\":593},{\"@type\":\"BreadcrumbList\",\"@id\":\"https:\\\/\\\/delorenzoglobal.com\\\/es\\\/producto\\\/entrenador-de-visualizacion-de-flujo-copia-copia\\\/#breadcrumb\",\"itemListElement\":[{\"@type\":\"ListItem\",\"position\":1,\"name\":\"Home\",\"item\":\"https:\\\/\\\/delorenzoglobal.com\\\/es\\\/\"},{\"@type\":\"ListItem\",\"position\":2,\"name\":\"Tienda\",\"item\":\"https:\\\/\\\/delorenzoglobal.com\\\/es\\\/tienda\\\/\"},{\"@type\":\"ListItem\",\"position\":3,\"name\":\"CENTRAL HIDROEL\u00c9CTRICA CON TURBINA PELTON\"}]},{\"@type\":\"WebSite\",\"@id\":\"https:\\\/\\\/delorenzoglobal.com\\\/es\\\/#website\",\"url\":\"https:\\\/\\\/delorenzoglobal.com\\\/es\\\/\",\"name\":\"De Lorenzo Training &amp; Didactical Equipment\",\"description\":\"\",\"potentialAction\":[{\"@type\":\"SearchAction\",\"target\":{\"@type\":\"EntryPoint\",\"urlTemplate\":\"https:\\\/\\\/delorenzoglobal.com\\\/es\\\/?s={search_term_string}\"},\"query-input\":{\"@type\":\"PropertyValueSpecification\",\"valueRequired\":true,\"valueName\":\"search_term_string\"}}],\"inLanguage\":\"es\"}]}<\/script>\n<!-- \/ Yoast SEO plugin. -->","yoast_head_json":{"title":"CENTRAL HIDROEL\u00c9CTRICA CON TURBINA PELTON - De Lorenzo Training &amp; Didactical Equipment","description":"Simulador educativo de central hidroel\u00e9ctrica con turbina Pelton para estudiar producci\u00f3n y eficiencia energ\u00e9tica.","robots":{"index":"index","follow":"follow","max-snippet":"max-snippet:-1","max-image-preview":"max-image-preview:large","max-video-preview":"max-video-preview:-1"},"canonical":"https:\/\/delorenzoglobal.com\/es\/producto\/entrenador-de-visualizacion-de-flujo-copia-copia\/","og_locale":"es_ES","og_type":"article","og_title":"CENTRAL HIDROEL\u00c9CTRICA CON TURBINA PELTON - De Lorenzo Training &amp; Didactical Equipment","og_description":"Simulador educativo de central hidroel\u00e9ctrica con turbina Pelton para estudiar producci\u00f3n y eficiencia energ\u00e9tica.","og_url":"https:\/\/delorenzoglobal.com\/es\/producto\/entrenador-de-visualizacion-de-flujo-copia-copia\/","og_site_name":"De Lorenzo Training &amp; Didactical Equipment","article_modified_time":"2026-03-05T08:23:52+00:00","og_image":[{"width":1011,"height":593,"url":"https:\/\/delorenzoglobal.com\/wp-content\/uploads\/2026\/02\/DL-PS-HYDROELECTRIC.png","type":"image\/png"}],"twitter_card":"summary_large_image","twitter_misc":{"Tiempo de lectura":"1 minuto"},"schema":{"@context":"https:\/\/schema.org","@graph":[{"@type":"WebPage","@id":"https:\/\/delorenzoglobal.com\/es\/producto\/entrenador-de-visualizacion-de-flujo-copia-copia\/","url":"https:\/\/delorenzoglobal.com\/es\/producto\/entrenador-de-visualizacion-de-flujo-copia-copia\/","name":"CENTRAL HIDROEL\u00c9CTRICA CON TURBINA PELTON - De Lorenzo Training &amp; Didactical Equipment","isPartOf":{"@id":"https:\/\/delorenzoglobal.com\/es\/#website"},"primaryImageOfPage":{"@id":"https:\/\/delorenzoglobal.com\/es\/producto\/entrenador-de-visualizacion-de-flujo-copia-copia\/#primaryimage"},"image":{"@id":"https:\/\/delorenzoglobal.com\/es\/producto\/entrenador-de-visualizacion-de-flujo-copia-copia\/#primaryimage"},"thumbnailUrl":"https:\/\/delorenzoglobal.com\/wp-content\/uploads\/2026\/02\/DL-PS-HYDROELECTRIC.png","datePublished":"2026-02-17T14:53:45+00:00","dateModified":"2026-03-05T08:23:52+00:00","description":"Simulador educativo de central hidroel\u00e9ctrica con turbina Pelton para estudiar producci\u00f3n y eficiencia energ\u00e9tica.","breadcrumb":{"@id":"https:\/\/delorenzoglobal.com\/es\/producto\/entrenador-de-visualizacion-de-flujo-copia-copia\/#breadcrumb"},"inLanguage":"es","potentialAction":[{"@type":"ReadAction","target":["https:\/\/delorenzoglobal.com\/es\/producto\/entrenador-de-visualizacion-de-flujo-copia-copia\/"]}]},{"@type":"ImageObject","inLanguage":"es","@id":"https:\/\/delorenzoglobal.com\/es\/producto\/entrenador-de-visualizacion-de-flujo-copia-copia\/#primaryimage","url":"https:\/\/delorenzoglobal.com\/wp-content\/uploads\/2026\/02\/DL-PS-HYDROELECTRIC.png","contentUrl":"https:\/\/delorenzoglobal.com\/wp-content\/uploads\/2026\/02\/DL-PS-HYDROELECTRIC.png","width":1011,"height":593},{"@type":"BreadcrumbList","@id":"https:\/\/delorenzoglobal.com\/es\/producto\/entrenador-de-visualizacion-de-flujo-copia-copia\/#breadcrumb","itemListElement":[{"@type":"ListItem","position":1,"name":"Home","item":"https:\/\/delorenzoglobal.com\/es\/"},{"@type":"ListItem","position":2,"name":"Tienda","item":"https:\/\/delorenzoglobal.com\/es\/tienda\/"},{"@type":"ListItem","position":3,"name":"CENTRAL HIDROEL\u00c9CTRICA CON TURBINA PELTON"}]},{"@type":"WebSite","@id":"https:\/\/delorenzoglobal.com\/es\/#website","url":"https:\/\/delorenzoglobal.com\/es\/","name":"De Lorenzo Training &amp; Didactical Equipment","description":"","potentialAction":[{"@type":"SearchAction","target":{"@type":"EntryPoint","urlTemplate":"https:\/\/delorenzoglobal.com\/es\/?s={search_term_string}"},"query-input":{"@type":"PropertyValueSpecification","valueRequired":true,"valueName":"search_term_string"}}],"inLanguage":"es"}]}},"_links":{"self":[{"href":"https:\/\/delorenzoglobal.com\/es\/wp-json\/wp\/v2\/product\/68249","targetHints":{"allow":["GET"]}}],"collection":[{"href":"https:\/\/delorenzoglobal.com\/es\/wp-json\/wp\/v2\/product"}],"about":[{"href":"https:\/\/delorenzoglobal.com\/es\/wp-json\/wp\/v2\/types\/product"}],"wp:featuredmedia":[{"embeddable":true,"href":"https:\/\/delorenzoglobal.com\/es\/wp-json\/wp\/v2\/media\/68314"}],"wp:attachment":[{"href":"https:\/\/delorenzoglobal.com\/es\/wp-json\/wp\/v2\/media?parent=68249"}],"wp:term":[{"taxonomy":"product_brand","embeddable":true,"href":"https:\/\/delorenzoglobal.com\/es\/wp-json\/wp\/v2\/product_brand?post=68249"},{"taxonomy":"product_cat","embeddable":true,"href":"https:\/\/delorenzoglobal.com\/es\/wp-json\/wp\/v2\/product_cat?post=68249"},{"taxonomy":"product_tag","embeddable":true,"href":"https:\/\/delorenzoglobal.com\/es\/wp-json\/wp\/v2\/product_tag?post=68249"}],"curies":[{"name":"wp","href":"https:\/\/api.w.org\/{rel}","templated":true}]}}