{"id":68235,"date":"2026-02-17T15:13:33","date_gmt":"2026-02-17T14:13:33","guid":{"rendered":"https:\/\/delorenzoglobal.com\/?post_type=product&#038;p=68235"},"modified":"2026-02-19T09:23:11","modified_gmt":"2026-02-19T08:23:11","slug":"entrenador-de-visualizacion-de-flujo-copia","status":"publish","type":"product","link":"https:\/\/delorenzoglobal.com\/es\/producto\/entrenador-de-visualizacion-de-flujo-copia\/","title":{"rendered":"ENTRENADOR DE LIS\u00cdMETRO"},"content":{"rendered":"<p data-start=\"1596\" data-end=\"1760\">Este equipo se utiliza para determinar la capacidad de retenci\u00f3n de agua de un suelo mediante el balance hidrol\u00f3gico, diferenciando cada uno de sus componentes.<\/p>\n<p data-start=\"1762\" data-end=\"1871\">Mediante la simulaci\u00f3n de lluvia sobre el suelo se distinguen los siguientes elementos del ciclo hidrol\u00f3gico:<\/p>\n<ul>\n<li data-start=\"1873\" data-end=\"2373\">Escorrent\u00eda superficial: Una vez que el suelo se satura, comienza la escorrent\u00eda superficial. Se recoge externamente y se mide evaluando su volumen.<\/li>\n<li data-start=\"1873\" data-end=\"2373\">Flujo subsuperficial y subterr\u00e1neo: El agua infiltrada se recoge en el fondo del recipiente y se mide seg\u00fan su volumen.<\/li>\n<li data-start=\"1873\" data-end=\"2373\">Agua almacenada en el suelo: El resto del agua es absorbido por el suelo. Esto puede verificarse realizando un pesaje antes de la lluvia y otro despu\u00e9s. La diferencia corresponde al volumen de agua almacenada.<\/li>\n<\/ul>\n","protected":false},"excerpt":{"rendered":"<p>Este equipo se utiliza para determinar la capacidad de retenci\u00f3n de agua de un suelo mediante el balance hidrol\u00f3gico, diferenciando cada uno de sus componentes. Mediante la simulaci\u00f3n de lluvia sobre el suelo se distinguen los siguientes elementos del ciclo hidrol\u00f3gico: Escorrent\u00eda superficial: Una vez que el suelo se satura, comienza la escorrent\u00eda superficial. Se [&hellip;]<\/p>\n","protected":false},"featured_media":68297,"template":"","meta":{"_acf_changed":false},"product_brand":[],"product_cat":[429],"product_tag":[],"class_list":{"0":"post-68235","1":"product","2":"type-product","3":"status-publish","4":"has-post-thumbnail","6":"product_cat-fundamentos-de-la-mecanica-de-fluidos","8":"first","9":"instock","10":"shipping-taxable","11":"product-type-simple"},"acf":[],"yoast_head":"<!-- This site is optimized with the Yoast SEO plugin v27.4 - https:\/\/yoast.com\/product\/yoast-seo-wordpress\/ -->\n<title>ENTRENADOR DE LIS\u00cdMETRO - De Lorenzo Training &amp; Didactical Equipment<\/title>\n<meta name=\"description\" content=\"Simulador educativo para analizar retenci\u00f3n de agua del suelo, infiltraci\u00f3n y escorrent\u00eda mediante balance hidrol\u00f3gico.\" \/>\n<meta name=\"robots\" content=\"index, follow, max-snippet:-1, max-image-preview:large, max-video-preview:-1\" \/>\n<link rel=\"canonical\" href=\"https:\/\/delorenzoglobal.com\/es\/producto\/entrenador-de-visualizacion-de-flujo-copia\/\" \/>\n<meta property=\"og:locale\" content=\"es_ES\" \/>\n<meta property=\"og:type\" content=\"article\" \/>\n<meta property=\"og:title\" content=\"ENTRENADOR DE LIS\u00cdMETRO - De Lorenzo Training &amp; Didactical Equipment\" \/>\n<meta property=\"og:description\" content=\"Simulador educativo para analizar retenci\u00f3n de agua del suelo, infiltraci\u00f3n y escorrent\u00eda mediante balance hidrol\u00f3gico.\" \/>\n<meta property=\"og:url\" content=\"https:\/\/delorenzoglobal.com\/es\/producto\/entrenador-de-visualizacion-de-flujo-copia\/\" \/>\n<meta property=\"og:site_name\" content=\"De Lorenzo Training &amp; Didactical Equipment\" \/>\n<meta property=\"article:modified_time\" content=\"2026-02-19T08:23:11+00:00\" \/>\n<meta property=\"og:image\" content=\"https:\/\/delorenzoglobal.com\/wp-content\/uploads\/2026\/02\/DL-PSH10.jpg\" \/>\n\t<meta property=\"og:image:width\" content=\"712\" \/>\n\t<meta property=\"og:image:height\" content=\"822\" \/>\n\t<meta property=\"og:image:type\" content=\"image\/jpeg\" \/>\n<meta name=\"twitter:card\" content=\"summary_large_image\" \/>\n<meta name=\"twitter:label1\" content=\"Tiempo de lectura\" \/>\n\t<meta name=\"twitter:data1\" content=\"1 minuto\" \/>\n<script type=\"application\/ld+json\" class=\"yoast-schema-graph\">{\"@context\":\"https:\\\/\\\/schema.org\",\"@graph\":[{\"@type\":\"WebPage\",\"@id\":\"https:\\\/\\\/delorenzoglobal.com\\\/es\\\/producto\\\/entrenador-de-visualizacion-de-flujo-copia\\\/\",\"url\":\"https:\\\/\\\/delorenzoglobal.com\\\/es\\\/producto\\\/entrenador-de-visualizacion-de-flujo-copia\\\/\",\"name\":\"ENTRENADOR DE LIS\u00cdMETRO - De Lorenzo Training &amp; Didactical Equipment\",\"isPartOf\":{\"@id\":\"https:\\\/\\\/delorenzoglobal.com\\\/es\\\/#website\"},\"primaryImageOfPage\":{\"@id\":\"https:\\\/\\\/delorenzoglobal.com\\\/es\\\/producto\\\/entrenador-de-visualizacion-de-flujo-copia\\\/#primaryimage\"},\"image\":{\"@id\":\"https:\\\/\\\/delorenzoglobal.com\\\/es\\\/producto\\\/entrenador-de-visualizacion-de-flujo-copia\\\/#primaryimage\"},\"thumbnailUrl\":\"https:\\\/\\\/delorenzoglobal.com\\\/wp-content\\\/uploads\\\/2026\\\/02\\\/DL-PSH10.jpg\",\"datePublished\":\"2026-02-17T14:13:33+00:00\",\"dateModified\":\"2026-02-19T08:23:11+00:00\",\"description\":\"Simulador educativo para analizar retenci\u00f3n de agua del suelo, infiltraci\u00f3n y escorrent\u00eda mediante balance hidrol\u00f3gico.\",\"breadcrumb\":{\"@id\":\"https:\\\/\\\/delorenzoglobal.com\\\/es\\\/producto\\\/entrenador-de-visualizacion-de-flujo-copia\\\/#breadcrumb\"},\"inLanguage\":\"es\",\"potentialAction\":[{\"@type\":\"ReadAction\",\"target\":[\"https:\\\/\\\/delorenzoglobal.com\\\/es\\\/producto\\\/entrenador-de-visualizacion-de-flujo-copia\\\/\"]}]},{\"@type\":\"ImageObject\",\"inLanguage\":\"es\",\"@id\":\"https:\\\/\\\/delorenzoglobal.com\\\/es\\\/producto\\\/entrenador-de-visualizacion-de-flujo-copia\\\/#primaryimage\",\"url\":\"https:\\\/\\\/delorenzoglobal.com\\\/wp-content\\\/uploads\\\/2026\\\/02\\\/DL-PSH10.jpg\",\"contentUrl\":\"https:\\\/\\\/delorenzoglobal.com\\\/wp-content\\\/uploads\\\/2026\\\/02\\\/DL-PSH10.jpg\",\"width\":712,\"height\":822},{\"@type\":\"BreadcrumbList\",\"@id\":\"https:\\\/\\\/delorenzoglobal.com\\\/es\\\/producto\\\/entrenador-de-visualizacion-de-flujo-copia\\\/#breadcrumb\",\"itemListElement\":[{\"@type\":\"ListItem\",\"position\":1,\"name\":\"Home\",\"item\":\"https:\\\/\\\/delorenzoglobal.com\\\/es\\\/\"},{\"@type\":\"ListItem\",\"position\":2,\"name\":\"Tienda\",\"item\":\"https:\\\/\\\/delorenzoglobal.com\\\/es\\\/tienda\\\/\"},{\"@type\":\"ListItem\",\"position\":3,\"name\":\"ENTRENADOR DE LIS\u00cdMETRO\"}]},{\"@type\":\"WebSite\",\"@id\":\"https:\\\/\\\/delorenzoglobal.com\\\/es\\\/#website\",\"url\":\"https:\\\/\\\/delorenzoglobal.com\\\/es\\\/\",\"name\":\"De Lorenzo Training &amp; Didactical Equipment\",\"description\":\"\",\"potentialAction\":[{\"@type\":\"SearchAction\",\"target\":{\"@type\":\"EntryPoint\",\"urlTemplate\":\"https:\\\/\\\/delorenzoglobal.com\\\/es\\\/?s={search_term_string}\"},\"query-input\":{\"@type\":\"PropertyValueSpecification\",\"valueRequired\":true,\"valueName\":\"search_term_string\"}}],\"inLanguage\":\"es\"}]}<\/script>\n<!-- \/ Yoast SEO plugin. -->","yoast_head_json":{"title":"ENTRENADOR DE LIS\u00cdMETRO - De Lorenzo Training &amp; Didactical Equipment","description":"Simulador educativo para analizar retenci\u00f3n de agua del suelo, infiltraci\u00f3n y escorrent\u00eda mediante balance hidrol\u00f3gico.","robots":{"index":"index","follow":"follow","max-snippet":"max-snippet:-1","max-image-preview":"max-image-preview:large","max-video-preview":"max-video-preview:-1"},"canonical":"https:\/\/delorenzoglobal.com\/es\/producto\/entrenador-de-visualizacion-de-flujo-copia\/","og_locale":"es_ES","og_type":"article","og_title":"ENTRENADOR DE LIS\u00cdMETRO - De Lorenzo Training &amp; Didactical Equipment","og_description":"Simulador educativo para analizar retenci\u00f3n de agua del suelo, infiltraci\u00f3n y escorrent\u00eda mediante balance hidrol\u00f3gico.","og_url":"https:\/\/delorenzoglobal.com\/es\/producto\/entrenador-de-visualizacion-de-flujo-copia\/","og_site_name":"De Lorenzo Training &amp; Didactical Equipment","article_modified_time":"2026-02-19T08:23:11+00:00","og_image":[{"width":712,"height":822,"url":"https:\/\/delorenzoglobal.com\/wp-content\/uploads\/2026\/02\/DL-PSH10.jpg","type":"image\/jpeg"}],"twitter_card":"summary_large_image","twitter_misc":{"Tiempo de lectura":"1 minuto"},"schema":{"@context":"https:\/\/schema.org","@graph":[{"@type":"WebPage","@id":"https:\/\/delorenzoglobal.com\/es\/producto\/entrenador-de-visualizacion-de-flujo-copia\/","url":"https:\/\/delorenzoglobal.com\/es\/producto\/entrenador-de-visualizacion-de-flujo-copia\/","name":"ENTRENADOR DE LIS\u00cdMETRO - De Lorenzo Training &amp; Didactical Equipment","isPartOf":{"@id":"https:\/\/delorenzoglobal.com\/es\/#website"},"primaryImageOfPage":{"@id":"https:\/\/delorenzoglobal.com\/es\/producto\/entrenador-de-visualizacion-de-flujo-copia\/#primaryimage"},"image":{"@id":"https:\/\/delorenzoglobal.com\/es\/producto\/entrenador-de-visualizacion-de-flujo-copia\/#primaryimage"},"thumbnailUrl":"https:\/\/delorenzoglobal.com\/wp-content\/uploads\/2026\/02\/DL-PSH10.jpg","datePublished":"2026-02-17T14:13:33+00:00","dateModified":"2026-02-19T08:23:11+00:00","description":"Simulador educativo para analizar retenci\u00f3n de agua del suelo, infiltraci\u00f3n y escorrent\u00eda mediante balance hidrol\u00f3gico.","breadcrumb":{"@id":"https:\/\/delorenzoglobal.com\/es\/producto\/entrenador-de-visualizacion-de-flujo-copia\/#breadcrumb"},"inLanguage":"es","potentialAction":[{"@type":"ReadAction","target":["https:\/\/delorenzoglobal.com\/es\/producto\/entrenador-de-visualizacion-de-flujo-copia\/"]}]},{"@type":"ImageObject","inLanguage":"es","@id":"https:\/\/delorenzoglobal.com\/es\/producto\/entrenador-de-visualizacion-de-flujo-copia\/#primaryimage","url":"https:\/\/delorenzoglobal.com\/wp-content\/uploads\/2026\/02\/DL-PSH10.jpg","contentUrl":"https:\/\/delorenzoglobal.com\/wp-content\/uploads\/2026\/02\/DL-PSH10.jpg","width":712,"height":822},{"@type":"BreadcrumbList","@id":"https:\/\/delorenzoglobal.com\/es\/producto\/entrenador-de-visualizacion-de-flujo-copia\/#breadcrumb","itemListElement":[{"@type":"ListItem","position":1,"name":"Home","item":"https:\/\/delorenzoglobal.com\/es\/"},{"@type":"ListItem","position":2,"name":"Tienda","item":"https:\/\/delorenzoglobal.com\/es\/tienda\/"},{"@type":"ListItem","position":3,"name":"ENTRENADOR DE LIS\u00cdMETRO"}]},{"@type":"WebSite","@id":"https:\/\/delorenzoglobal.com\/es\/#website","url":"https:\/\/delorenzoglobal.com\/es\/","name":"De Lorenzo Training &amp; Didactical Equipment","description":"","potentialAction":[{"@type":"SearchAction","target":{"@type":"EntryPoint","urlTemplate":"https:\/\/delorenzoglobal.com\/es\/?s={search_term_string}"},"query-input":{"@type":"PropertyValueSpecification","valueRequired":true,"valueName":"search_term_string"}}],"inLanguage":"es"}]}},"_links":{"self":[{"href":"https:\/\/delorenzoglobal.com\/es\/wp-json\/wp\/v2\/product\/68235","targetHints":{"allow":["GET"]}}],"collection":[{"href":"https:\/\/delorenzoglobal.com\/es\/wp-json\/wp\/v2\/product"}],"about":[{"href":"https:\/\/delorenzoglobal.com\/es\/wp-json\/wp\/v2\/types\/product"}],"wp:featuredmedia":[{"embeddable":true,"href":"https:\/\/delorenzoglobal.com\/es\/wp-json\/wp\/v2\/media\/68297"}],"wp:attachment":[{"href":"https:\/\/delorenzoglobal.com\/es\/wp-json\/wp\/v2\/media?parent=68235"}],"wp:term":[{"taxonomy":"product_brand","embeddable":true,"href":"https:\/\/delorenzoglobal.com\/es\/wp-json\/wp\/v2\/product_brand?post=68235"},{"taxonomy":"product_cat","embeddable":true,"href":"https:\/\/delorenzoglobal.com\/es\/wp-json\/wp\/v2\/product_cat?post=68235"},{"taxonomy":"product_tag","embeddable":true,"href":"https:\/\/delorenzoglobal.com\/es\/wp-json\/wp\/v2\/product_tag?post=68235"}],"curies":[{"name":"wp","href":"https:\/\/api.w.org\/{rel}","templated":true}]}}