{"id":67875,"date":"2026-01-20T10:47:00","date_gmt":"2026-01-20T09:47:00","guid":{"rendered":"https:\/\/delorenzoglobal.com\/?post_type=product&#038;p=67875"},"modified":"2026-01-20T10:55:10","modified_gmt":"2026-01-20T09:55:10","slug":"entrenador-para-el-estudio-de-el-protocolo-de-comunicacion-can-bus","status":"publish","type":"product","link":"https:\/\/delorenzoglobal.com\/es\/producto\/entrenador-para-el-estudio-de-el-protocolo-de-comunicacion-can-bus\/","title":{"rendered":"ENTRENADOR PARA EL ESTUDIO DE EL PROTOCOLO DE COMUNICACI\u00d3N CAN BUS"},"content":{"rendered":"<p>Este entrenador DL UH-CAN BUS, dise\u00f1ado espec\u00edficamente con fines educativos, brinda a los estudiantes acceso a uno de los protocolos de comunicaci\u00f3n de datos m\u00e1s confiables de la industria, convirtiendo la teor\u00eda en habilidades del mundo real.<\/p>\n<p>Les permite adquirir experiencia pr\u00e1ctica con uno de los protocolos de comunicaci\u00f3n de datos m\u00e1s utilizados en la industria automotriz, fomentando el aprendizaje experiencial.<\/p>\n","protected":false},"excerpt":{"rendered":"<p>Este entrenador DL UH-CAN BUS, dise\u00f1ado espec\u00edficamente con fines educativos, brinda a los estudiantes acceso a uno de los protocolos de comunicaci\u00f3n de datos m\u00e1s confiables de la industria, convirtiendo la teor\u00eda en habilidades del mundo real. Les permite adquirir experiencia pr\u00e1ctica con uno de los protocolos de comunicaci\u00f3n de datos m\u00e1s utilizados en la [&hellip;]<\/p>\n","protected":false},"featured_media":67858,"template":"","meta":{"_acf_changed":false},"product_brand":[],"product_cat":[3156],"product_tag":[],"class_list":{"0":"post-67875","1":"product","2":"type-product","3":"status-publish","4":"has-post-thumbnail","6":"product_cat-sistemas-basicos-para-autotronica","8":"first","9":"instock","10":"shipping-taxable","11":"product-type-simple"},"acf":[],"yoast_head":"<!-- This site is optimized with the Yoast SEO plugin v27.0 - https:\/\/yoast.com\/product\/yoast-seo-wordpress\/ -->\n<title>ENTRENADOR PARA EL ESTUDIO DE EL PROTOCOLO DE COMUNICACI\u00d3N CAN BUS - De Lorenzo Training &amp; Didactical Equipment<\/title>\n<meta name=\"description\" content=\"El trainer DL UH-CAN BUS es un simulador educativo automotriz que permite a los estudiantes adquirir experiencia pr\u00e1ctica con el protocolo CAN BUS, ampliamente utilizado en la industria.\" \/>\n<meta name=\"robots\" content=\"index, follow, max-snippet:-1, max-image-preview:large, max-video-preview:-1\" \/>\n<link rel=\"canonical\" href=\"https:\/\/delorenzoglobal.com\/es\/producto\/entrenador-para-el-estudio-de-el-protocolo-de-comunicacion-can-bus\/\" \/>\n<meta property=\"og:locale\" content=\"es_ES\" \/>\n<meta property=\"og:type\" content=\"article\" \/>\n<meta property=\"og:title\" content=\"ENTRENADOR PARA EL ESTUDIO DE EL PROTOCOLO DE COMUNICACI\u00d3N CAN BUS - De Lorenzo Training &amp; Didactical Equipment\" \/>\n<meta property=\"og:description\" content=\"El trainer DL UH-CAN BUS es un simulador educativo automotriz que permite a los estudiantes adquirir experiencia pr\u00e1ctica con el protocolo CAN BUS, ampliamente utilizado en la industria.\" \/>\n<meta property=\"og:url\" content=\"https:\/\/delorenzoglobal.com\/es\/producto\/entrenador-para-el-estudio-de-el-protocolo-de-comunicacion-can-bus\/\" \/>\n<meta property=\"og:site_name\" content=\"De Lorenzo Training &amp; Didactical Equipment\" \/>\n<meta property=\"article:modified_time\" content=\"2026-01-20T09:55:10+00:00\" \/>\n<meta property=\"og:image\" content=\"https:\/\/delorenzoglobal.com\/wp-content\/uploads\/2026\/01\/DL-UH-CAN.jpg\" \/>\n\t<meta property=\"og:image:width\" content=\"1177\" \/>\n\t<meta property=\"og:image:height\" content=\"824\" \/>\n\t<meta property=\"og:image:type\" content=\"image\/jpeg\" \/>\n<meta name=\"twitter:card\" content=\"summary_large_image\" \/>\n<meta name=\"twitter:label1\" content=\"Tiempo de lectura\" \/>\n\t<meta name=\"twitter:data1\" content=\"1 minuto\" \/>\n<script type=\"application\/ld+json\" class=\"yoast-schema-graph\">{\"@context\":\"https:\/\/schema.org\",\"@graph\":[{\"@type\":\"WebPage\",\"@id\":\"https:\/\/delorenzoglobal.com\/es\/producto\/entrenador-para-el-estudio-de-el-protocolo-de-comunicacion-can-bus\/\",\"url\":\"https:\/\/delorenzoglobal.com\/es\/producto\/entrenador-para-el-estudio-de-el-protocolo-de-comunicacion-can-bus\/\",\"name\":\"ENTRENADOR PARA EL ESTUDIO DE EL PROTOCOLO DE COMUNICACI\u00d3N CAN BUS - De Lorenzo Training &amp; Didactical Equipment\",\"isPartOf\":{\"@id\":\"https:\/\/delorenzoglobal.com\/es\/#website\"},\"primaryImageOfPage\":{\"@id\":\"https:\/\/delorenzoglobal.com\/es\/producto\/entrenador-para-el-estudio-de-el-protocolo-de-comunicacion-can-bus\/#primaryimage\"},\"image\":{\"@id\":\"https:\/\/delorenzoglobal.com\/es\/producto\/entrenador-para-el-estudio-de-el-protocolo-de-comunicacion-can-bus\/#primaryimage\"},\"thumbnailUrl\":\"https:\/\/delorenzoglobal.com\/wp-content\/uploads\/2026\/01\/DL-UH-CAN.jpg\",\"datePublished\":\"2026-01-20T09:47:00+00:00\",\"dateModified\":\"2026-01-20T09:55:10+00:00\",\"description\":\"El trainer DL UH-CAN BUS es un simulador educativo automotriz que permite a los estudiantes adquirir experiencia pr\u00e1ctica con el protocolo CAN BUS, ampliamente utilizado en la industria.\",\"breadcrumb\":{\"@id\":\"https:\/\/delorenzoglobal.com\/es\/producto\/entrenador-para-el-estudio-de-el-protocolo-de-comunicacion-can-bus\/#breadcrumb\"},\"inLanguage\":\"es\",\"potentialAction\":[{\"@type\":\"ReadAction\",\"target\":[\"https:\/\/delorenzoglobal.com\/es\/producto\/entrenador-para-el-estudio-de-el-protocolo-de-comunicacion-can-bus\/\"]}]},{\"@type\":\"ImageObject\",\"inLanguage\":\"es\",\"@id\":\"https:\/\/delorenzoglobal.com\/es\/producto\/entrenador-para-el-estudio-de-el-protocolo-de-comunicacion-can-bus\/#primaryimage\",\"url\":\"https:\/\/delorenzoglobal.com\/wp-content\/uploads\/2026\/01\/DL-UH-CAN.jpg\",\"contentUrl\":\"https:\/\/delorenzoglobal.com\/wp-content\/uploads\/2026\/01\/DL-UH-CAN.jpg\",\"width\":1177,\"height\":824},{\"@type\":\"BreadcrumbList\",\"@id\":\"https:\/\/delorenzoglobal.com\/es\/producto\/entrenador-para-el-estudio-de-el-protocolo-de-comunicacion-can-bus\/#breadcrumb\",\"itemListElement\":[{\"@type\":\"ListItem\",\"position\":1,\"name\":\"Home\",\"item\":\"https:\/\/delorenzoglobal.com\/es\/\"},{\"@type\":\"ListItem\",\"position\":2,\"name\":\"Tienda\",\"item\":\"https:\/\/delorenzoglobal.com\/es\/tienda\/\"},{\"@type\":\"ListItem\",\"position\":3,\"name\":\"ENTRENADOR PARA EL ESTUDIO DE EL PROTOCOLO DE COMUNICACI\u00d3N CAN BUS\"}]},{\"@type\":\"WebSite\",\"@id\":\"https:\/\/delorenzoglobal.com\/es\/#website\",\"url\":\"https:\/\/delorenzoglobal.com\/es\/\",\"name\":\"De Lorenzo Training &amp; Didactical Equipment\",\"description\":\"\",\"potentialAction\":[{\"@type\":\"SearchAction\",\"target\":{\"@type\":\"EntryPoint\",\"urlTemplate\":\"https:\/\/delorenzoglobal.com\/es\/?s={search_term_string}\"},\"query-input\":{\"@type\":\"PropertyValueSpecification\",\"valueRequired\":true,\"valueName\":\"search_term_string\"}}],\"inLanguage\":\"es\"}]}<\/script>\n<!-- \/ Yoast SEO plugin. -->","yoast_head_json":{"title":"ENTRENADOR PARA EL ESTUDIO DE EL PROTOCOLO DE COMUNICACI\u00d3N CAN BUS - De Lorenzo Training &amp; Didactical Equipment","description":"El trainer DL UH-CAN BUS es un simulador educativo automotriz que permite a los estudiantes adquirir experiencia pr\u00e1ctica con el protocolo CAN BUS, ampliamente utilizado en la industria.","robots":{"index":"index","follow":"follow","max-snippet":"max-snippet:-1","max-image-preview":"max-image-preview:large","max-video-preview":"max-video-preview:-1"},"canonical":"https:\/\/delorenzoglobal.com\/es\/producto\/entrenador-para-el-estudio-de-el-protocolo-de-comunicacion-can-bus\/","og_locale":"es_ES","og_type":"article","og_title":"ENTRENADOR PARA EL ESTUDIO DE EL PROTOCOLO DE COMUNICACI\u00d3N CAN BUS - De Lorenzo Training &amp; Didactical Equipment","og_description":"El trainer DL UH-CAN BUS es un simulador educativo automotriz que permite a los estudiantes adquirir experiencia pr\u00e1ctica con el protocolo CAN BUS, ampliamente utilizado en la industria.","og_url":"https:\/\/delorenzoglobal.com\/es\/producto\/entrenador-para-el-estudio-de-el-protocolo-de-comunicacion-can-bus\/","og_site_name":"De Lorenzo Training &amp; Didactical Equipment","article_modified_time":"2026-01-20T09:55:10+00:00","og_image":[{"width":1177,"height":824,"url":"https:\/\/delorenzoglobal.com\/wp-content\/uploads\/2026\/01\/DL-UH-CAN.jpg","type":"image\/jpeg"}],"twitter_card":"summary_large_image","twitter_misc":{"Tiempo de lectura":"1 minuto"},"schema":{"@context":"https:\/\/schema.org","@graph":[{"@type":"WebPage","@id":"https:\/\/delorenzoglobal.com\/es\/producto\/entrenador-para-el-estudio-de-el-protocolo-de-comunicacion-can-bus\/","url":"https:\/\/delorenzoglobal.com\/es\/producto\/entrenador-para-el-estudio-de-el-protocolo-de-comunicacion-can-bus\/","name":"ENTRENADOR PARA EL ESTUDIO DE EL PROTOCOLO DE COMUNICACI\u00d3N CAN BUS - De Lorenzo Training &amp; Didactical Equipment","isPartOf":{"@id":"https:\/\/delorenzoglobal.com\/es\/#website"},"primaryImageOfPage":{"@id":"https:\/\/delorenzoglobal.com\/es\/producto\/entrenador-para-el-estudio-de-el-protocolo-de-comunicacion-can-bus\/#primaryimage"},"image":{"@id":"https:\/\/delorenzoglobal.com\/es\/producto\/entrenador-para-el-estudio-de-el-protocolo-de-comunicacion-can-bus\/#primaryimage"},"thumbnailUrl":"https:\/\/delorenzoglobal.com\/wp-content\/uploads\/2026\/01\/DL-UH-CAN.jpg","datePublished":"2026-01-20T09:47:00+00:00","dateModified":"2026-01-20T09:55:10+00:00","description":"El trainer DL UH-CAN BUS es un simulador educativo automotriz que permite a los estudiantes adquirir experiencia pr\u00e1ctica con el protocolo CAN BUS, ampliamente utilizado en la industria.","breadcrumb":{"@id":"https:\/\/delorenzoglobal.com\/es\/producto\/entrenador-para-el-estudio-de-el-protocolo-de-comunicacion-can-bus\/#breadcrumb"},"inLanguage":"es","potentialAction":[{"@type":"ReadAction","target":["https:\/\/delorenzoglobal.com\/es\/producto\/entrenador-para-el-estudio-de-el-protocolo-de-comunicacion-can-bus\/"]}]},{"@type":"ImageObject","inLanguage":"es","@id":"https:\/\/delorenzoglobal.com\/es\/producto\/entrenador-para-el-estudio-de-el-protocolo-de-comunicacion-can-bus\/#primaryimage","url":"https:\/\/delorenzoglobal.com\/wp-content\/uploads\/2026\/01\/DL-UH-CAN.jpg","contentUrl":"https:\/\/delorenzoglobal.com\/wp-content\/uploads\/2026\/01\/DL-UH-CAN.jpg","width":1177,"height":824},{"@type":"BreadcrumbList","@id":"https:\/\/delorenzoglobal.com\/es\/producto\/entrenador-para-el-estudio-de-el-protocolo-de-comunicacion-can-bus\/#breadcrumb","itemListElement":[{"@type":"ListItem","position":1,"name":"Home","item":"https:\/\/delorenzoglobal.com\/es\/"},{"@type":"ListItem","position":2,"name":"Tienda","item":"https:\/\/delorenzoglobal.com\/es\/tienda\/"},{"@type":"ListItem","position":3,"name":"ENTRENADOR PARA EL ESTUDIO DE EL PROTOCOLO DE COMUNICACI\u00d3N CAN BUS"}]},{"@type":"WebSite","@id":"https:\/\/delorenzoglobal.com\/es\/#website","url":"https:\/\/delorenzoglobal.com\/es\/","name":"De Lorenzo Training &amp; Didactical Equipment","description":"","potentialAction":[{"@type":"SearchAction","target":{"@type":"EntryPoint","urlTemplate":"https:\/\/delorenzoglobal.com\/es\/?s={search_term_string}"},"query-input":{"@type":"PropertyValueSpecification","valueRequired":true,"valueName":"search_term_string"}}],"inLanguage":"es"}]}},"_links":{"self":[{"href":"https:\/\/delorenzoglobal.com\/es\/wp-json\/wp\/v2\/product\/67875","targetHints":{"allow":["GET"]}}],"collection":[{"href":"https:\/\/delorenzoglobal.com\/es\/wp-json\/wp\/v2\/product"}],"about":[{"href":"https:\/\/delorenzoglobal.com\/es\/wp-json\/wp\/v2\/types\/product"}],"wp:featuredmedia":[{"embeddable":true,"href":"https:\/\/delorenzoglobal.com\/es\/wp-json\/wp\/v2\/media\/67858"}],"wp:attachment":[{"href":"https:\/\/delorenzoglobal.com\/es\/wp-json\/wp\/v2\/media?parent=67875"}],"wp:term":[{"taxonomy":"product_brand","embeddable":true,"href":"https:\/\/delorenzoglobal.com\/es\/wp-json\/wp\/v2\/product_brand?post=67875"},{"taxonomy":"product_cat","embeddable":true,"href":"https:\/\/delorenzoglobal.com\/es\/wp-json\/wp\/v2\/product_cat?post=67875"},{"taxonomy":"product_tag","embeddable":true,"href":"https:\/\/delorenzoglobal.com\/es\/wp-json\/wp\/v2\/product_tag?post=67875"}],"curies":[{"name":"wp","href":"https:\/\/api.w.org\/{rel}","templated":true}]}}