{"id":67848,"date":"2026-01-20T10:04:48","date_gmt":"2026-01-20T09:04:48","guid":{"rendered":"https:\/\/delorenzoglobal.com\/?post_type=product&#038;p=67848"},"modified":"2026-01-20T10:16:47","modified_gmt":"2026-01-20T09:16:47","slug":"entrenador-para-el-estudio-del-protocolo-de-carga-de-vehiculos-electricos","status":"publish","type":"product","link":"https:\/\/delorenzoglobal.com\/es\/producto\/entrenador-para-el-estudio-del-protocolo-de-carga-de-vehiculos-electricos\/","title":{"rendered":"ENTRENADOR PARA EL ESTUDIO DEL PROTOCOLO DE CARGA DE VEH\u00cdCULOS EL\u00c9CTRICOS"},"content":{"rendered":"<p>Este entrenador DL UH-CPS, dise\u00f1ado espec\u00edficamente con fines educativos, es un simulador interactivo de protocolos de carga de alta tensi\u00f3n (HV) que ofrece una representaci\u00f3n realista del funcionamiento de los sistemas de carga a bordo en veh\u00edculos h\u00edbridos enchufables (PHEV) y totalmente el\u00e9ctricos (EV).<\/p>\n<p>Permite a los usuarios explorar los procesos de carga, los protocolos de comunicaci\u00f3n y el comportamiento del sistema en diversos escenarios, lo que lo convierte en una herramienta ideal para la educaci\u00f3n y la formaci\u00f3n.<\/p>\n","protected":false},"excerpt":{"rendered":"<p>Este entrenador DL UH-CPS, dise\u00f1ado espec\u00edficamente con fines educativos, es un simulador interactivo de protocolos de carga de alta tensi\u00f3n (HV) que ofrece una representaci\u00f3n realista del funcionamiento de los sistemas de carga a bordo en veh\u00edculos h\u00edbridos enchufables (PHEV) y totalmente el\u00e9ctricos (EV). Permite a los usuarios explorar los procesos de carga, los protocolos [&hellip;]<\/p>\n","protected":false},"featured_media":67832,"template":"","meta":{"_acf_changed":false},"product_brand":[],"product_cat":[3156],"product_tag":[],"class_list":{"0":"post-67848","1":"product","2":"type-product","3":"status-publish","4":"has-post-thumbnail","6":"product_cat-sistemas-basicos-para-autotronica","8":"first","9":"instock","10":"shipping-taxable","11":"product-type-simple"},"acf":[],"yoast_head":"<!-- This site is optimized with the Yoast SEO plugin v27.0 - https:\/\/yoast.com\/product\/yoast-seo-wordpress\/ -->\n<title>ENTRENADOR PARA EL ESTUDIO DEL PROTOCOLO DE CARGA DE VEH\u00cdCULOS EL\u00c9CTRICOS - De Lorenzo Training &amp; Didactical Equipment<\/title>\n<meta name=\"description\" content=\"El trainer DL UH-CPS es un simulador interactivo del protocolo de carga de alta tensi\u00f3n para veh\u00edculos el\u00e9ctricos e h\u00edbridos enchufables, ideal para formaci\u00f3n t\u00e9cnica y educativa.\" \/>\n<meta name=\"robots\" content=\"index, follow, max-snippet:-1, max-image-preview:large, max-video-preview:-1\" \/>\n<link rel=\"canonical\" href=\"https:\/\/delorenzoglobal.com\/es\/producto\/entrenador-para-el-estudio-del-protocolo-de-carga-de-vehiculos-electricos\/\" \/>\n<meta property=\"og:locale\" content=\"es_ES\" \/>\n<meta property=\"og:type\" content=\"article\" \/>\n<meta property=\"og:title\" content=\"ENTRENADOR PARA EL ESTUDIO DEL PROTOCOLO DE CARGA DE VEH\u00cdCULOS EL\u00c9CTRICOS - De Lorenzo Training &amp; Didactical Equipment\" \/>\n<meta property=\"og:description\" content=\"El trainer DL UH-CPS es un simulador interactivo del protocolo de carga de alta tensi\u00f3n para veh\u00edculos el\u00e9ctricos e h\u00edbridos enchufables, ideal para formaci\u00f3n t\u00e9cnica y educativa.\" \/>\n<meta property=\"og:url\" content=\"https:\/\/delorenzoglobal.com\/es\/producto\/entrenador-para-el-estudio-del-protocolo-de-carga-de-vehiculos-electricos\/\" \/>\n<meta property=\"og:site_name\" content=\"De Lorenzo Training &amp; Didactical Equipment\" \/>\n<meta property=\"article:modified_time\" content=\"2026-01-20T09:16:47+00:00\" \/>\n<meta property=\"og:image\" content=\"https:\/\/delorenzoglobal.com\/wp-content\/uploads\/2026\/01\/DL-UH-CPS.jpg\" \/>\n\t<meta property=\"og:image:width\" content=\"1142\" \/>\n\t<meta property=\"og:image:height\" content=\"812\" \/>\n\t<meta property=\"og:image:type\" content=\"image\/jpeg\" \/>\n<meta name=\"twitter:card\" content=\"summary_large_image\" \/>\n<meta name=\"twitter:label1\" content=\"Tiempo de lectura\" \/>\n\t<meta name=\"twitter:data1\" content=\"1 minuto\" \/>\n<script type=\"application\/ld+json\" class=\"yoast-schema-graph\">{\"@context\":\"https:\/\/schema.org\",\"@graph\":[{\"@type\":\"WebPage\",\"@id\":\"https:\/\/delorenzoglobal.com\/es\/producto\/entrenador-para-el-estudio-del-protocolo-de-carga-de-vehiculos-electricos\/\",\"url\":\"https:\/\/delorenzoglobal.com\/es\/producto\/entrenador-para-el-estudio-del-protocolo-de-carga-de-vehiculos-electricos\/\",\"name\":\"ENTRENADOR PARA EL ESTUDIO DEL PROTOCOLO DE CARGA DE VEH\u00cdCULOS EL\u00c9CTRICOS - De Lorenzo Training &amp; Didactical Equipment\",\"isPartOf\":{\"@id\":\"https:\/\/delorenzoglobal.com\/es\/#website\"},\"primaryImageOfPage\":{\"@id\":\"https:\/\/delorenzoglobal.com\/es\/producto\/entrenador-para-el-estudio-del-protocolo-de-carga-de-vehiculos-electricos\/#primaryimage\"},\"image\":{\"@id\":\"https:\/\/delorenzoglobal.com\/es\/producto\/entrenador-para-el-estudio-del-protocolo-de-carga-de-vehiculos-electricos\/#primaryimage\"},\"thumbnailUrl\":\"https:\/\/delorenzoglobal.com\/wp-content\/uploads\/2026\/01\/DL-UH-CPS.jpg\",\"datePublished\":\"2026-01-20T09:04:48+00:00\",\"dateModified\":\"2026-01-20T09:16:47+00:00\",\"description\":\"El trainer DL UH-CPS es un simulador interactivo del protocolo de carga de alta tensi\u00f3n para veh\u00edculos el\u00e9ctricos e h\u00edbridos enchufables, ideal para formaci\u00f3n t\u00e9cnica y educativa.\",\"breadcrumb\":{\"@id\":\"https:\/\/delorenzoglobal.com\/es\/producto\/entrenador-para-el-estudio-del-protocolo-de-carga-de-vehiculos-electricos\/#breadcrumb\"},\"inLanguage\":\"es\",\"potentialAction\":[{\"@type\":\"ReadAction\",\"target\":[\"https:\/\/delorenzoglobal.com\/es\/producto\/entrenador-para-el-estudio-del-protocolo-de-carga-de-vehiculos-electricos\/\"]}]},{\"@type\":\"ImageObject\",\"inLanguage\":\"es\",\"@id\":\"https:\/\/delorenzoglobal.com\/es\/producto\/entrenador-para-el-estudio-del-protocolo-de-carga-de-vehiculos-electricos\/#primaryimage\",\"url\":\"https:\/\/delorenzoglobal.com\/wp-content\/uploads\/2026\/01\/DL-UH-CPS.jpg\",\"contentUrl\":\"https:\/\/delorenzoglobal.com\/wp-content\/uploads\/2026\/01\/DL-UH-CPS.jpg\",\"width\":1142,\"height\":812},{\"@type\":\"BreadcrumbList\",\"@id\":\"https:\/\/delorenzoglobal.com\/es\/producto\/entrenador-para-el-estudio-del-protocolo-de-carga-de-vehiculos-electricos\/#breadcrumb\",\"itemListElement\":[{\"@type\":\"ListItem\",\"position\":1,\"name\":\"Home\",\"item\":\"https:\/\/delorenzoglobal.com\/es\/\"},{\"@type\":\"ListItem\",\"position\":2,\"name\":\"Tienda\",\"item\":\"https:\/\/delorenzoglobal.com\/es\/tienda\/\"},{\"@type\":\"ListItem\",\"position\":3,\"name\":\"ENTRENADOR PARA EL ESTUDIO DEL PROTOCOLO DE CARGA DE VEH\u00cdCULOS EL\u00c9CTRICOS\"}]},{\"@type\":\"WebSite\",\"@id\":\"https:\/\/delorenzoglobal.com\/es\/#website\",\"url\":\"https:\/\/delorenzoglobal.com\/es\/\",\"name\":\"De Lorenzo Training &amp; Didactical Equipment\",\"description\":\"\",\"potentialAction\":[{\"@type\":\"SearchAction\",\"target\":{\"@type\":\"EntryPoint\",\"urlTemplate\":\"https:\/\/delorenzoglobal.com\/es\/?s={search_term_string}\"},\"query-input\":{\"@type\":\"PropertyValueSpecification\",\"valueRequired\":true,\"valueName\":\"search_term_string\"}}],\"inLanguage\":\"es\"}]}<\/script>\n<!-- \/ Yoast SEO plugin. -->","yoast_head_json":{"title":"ENTRENADOR PARA EL ESTUDIO DEL PROTOCOLO DE CARGA DE VEH\u00cdCULOS EL\u00c9CTRICOS - De Lorenzo Training &amp; Didactical Equipment","description":"El trainer DL UH-CPS es un simulador interactivo del protocolo de carga de alta tensi\u00f3n para veh\u00edculos el\u00e9ctricos e h\u00edbridos enchufables, ideal para formaci\u00f3n t\u00e9cnica y educativa.","robots":{"index":"index","follow":"follow","max-snippet":"max-snippet:-1","max-image-preview":"max-image-preview:large","max-video-preview":"max-video-preview:-1"},"canonical":"https:\/\/delorenzoglobal.com\/es\/producto\/entrenador-para-el-estudio-del-protocolo-de-carga-de-vehiculos-electricos\/","og_locale":"es_ES","og_type":"article","og_title":"ENTRENADOR PARA EL ESTUDIO DEL PROTOCOLO DE CARGA DE VEH\u00cdCULOS EL\u00c9CTRICOS - De Lorenzo Training &amp; Didactical Equipment","og_description":"El trainer DL UH-CPS es un simulador interactivo del protocolo de carga de alta tensi\u00f3n para veh\u00edculos el\u00e9ctricos e h\u00edbridos enchufables, ideal para formaci\u00f3n t\u00e9cnica y educativa.","og_url":"https:\/\/delorenzoglobal.com\/es\/producto\/entrenador-para-el-estudio-del-protocolo-de-carga-de-vehiculos-electricos\/","og_site_name":"De Lorenzo Training &amp; Didactical Equipment","article_modified_time":"2026-01-20T09:16:47+00:00","og_image":[{"width":1142,"height":812,"url":"https:\/\/delorenzoglobal.com\/wp-content\/uploads\/2026\/01\/DL-UH-CPS.jpg","type":"image\/jpeg"}],"twitter_card":"summary_large_image","twitter_misc":{"Tiempo de lectura":"1 minuto"},"schema":{"@context":"https:\/\/schema.org","@graph":[{"@type":"WebPage","@id":"https:\/\/delorenzoglobal.com\/es\/producto\/entrenador-para-el-estudio-del-protocolo-de-carga-de-vehiculos-electricos\/","url":"https:\/\/delorenzoglobal.com\/es\/producto\/entrenador-para-el-estudio-del-protocolo-de-carga-de-vehiculos-electricos\/","name":"ENTRENADOR PARA EL ESTUDIO DEL PROTOCOLO DE CARGA DE VEH\u00cdCULOS EL\u00c9CTRICOS - De Lorenzo Training &amp; Didactical Equipment","isPartOf":{"@id":"https:\/\/delorenzoglobal.com\/es\/#website"},"primaryImageOfPage":{"@id":"https:\/\/delorenzoglobal.com\/es\/producto\/entrenador-para-el-estudio-del-protocolo-de-carga-de-vehiculos-electricos\/#primaryimage"},"image":{"@id":"https:\/\/delorenzoglobal.com\/es\/producto\/entrenador-para-el-estudio-del-protocolo-de-carga-de-vehiculos-electricos\/#primaryimage"},"thumbnailUrl":"https:\/\/delorenzoglobal.com\/wp-content\/uploads\/2026\/01\/DL-UH-CPS.jpg","datePublished":"2026-01-20T09:04:48+00:00","dateModified":"2026-01-20T09:16:47+00:00","description":"El trainer DL UH-CPS es un simulador interactivo del protocolo de carga de alta tensi\u00f3n para veh\u00edculos el\u00e9ctricos e h\u00edbridos enchufables, ideal para formaci\u00f3n t\u00e9cnica y educativa.","breadcrumb":{"@id":"https:\/\/delorenzoglobal.com\/es\/producto\/entrenador-para-el-estudio-del-protocolo-de-carga-de-vehiculos-electricos\/#breadcrumb"},"inLanguage":"es","potentialAction":[{"@type":"ReadAction","target":["https:\/\/delorenzoglobal.com\/es\/producto\/entrenador-para-el-estudio-del-protocolo-de-carga-de-vehiculos-electricos\/"]}]},{"@type":"ImageObject","inLanguage":"es","@id":"https:\/\/delorenzoglobal.com\/es\/producto\/entrenador-para-el-estudio-del-protocolo-de-carga-de-vehiculos-electricos\/#primaryimage","url":"https:\/\/delorenzoglobal.com\/wp-content\/uploads\/2026\/01\/DL-UH-CPS.jpg","contentUrl":"https:\/\/delorenzoglobal.com\/wp-content\/uploads\/2026\/01\/DL-UH-CPS.jpg","width":1142,"height":812},{"@type":"BreadcrumbList","@id":"https:\/\/delorenzoglobal.com\/es\/producto\/entrenador-para-el-estudio-del-protocolo-de-carga-de-vehiculos-electricos\/#breadcrumb","itemListElement":[{"@type":"ListItem","position":1,"name":"Home","item":"https:\/\/delorenzoglobal.com\/es\/"},{"@type":"ListItem","position":2,"name":"Tienda","item":"https:\/\/delorenzoglobal.com\/es\/tienda\/"},{"@type":"ListItem","position":3,"name":"ENTRENADOR PARA EL ESTUDIO DEL PROTOCOLO DE CARGA DE VEH\u00cdCULOS EL\u00c9CTRICOS"}]},{"@type":"WebSite","@id":"https:\/\/delorenzoglobal.com\/es\/#website","url":"https:\/\/delorenzoglobal.com\/es\/","name":"De Lorenzo Training &amp; Didactical Equipment","description":"","potentialAction":[{"@type":"SearchAction","target":{"@type":"EntryPoint","urlTemplate":"https:\/\/delorenzoglobal.com\/es\/?s={search_term_string}"},"query-input":{"@type":"PropertyValueSpecification","valueRequired":true,"valueName":"search_term_string"}}],"inLanguage":"es"}]}},"_links":{"self":[{"href":"https:\/\/delorenzoglobal.com\/es\/wp-json\/wp\/v2\/product\/67848","targetHints":{"allow":["GET"]}}],"collection":[{"href":"https:\/\/delorenzoglobal.com\/es\/wp-json\/wp\/v2\/product"}],"about":[{"href":"https:\/\/delorenzoglobal.com\/es\/wp-json\/wp\/v2\/types\/product"}],"wp:featuredmedia":[{"embeddable":true,"href":"https:\/\/delorenzoglobal.com\/es\/wp-json\/wp\/v2\/media\/67832"}],"wp:attachment":[{"href":"https:\/\/delorenzoglobal.com\/es\/wp-json\/wp\/v2\/media?parent=67848"}],"wp:term":[{"taxonomy":"product_brand","embeddable":true,"href":"https:\/\/delorenzoglobal.com\/es\/wp-json\/wp\/v2\/product_brand?post=67848"},{"taxonomy":"product_cat","embeddable":true,"href":"https:\/\/delorenzoglobal.com\/es\/wp-json\/wp\/v2\/product_cat?post=67848"},{"taxonomy":"product_tag","embeddable":true,"href":"https:\/\/delorenzoglobal.com\/es\/wp-json\/wp\/v2\/product_tag?post=67848"}],"curies":[{"name":"wp","href":"https:\/\/api.w.org\/{rel}","templated":true}]}}