{"id":67777,"date":"2026-01-16T12:35:54","date_gmt":"2026-01-16T11:35:54","guid":{"rendered":"https:\/\/delorenzoglobal.com\/?post_type=product&#038;p=67777"},"modified":"2026-03-12T12:49:00","modified_gmt":"2026-03-12T11:49:00","slug":"entrenador-de-centrales-fotovoltaicas-eolicas-en-red","status":"publish","type":"product","link":"https:\/\/delorenzoglobal.com\/es\/producto\/entrenador-de-centrales-fotovoltaicas-eolicas-en-red\/","title":{"rendered":"ENTRENADOR DE CENTRAL FOTOVOLTAICA-E\u00d3LICA CONECTADA A LA RED"},"content":{"rendered":"<p>El entrenador de centrales fotovoltaicas-e\u00f3licas en red ofrece una forma clara y pr\u00e1ctica de entender c\u00f3mo la energ\u00eda solar y e\u00f3lica pueden alimentar directamente la red p\u00fablica.<\/p>\n<p>Al combinar un panel fotovoltaico, un generador e\u00f3lico y un inversor conectado a la red, permite a los estudiantes explorar el comportamiento real de la conexi\u00f3n a la red en un entorno pr\u00e1ctico.<\/p>\n<p>Dise\u00f1ado para entornos educativos, ofrece una experiencia intuitiva para aprender c\u00f3mo los sistemas renovables generan energ\u00eda e interact\u00faan con la red el\u00e9ctrica.<\/p>\n","protected":false},"excerpt":{"rendered":"<p>El entrenador de centrales fotovoltaicas-e\u00f3licas en red ofrece una forma clara y pr\u00e1ctica de entender c\u00f3mo la energ\u00eda solar y e\u00f3lica pueden alimentar directamente la red p\u00fablica. Al combinar un panel fotovoltaico, un generador e\u00f3lico y un inversor conectado a la red, permite a los estudiantes explorar el comportamiento real de la conexi\u00f3n a la [&hellip;]<\/p>\n","protected":false},"featured_media":67303,"template":"","meta":{"_acf_changed":false},"product_brand":[],"product_cat":[3152],"product_tag":[],"class_list":{"0":"post-67777","1":"product","2":"type-product","3":"status-publish","4":"has-post-thumbnail","6":"product_cat-entrenadores-de-energias-renovables-basicas","8":"first","9":"instock","10":"shipping-taxable","11":"product-type-simple"},"acf":[],"yoast_head":"<!-- This site is optimized with the Yoast SEO plugin v27.0 - https:\/\/yoast.com\/product\/yoast-seo-wordpress\/ -->\n<title>ENTRENADOR DE CENTRAL FOTOVOLTAICA-E\u00d3LICA CONECTADA A LA RED - De Lorenzo Training &amp; Didactical Equipment<\/title>\n<meta name=\"robots\" content=\"index, follow, max-snippet:-1, max-image-preview:large, max-video-preview:-1\" \/>\n<link rel=\"canonical\" href=\"https:\/\/delorenzoglobal.com\/es\/producto\/entrenador-de-centrales-fotovoltaicas-eolicas-en-red\/\" \/>\n<meta property=\"og:locale\" content=\"es_ES\" \/>\n<meta property=\"og:type\" content=\"article\" \/>\n<meta property=\"og:title\" content=\"ENTRENADOR DE CENTRAL FOTOVOLTAICA-E\u00d3LICA CONECTADA A LA RED - De Lorenzo Training &amp; Didactical Equipment\" \/>\n<meta property=\"og:description\" content=\"El entrenador de centrales fotovoltaicas-e\u00f3licas en red ofrece una forma clara y pr\u00e1ctica de entender c\u00f3mo la energ\u00eda solar y e\u00f3lica pueden alimentar directamente la red p\u00fablica. Al combinar un panel fotovoltaico, un generador e\u00f3lico y un inversor conectado a la red, permite a los estudiantes explorar el comportamiento real de la conexi\u00f3n a la [&hellip;]\" \/>\n<meta property=\"og:url\" content=\"https:\/\/delorenzoglobal.com\/es\/producto\/entrenador-de-centrales-fotovoltaicas-eolicas-en-red\/\" \/>\n<meta property=\"og:site_name\" content=\"De Lorenzo Training &amp; Didactical Equipment\" \/>\n<meta property=\"article:modified_time\" content=\"2026-03-12T11:49:00+00:00\" \/>\n<meta property=\"og:image\" content=\"https:\/\/delorenzoglobal.com\/wp-content\/uploads\/2026\/01\/PHOTOVOLTAIC-WIND-POWER-PLANT-TRAINER-ON-GRID.jpeg\" \/>\n\t<meta property=\"og:image:width\" content=\"1144\" \/>\n\t<meta property=\"og:image:height\" content=\"593\" \/>\n\t<meta property=\"og:image:type\" content=\"image\/jpeg\" \/>\n<meta name=\"twitter:card\" content=\"summary_large_image\" \/>\n<meta name=\"twitter:label1\" content=\"Tiempo de lectura\" \/>\n\t<meta name=\"twitter:data1\" content=\"1 minuto\" \/>\n<script type=\"application\/ld+json\" class=\"yoast-schema-graph\">{\"@context\":\"https:\/\/schema.org\",\"@graph\":[{\"@type\":\"WebPage\",\"@id\":\"https:\/\/delorenzoglobal.com\/es\/producto\/entrenador-de-centrales-fotovoltaicas-eolicas-en-red\/\",\"url\":\"https:\/\/delorenzoglobal.com\/es\/producto\/entrenador-de-centrales-fotovoltaicas-eolicas-en-red\/\",\"name\":\"ENTRENADOR DE CENTRAL FOTOVOLTAICA-E\u00d3LICA CONECTADA A LA RED - De Lorenzo Training &amp; Didactical Equipment\",\"isPartOf\":{\"@id\":\"https:\/\/delorenzoglobal.com\/es\/#website\"},\"primaryImageOfPage\":{\"@id\":\"https:\/\/delorenzoglobal.com\/es\/producto\/entrenador-de-centrales-fotovoltaicas-eolicas-en-red\/#primaryimage\"},\"image\":{\"@id\":\"https:\/\/delorenzoglobal.com\/es\/producto\/entrenador-de-centrales-fotovoltaicas-eolicas-en-red\/#primaryimage\"},\"thumbnailUrl\":\"https:\/\/delorenzoglobal.com\/wp-content\/uploads\/2026\/01\/PHOTOVOLTAIC-WIND-POWER-PLANT-TRAINER-ON-GRID.jpeg\",\"datePublished\":\"2026-01-16T11:35:54+00:00\",\"dateModified\":\"2026-03-12T11:49:00+00:00\",\"breadcrumb\":{\"@id\":\"https:\/\/delorenzoglobal.com\/es\/producto\/entrenador-de-centrales-fotovoltaicas-eolicas-en-red\/#breadcrumb\"},\"inLanguage\":\"es\",\"potentialAction\":[{\"@type\":\"ReadAction\",\"target\":[\"https:\/\/delorenzoglobal.com\/es\/producto\/entrenador-de-centrales-fotovoltaicas-eolicas-en-red\/\"]}]},{\"@type\":\"ImageObject\",\"inLanguage\":\"es\",\"@id\":\"https:\/\/delorenzoglobal.com\/es\/producto\/entrenador-de-centrales-fotovoltaicas-eolicas-en-red\/#primaryimage\",\"url\":\"https:\/\/delorenzoglobal.com\/wp-content\/uploads\/2026\/01\/PHOTOVOLTAIC-WIND-POWER-PLANT-TRAINER-ON-GRID.jpeg\",\"contentUrl\":\"https:\/\/delorenzoglobal.com\/wp-content\/uploads\/2026\/01\/PHOTOVOLTAIC-WIND-POWER-PLANT-TRAINER-ON-GRID.jpeg\",\"width\":1144,\"height\":593},{\"@type\":\"BreadcrumbList\",\"@id\":\"https:\/\/delorenzoglobal.com\/es\/producto\/entrenador-de-centrales-fotovoltaicas-eolicas-en-red\/#breadcrumb\",\"itemListElement\":[{\"@type\":\"ListItem\",\"position\":1,\"name\":\"Home\",\"item\":\"https:\/\/delorenzoglobal.com\/es\/\"},{\"@type\":\"ListItem\",\"position\":2,\"name\":\"Tienda\",\"item\":\"https:\/\/delorenzoglobal.com\/es\/tienda\/\"},{\"@type\":\"ListItem\",\"position\":3,\"name\":\"ENTRENADOR DE CENTRAL FOTOVOLTAICA-E\u00d3LICA CONECTADA A LA RED\"}]},{\"@type\":\"WebSite\",\"@id\":\"https:\/\/delorenzoglobal.com\/es\/#website\",\"url\":\"https:\/\/delorenzoglobal.com\/es\/\",\"name\":\"De Lorenzo Training &amp; Didactical Equipment\",\"description\":\"\",\"potentialAction\":[{\"@type\":\"SearchAction\",\"target\":{\"@type\":\"EntryPoint\",\"urlTemplate\":\"https:\/\/delorenzoglobal.com\/es\/?s={search_term_string}\"},\"query-input\":{\"@type\":\"PropertyValueSpecification\",\"valueRequired\":true,\"valueName\":\"search_term_string\"}}],\"inLanguage\":\"es\"}]}<\/script>\n<!-- \/ Yoast SEO plugin. -->","yoast_head_json":{"title":"ENTRENADOR DE CENTRAL FOTOVOLTAICA-E\u00d3LICA CONECTADA A LA RED - De Lorenzo Training &amp; Didactical Equipment","robots":{"index":"index","follow":"follow","max-snippet":"max-snippet:-1","max-image-preview":"max-image-preview:large","max-video-preview":"max-video-preview:-1"},"canonical":"https:\/\/delorenzoglobal.com\/es\/producto\/entrenador-de-centrales-fotovoltaicas-eolicas-en-red\/","og_locale":"es_ES","og_type":"article","og_title":"ENTRENADOR DE CENTRAL FOTOVOLTAICA-E\u00d3LICA CONECTADA A LA RED - De Lorenzo Training &amp; Didactical Equipment","og_description":"El entrenador de centrales fotovoltaicas-e\u00f3licas en red ofrece una forma clara y pr\u00e1ctica de entender c\u00f3mo la energ\u00eda solar y e\u00f3lica pueden alimentar directamente la red p\u00fablica. Al combinar un panel fotovoltaico, un generador e\u00f3lico y un inversor conectado a la red, permite a los estudiantes explorar el comportamiento real de la conexi\u00f3n a la [&hellip;]","og_url":"https:\/\/delorenzoglobal.com\/es\/producto\/entrenador-de-centrales-fotovoltaicas-eolicas-en-red\/","og_site_name":"De Lorenzo Training &amp; Didactical Equipment","article_modified_time":"2026-03-12T11:49:00+00:00","og_image":[{"width":1144,"height":593,"url":"https:\/\/delorenzoglobal.com\/wp-content\/uploads\/2026\/01\/PHOTOVOLTAIC-WIND-POWER-PLANT-TRAINER-ON-GRID.jpeg","type":"image\/jpeg"}],"twitter_card":"summary_large_image","twitter_misc":{"Tiempo de lectura":"1 minuto"},"schema":{"@context":"https:\/\/schema.org","@graph":[{"@type":"WebPage","@id":"https:\/\/delorenzoglobal.com\/es\/producto\/entrenador-de-centrales-fotovoltaicas-eolicas-en-red\/","url":"https:\/\/delorenzoglobal.com\/es\/producto\/entrenador-de-centrales-fotovoltaicas-eolicas-en-red\/","name":"ENTRENADOR DE CENTRAL FOTOVOLTAICA-E\u00d3LICA CONECTADA A LA RED - De Lorenzo Training &amp; Didactical Equipment","isPartOf":{"@id":"https:\/\/delorenzoglobal.com\/es\/#website"},"primaryImageOfPage":{"@id":"https:\/\/delorenzoglobal.com\/es\/producto\/entrenador-de-centrales-fotovoltaicas-eolicas-en-red\/#primaryimage"},"image":{"@id":"https:\/\/delorenzoglobal.com\/es\/producto\/entrenador-de-centrales-fotovoltaicas-eolicas-en-red\/#primaryimage"},"thumbnailUrl":"https:\/\/delorenzoglobal.com\/wp-content\/uploads\/2026\/01\/PHOTOVOLTAIC-WIND-POWER-PLANT-TRAINER-ON-GRID.jpeg","datePublished":"2026-01-16T11:35:54+00:00","dateModified":"2026-03-12T11:49:00+00:00","breadcrumb":{"@id":"https:\/\/delorenzoglobal.com\/es\/producto\/entrenador-de-centrales-fotovoltaicas-eolicas-en-red\/#breadcrumb"},"inLanguage":"es","potentialAction":[{"@type":"ReadAction","target":["https:\/\/delorenzoglobal.com\/es\/producto\/entrenador-de-centrales-fotovoltaicas-eolicas-en-red\/"]}]},{"@type":"ImageObject","inLanguage":"es","@id":"https:\/\/delorenzoglobal.com\/es\/producto\/entrenador-de-centrales-fotovoltaicas-eolicas-en-red\/#primaryimage","url":"https:\/\/delorenzoglobal.com\/wp-content\/uploads\/2026\/01\/PHOTOVOLTAIC-WIND-POWER-PLANT-TRAINER-ON-GRID.jpeg","contentUrl":"https:\/\/delorenzoglobal.com\/wp-content\/uploads\/2026\/01\/PHOTOVOLTAIC-WIND-POWER-PLANT-TRAINER-ON-GRID.jpeg","width":1144,"height":593},{"@type":"BreadcrumbList","@id":"https:\/\/delorenzoglobal.com\/es\/producto\/entrenador-de-centrales-fotovoltaicas-eolicas-en-red\/#breadcrumb","itemListElement":[{"@type":"ListItem","position":1,"name":"Home","item":"https:\/\/delorenzoglobal.com\/es\/"},{"@type":"ListItem","position":2,"name":"Tienda","item":"https:\/\/delorenzoglobal.com\/es\/tienda\/"},{"@type":"ListItem","position":3,"name":"ENTRENADOR DE CENTRAL FOTOVOLTAICA-E\u00d3LICA CONECTADA A LA RED"}]},{"@type":"WebSite","@id":"https:\/\/delorenzoglobal.com\/es\/#website","url":"https:\/\/delorenzoglobal.com\/es\/","name":"De Lorenzo Training &amp; Didactical Equipment","description":"","potentialAction":[{"@type":"SearchAction","target":{"@type":"EntryPoint","urlTemplate":"https:\/\/delorenzoglobal.com\/es\/?s={search_term_string}"},"query-input":{"@type":"PropertyValueSpecification","valueRequired":true,"valueName":"search_term_string"}}],"inLanguage":"es"}]}},"_links":{"self":[{"href":"https:\/\/delorenzoglobal.com\/es\/wp-json\/wp\/v2\/product\/67777","targetHints":{"allow":["GET"]}}],"collection":[{"href":"https:\/\/delorenzoglobal.com\/es\/wp-json\/wp\/v2\/product"}],"about":[{"href":"https:\/\/delorenzoglobal.com\/es\/wp-json\/wp\/v2\/types\/product"}],"wp:featuredmedia":[{"embeddable":true,"href":"https:\/\/delorenzoglobal.com\/es\/wp-json\/wp\/v2\/media\/67303"}],"wp:attachment":[{"href":"https:\/\/delorenzoglobal.com\/es\/wp-json\/wp\/v2\/media?parent=67777"}],"wp:term":[{"taxonomy":"product_brand","embeddable":true,"href":"https:\/\/delorenzoglobal.com\/es\/wp-json\/wp\/v2\/product_brand?post=67777"},{"taxonomy":"product_cat","embeddable":true,"href":"https:\/\/delorenzoglobal.com\/es\/wp-json\/wp\/v2\/product_cat?post=67777"},{"taxonomy":"product_tag","embeddable":true,"href":"https:\/\/delorenzoglobal.com\/es\/wp-json\/wp\/v2\/product_tag?post=67777"}],"curies":[{"name":"wp","href":"https:\/\/api.w.org\/{rel}","templated":true}]}}