{"id":67756,"date":"2026-01-09T12:51:47","date_gmt":"2026-01-09T11:51:47","guid":{"rendered":"https:\/\/delorenzoglobal.com\/?post_type=product&#038;p=67756"},"modified":"2026-01-23T14:48:14","modified_gmt":"2026-01-23T13:48:14","slug":"entrenador-de-centrales-fotovoltaicas-eolicas-sin-conexion-a-la-red","status":"publish","type":"product","link":"https:\/\/delorenzoglobal.com\/es\/producto\/entrenador-de-centrales-fotovoltaicas-eolicas-sin-conexion-a-la-red\/","title":{"rendered":"ENTRENADOR DE CENTRAL FOTOVOLTAICA-E\u00d3LICA NO CONECTADA A LA RED"},"content":{"rendered":"<p>El entrenador de centrales fotovoltaicas-e\u00f3licas sin conexi\u00f3n a la red ofrece una forma pr\u00e1ctica de explorar c\u00f3mo la energ\u00eda solar y la e\u00f3lica pueden trabajar juntas para producir electricidad independientemente de la red.<\/p>\n<p>Con su panel, aerogenerador e interfaz de control integrados, proporciona a los estudiantes una visi\u00f3n clara y pr\u00e1ctica del comportamiento de los sistemas renovables en condiciones reales.<\/p>\n<p>Dise\u00f1ado para entornos educativos, ofrece una introducci\u00f3n intuitiva a la generaci\u00f3n de energ\u00eda sin conexi\u00f3n a la red utilizando dos fuentes sostenibles complementarias.<\/p>\n","protected":false},"excerpt":{"rendered":"<p>El entrenador de centrales fotovoltaicas-e\u00f3licas sin conexi\u00f3n a la red ofrece una forma pr\u00e1ctica de explorar c\u00f3mo la energ\u00eda solar y la e\u00f3lica pueden trabajar juntas para producir electricidad independientemente de la red. Con su panel, aerogenerador e interfaz de control integrados, proporciona a los estudiantes una visi\u00f3n clara y pr\u00e1ctica del comportamiento de los [&hellip;]<\/p>\n","protected":false},"featured_media":67312,"template":"","meta":{"_acf_changed":false},"product_brand":[],"product_cat":[3152],"product_tag":[],"class_list":{"0":"post-67756","1":"product","2":"type-product","3":"status-publish","4":"has-post-thumbnail","6":"product_cat-entrenadores-de-energias-renovables-basicas","8":"first","9":"instock","10":"shipping-taxable","11":"product-type-simple"},"acf":[],"yoast_head":"<!-- This site is optimized with the Yoast SEO plugin v27.0 - https:\/\/yoast.com\/product\/yoast-seo-wordpress\/ -->\n<title>ENTRENADOR DE CENTRAL FOTOVOLTAICA-E\u00d3LICA NO CONECTADA A LA RED - De Lorenzo Training &amp; Didactical Equipment<\/title>\n<meta name=\"description\" content=\"Capacitador pr\u00e1ctico para aprender sobre la generaci\u00f3n de energ\u00eda solar y e\u00f3lica fuera de la red utilizando fuentes renovables complementarias en un entorno educativo.\" \/>\n<meta name=\"robots\" content=\"index, follow, max-snippet:-1, max-image-preview:large, max-video-preview:-1\" \/>\n<link rel=\"canonical\" href=\"https:\/\/delorenzoglobal.com\/es\/producto\/entrenador-de-centrales-fotovoltaicas-eolicas-sin-conexion-a-la-red\/\" \/>\n<meta property=\"og:locale\" content=\"es_ES\" \/>\n<meta property=\"og:type\" content=\"article\" \/>\n<meta property=\"og:title\" content=\"ENTRENADOR DE CENTRAL FOTOVOLTAICA-E\u00d3LICA NO CONECTADA A LA RED - De Lorenzo Training &amp; Didactical Equipment\" \/>\n<meta property=\"og:description\" content=\"Capacitador pr\u00e1ctico para aprender sobre la generaci\u00f3n de energ\u00eda solar y e\u00f3lica fuera de la red utilizando fuentes renovables complementarias en un entorno educativo.\" \/>\n<meta property=\"og:url\" content=\"https:\/\/delorenzoglobal.com\/es\/producto\/entrenador-de-centrales-fotovoltaicas-eolicas-sin-conexion-a-la-red\/\" \/>\n<meta property=\"og:site_name\" content=\"De Lorenzo Training &amp; Didactical Equipment\" \/>\n<meta property=\"article:modified_time\" content=\"2026-01-23T13:48:14+00:00\" \/>\n<meta property=\"og:image\" content=\"https:\/\/delorenzoglobal.com\/wp-content\/uploads\/2026\/01\/PHOTOVOLTAIC-WIND-POWER-PLANT-TRAINER-OFF-GRID.jpeg\" \/>\n\t<meta property=\"og:image:width\" content=\"1129\" \/>\n\t<meta property=\"og:image:height\" content=\"596\" \/>\n\t<meta property=\"og:image:type\" content=\"image\/jpeg\" \/>\n<meta name=\"twitter:card\" content=\"summary_large_image\" \/>\n<meta name=\"twitter:label1\" content=\"Tiempo de lectura\" \/>\n\t<meta name=\"twitter:data1\" content=\"1 minuto\" \/>\n<script type=\"application\/ld+json\" class=\"yoast-schema-graph\">{\"@context\":\"https:\/\/schema.org\",\"@graph\":[{\"@type\":\"WebPage\",\"@id\":\"https:\/\/delorenzoglobal.com\/es\/producto\/entrenador-de-centrales-fotovoltaicas-eolicas-sin-conexion-a-la-red\/\",\"url\":\"https:\/\/delorenzoglobal.com\/es\/producto\/entrenador-de-centrales-fotovoltaicas-eolicas-sin-conexion-a-la-red\/\",\"name\":\"ENTRENADOR DE CENTRAL FOTOVOLTAICA-E\u00d3LICA NO CONECTADA A LA RED - De Lorenzo Training &amp; Didactical Equipment\",\"isPartOf\":{\"@id\":\"https:\/\/delorenzoglobal.com\/es\/#website\"},\"primaryImageOfPage\":{\"@id\":\"https:\/\/delorenzoglobal.com\/es\/producto\/entrenador-de-centrales-fotovoltaicas-eolicas-sin-conexion-a-la-red\/#primaryimage\"},\"image\":{\"@id\":\"https:\/\/delorenzoglobal.com\/es\/producto\/entrenador-de-centrales-fotovoltaicas-eolicas-sin-conexion-a-la-red\/#primaryimage\"},\"thumbnailUrl\":\"https:\/\/delorenzoglobal.com\/wp-content\/uploads\/2026\/01\/PHOTOVOLTAIC-WIND-POWER-PLANT-TRAINER-OFF-GRID.jpeg\",\"datePublished\":\"2026-01-09T11:51:47+00:00\",\"dateModified\":\"2026-01-23T13:48:14+00:00\",\"description\":\"Capacitador pr\u00e1ctico para aprender sobre la generaci\u00f3n de energ\u00eda solar y e\u00f3lica fuera de la red utilizando fuentes renovables complementarias en un entorno educativo.\",\"breadcrumb\":{\"@id\":\"https:\/\/delorenzoglobal.com\/es\/producto\/entrenador-de-centrales-fotovoltaicas-eolicas-sin-conexion-a-la-red\/#breadcrumb\"},\"inLanguage\":\"es\",\"potentialAction\":[{\"@type\":\"ReadAction\",\"target\":[\"https:\/\/delorenzoglobal.com\/es\/producto\/entrenador-de-centrales-fotovoltaicas-eolicas-sin-conexion-a-la-red\/\"]}]},{\"@type\":\"ImageObject\",\"inLanguage\":\"es\",\"@id\":\"https:\/\/delorenzoglobal.com\/es\/producto\/entrenador-de-centrales-fotovoltaicas-eolicas-sin-conexion-a-la-red\/#primaryimage\",\"url\":\"https:\/\/delorenzoglobal.com\/wp-content\/uploads\/2026\/01\/PHOTOVOLTAIC-WIND-POWER-PLANT-TRAINER-OFF-GRID.jpeg\",\"contentUrl\":\"https:\/\/delorenzoglobal.com\/wp-content\/uploads\/2026\/01\/PHOTOVOLTAIC-WIND-POWER-PLANT-TRAINER-OFF-GRID.jpeg\",\"width\":1129,\"height\":596},{\"@type\":\"BreadcrumbList\",\"@id\":\"https:\/\/delorenzoglobal.com\/es\/producto\/entrenador-de-centrales-fotovoltaicas-eolicas-sin-conexion-a-la-red\/#breadcrumb\",\"itemListElement\":[{\"@type\":\"ListItem\",\"position\":1,\"name\":\"Home\",\"item\":\"https:\/\/delorenzoglobal.com\/es\/\"},{\"@type\":\"ListItem\",\"position\":2,\"name\":\"Tienda\",\"item\":\"https:\/\/delorenzoglobal.com\/es\/tienda\/\"},{\"@type\":\"ListItem\",\"position\":3,\"name\":\"ENTRENADOR DE CENTRAL FOTOVOLTAICA-E\u00d3LICA NO CONECTADA A LA RED\"}]},{\"@type\":\"WebSite\",\"@id\":\"https:\/\/delorenzoglobal.com\/es\/#website\",\"url\":\"https:\/\/delorenzoglobal.com\/es\/\",\"name\":\"De Lorenzo Training &amp; Didactical Equipment\",\"description\":\"\",\"potentialAction\":[{\"@type\":\"SearchAction\",\"target\":{\"@type\":\"EntryPoint\",\"urlTemplate\":\"https:\/\/delorenzoglobal.com\/es\/?s={search_term_string}\"},\"query-input\":{\"@type\":\"PropertyValueSpecification\",\"valueRequired\":true,\"valueName\":\"search_term_string\"}}],\"inLanguage\":\"es\"}]}<\/script>\n<!-- \/ Yoast SEO plugin. -->","yoast_head_json":{"title":"ENTRENADOR DE CENTRAL FOTOVOLTAICA-E\u00d3LICA NO CONECTADA A LA RED - De Lorenzo Training &amp; Didactical Equipment","description":"Capacitador pr\u00e1ctico para aprender sobre la generaci\u00f3n de energ\u00eda solar y e\u00f3lica fuera de la red utilizando fuentes renovables complementarias en un entorno educativo.","robots":{"index":"index","follow":"follow","max-snippet":"max-snippet:-1","max-image-preview":"max-image-preview:large","max-video-preview":"max-video-preview:-1"},"canonical":"https:\/\/delorenzoglobal.com\/es\/producto\/entrenador-de-centrales-fotovoltaicas-eolicas-sin-conexion-a-la-red\/","og_locale":"es_ES","og_type":"article","og_title":"ENTRENADOR DE CENTRAL FOTOVOLTAICA-E\u00d3LICA NO CONECTADA A LA RED - De Lorenzo Training &amp; Didactical Equipment","og_description":"Capacitador pr\u00e1ctico para aprender sobre la generaci\u00f3n de energ\u00eda solar y e\u00f3lica fuera de la red utilizando fuentes renovables complementarias en un entorno educativo.","og_url":"https:\/\/delorenzoglobal.com\/es\/producto\/entrenador-de-centrales-fotovoltaicas-eolicas-sin-conexion-a-la-red\/","og_site_name":"De Lorenzo Training &amp; Didactical Equipment","article_modified_time":"2026-01-23T13:48:14+00:00","og_image":[{"width":1129,"height":596,"url":"https:\/\/delorenzoglobal.com\/wp-content\/uploads\/2026\/01\/PHOTOVOLTAIC-WIND-POWER-PLANT-TRAINER-OFF-GRID.jpeg","type":"image\/jpeg"}],"twitter_card":"summary_large_image","twitter_misc":{"Tiempo de lectura":"1 minuto"},"schema":{"@context":"https:\/\/schema.org","@graph":[{"@type":"WebPage","@id":"https:\/\/delorenzoglobal.com\/es\/producto\/entrenador-de-centrales-fotovoltaicas-eolicas-sin-conexion-a-la-red\/","url":"https:\/\/delorenzoglobal.com\/es\/producto\/entrenador-de-centrales-fotovoltaicas-eolicas-sin-conexion-a-la-red\/","name":"ENTRENADOR DE CENTRAL FOTOVOLTAICA-E\u00d3LICA NO CONECTADA A LA RED - De Lorenzo Training &amp; Didactical Equipment","isPartOf":{"@id":"https:\/\/delorenzoglobal.com\/es\/#website"},"primaryImageOfPage":{"@id":"https:\/\/delorenzoglobal.com\/es\/producto\/entrenador-de-centrales-fotovoltaicas-eolicas-sin-conexion-a-la-red\/#primaryimage"},"image":{"@id":"https:\/\/delorenzoglobal.com\/es\/producto\/entrenador-de-centrales-fotovoltaicas-eolicas-sin-conexion-a-la-red\/#primaryimage"},"thumbnailUrl":"https:\/\/delorenzoglobal.com\/wp-content\/uploads\/2026\/01\/PHOTOVOLTAIC-WIND-POWER-PLANT-TRAINER-OFF-GRID.jpeg","datePublished":"2026-01-09T11:51:47+00:00","dateModified":"2026-01-23T13:48:14+00:00","description":"Capacitador pr\u00e1ctico para aprender sobre la generaci\u00f3n de energ\u00eda solar y e\u00f3lica fuera de la red utilizando fuentes renovables complementarias en un entorno educativo.","breadcrumb":{"@id":"https:\/\/delorenzoglobal.com\/es\/producto\/entrenador-de-centrales-fotovoltaicas-eolicas-sin-conexion-a-la-red\/#breadcrumb"},"inLanguage":"es","potentialAction":[{"@type":"ReadAction","target":["https:\/\/delorenzoglobal.com\/es\/producto\/entrenador-de-centrales-fotovoltaicas-eolicas-sin-conexion-a-la-red\/"]}]},{"@type":"ImageObject","inLanguage":"es","@id":"https:\/\/delorenzoglobal.com\/es\/producto\/entrenador-de-centrales-fotovoltaicas-eolicas-sin-conexion-a-la-red\/#primaryimage","url":"https:\/\/delorenzoglobal.com\/wp-content\/uploads\/2026\/01\/PHOTOVOLTAIC-WIND-POWER-PLANT-TRAINER-OFF-GRID.jpeg","contentUrl":"https:\/\/delorenzoglobal.com\/wp-content\/uploads\/2026\/01\/PHOTOVOLTAIC-WIND-POWER-PLANT-TRAINER-OFF-GRID.jpeg","width":1129,"height":596},{"@type":"BreadcrumbList","@id":"https:\/\/delorenzoglobal.com\/es\/producto\/entrenador-de-centrales-fotovoltaicas-eolicas-sin-conexion-a-la-red\/#breadcrumb","itemListElement":[{"@type":"ListItem","position":1,"name":"Home","item":"https:\/\/delorenzoglobal.com\/es\/"},{"@type":"ListItem","position":2,"name":"Tienda","item":"https:\/\/delorenzoglobal.com\/es\/tienda\/"},{"@type":"ListItem","position":3,"name":"ENTRENADOR DE CENTRAL FOTOVOLTAICA-E\u00d3LICA NO CONECTADA A LA RED"}]},{"@type":"WebSite","@id":"https:\/\/delorenzoglobal.com\/es\/#website","url":"https:\/\/delorenzoglobal.com\/es\/","name":"De Lorenzo Training &amp; Didactical Equipment","description":"","potentialAction":[{"@type":"SearchAction","target":{"@type":"EntryPoint","urlTemplate":"https:\/\/delorenzoglobal.com\/es\/?s={search_term_string}"},"query-input":{"@type":"PropertyValueSpecification","valueRequired":true,"valueName":"search_term_string"}}],"inLanguage":"es"}]}},"_links":{"self":[{"href":"https:\/\/delorenzoglobal.com\/es\/wp-json\/wp\/v2\/product\/67756","targetHints":{"allow":["GET"]}}],"collection":[{"href":"https:\/\/delorenzoglobal.com\/es\/wp-json\/wp\/v2\/product"}],"about":[{"href":"https:\/\/delorenzoglobal.com\/es\/wp-json\/wp\/v2\/types\/product"}],"wp:featuredmedia":[{"embeddable":true,"href":"https:\/\/delorenzoglobal.com\/es\/wp-json\/wp\/v2\/media\/67312"}],"wp:attachment":[{"href":"https:\/\/delorenzoglobal.com\/es\/wp-json\/wp\/v2\/media?parent=67756"}],"wp:term":[{"taxonomy":"product_brand","embeddable":true,"href":"https:\/\/delorenzoglobal.com\/es\/wp-json\/wp\/v2\/product_brand?post=67756"},{"taxonomy":"product_cat","embeddable":true,"href":"https:\/\/delorenzoglobal.com\/es\/wp-json\/wp\/v2\/product_cat?post=67756"},{"taxonomy":"product_tag","embeddable":true,"href":"https:\/\/delorenzoglobal.com\/es\/wp-json\/wp\/v2\/product_tag?post=67756"}],"curies":[{"name":"wp","href":"https:\/\/api.w.org\/{rel}","templated":true}]}}