{"id":6761,"date":"2024-04-15T11:54:52","date_gmt":"2024-04-15T09:54:52","guid":{"rendered":"https:\/\/delorenzoglobal.com\/?post_type=product&#038;p=6761"},"modified":"2025-05-21T08:58:45","modified_gmt":"2025-05-21T06:58:45","slug":"entrenador-para-el-estudio-de-las-antenas","status":"publish","type":"product","link":"https:\/\/delorenzoglobal.com\/es\/producto\/entrenador-para-el-estudio-de-las-antenas\/","title":{"rendered":"ENTRENADOR PARA EL ESTUDIO DE LAS ANTENAS"},"content":{"rendered":"<p>El entrenador ha sido dise\u00f1ado para introducir al alumno hacia la comprensi\u00f3n del modo de funcionamiento de las antenas.<\/p>\n<p>CARACTER\u00cdSTICAS T\u00c9CNICAS:<\/p>\n<p>El sistema est\u00e1 compuesto por: panel de base con generador, l\u00ednea Lecher, revelador RF, receptor m\u00f3vil, conjunto de fijaci\u00f3n a la base, pedestal de soporte para receptor, reflector, manopla de bloqueo, cable protegido de conexi\u00f3n entre la l\u00ednea Lecher y el revelador, con conectores tipo banana de di\u00e1metro de 2 mm. y aproximadamente 60 cms. de longitud, conjunto de cables para la medici\u00f3n y conexiones, soporte coaxial para antena (mast) con base giratoria, BNC en \u00abT\u00bb, serie de 5 conectores con terminaciones en banana de diferente longitud, antena ground-plane, antena Yagi, antena en dipolo doblado, antena en dipolo simple, cable coaxial RG59 con BNC F\/F, 60cms. de longitud. Frecuencia: de 860 hasta 950 MHz.<\/p>\n<p>Alimentaci\u00f3n: +15 Vcc, 200 mA<\/p>\n","protected":false},"excerpt":{"rendered":"<p>El entrenador ha sido dise\u00f1ado para introducir al alumno hacia la comprensi\u00f3n del modo de funcionamiento de las antenas. CARACTER\u00cdSTICAS T\u00c9CNICAS: El sistema est\u00e1 compuesto por: panel de base con generador, l\u00ednea Lecher, revelador RF, receptor m\u00f3vil, conjunto de fijaci\u00f3n a la base, pedestal de soporte para receptor, reflector, manopla de bloqueo, cable protegido de [&hellip;]<\/p>\n","protected":false},"featured_media":60563,"template":"","meta":{"_acf_changed":false},"product_brand":[],"product_cat":[323],"product_tag":[],"class_list":{"0":"post-6761","1":"product","2":"type-product","3":"status-publish","4":"has-post-thumbnail","6":"product_cat-sistemas-de-transmision","8":"first","9":"instock","10":"shipping-taxable","11":"product-type-simple"},"acf":[],"yoast_head":"<!-- This site is optimized with the Yoast SEO plugin v27.4 - https:\/\/yoast.com\/product\/yoast-seo-wordpress\/ -->\n<title>ENTRENADOR PARA EL ESTUDIO DE LAS ANTENAS - De Lorenzo Training &amp; Didactical Equipment<\/title>\n<meta name=\"robots\" content=\"index, follow, max-snippet:-1, max-image-preview:large, max-video-preview:-1\" \/>\n<link rel=\"canonical\" href=\"https:\/\/delorenzoglobal.com\/es\/producto\/entrenador-para-el-estudio-de-las-antenas\/\" \/>\n<meta property=\"og:locale\" content=\"es_ES\" \/>\n<meta property=\"og:type\" content=\"article\" \/>\n<meta property=\"og:title\" content=\"ENTRENADOR PARA EL ESTUDIO DE LAS ANTENAS - De Lorenzo Training &amp; Didactical Equipment\" \/>\n<meta property=\"og:description\" content=\"El entrenador ha sido dise\u00f1ado para introducir al alumno hacia la comprensi\u00f3n del modo de funcionamiento de las antenas. CARACTER\u00cdSTICAS T\u00c9CNICAS: El sistema est\u00e1 compuesto por: panel de base con generador, l\u00ednea Lecher, revelador RF, receptor m\u00f3vil, conjunto de fijaci\u00f3n a la base, pedestal de soporte para receptor, reflector, manopla de bloqueo, cable protegido de [&hellip;]\" \/>\n<meta property=\"og:url\" content=\"https:\/\/delorenzoglobal.com\/es\/producto\/entrenador-para-el-estudio-de-las-antenas\/\" \/>\n<meta property=\"og:site_name\" content=\"De Lorenzo Training &amp; Didactical Equipment\" \/>\n<meta property=\"article:modified_time\" content=\"2025-05-21T06:58:45+00:00\" \/>\n<meta property=\"og:image\" content=\"https:\/\/delorenzoglobal.com\/wp-content\/uploads\/2024\/04\/DL-2595-scaled.jpg\" \/>\n\t<meta property=\"og:image:width\" content=\"2560\" \/>\n\t<meta property=\"og:image:height\" content=\"1705\" \/>\n\t<meta property=\"og:image:type\" content=\"image\/jpeg\" \/>\n<meta name=\"twitter:card\" content=\"summary_large_image\" \/>\n<meta name=\"twitter:label1\" content=\"Tiempo de lectura\" \/>\n\t<meta name=\"twitter:data1\" content=\"1 minuto\" \/>\n<script type=\"application\/ld+json\" class=\"yoast-schema-graph\">{\"@context\":\"https:\\\/\\\/schema.org\",\"@graph\":[{\"@type\":\"WebPage\",\"@id\":\"https:\\\/\\\/delorenzoglobal.com\\\/es\\\/producto\\\/entrenador-para-el-estudio-de-las-antenas\\\/\",\"url\":\"https:\\\/\\\/delorenzoglobal.com\\\/es\\\/producto\\\/entrenador-para-el-estudio-de-las-antenas\\\/\",\"name\":\"ENTRENADOR PARA EL ESTUDIO DE LAS ANTENAS - De Lorenzo Training &amp; Didactical Equipment\",\"isPartOf\":{\"@id\":\"https:\\\/\\\/delorenzoglobal.com\\\/es\\\/#website\"},\"primaryImageOfPage\":{\"@id\":\"https:\\\/\\\/delorenzoglobal.com\\\/es\\\/producto\\\/entrenador-para-el-estudio-de-las-antenas\\\/#primaryimage\"},\"image\":{\"@id\":\"https:\\\/\\\/delorenzoglobal.com\\\/es\\\/producto\\\/entrenador-para-el-estudio-de-las-antenas\\\/#primaryimage\"},\"thumbnailUrl\":\"https:\\\/\\\/delorenzoglobal.com\\\/wp-content\\\/uploads\\\/2024\\\/04\\\/DL-2595-1-scaled.jpg\",\"datePublished\":\"2024-04-15T09:54:52+00:00\",\"dateModified\":\"2025-05-21T06:58:45+00:00\",\"breadcrumb\":{\"@id\":\"https:\\\/\\\/delorenzoglobal.com\\\/es\\\/producto\\\/entrenador-para-el-estudio-de-las-antenas\\\/#breadcrumb\"},\"inLanguage\":\"es\",\"potentialAction\":[{\"@type\":\"ReadAction\",\"target\":[\"https:\\\/\\\/delorenzoglobal.com\\\/es\\\/producto\\\/entrenador-para-el-estudio-de-las-antenas\\\/\"]}]},{\"@type\":\"ImageObject\",\"inLanguage\":\"es\",\"@id\":\"https:\\\/\\\/delorenzoglobal.com\\\/es\\\/producto\\\/entrenador-para-el-estudio-de-las-antenas\\\/#primaryimage\",\"url\":\"https:\\\/\\\/delorenzoglobal.com\\\/wp-content\\\/uploads\\\/2024\\\/04\\\/DL-2595-1-scaled.jpg\",\"contentUrl\":\"https:\\\/\\\/delorenzoglobal.com\\\/wp-content\\\/uploads\\\/2024\\\/04\\\/DL-2595-1-scaled.jpg\",\"width\":2560,\"height\":1705},{\"@type\":\"BreadcrumbList\",\"@id\":\"https:\\\/\\\/delorenzoglobal.com\\\/es\\\/producto\\\/entrenador-para-el-estudio-de-las-antenas\\\/#breadcrumb\",\"itemListElement\":[{\"@type\":\"ListItem\",\"position\":1,\"name\":\"Home\",\"item\":\"https:\\\/\\\/delorenzoglobal.com\\\/es\\\/\"},{\"@type\":\"ListItem\",\"position\":2,\"name\":\"Tienda\",\"item\":\"https:\\\/\\\/delorenzoglobal.com\\\/es\\\/tienda\\\/\"},{\"@type\":\"ListItem\",\"position\":3,\"name\":\"ENTRENADOR PARA EL ESTUDIO DE LAS ANTENAS\"}]},{\"@type\":\"WebSite\",\"@id\":\"https:\\\/\\\/delorenzoglobal.com\\\/es\\\/#website\",\"url\":\"https:\\\/\\\/delorenzoglobal.com\\\/es\\\/\",\"name\":\"De Lorenzo Training &amp; Didactical Equipment\",\"description\":\"\",\"potentialAction\":[{\"@type\":\"SearchAction\",\"target\":{\"@type\":\"EntryPoint\",\"urlTemplate\":\"https:\\\/\\\/delorenzoglobal.com\\\/es\\\/?s={search_term_string}\"},\"query-input\":{\"@type\":\"PropertyValueSpecification\",\"valueRequired\":true,\"valueName\":\"search_term_string\"}}],\"inLanguage\":\"es\"}]}<\/script>\n<!-- \/ Yoast SEO plugin. -->","yoast_head_json":{"title":"ENTRENADOR PARA EL ESTUDIO DE LAS ANTENAS - De Lorenzo Training &amp; Didactical Equipment","robots":{"index":"index","follow":"follow","max-snippet":"max-snippet:-1","max-image-preview":"max-image-preview:large","max-video-preview":"max-video-preview:-1"},"canonical":"https:\/\/delorenzoglobal.com\/es\/producto\/entrenador-para-el-estudio-de-las-antenas\/","og_locale":"es_ES","og_type":"article","og_title":"ENTRENADOR PARA EL ESTUDIO DE LAS ANTENAS - De Lorenzo Training &amp; Didactical Equipment","og_description":"El entrenador ha sido dise\u00f1ado para introducir al alumno hacia la comprensi\u00f3n del modo de funcionamiento de las antenas. CARACTER\u00cdSTICAS T\u00c9CNICAS: El sistema est\u00e1 compuesto por: panel de base con generador, l\u00ednea Lecher, revelador RF, receptor m\u00f3vil, conjunto de fijaci\u00f3n a la base, pedestal de soporte para receptor, reflector, manopla de bloqueo, cable protegido de [&hellip;]","og_url":"https:\/\/delorenzoglobal.com\/es\/producto\/entrenador-para-el-estudio-de-las-antenas\/","og_site_name":"De Lorenzo Training &amp; Didactical Equipment","article_modified_time":"2025-05-21T06:58:45+00:00","og_image":[{"width":2560,"height":1705,"url":"https:\/\/delorenzoglobal.com\/wp-content\/uploads\/2024\/04\/DL-2595-scaled.jpg","type":"image\/jpeg"}],"twitter_card":"summary_large_image","twitter_misc":{"Tiempo de lectura":"1 minuto"},"schema":{"@context":"https:\/\/schema.org","@graph":[{"@type":"WebPage","@id":"https:\/\/delorenzoglobal.com\/es\/producto\/entrenador-para-el-estudio-de-las-antenas\/","url":"https:\/\/delorenzoglobal.com\/es\/producto\/entrenador-para-el-estudio-de-las-antenas\/","name":"ENTRENADOR PARA EL ESTUDIO DE LAS ANTENAS - De Lorenzo Training &amp; Didactical Equipment","isPartOf":{"@id":"https:\/\/delorenzoglobal.com\/es\/#website"},"primaryImageOfPage":{"@id":"https:\/\/delorenzoglobal.com\/es\/producto\/entrenador-para-el-estudio-de-las-antenas\/#primaryimage"},"image":{"@id":"https:\/\/delorenzoglobal.com\/es\/producto\/entrenador-para-el-estudio-de-las-antenas\/#primaryimage"},"thumbnailUrl":"https:\/\/delorenzoglobal.com\/wp-content\/uploads\/2024\/04\/DL-2595-1-scaled.jpg","datePublished":"2024-04-15T09:54:52+00:00","dateModified":"2025-05-21T06:58:45+00:00","breadcrumb":{"@id":"https:\/\/delorenzoglobal.com\/es\/producto\/entrenador-para-el-estudio-de-las-antenas\/#breadcrumb"},"inLanguage":"es","potentialAction":[{"@type":"ReadAction","target":["https:\/\/delorenzoglobal.com\/es\/producto\/entrenador-para-el-estudio-de-las-antenas\/"]}]},{"@type":"ImageObject","inLanguage":"es","@id":"https:\/\/delorenzoglobal.com\/es\/producto\/entrenador-para-el-estudio-de-las-antenas\/#primaryimage","url":"https:\/\/delorenzoglobal.com\/wp-content\/uploads\/2024\/04\/DL-2595-1-scaled.jpg","contentUrl":"https:\/\/delorenzoglobal.com\/wp-content\/uploads\/2024\/04\/DL-2595-1-scaled.jpg","width":2560,"height":1705},{"@type":"BreadcrumbList","@id":"https:\/\/delorenzoglobal.com\/es\/producto\/entrenador-para-el-estudio-de-las-antenas\/#breadcrumb","itemListElement":[{"@type":"ListItem","position":1,"name":"Home","item":"https:\/\/delorenzoglobal.com\/es\/"},{"@type":"ListItem","position":2,"name":"Tienda","item":"https:\/\/delorenzoglobal.com\/es\/tienda\/"},{"@type":"ListItem","position":3,"name":"ENTRENADOR PARA EL ESTUDIO DE LAS ANTENAS"}]},{"@type":"WebSite","@id":"https:\/\/delorenzoglobal.com\/es\/#website","url":"https:\/\/delorenzoglobal.com\/es\/","name":"De Lorenzo Training &amp; Didactical Equipment","description":"","potentialAction":[{"@type":"SearchAction","target":{"@type":"EntryPoint","urlTemplate":"https:\/\/delorenzoglobal.com\/es\/?s={search_term_string}"},"query-input":{"@type":"PropertyValueSpecification","valueRequired":true,"valueName":"search_term_string"}}],"inLanguage":"es"}]}},"_links":{"self":[{"href":"https:\/\/delorenzoglobal.com\/es\/wp-json\/wp\/v2\/product\/6761","targetHints":{"allow":["GET"]}}],"collection":[{"href":"https:\/\/delorenzoglobal.com\/es\/wp-json\/wp\/v2\/product"}],"about":[{"href":"https:\/\/delorenzoglobal.com\/es\/wp-json\/wp\/v2\/types\/product"}],"wp:featuredmedia":[{"embeddable":true,"href":"https:\/\/delorenzoglobal.com\/es\/wp-json\/wp\/v2\/media\/60563"}],"wp:attachment":[{"href":"https:\/\/delorenzoglobal.com\/es\/wp-json\/wp\/v2\/media?parent=6761"}],"wp:term":[{"taxonomy":"product_brand","embeddable":true,"href":"https:\/\/delorenzoglobal.com\/es\/wp-json\/wp\/v2\/product_brand?post=6761"},{"taxonomy":"product_cat","embeddable":true,"href":"https:\/\/delorenzoglobal.com\/es\/wp-json\/wp\/v2\/product_cat?post=6761"},{"taxonomy":"product_tag","embeddable":true,"href":"https:\/\/delorenzoglobal.com\/es\/wp-json\/wp\/v2\/product_tag?post=6761"}],"curies":[{"name":"wp","href":"https:\/\/api.w.org\/{rel}","templated":true}]}}