{"id":6735,"date":"2024-04-15T10:57:38","date_gmt":"2024-04-15T08:57:38","guid":{"rendered":"https:\/\/delorenzoglobal.com\/?post_type=product&#038;p=6735"},"modified":"2025-02-13T09:10:01","modified_gmt":"2025-02-13T08:10:01","slug":"banco-para-el-estudio-de-transformadores-monofasicos-y-trifasicos-1-kw","status":"publish","type":"product","link":"https:\/\/delorenzoglobal.com\/es\/producto\/banco-para-el-estudio-de-transformadores-monofasicos-y-trifasicos-1-kw\/","title":{"rendered":"BANCO PARA EL ESTUDIO DE TRANSFORMADORES MONOF\u00c1SICOS Y TRIF\u00c1SICOS (1 kW)"},"content":{"rendered":"<p>El DL MAC-TT es un banco multiprop\u00f3sito para el estudio y caracterizaci\u00f3n de transformadores monof\u00e1sicos y trif\u00e1sicos de la serie Eurolab EM (0.3 kW) y de la serie Unilab UM (1.1 kW).<\/p>\n<p>El transformador es un dispositivo est\u00e1tico y reversible que transforma la energ\u00eda el\u00e9ctrica de un circuito a otro, sin ninguna conexi\u00f3n el\u00e9ctrica directa entre dos devanados y sin cambiar su frecuencia, con la ayuda de una inducci\u00f3n electromagn\u00e9tica (mutua).<\/p>\n<p>Los transformadores monof\u00e1sicos son m\u00e1s populares que los transformadores trif\u00e1sicos en \u00e1reas no urbanas y se utilizan frecuentemente para la distribuci\u00f3n de energ\u00eda y la reducci\u00f3n de la tensi\u00f3n para aplicaciones residenciales y comerciales.<\/p>\n<p>Los transformadores trif\u00e1sicos se emplean t\u00edpicamente con redes de distribuci\u00f3n de energ\u00eda el\u00e9ctrica para alimentar grandes motores y grandes cargas.<\/p>\n<p>Sus par\u00e1metros principales son: rango de frecuencia de funcionamiento, valores de tensi\u00f3n primaria y secundaria, clasificaci\u00f3n de corriente secundaria, temperatura de funcionamiento y potencia nominal (VA).<\/p>\n","protected":false},"excerpt":{"rendered":"<p>El DL MAC-TT es un banco multiprop\u00f3sito para el estudio y caracterizaci\u00f3n de transformadores monof\u00e1sicos y trif\u00e1sicos de la serie Eurolab EM (0.3 kW) y de la serie Unilab UM (1.1 kW). El transformador es un dispositivo est\u00e1tico y reversible que transforma la energ\u00eda el\u00e9ctrica de un circuito a otro, sin ninguna conexi\u00f3n el\u00e9ctrica directa [&hellip;]<\/p>\n","protected":false},"featured_media":6708,"template":"","meta":{"_acf_changed":false},"product_brand":[],"product_cat":[308],"product_tag":[],"class_list":{"0":"post-6735","1":"product","2":"type-product","3":"status-publish","4":"has-post-thumbnail","6":"product_cat-banco-de-pruebas","8":"first","9":"instock","10":"shipping-taxable","11":"product-type-simple"},"acf":[],"yoast_head":"<!-- This site is optimized with the Yoast SEO plugin v27.4 - https:\/\/yoast.com\/product\/yoast-seo-wordpress\/ -->\n<title>BANCO PARA EL ESTUDIO DE TRANSFORMADORES MONOF\u00c1SICOS Y TRIF\u00c1SICOS (1 kW) - De Lorenzo Training &amp; Didactical Equipment<\/title>\n<meta name=\"robots\" content=\"index, follow, max-snippet:-1, max-image-preview:large, max-video-preview:-1\" \/>\n<link rel=\"canonical\" href=\"https:\/\/delorenzoglobal.com\/es\/producto\/banco-para-el-estudio-de-transformadores-monofasicos-y-trifasicos-1-kw\/\" \/>\n<meta property=\"og:locale\" content=\"es_ES\" \/>\n<meta property=\"og:type\" content=\"article\" \/>\n<meta property=\"og:title\" content=\"BANCO PARA EL ESTUDIO DE TRANSFORMADORES MONOF\u00c1SICOS Y TRIF\u00c1SICOS (1 kW) - De Lorenzo Training &amp; Didactical Equipment\" \/>\n<meta property=\"og:description\" content=\"El DL MAC-TT es un banco multiprop\u00f3sito para el estudio y caracterizaci\u00f3n de transformadores monof\u00e1sicos y trif\u00e1sicos de la serie Eurolab EM (0.3 kW) y de la serie Unilab UM (1.1 kW). El transformador es un dispositivo est\u00e1tico y reversible que transforma la energ\u00eda el\u00e9ctrica de un circuito a otro, sin ninguna conexi\u00f3n el\u00e9ctrica directa [&hellip;]\" \/>\n<meta property=\"og:url\" content=\"https:\/\/delorenzoglobal.com\/es\/producto\/banco-para-el-estudio-de-transformadores-monofasicos-y-trifasicos-1-kw\/\" \/>\n<meta property=\"og:site_name\" content=\"De Lorenzo Training &amp; Didactical Equipment\" \/>\n<meta property=\"article:modified_time\" content=\"2025-02-13T08:10:01+00:00\" \/>\n<meta property=\"og:image\" content=\"https:\/\/delorenzoglobal.com\/wp-content\/uploads\/2024\/04\/DL-MAC-TT-_EM-e-DL-MACC-TT_UM-1-scaled.jpg\" \/>\n\t<meta property=\"og:image:width\" content=\"2560\" \/>\n\t<meta property=\"og:image:height\" content=\"1247\" \/>\n\t<meta property=\"og:image:type\" content=\"image\/jpeg\" \/>\n<meta name=\"twitter:card\" content=\"summary_large_image\" \/>\n<meta name=\"twitter:label1\" content=\"Tiempo de lectura\" \/>\n\t<meta name=\"twitter:data1\" content=\"2 minutos\" \/>\n<script type=\"application\/ld+json\" class=\"yoast-schema-graph\">{\"@context\":\"https:\\\/\\\/schema.org\",\"@graph\":[{\"@type\":\"WebPage\",\"@id\":\"https:\\\/\\\/delorenzoglobal.com\\\/es\\\/producto\\\/banco-para-el-estudio-de-transformadores-monofasicos-y-trifasicos-1-kw\\\/\",\"url\":\"https:\\\/\\\/delorenzoglobal.com\\\/es\\\/producto\\\/banco-para-el-estudio-de-transformadores-monofasicos-y-trifasicos-1-kw\\\/\",\"name\":\"BANCO PARA EL ESTUDIO DE TRANSFORMADORES MONOF\u00c1SICOS Y TRIF\u00c1SICOS (1 kW) - De Lorenzo Training &amp; Didactical Equipment\",\"isPartOf\":{\"@id\":\"https:\\\/\\\/delorenzoglobal.com\\\/es\\\/#website\"},\"primaryImageOfPage\":{\"@id\":\"https:\\\/\\\/delorenzoglobal.com\\\/es\\\/producto\\\/banco-para-el-estudio-de-transformadores-monofasicos-y-trifasicos-1-kw\\\/#primaryimage\"},\"image\":{\"@id\":\"https:\\\/\\\/delorenzoglobal.com\\\/es\\\/producto\\\/banco-para-el-estudio-de-transformadores-monofasicos-y-trifasicos-1-kw\\\/#primaryimage\"},\"thumbnailUrl\":\"https:\\\/\\\/delorenzoglobal.com\\\/wp-content\\\/uploads\\\/2024\\\/04\\\/DL-MAC-TT-_EM-e-DL-MACC-TT_UM-1-scaled.jpg\",\"datePublished\":\"2024-04-15T08:57:38+00:00\",\"dateModified\":\"2025-02-13T08:10:01+00:00\",\"breadcrumb\":{\"@id\":\"https:\\\/\\\/delorenzoglobal.com\\\/es\\\/producto\\\/banco-para-el-estudio-de-transformadores-monofasicos-y-trifasicos-1-kw\\\/#breadcrumb\"},\"inLanguage\":\"es\",\"potentialAction\":[{\"@type\":\"ReadAction\",\"target\":[\"https:\\\/\\\/delorenzoglobal.com\\\/es\\\/producto\\\/banco-para-el-estudio-de-transformadores-monofasicos-y-trifasicos-1-kw\\\/\"]}]},{\"@type\":\"ImageObject\",\"inLanguage\":\"es\",\"@id\":\"https:\\\/\\\/delorenzoglobal.com\\\/es\\\/producto\\\/banco-para-el-estudio-de-transformadores-monofasicos-y-trifasicos-1-kw\\\/#primaryimage\",\"url\":\"https:\\\/\\\/delorenzoglobal.com\\\/wp-content\\\/uploads\\\/2024\\\/04\\\/DL-MAC-TT-_EM-e-DL-MACC-TT_UM-1-scaled.jpg\",\"contentUrl\":\"https:\\\/\\\/delorenzoglobal.com\\\/wp-content\\\/uploads\\\/2024\\\/04\\\/DL-MAC-TT-_EM-e-DL-MACC-TT_UM-1-scaled.jpg\",\"width\":2560,\"height\":1247},{\"@type\":\"BreadcrumbList\",\"@id\":\"https:\\\/\\\/delorenzoglobal.com\\\/es\\\/producto\\\/banco-para-el-estudio-de-transformadores-monofasicos-y-trifasicos-1-kw\\\/#breadcrumb\",\"itemListElement\":[{\"@type\":\"ListItem\",\"position\":1,\"name\":\"Home\",\"item\":\"https:\\\/\\\/delorenzoglobal.com\\\/es\\\/\"},{\"@type\":\"ListItem\",\"position\":2,\"name\":\"Tienda\",\"item\":\"https:\\\/\\\/delorenzoglobal.com\\\/es\\\/tienda\\\/\"},{\"@type\":\"ListItem\",\"position\":3,\"name\":\"BANCO PARA EL ESTUDIO DE TRANSFORMADORES MONOF\u00c1SICOS Y TRIF\u00c1SICOS (1 kW)\"}]},{\"@type\":\"WebSite\",\"@id\":\"https:\\\/\\\/delorenzoglobal.com\\\/es\\\/#website\",\"url\":\"https:\\\/\\\/delorenzoglobal.com\\\/es\\\/\",\"name\":\"De Lorenzo Training &amp; Didactical Equipment\",\"description\":\"\",\"potentialAction\":[{\"@type\":\"SearchAction\",\"target\":{\"@type\":\"EntryPoint\",\"urlTemplate\":\"https:\\\/\\\/delorenzoglobal.com\\\/es\\\/?s={search_term_string}\"},\"query-input\":{\"@type\":\"PropertyValueSpecification\",\"valueRequired\":true,\"valueName\":\"search_term_string\"}}],\"inLanguage\":\"es\"}]}<\/script>\n<!-- \/ Yoast SEO plugin. -->","yoast_head_json":{"title":"BANCO PARA EL ESTUDIO DE TRANSFORMADORES MONOF\u00c1SICOS Y TRIF\u00c1SICOS (1 kW) - De Lorenzo Training &amp; Didactical Equipment","robots":{"index":"index","follow":"follow","max-snippet":"max-snippet:-1","max-image-preview":"max-image-preview:large","max-video-preview":"max-video-preview:-1"},"canonical":"https:\/\/delorenzoglobal.com\/es\/producto\/banco-para-el-estudio-de-transformadores-monofasicos-y-trifasicos-1-kw\/","og_locale":"es_ES","og_type":"article","og_title":"BANCO PARA EL ESTUDIO DE TRANSFORMADORES MONOF\u00c1SICOS Y TRIF\u00c1SICOS (1 kW) - De Lorenzo Training &amp; Didactical Equipment","og_description":"El DL MAC-TT es un banco multiprop\u00f3sito para el estudio y caracterizaci\u00f3n de transformadores monof\u00e1sicos y trif\u00e1sicos de la serie Eurolab EM (0.3 kW) y de la serie Unilab UM (1.1 kW). El transformador es un dispositivo est\u00e1tico y reversible que transforma la energ\u00eda el\u00e9ctrica de un circuito a otro, sin ninguna conexi\u00f3n el\u00e9ctrica directa [&hellip;]","og_url":"https:\/\/delorenzoglobal.com\/es\/producto\/banco-para-el-estudio-de-transformadores-monofasicos-y-trifasicos-1-kw\/","og_site_name":"De Lorenzo Training &amp; Didactical Equipment","article_modified_time":"2025-02-13T08:10:01+00:00","og_image":[{"width":2560,"height":1247,"url":"https:\/\/delorenzoglobal.com\/wp-content\/uploads\/2024\/04\/DL-MAC-TT-_EM-e-DL-MACC-TT_UM-1-scaled.jpg","type":"image\/jpeg"}],"twitter_card":"summary_large_image","twitter_misc":{"Tiempo de lectura":"2 minutos"},"schema":{"@context":"https:\/\/schema.org","@graph":[{"@type":"WebPage","@id":"https:\/\/delorenzoglobal.com\/es\/producto\/banco-para-el-estudio-de-transformadores-monofasicos-y-trifasicos-1-kw\/","url":"https:\/\/delorenzoglobal.com\/es\/producto\/banco-para-el-estudio-de-transformadores-monofasicos-y-trifasicos-1-kw\/","name":"BANCO PARA EL ESTUDIO DE TRANSFORMADORES MONOF\u00c1SICOS Y TRIF\u00c1SICOS (1 kW) - De Lorenzo Training &amp; Didactical Equipment","isPartOf":{"@id":"https:\/\/delorenzoglobal.com\/es\/#website"},"primaryImageOfPage":{"@id":"https:\/\/delorenzoglobal.com\/es\/producto\/banco-para-el-estudio-de-transformadores-monofasicos-y-trifasicos-1-kw\/#primaryimage"},"image":{"@id":"https:\/\/delorenzoglobal.com\/es\/producto\/banco-para-el-estudio-de-transformadores-monofasicos-y-trifasicos-1-kw\/#primaryimage"},"thumbnailUrl":"https:\/\/delorenzoglobal.com\/wp-content\/uploads\/2024\/04\/DL-MAC-TT-_EM-e-DL-MACC-TT_UM-1-scaled.jpg","datePublished":"2024-04-15T08:57:38+00:00","dateModified":"2025-02-13T08:10:01+00:00","breadcrumb":{"@id":"https:\/\/delorenzoglobal.com\/es\/producto\/banco-para-el-estudio-de-transformadores-monofasicos-y-trifasicos-1-kw\/#breadcrumb"},"inLanguage":"es","potentialAction":[{"@type":"ReadAction","target":["https:\/\/delorenzoglobal.com\/es\/producto\/banco-para-el-estudio-de-transformadores-monofasicos-y-trifasicos-1-kw\/"]}]},{"@type":"ImageObject","inLanguage":"es","@id":"https:\/\/delorenzoglobal.com\/es\/producto\/banco-para-el-estudio-de-transformadores-monofasicos-y-trifasicos-1-kw\/#primaryimage","url":"https:\/\/delorenzoglobal.com\/wp-content\/uploads\/2024\/04\/DL-MAC-TT-_EM-e-DL-MACC-TT_UM-1-scaled.jpg","contentUrl":"https:\/\/delorenzoglobal.com\/wp-content\/uploads\/2024\/04\/DL-MAC-TT-_EM-e-DL-MACC-TT_UM-1-scaled.jpg","width":2560,"height":1247},{"@type":"BreadcrumbList","@id":"https:\/\/delorenzoglobal.com\/es\/producto\/banco-para-el-estudio-de-transformadores-monofasicos-y-trifasicos-1-kw\/#breadcrumb","itemListElement":[{"@type":"ListItem","position":1,"name":"Home","item":"https:\/\/delorenzoglobal.com\/es\/"},{"@type":"ListItem","position":2,"name":"Tienda","item":"https:\/\/delorenzoglobal.com\/es\/tienda\/"},{"@type":"ListItem","position":3,"name":"BANCO PARA EL ESTUDIO DE TRANSFORMADORES MONOF\u00c1SICOS Y TRIF\u00c1SICOS (1 kW)"}]},{"@type":"WebSite","@id":"https:\/\/delorenzoglobal.com\/es\/#website","url":"https:\/\/delorenzoglobal.com\/es\/","name":"De Lorenzo Training &amp; Didactical Equipment","description":"","potentialAction":[{"@type":"SearchAction","target":{"@type":"EntryPoint","urlTemplate":"https:\/\/delorenzoglobal.com\/es\/?s={search_term_string}"},"query-input":{"@type":"PropertyValueSpecification","valueRequired":true,"valueName":"search_term_string"}}],"inLanguage":"es"}]}},"_links":{"self":[{"href":"https:\/\/delorenzoglobal.com\/es\/wp-json\/wp\/v2\/product\/6735","targetHints":{"allow":["GET"]}}],"collection":[{"href":"https:\/\/delorenzoglobal.com\/es\/wp-json\/wp\/v2\/product"}],"about":[{"href":"https:\/\/delorenzoglobal.com\/es\/wp-json\/wp\/v2\/types\/product"}],"wp:featuredmedia":[{"embeddable":true,"href":"https:\/\/delorenzoglobal.com\/es\/wp-json\/wp\/v2\/media\/6708"}],"wp:attachment":[{"href":"https:\/\/delorenzoglobal.com\/es\/wp-json\/wp\/v2\/media?parent=6735"}],"wp:term":[{"taxonomy":"product_brand","embeddable":true,"href":"https:\/\/delorenzoglobal.com\/es\/wp-json\/wp\/v2\/product_brand?post=6735"},{"taxonomy":"product_cat","embeddable":true,"href":"https:\/\/delorenzoglobal.com\/es\/wp-json\/wp\/v2\/product_cat?post=6735"},{"taxonomy":"product_tag","embeddable":true,"href":"https:\/\/delorenzoglobal.com\/es\/wp-json\/wp\/v2\/product_tag?post=6735"}],"curies":[{"name":"wp","href":"https:\/\/api.w.org\/{rel}","templated":true}]}}