{"id":66651,"date":"2025-12-12T11:53:21","date_gmt":"2025-12-12T10:53:21","guid":{"rendered":"https:\/\/delorenzoglobal.com\/?post_type=product&#038;p=66651"},"modified":"2026-04-24T15:57:02","modified_gmt":"2026-04-24T13:57:02","slug":"fabrica-inteligente-de-cafe-4-0","status":"publish","type":"product","link":"https:\/\/delorenzoglobal.com\/es\/producto\/fabrica-inteligente-de-cafe-4-0\/","title":{"rendered":"F\u00c1BRICA INTELIGENTE DE CAF\u00c9 4.0"},"content":{"rendered":"<p>La F\u00e1brica inteligente de caf\u00e9 4.0 recrea el entorno de una empresa conectada centrada en la producci\u00f3n de un producto f\u00e1cil de usar y con una fuerte presencia en los centros educativos: las c\u00e1psulas de caf\u00e9. El concepto de f\u00e1brica del futuro, combinado con el uso de tecnolog\u00edas digitales avanzadas, proporciona a los t\u00e9cnicos una comprensi\u00f3n integral del proceso industrial, situ\u00e1ndolos en el centro mismo de las operaciones.<\/p>\n","protected":false},"excerpt":{"rendered":"<p>La F\u00e1brica inteligente de caf\u00e9 4.0 recrea el entorno de una empresa conectada centrada en la producci\u00f3n de un producto f\u00e1cil de usar y con una fuerte presencia en los centros educativos: las c\u00e1psulas de caf\u00e9. El concepto de f\u00e1brica del futuro, combinado con el uso de tecnolog\u00edas digitales avanzadas, proporciona a los t\u00e9cnicos una [&hellip;]<\/p>\n","protected":false},"featured_media":66659,"template":"","meta":{"_acf_changed":false},"product_brand":[],"product_cat":[149],"product_tag":[],"class_list":{"0":"post-66651","1":"product","2":"type-product","3":"status-publish","4":"has-post-thumbnail","6":"product_cat-fabrica-inteligente","8":"first","9":"instock","10":"shipping-taxable","11":"product-type-simple"},"acf":[],"yoast_head":"<!-- This site is optimized with the Yoast SEO plugin v27.4 - https:\/\/yoast.com\/product\/yoast-seo-wordpress\/ -->\n<title>F\u00c1BRICA INTELIGENTE DE CAF\u00c9 4.0 - De Lorenzo Training &amp; Didactical Equipment<\/title>\n<meta name=\"description\" content=\"La f\u00e1brica inteligente de caf\u00e9 4.0 recrea una empresa conectada que produce c\u00e1psulas, integrando tecnolog\u00edas digitales e Industria 4.0.\" \/>\n<meta name=\"robots\" content=\"index, follow, max-snippet:-1, max-image-preview:large, max-video-preview:-1\" \/>\n<link rel=\"canonical\" href=\"https:\/\/delorenzoglobal.com\/es\/producto\/fabrica-inteligente-de-cafe-4-0\/\" \/>\n<meta property=\"og:locale\" content=\"es_ES\" \/>\n<meta property=\"og:type\" content=\"article\" \/>\n<meta property=\"og:title\" content=\"F\u00c1BRICA INTELIGENTE DE CAF\u00c9 4.0 - De Lorenzo Training &amp; Didactical Equipment\" \/>\n<meta property=\"og:description\" content=\"La f\u00e1brica inteligente de caf\u00e9 4.0 recrea una empresa conectada que produce c\u00e1psulas, integrando tecnolog\u00edas digitales e Industria 4.0.\" \/>\n<meta property=\"og:url\" content=\"https:\/\/delorenzoglobal.com\/es\/producto\/fabrica-inteligente-de-cafe-4-0\/\" \/>\n<meta property=\"og:site_name\" content=\"De Lorenzo Training &amp; Didactical Equipment\" \/>\n<meta property=\"article:modified_time\" content=\"2026-04-24T13:57:02+00:00\" \/>\n<meta property=\"og:image\" content=\"https:\/\/delorenzoglobal.com\/wp-content\/uploads\/2025\/12\/DL-RF-COFFEE.jpg\" \/>\n\t<meta property=\"og:image:width\" content=\"415\" \/>\n\t<meta property=\"og:image:height\" content=\"471\" \/>\n\t<meta property=\"og:image:type\" content=\"image\/jpeg\" \/>\n<meta name=\"twitter:card\" content=\"summary_large_image\" \/>\n<meta name=\"twitter:label1\" content=\"Tiempo de lectura\" \/>\n\t<meta name=\"twitter:data1\" content=\"1 minuto\" \/>\n<script type=\"application\/ld+json\" class=\"yoast-schema-graph\">{\"@context\":\"https:\\\/\\\/schema.org\",\"@graph\":[{\"@type\":\"WebPage\",\"@id\":\"https:\\\/\\\/delorenzoglobal.com\\\/es\\\/producto\\\/fabrica-inteligente-de-cafe-4-0\\\/\",\"url\":\"https:\\\/\\\/delorenzoglobal.com\\\/es\\\/producto\\\/fabrica-inteligente-de-cafe-4-0\\\/\",\"name\":\"F\u00c1BRICA INTELIGENTE DE CAF\u00c9 4.0 - De Lorenzo Training &amp; Didactical Equipment\",\"isPartOf\":{\"@id\":\"https:\\\/\\\/delorenzoglobal.com\\\/es\\\/#website\"},\"primaryImageOfPage\":{\"@id\":\"https:\\\/\\\/delorenzoglobal.com\\\/es\\\/producto\\\/fabrica-inteligente-de-cafe-4-0\\\/#primaryimage\"},\"image\":{\"@id\":\"https:\\\/\\\/delorenzoglobal.com\\\/es\\\/producto\\\/fabrica-inteligente-de-cafe-4-0\\\/#primaryimage\"},\"thumbnailUrl\":\"https:\\\/\\\/delorenzoglobal.com\\\/wp-content\\\/uploads\\\/2025\\\/12\\\/DL-RF-COFFEE.jpg\",\"datePublished\":\"2025-12-12T10:53:21+00:00\",\"dateModified\":\"2026-04-24T13:57:02+00:00\",\"description\":\"La f\u00e1brica inteligente de caf\u00e9 4.0 recrea una empresa conectada que produce c\u00e1psulas, integrando tecnolog\u00edas digitales e Industria 4.0.\",\"breadcrumb\":{\"@id\":\"https:\\\/\\\/delorenzoglobal.com\\\/es\\\/producto\\\/fabrica-inteligente-de-cafe-4-0\\\/#breadcrumb\"},\"inLanguage\":\"es\",\"potentialAction\":[{\"@type\":\"ReadAction\",\"target\":[\"https:\\\/\\\/delorenzoglobal.com\\\/es\\\/producto\\\/fabrica-inteligente-de-cafe-4-0\\\/\"]}]},{\"@type\":\"ImageObject\",\"inLanguage\":\"es\",\"@id\":\"https:\\\/\\\/delorenzoglobal.com\\\/es\\\/producto\\\/fabrica-inteligente-de-cafe-4-0\\\/#primaryimage\",\"url\":\"https:\\\/\\\/delorenzoglobal.com\\\/wp-content\\\/uploads\\\/2025\\\/12\\\/DL-RF-COFFEE.jpg\",\"contentUrl\":\"https:\\\/\\\/delorenzoglobal.com\\\/wp-content\\\/uploads\\\/2025\\\/12\\\/DL-RF-COFFEE.jpg\",\"width\":415,\"height\":471},{\"@type\":\"BreadcrumbList\",\"@id\":\"https:\\\/\\\/delorenzoglobal.com\\\/es\\\/producto\\\/fabrica-inteligente-de-cafe-4-0\\\/#breadcrumb\",\"itemListElement\":[{\"@type\":\"ListItem\",\"position\":1,\"name\":\"Home\",\"item\":\"https:\\\/\\\/delorenzoglobal.com\\\/es\\\/\"},{\"@type\":\"ListItem\",\"position\":2,\"name\":\"Tienda\",\"item\":\"https:\\\/\\\/delorenzoglobal.com\\\/es\\\/tienda\\\/\"},{\"@type\":\"ListItem\",\"position\":3,\"name\":\"F\u00c1BRICA INTELIGENTE DE CAF\u00c9 4.0\"}]},{\"@type\":\"WebSite\",\"@id\":\"https:\\\/\\\/delorenzoglobal.com\\\/es\\\/#website\",\"url\":\"https:\\\/\\\/delorenzoglobal.com\\\/es\\\/\",\"name\":\"De Lorenzo Training &amp; Didactical Equipment\",\"description\":\"\",\"potentialAction\":[{\"@type\":\"SearchAction\",\"target\":{\"@type\":\"EntryPoint\",\"urlTemplate\":\"https:\\\/\\\/delorenzoglobal.com\\\/es\\\/?s={search_term_string}\"},\"query-input\":{\"@type\":\"PropertyValueSpecification\",\"valueRequired\":true,\"valueName\":\"search_term_string\"}}],\"inLanguage\":\"es\"}]}<\/script>\n<!-- \/ Yoast SEO plugin. -->","yoast_head_json":{"title":"F\u00c1BRICA INTELIGENTE DE CAF\u00c9 4.0 - De Lorenzo Training &amp; Didactical Equipment","description":"La f\u00e1brica inteligente de caf\u00e9 4.0 recrea una empresa conectada que produce c\u00e1psulas, integrando tecnolog\u00edas digitales e Industria 4.0.","robots":{"index":"index","follow":"follow","max-snippet":"max-snippet:-1","max-image-preview":"max-image-preview:large","max-video-preview":"max-video-preview:-1"},"canonical":"https:\/\/delorenzoglobal.com\/es\/producto\/fabrica-inteligente-de-cafe-4-0\/","og_locale":"es_ES","og_type":"article","og_title":"F\u00c1BRICA INTELIGENTE DE CAF\u00c9 4.0 - De Lorenzo Training &amp; Didactical Equipment","og_description":"La f\u00e1brica inteligente de caf\u00e9 4.0 recrea una empresa conectada que produce c\u00e1psulas, integrando tecnolog\u00edas digitales e Industria 4.0.","og_url":"https:\/\/delorenzoglobal.com\/es\/producto\/fabrica-inteligente-de-cafe-4-0\/","og_site_name":"De Lorenzo Training &amp; Didactical Equipment","article_modified_time":"2026-04-24T13:57:02+00:00","og_image":[{"width":415,"height":471,"url":"https:\/\/delorenzoglobal.com\/wp-content\/uploads\/2025\/12\/DL-RF-COFFEE.jpg","type":"image\/jpeg"}],"twitter_card":"summary_large_image","twitter_misc":{"Tiempo de lectura":"1 minuto"},"schema":{"@context":"https:\/\/schema.org","@graph":[{"@type":"WebPage","@id":"https:\/\/delorenzoglobal.com\/es\/producto\/fabrica-inteligente-de-cafe-4-0\/","url":"https:\/\/delorenzoglobal.com\/es\/producto\/fabrica-inteligente-de-cafe-4-0\/","name":"F\u00c1BRICA INTELIGENTE DE CAF\u00c9 4.0 - De Lorenzo Training &amp; Didactical Equipment","isPartOf":{"@id":"https:\/\/delorenzoglobal.com\/es\/#website"},"primaryImageOfPage":{"@id":"https:\/\/delorenzoglobal.com\/es\/producto\/fabrica-inteligente-de-cafe-4-0\/#primaryimage"},"image":{"@id":"https:\/\/delorenzoglobal.com\/es\/producto\/fabrica-inteligente-de-cafe-4-0\/#primaryimage"},"thumbnailUrl":"https:\/\/delorenzoglobal.com\/wp-content\/uploads\/2025\/12\/DL-RF-COFFEE.jpg","datePublished":"2025-12-12T10:53:21+00:00","dateModified":"2026-04-24T13:57:02+00:00","description":"La f\u00e1brica inteligente de caf\u00e9 4.0 recrea una empresa conectada que produce c\u00e1psulas, integrando tecnolog\u00edas digitales e Industria 4.0.","breadcrumb":{"@id":"https:\/\/delorenzoglobal.com\/es\/producto\/fabrica-inteligente-de-cafe-4-0\/#breadcrumb"},"inLanguage":"es","potentialAction":[{"@type":"ReadAction","target":["https:\/\/delorenzoglobal.com\/es\/producto\/fabrica-inteligente-de-cafe-4-0\/"]}]},{"@type":"ImageObject","inLanguage":"es","@id":"https:\/\/delorenzoglobal.com\/es\/producto\/fabrica-inteligente-de-cafe-4-0\/#primaryimage","url":"https:\/\/delorenzoglobal.com\/wp-content\/uploads\/2025\/12\/DL-RF-COFFEE.jpg","contentUrl":"https:\/\/delorenzoglobal.com\/wp-content\/uploads\/2025\/12\/DL-RF-COFFEE.jpg","width":415,"height":471},{"@type":"BreadcrumbList","@id":"https:\/\/delorenzoglobal.com\/es\/producto\/fabrica-inteligente-de-cafe-4-0\/#breadcrumb","itemListElement":[{"@type":"ListItem","position":1,"name":"Home","item":"https:\/\/delorenzoglobal.com\/es\/"},{"@type":"ListItem","position":2,"name":"Tienda","item":"https:\/\/delorenzoglobal.com\/es\/tienda\/"},{"@type":"ListItem","position":3,"name":"F\u00c1BRICA INTELIGENTE DE CAF\u00c9 4.0"}]},{"@type":"WebSite","@id":"https:\/\/delorenzoglobal.com\/es\/#website","url":"https:\/\/delorenzoglobal.com\/es\/","name":"De Lorenzo Training &amp; Didactical Equipment","description":"","potentialAction":[{"@type":"SearchAction","target":{"@type":"EntryPoint","urlTemplate":"https:\/\/delorenzoglobal.com\/es\/?s={search_term_string}"},"query-input":{"@type":"PropertyValueSpecification","valueRequired":true,"valueName":"search_term_string"}}],"inLanguage":"es"}]}},"_links":{"self":[{"href":"https:\/\/delorenzoglobal.com\/es\/wp-json\/wp\/v2\/product\/66651","targetHints":{"allow":["GET"]}}],"collection":[{"href":"https:\/\/delorenzoglobal.com\/es\/wp-json\/wp\/v2\/product"}],"about":[{"href":"https:\/\/delorenzoglobal.com\/es\/wp-json\/wp\/v2\/types\/product"}],"wp:featuredmedia":[{"embeddable":true,"href":"https:\/\/delorenzoglobal.com\/es\/wp-json\/wp\/v2\/media\/66659"}],"wp:attachment":[{"href":"https:\/\/delorenzoglobal.com\/es\/wp-json\/wp\/v2\/media?parent=66651"}],"wp:term":[{"taxonomy":"product_brand","embeddable":true,"href":"https:\/\/delorenzoglobal.com\/es\/wp-json\/wp\/v2\/product_brand?post=66651"},{"taxonomy":"product_cat","embeddable":true,"href":"https:\/\/delorenzoglobal.com\/es\/wp-json\/wp\/v2\/product_cat?post=66651"},{"taxonomy":"product_tag","embeddable":true,"href":"https:\/\/delorenzoglobal.com\/es\/wp-json\/wp\/v2\/product_tag?post=66651"}],"curies":[{"name":"wp","href":"https:\/\/api.w.org\/{rel}","templated":true}]}}