{"id":65262,"date":"2025-10-24T16:18:17","date_gmt":"2025-10-24T14:18:17","guid":{"rendered":"https:\/\/delorenzoglobal.com\/?post_type=product&#038;p=65262"},"modified":"2026-04-21T16:46:45","modified_gmt":"2026-04-21T14:46:45","slug":"planta-de-seleccion-de-residuos-solidos","status":"publish","type":"product","link":"https:\/\/delorenzoglobal.com\/es\/producto\/planta-de-seleccion-de-residuos-solidos\/","title":{"rendered":"PLANTA DE SELECCI\u00d3N DE RESIDUOS S\u00d3LIDOS"},"content":{"rendered":"<p>El Simulador <strong>DL \u200b\u200bGR03<\/strong> permite estudiar los desaf\u00edos del proceso de recolecci\u00f3n y clasificaci\u00f3n de residuos s\u00f3lidos urbanos.<\/p>\n<p>Consiste en un panel que muestra el esquema completo del sistema, el cual alberga una serie de miniconsolas que muestran los valores de los par\u00e1metros relevantes.<\/p>\n<p>El simulador se conecta a un PC para supervisi\u00f3n, visualizaci\u00f3n gr\u00e1fica de las variables de inter\u00e9s, etc., a trav\u00e9s de una interfaz USB dedicada.<\/p>\n<p>El simulador se acompa\u00f1a de la aplicaci\u00f3n Windows <strong>DLworkspace<\/strong>, que proporciona un entorno de ense\u00f1anza integrado para utilizar el propio simulador.<\/p>\n","protected":false},"excerpt":{"rendered":"<p>El Simulador DL \u200b\u200bGR03 permite estudiar los desaf\u00edos del proceso de recolecci\u00f3n y clasificaci\u00f3n de residuos s\u00f3lidos urbanos. Consiste en un panel que muestra el esquema completo del sistema, el cual alberga una serie de miniconsolas que muestran los valores de los par\u00e1metros relevantes. El simulador se conecta a un PC para supervisi\u00f3n, visualizaci\u00f3n gr\u00e1fica [&hellip;]<\/p>\n","protected":false},"featured_media":69283,"template":"","meta":{"_acf_changed":false},"product_brand":[],"product_cat":[3139],"product_tag":[],"class_list":{"0":"post-65262","1":"product","2":"type-product","3":"status-publish","4":"has-post-thumbnail","6":"product_cat-gestion-de-residuos","8":"first","9":"instock","10":"shipping-taxable","11":"product-type-simple"},"acf":[],"yoast_head":"<!-- This site is optimized with the Yoast SEO plugin v27.4 - https:\/\/yoast.com\/product\/yoast-seo-wordpress\/ -->\n<title>PLANTA DE SELECCI\u00d3N DE RESIDUOS S\u00d3LIDOS - De Lorenzo Training &amp; Didactical Equipment<\/title>\n<meta name=\"robots\" content=\"index, follow, max-snippet:-1, max-image-preview:large, max-video-preview:-1\" \/>\n<link rel=\"canonical\" href=\"https:\/\/delorenzoglobal.com\/es\/producto\/planta-de-seleccion-de-residuos-solidos\/\" \/>\n<meta property=\"og:locale\" content=\"es_ES\" \/>\n<meta property=\"og:type\" content=\"article\" \/>\n<meta property=\"og:title\" content=\"PLANTA DE SELECCI\u00d3N DE RESIDUOS S\u00d3LIDOS - De Lorenzo Training &amp; Didactical Equipment\" \/>\n<meta property=\"og:description\" content=\"El Simulador DL \u200b\u200bGR03 permite estudiar los desaf\u00edos del proceso de recolecci\u00f3n y clasificaci\u00f3n de residuos s\u00f3lidos urbanos. Consiste en un panel que muestra el esquema completo del sistema, el cual alberga una serie de miniconsolas que muestran los valores de los par\u00e1metros relevantes. El simulador se conecta a un PC para supervisi\u00f3n, visualizaci\u00f3n gr\u00e1fica [&hellip;]\" \/>\n<meta property=\"og:url\" content=\"https:\/\/delorenzoglobal.com\/es\/producto\/planta-de-seleccion-de-residuos-solidos\/\" \/>\n<meta property=\"og:site_name\" content=\"De Lorenzo Training &amp; Didactical Equipment\" \/>\n<meta property=\"article:modified_time\" content=\"2026-04-21T14:46:45+00:00\" \/>\n<meta property=\"og:image\" content=\"https:\/\/delorenzoglobal.com\/wp-content\/uploads\/2025\/10\/DL-GR0-3-1.jpg\" \/>\n\t<meta property=\"og:image:width\" content=\"1325\" \/>\n\t<meta property=\"og:image:height\" content=\"1597\" \/>\n\t<meta property=\"og:image:type\" content=\"image\/jpeg\" \/>\n<meta name=\"twitter:card\" content=\"summary_large_image\" \/>\n<meta name=\"twitter:label1\" content=\"Tiempo de lectura\" \/>\n\t<meta name=\"twitter:data1\" content=\"1 minuto\" \/>\n<script type=\"application\/ld+json\" class=\"yoast-schema-graph\">{\"@context\":\"https:\\\/\\\/schema.org\",\"@graph\":[{\"@type\":\"WebPage\",\"@id\":\"https:\\\/\\\/delorenzoglobal.com\\\/es\\\/producto\\\/planta-de-seleccion-de-residuos-solidos\\\/\",\"url\":\"https:\\\/\\\/delorenzoglobal.com\\\/es\\\/producto\\\/planta-de-seleccion-de-residuos-solidos\\\/\",\"name\":\"PLANTA DE SELECCI\u00d3N DE RESIDUOS S\u00d3LIDOS - De Lorenzo Training &amp; Didactical Equipment\",\"isPartOf\":{\"@id\":\"https:\\\/\\\/delorenzoglobal.com\\\/es\\\/#website\"},\"primaryImageOfPage\":{\"@id\":\"https:\\\/\\\/delorenzoglobal.com\\\/es\\\/producto\\\/planta-de-seleccion-de-residuos-solidos\\\/#primaryimage\"},\"image\":{\"@id\":\"https:\\\/\\\/delorenzoglobal.com\\\/es\\\/producto\\\/planta-de-seleccion-de-residuos-solidos\\\/#primaryimage\"},\"thumbnailUrl\":\"https:\\\/\\\/delorenzoglobal.com\\\/wp-content\\\/uploads\\\/2025\\\/10\\\/DL-GR0-3-1.jpg\",\"datePublished\":\"2025-10-24T14:18:17+00:00\",\"dateModified\":\"2026-04-21T14:46:45+00:00\",\"breadcrumb\":{\"@id\":\"https:\\\/\\\/delorenzoglobal.com\\\/es\\\/producto\\\/planta-de-seleccion-de-residuos-solidos\\\/#breadcrumb\"},\"inLanguage\":\"es\",\"potentialAction\":[{\"@type\":\"ReadAction\",\"target\":[\"https:\\\/\\\/delorenzoglobal.com\\\/es\\\/producto\\\/planta-de-seleccion-de-residuos-solidos\\\/\"]}]},{\"@type\":\"ImageObject\",\"inLanguage\":\"es\",\"@id\":\"https:\\\/\\\/delorenzoglobal.com\\\/es\\\/producto\\\/planta-de-seleccion-de-residuos-solidos\\\/#primaryimage\",\"url\":\"https:\\\/\\\/delorenzoglobal.com\\\/wp-content\\\/uploads\\\/2025\\\/10\\\/DL-GR0-3-1.jpg\",\"contentUrl\":\"https:\\\/\\\/delorenzoglobal.com\\\/wp-content\\\/uploads\\\/2025\\\/10\\\/DL-GR0-3-1.jpg\",\"width\":1325,\"height\":1597},{\"@type\":\"BreadcrumbList\",\"@id\":\"https:\\\/\\\/delorenzoglobal.com\\\/es\\\/producto\\\/planta-de-seleccion-de-residuos-solidos\\\/#breadcrumb\",\"itemListElement\":[{\"@type\":\"ListItem\",\"position\":1,\"name\":\"Home\",\"item\":\"https:\\\/\\\/delorenzoglobal.com\\\/es\\\/\"},{\"@type\":\"ListItem\",\"position\":2,\"name\":\"Tienda\",\"item\":\"https:\\\/\\\/delorenzoglobal.com\\\/es\\\/tienda\\\/\"},{\"@type\":\"ListItem\",\"position\":3,\"name\":\"PLANTA DE SELECCI\u00d3N DE RESIDUOS S\u00d3LIDOS\"}]},{\"@type\":\"WebSite\",\"@id\":\"https:\\\/\\\/delorenzoglobal.com\\\/es\\\/#website\",\"url\":\"https:\\\/\\\/delorenzoglobal.com\\\/es\\\/\",\"name\":\"De Lorenzo Training &amp; Didactical Equipment\",\"description\":\"\",\"potentialAction\":[{\"@type\":\"SearchAction\",\"target\":{\"@type\":\"EntryPoint\",\"urlTemplate\":\"https:\\\/\\\/delorenzoglobal.com\\\/es\\\/?s={search_term_string}\"},\"query-input\":{\"@type\":\"PropertyValueSpecification\",\"valueRequired\":true,\"valueName\":\"search_term_string\"}}],\"inLanguage\":\"es\"}]}<\/script>\n<!-- \/ Yoast SEO plugin. -->","yoast_head_json":{"title":"PLANTA DE SELECCI\u00d3N DE RESIDUOS S\u00d3LIDOS - De Lorenzo Training &amp; Didactical Equipment","robots":{"index":"index","follow":"follow","max-snippet":"max-snippet:-1","max-image-preview":"max-image-preview:large","max-video-preview":"max-video-preview:-1"},"canonical":"https:\/\/delorenzoglobal.com\/es\/producto\/planta-de-seleccion-de-residuos-solidos\/","og_locale":"es_ES","og_type":"article","og_title":"PLANTA DE SELECCI\u00d3N DE RESIDUOS S\u00d3LIDOS - De Lorenzo Training &amp; Didactical Equipment","og_description":"El Simulador DL \u200b\u200bGR03 permite estudiar los desaf\u00edos del proceso de recolecci\u00f3n y clasificaci\u00f3n de residuos s\u00f3lidos urbanos. Consiste en un panel que muestra el esquema completo del sistema, el cual alberga una serie de miniconsolas que muestran los valores de los par\u00e1metros relevantes. El simulador se conecta a un PC para supervisi\u00f3n, visualizaci\u00f3n gr\u00e1fica [&hellip;]","og_url":"https:\/\/delorenzoglobal.com\/es\/producto\/planta-de-seleccion-de-residuos-solidos\/","og_site_name":"De Lorenzo Training &amp; Didactical Equipment","article_modified_time":"2026-04-21T14:46:45+00:00","og_image":[{"width":1325,"height":1597,"url":"https:\/\/delorenzoglobal.com\/wp-content\/uploads\/2025\/10\/DL-GR0-3-1.jpg","type":"image\/jpeg"}],"twitter_card":"summary_large_image","twitter_misc":{"Tiempo de lectura":"1 minuto"},"schema":{"@context":"https:\/\/schema.org","@graph":[{"@type":"WebPage","@id":"https:\/\/delorenzoglobal.com\/es\/producto\/planta-de-seleccion-de-residuos-solidos\/","url":"https:\/\/delorenzoglobal.com\/es\/producto\/planta-de-seleccion-de-residuos-solidos\/","name":"PLANTA DE SELECCI\u00d3N DE RESIDUOS S\u00d3LIDOS - De Lorenzo Training &amp; Didactical Equipment","isPartOf":{"@id":"https:\/\/delorenzoglobal.com\/es\/#website"},"primaryImageOfPage":{"@id":"https:\/\/delorenzoglobal.com\/es\/producto\/planta-de-seleccion-de-residuos-solidos\/#primaryimage"},"image":{"@id":"https:\/\/delorenzoglobal.com\/es\/producto\/planta-de-seleccion-de-residuos-solidos\/#primaryimage"},"thumbnailUrl":"https:\/\/delorenzoglobal.com\/wp-content\/uploads\/2025\/10\/DL-GR0-3-1.jpg","datePublished":"2025-10-24T14:18:17+00:00","dateModified":"2026-04-21T14:46:45+00:00","breadcrumb":{"@id":"https:\/\/delorenzoglobal.com\/es\/producto\/planta-de-seleccion-de-residuos-solidos\/#breadcrumb"},"inLanguage":"es","potentialAction":[{"@type":"ReadAction","target":["https:\/\/delorenzoglobal.com\/es\/producto\/planta-de-seleccion-de-residuos-solidos\/"]}]},{"@type":"ImageObject","inLanguage":"es","@id":"https:\/\/delorenzoglobal.com\/es\/producto\/planta-de-seleccion-de-residuos-solidos\/#primaryimage","url":"https:\/\/delorenzoglobal.com\/wp-content\/uploads\/2025\/10\/DL-GR0-3-1.jpg","contentUrl":"https:\/\/delorenzoglobal.com\/wp-content\/uploads\/2025\/10\/DL-GR0-3-1.jpg","width":1325,"height":1597},{"@type":"BreadcrumbList","@id":"https:\/\/delorenzoglobal.com\/es\/producto\/planta-de-seleccion-de-residuos-solidos\/#breadcrumb","itemListElement":[{"@type":"ListItem","position":1,"name":"Home","item":"https:\/\/delorenzoglobal.com\/es\/"},{"@type":"ListItem","position":2,"name":"Tienda","item":"https:\/\/delorenzoglobal.com\/es\/tienda\/"},{"@type":"ListItem","position":3,"name":"PLANTA DE SELECCI\u00d3N DE RESIDUOS S\u00d3LIDOS"}]},{"@type":"WebSite","@id":"https:\/\/delorenzoglobal.com\/es\/#website","url":"https:\/\/delorenzoglobal.com\/es\/","name":"De Lorenzo Training &amp; Didactical Equipment","description":"","potentialAction":[{"@type":"SearchAction","target":{"@type":"EntryPoint","urlTemplate":"https:\/\/delorenzoglobal.com\/es\/?s={search_term_string}"},"query-input":{"@type":"PropertyValueSpecification","valueRequired":true,"valueName":"search_term_string"}}],"inLanguage":"es"}]}},"_links":{"self":[{"href":"https:\/\/delorenzoglobal.com\/es\/wp-json\/wp\/v2\/product\/65262","targetHints":{"allow":["GET"]}}],"collection":[{"href":"https:\/\/delorenzoglobal.com\/es\/wp-json\/wp\/v2\/product"}],"about":[{"href":"https:\/\/delorenzoglobal.com\/es\/wp-json\/wp\/v2\/types\/product"}],"wp:featuredmedia":[{"embeddable":true,"href":"https:\/\/delorenzoglobal.com\/es\/wp-json\/wp\/v2\/media\/69283"}],"wp:attachment":[{"href":"https:\/\/delorenzoglobal.com\/es\/wp-json\/wp\/v2\/media?parent=65262"}],"wp:term":[{"taxonomy":"product_brand","embeddable":true,"href":"https:\/\/delorenzoglobal.com\/es\/wp-json\/wp\/v2\/product_brand?post=65262"},{"taxonomy":"product_cat","embeddable":true,"href":"https:\/\/delorenzoglobal.com\/es\/wp-json\/wp\/v2\/product_cat?post=65262"},{"taxonomy":"product_tag","embeddable":true,"href":"https:\/\/delorenzoglobal.com\/es\/wp-json\/wp\/v2\/product_tag?post=65262"}],"curies":[{"name":"wp","href":"https:\/\/api.w.org\/{rel}","templated":true}]}}