{"id":65222,"date":"2025-10-24T16:10:11","date_gmt":"2025-10-24T14:10:11","guid":{"rendered":"https:\/\/delorenzoglobal.com\/?post_type=product&#038;p=65222"},"modified":"2026-04-21T16:43:20","modified_gmt":"2026-04-21T14:43:20","slug":"planta-de-digestion-anaerobica","status":"publish","type":"product","link":"https:\/\/delorenzoglobal.com\/es\/producto\/planta-de-digestion-anaerobica\/","title":{"rendered":"PLANTA DE DIGESTION ANAEROBICA"},"content":{"rendered":"<p>El Simulador <strong>DL \u200b\u200bGR02<\/strong> permite estudiar el funcionamiento y analizar las caracter\u00edsticas de una Planta de Digesti\u00f3n Anaer\u00f3bica.<\/p>\n<p>Consiste en un panel que muestra el esquema completo de toda la planta, que alberga una serie de miniconsolas que muestran los valores de las magnitudes que caracterizan el funcionamiento del simulador: masas, temperaturas, energ\u00edas, etc.<\/p>\n<p>El simulador tambi\u00e9n cuenta con potenci\u00f3metros para configurar par\u00e1metros operativos y pantallas para visualizar cantidades adicionales.<\/p>\n<p>El simulador se conecta a un PC para supervisi\u00f3n, visualizaci\u00f3n gr\u00e1fica de las variables de inter\u00e9s, etc., a trav\u00e9s de una interfaz USB dedicada.<\/p>\n","protected":false},"excerpt":{"rendered":"<p>El Simulador DL \u200b\u200bGR02 permite estudiar el funcionamiento y analizar las caracter\u00edsticas de una Planta de Digesti\u00f3n Anaer\u00f3bica. Consiste en un panel que muestra el esquema completo de toda la planta, que alberga una serie de miniconsolas que muestran los valores de las magnitudes que caracterizan el funcionamiento del simulador: masas, temperaturas, energ\u00edas, etc. El [&hellip;]<\/p>\n","protected":false},"featured_media":69275,"template":"","meta":{"_acf_changed":false},"product_brand":[],"product_cat":[3139],"product_tag":[],"class_list":{"0":"post-65222","1":"product","2":"type-product","3":"status-publish","4":"has-post-thumbnail","6":"product_cat-gestion-de-residuos","8":"first","9":"instock","10":"shipping-taxable","11":"product-type-simple"},"acf":[],"yoast_head":"<!-- This site is optimized with the Yoast SEO plugin v27.4 - https:\/\/yoast.com\/product\/yoast-seo-wordpress\/ -->\n<title>PLANTA DE DIGESTION ANAEROBICA - De Lorenzo Training &amp; Didactical Equipment<\/title>\n<meta name=\"robots\" content=\"index, follow, max-snippet:-1, max-image-preview:large, max-video-preview:-1\" \/>\n<link rel=\"canonical\" href=\"https:\/\/delorenzoglobal.com\/es\/producto\/planta-de-digestion-anaerobica\/\" \/>\n<meta property=\"og:locale\" content=\"es_ES\" \/>\n<meta property=\"og:type\" content=\"article\" \/>\n<meta property=\"og:title\" content=\"PLANTA DE DIGESTION ANAEROBICA - De Lorenzo Training &amp; Didactical Equipment\" \/>\n<meta property=\"og:description\" content=\"El Simulador DL \u200b\u200bGR02 permite estudiar el funcionamiento y analizar las caracter\u00edsticas de una Planta de Digesti\u00f3n Anaer\u00f3bica. Consiste en un panel que muestra el esquema completo de toda la planta, que alberga una serie de miniconsolas que muestran los valores de las magnitudes que caracterizan el funcionamiento del simulador: masas, temperaturas, energ\u00edas, etc. El [&hellip;]\" \/>\n<meta property=\"og:url\" content=\"https:\/\/delorenzoglobal.com\/es\/producto\/planta-de-digestion-anaerobica\/\" \/>\n<meta property=\"og:site_name\" content=\"De Lorenzo Training &amp; Didactical Equipment\" \/>\n<meta property=\"article:modified_time\" content=\"2026-04-21T14:43:20+00:00\" \/>\n<meta property=\"og:image\" content=\"https:\/\/delorenzoglobal.com\/wp-content\/uploads\/2025\/10\/DL-GR0-2-2.jpg\" \/>\n\t<meta property=\"og:image:width\" content=\"1414\" \/>\n\t<meta property=\"og:image:height\" content=\"1514\" \/>\n\t<meta property=\"og:image:type\" content=\"image\/jpeg\" \/>\n<meta name=\"twitter:card\" content=\"summary_large_image\" \/>\n<meta name=\"twitter:label1\" content=\"Tiempo de lectura\" \/>\n\t<meta name=\"twitter:data1\" content=\"1 minuto\" \/>\n<script type=\"application\/ld+json\" class=\"yoast-schema-graph\">{\"@context\":\"https:\\\/\\\/schema.org\",\"@graph\":[{\"@type\":\"WebPage\",\"@id\":\"https:\\\/\\\/delorenzoglobal.com\\\/es\\\/producto\\\/planta-de-digestion-anaerobica\\\/\",\"url\":\"https:\\\/\\\/delorenzoglobal.com\\\/es\\\/producto\\\/planta-de-digestion-anaerobica\\\/\",\"name\":\"PLANTA DE DIGESTION ANAEROBICA - De Lorenzo Training &amp; Didactical Equipment\",\"isPartOf\":{\"@id\":\"https:\\\/\\\/delorenzoglobal.com\\\/es\\\/#website\"},\"primaryImageOfPage\":{\"@id\":\"https:\\\/\\\/delorenzoglobal.com\\\/es\\\/producto\\\/planta-de-digestion-anaerobica\\\/#primaryimage\"},\"image\":{\"@id\":\"https:\\\/\\\/delorenzoglobal.com\\\/es\\\/producto\\\/planta-de-digestion-anaerobica\\\/#primaryimage\"},\"thumbnailUrl\":\"https:\\\/\\\/delorenzoglobal.com\\\/wp-content\\\/uploads\\\/2025\\\/10\\\/DL-GR0-2-2.jpg\",\"datePublished\":\"2025-10-24T14:10:11+00:00\",\"dateModified\":\"2026-04-21T14:43:20+00:00\",\"breadcrumb\":{\"@id\":\"https:\\\/\\\/delorenzoglobal.com\\\/es\\\/producto\\\/planta-de-digestion-anaerobica\\\/#breadcrumb\"},\"inLanguage\":\"es\",\"potentialAction\":[{\"@type\":\"ReadAction\",\"target\":[\"https:\\\/\\\/delorenzoglobal.com\\\/es\\\/producto\\\/planta-de-digestion-anaerobica\\\/\"]}]},{\"@type\":\"ImageObject\",\"inLanguage\":\"es\",\"@id\":\"https:\\\/\\\/delorenzoglobal.com\\\/es\\\/producto\\\/planta-de-digestion-anaerobica\\\/#primaryimage\",\"url\":\"https:\\\/\\\/delorenzoglobal.com\\\/wp-content\\\/uploads\\\/2025\\\/10\\\/DL-GR0-2-2.jpg\",\"contentUrl\":\"https:\\\/\\\/delorenzoglobal.com\\\/wp-content\\\/uploads\\\/2025\\\/10\\\/DL-GR0-2-2.jpg\",\"width\":1414,\"height\":1514},{\"@type\":\"BreadcrumbList\",\"@id\":\"https:\\\/\\\/delorenzoglobal.com\\\/es\\\/producto\\\/planta-de-digestion-anaerobica\\\/#breadcrumb\",\"itemListElement\":[{\"@type\":\"ListItem\",\"position\":1,\"name\":\"Home\",\"item\":\"https:\\\/\\\/delorenzoglobal.com\\\/es\\\/\"},{\"@type\":\"ListItem\",\"position\":2,\"name\":\"Tienda\",\"item\":\"https:\\\/\\\/delorenzoglobal.com\\\/es\\\/tienda\\\/\"},{\"@type\":\"ListItem\",\"position\":3,\"name\":\"PLANTA DE DIGESTION ANAEROBICA\"}]},{\"@type\":\"WebSite\",\"@id\":\"https:\\\/\\\/delorenzoglobal.com\\\/es\\\/#website\",\"url\":\"https:\\\/\\\/delorenzoglobal.com\\\/es\\\/\",\"name\":\"De Lorenzo Training &amp; Didactical Equipment\",\"description\":\"\",\"potentialAction\":[{\"@type\":\"SearchAction\",\"target\":{\"@type\":\"EntryPoint\",\"urlTemplate\":\"https:\\\/\\\/delorenzoglobal.com\\\/es\\\/?s={search_term_string}\"},\"query-input\":{\"@type\":\"PropertyValueSpecification\",\"valueRequired\":true,\"valueName\":\"search_term_string\"}}],\"inLanguage\":\"es\"}]}<\/script>\n<!-- \/ Yoast SEO plugin. -->","yoast_head_json":{"title":"PLANTA DE DIGESTION ANAEROBICA - De Lorenzo Training &amp; Didactical Equipment","robots":{"index":"index","follow":"follow","max-snippet":"max-snippet:-1","max-image-preview":"max-image-preview:large","max-video-preview":"max-video-preview:-1"},"canonical":"https:\/\/delorenzoglobal.com\/es\/producto\/planta-de-digestion-anaerobica\/","og_locale":"es_ES","og_type":"article","og_title":"PLANTA DE DIGESTION ANAEROBICA - De Lorenzo Training &amp; Didactical Equipment","og_description":"El Simulador DL \u200b\u200bGR02 permite estudiar el funcionamiento y analizar las caracter\u00edsticas de una Planta de Digesti\u00f3n Anaer\u00f3bica. Consiste en un panel que muestra el esquema completo de toda la planta, que alberga una serie de miniconsolas que muestran los valores de las magnitudes que caracterizan el funcionamiento del simulador: masas, temperaturas, energ\u00edas, etc. El [&hellip;]","og_url":"https:\/\/delorenzoglobal.com\/es\/producto\/planta-de-digestion-anaerobica\/","og_site_name":"De Lorenzo Training &amp; Didactical Equipment","article_modified_time":"2026-04-21T14:43:20+00:00","og_image":[{"width":1414,"height":1514,"url":"https:\/\/delorenzoglobal.com\/wp-content\/uploads\/2025\/10\/DL-GR0-2-2.jpg","type":"image\/jpeg"}],"twitter_card":"summary_large_image","twitter_misc":{"Tiempo de lectura":"1 minuto"},"schema":{"@context":"https:\/\/schema.org","@graph":[{"@type":"WebPage","@id":"https:\/\/delorenzoglobal.com\/es\/producto\/planta-de-digestion-anaerobica\/","url":"https:\/\/delorenzoglobal.com\/es\/producto\/planta-de-digestion-anaerobica\/","name":"PLANTA DE DIGESTION ANAEROBICA - De Lorenzo Training &amp; Didactical Equipment","isPartOf":{"@id":"https:\/\/delorenzoglobal.com\/es\/#website"},"primaryImageOfPage":{"@id":"https:\/\/delorenzoglobal.com\/es\/producto\/planta-de-digestion-anaerobica\/#primaryimage"},"image":{"@id":"https:\/\/delorenzoglobal.com\/es\/producto\/planta-de-digestion-anaerobica\/#primaryimage"},"thumbnailUrl":"https:\/\/delorenzoglobal.com\/wp-content\/uploads\/2025\/10\/DL-GR0-2-2.jpg","datePublished":"2025-10-24T14:10:11+00:00","dateModified":"2026-04-21T14:43:20+00:00","breadcrumb":{"@id":"https:\/\/delorenzoglobal.com\/es\/producto\/planta-de-digestion-anaerobica\/#breadcrumb"},"inLanguage":"es","potentialAction":[{"@type":"ReadAction","target":["https:\/\/delorenzoglobal.com\/es\/producto\/planta-de-digestion-anaerobica\/"]}]},{"@type":"ImageObject","inLanguage":"es","@id":"https:\/\/delorenzoglobal.com\/es\/producto\/planta-de-digestion-anaerobica\/#primaryimage","url":"https:\/\/delorenzoglobal.com\/wp-content\/uploads\/2025\/10\/DL-GR0-2-2.jpg","contentUrl":"https:\/\/delorenzoglobal.com\/wp-content\/uploads\/2025\/10\/DL-GR0-2-2.jpg","width":1414,"height":1514},{"@type":"BreadcrumbList","@id":"https:\/\/delorenzoglobal.com\/es\/producto\/planta-de-digestion-anaerobica\/#breadcrumb","itemListElement":[{"@type":"ListItem","position":1,"name":"Home","item":"https:\/\/delorenzoglobal.com\/es\/"},{"@type":"ListItem","position":2,"name":"Tienda","item":"https:\/\/delorenzoglobal.com\/es\/tienda\/"},{"@type":"ListItem","position":3,"name":"PLANTA DE DIGESTION ANAEROBICA"}]},{"@type":"WebSite","@id":"https:\/\/delorenzoglobal.com\/es\/#website","url":"https:\/\/delorenzoglobal.com\/es\/","name":"De Lorenzo Training &amp; Didactical Equipment","description":"","potentialAction":[{"@type":"SearchAction","target":{"@type":"EntryPoint","urlTemplate":"https:\/\/delorenzoglobal.com\/es\/?s={search_term_string}"},"query-input":{"@type":"PropertyValueSpecification","valueRequired":true,"valueName":"search_term_string"}}],"inLanguage":"es"}]}},"_links":{"self":[{"href":"https:\/\/delorenzoglobal.com\/es\/wp-json\/wp\/v2\/product\/65222","targetHints":{"allow":["GET"]}}],"collection":[{"href":"https:\/\/delorenzoglobal.com\/es\/wp-json\/wp\/v2\/product"}],"about":[{"href":"https:\/\/delorenzoglobal.com\/es\/wp-json\/wp\/v2\/types\/product"}],"wp:featuredmedia":[{"embeddable":true,"href":"https:\/\/delorenzoglobal.com\/es\/wp-json\/wp\/v2\/media\/69275"}],"wp:attachment":[{"href":"https:\/\/delorenzoglobal.com\/es\/wp-json\/wp\/v2\/media?parent=65222"}],"wp:term":[{"taxonomy":"product_brand","embeddable":true,"href":"https:\/\/delorenzoglobal.com\/es\/wp-json\/wp\/v2\/product_brand?post=65222"},{"taxonomy":"product_cat","embeddable":true,"href":"https:\/\/delorenzoglobal.com\/es\/wp-json\/wp\/v2\/product_cat?post=65222"},{"taxonomy":"product_tag","embeddable":true,"href":"https:\/\/delorenzoglobal.com\/es\/wp-json\/wp\/v2\/product_tag?post=65222"}],"curies":[{"name":"wp","href":"https:\/\/api.w.org\/{rel}","templated":true}]}}