{"id":6371,"date":"2024-04-15T08:58:59","date_gmt":"2024-04-15T06:58:59","guid":{"rendered":"https:\/\/delorenzoglobal.com\/?post_type=product&#038;p=6371"},"modified":"2025-02-12T15:56:31","modified_gmt":"2025-02-12T14:56:31","slug":"laboratorio-de-maquinas-electricas-1-kw","status":"publish","type":"product","link":"https:\/\/delorenzoglobal.com\/es\/producto\/laboratorio-de-maquinas-electricas-1-kw\/","title":{"rendered":"LABORATORIO DE M\u00c1QUINAS EL\u00c9CTRICAS (1 kW)"},"content":{"rendered":"<p>El DL MAC-U es un banco multiusos para el estudio y caracterizaci\u00f3n de todas las m\u00e1quinas el\u00e9ctricas del cat\u00e1logo de la serie De Lorenzo Unilab (1.1 kW).<\/p>\n<p>El sistema incluye todos los instrumentos necesarios para conocer el funcionamiento y las caracter\u00edsticas de cada tipo de m\u00e1quina el\u00e9ctrica (motores o generadores en CA o CC).<\/p>\n<p>El laboratorio ha sido dise\u00f1ado como un sistema de formaci\u00f3n moderno y orientado a la pr\u00e1ctica para la formaci\u00f3n profesional y de ingenier\u00eda.<\/p>\n<p>Proporciona una soluci\u00f3n integral para cubrir un curso est\u00e1ndar de m\u00e1quinas el\u00e9ctricas que se puede adaptar a las necesidades educativas del instituto.<\/p>\n<p>El banco de pruebas es modular y puede ser reconfigurado seg\u00fan la m\u00e1quina sometida a ensayo utilizando, seg\u00fan sea necesario, la fuente de alimentaci\u00f3n, los instrumentos el\u00e9ctricos y mec\u00e1nicos y el freno electromagn\u00e9tico para la caracterizaci\u00f3n de los motores o el motor principal (m\u00e1quina de CC) para el estudio de los generadores.<\/p>\n","protected":false},"excerpt":{"rendered":"<p>El DL MAC-U es un banco multiusos para el estudio y caracterizaci\u00f3n de todas las m\u00e1quinas el\u00e9ctricas del cat\u00e1logo de la serie De Lorenzo Unilab (1.1 kW). El sistema incluye todos los instrumentos necesarios para conocer el funcionamiento y las caracter\u00edsticas de cada tipo de m\u00e1quina el\u00e9ctrica (motores o generadores en CA o CC). El [&hellip;]<\/p>\n","protected":false},"featured_media":6330,"template":"","meta":{"_acf_changed":false},"product_brand":[],"product_cat":[308],"product_tag":[],"class_list":{"0":"post-6371","1":"product","2":"type-product","3":"status-publish","4":"has-post-thumbnail","6":"product_cat-banco-de-pruebas","8":"first","9":"instock","10":"shipping-taxable","11":"product-type-simple"},"acf":[],"yoast_head":"<!-- This site is optimized with the Yoast SEO plugin v27.4 - https:\/\/yoast.com\/product\/yoast-seo-wordpress\/ -->\n<title>LABORATORIO DE M\u00c1QUINAS EL\u00c9CTRICAS (1 kW) - De Lorenzo Training &amp; Didactical Equipment<\/title>\n<meta name=\"robots\" content=\"index, follow, max-snippet:-1, max-image-preview:large, max-video-preview:-1\" \/>\n<link rel=\"canonical\" href=\"https:\/\/delorenzoglobal.com\/es\/producto\/laboratorio-de-maquinas-electricas-1-kw\/\" \/>\n<meta property=\"og:locale\" content=\"es_ES\" \/>\n<meta property=\"og:type\" content=\"article\" \/>\n<meta property=\"og:title\" content=\"LABORATORIO DE M\u00c1QUINAS EL\u00c9CTRICAS (1 kW) - De Lorenzo Training &amp; Didactical Equipment\" \/>\n<meta property=\"og:description\" content=\"El DL MAC-U es un banco multiusos para el estudio y caracterizaci\u00f3n de todas las m\u00e1quinas el\u00e9ctricas del cat\u00e1logo de la serie De Lorenzo Unilab (1.1 kW). El sistema incluye todos los instrumentos necesarios para conocer el funcionamiento y las caracter\u00edsticas de cada tipo de m\u00e1quina el\u00e9ctrica (motores o generadores en CA o CC). El [&hellip;]\" \/>\n<meta property=\"og:url\" content=\"https:\/\/delorenzoglobal.com\/es\/producto\/laboratorio-de-maquinas-electricas-1-kw\/\" \/>\n<meta property=\"og:site_name\" content=\"De Lorenzo Training &amp; Didactical Equipment\" \/>\n<meta property=\"article:modified_time\" content=\"2025-02-12T14:56:31+00:00\" \/>\n<meta property=\"og:image\" content=\"https:\/\/delorenzoglobal.com\/wp-content\/uploads\/2024\/04\/DL-MAC-U-e-DL-MAC-E.jpg\" \/>\n\t<meta property=\"og:image:width\" content=\"1474\" \/>\n\t<meta property=\"og:image:height\" content=\"869\" \/>\n\t<meta property=\"og:image:type\" content=\"image\/jpeg\" \/>\n<meta name=\"twitter:card\" content=\"summary_large_image\" \/>\n<meta name=\"twitter:label1\" content=\"Tiempo de lectura\" \/>\n\t<meta name=\"twitter:data1\" content=\"2 minutos\" \/>\n<script type=\"application\/ld+json\" class=\"yoast-schema-graph\">{\"@context\":\"https:\\\/\\\/schema.org\",\"@graph\":[{\"@type\":\"WebPage\",\"@id\":\"https:\\\/\\\/delorenzoglobal.com\\\/es\\\/producto\\\/laboratorio-de-maquinas-electricas-1-kw\\\/\",\"url\":\"https:\\\/\\\/delorenzoglobal.com\\\/es\\\/producto\\\/laboratorio-de-maquinas-electricas-1-kw\\\/\",\"name\":\"LABORATORIO DE M\u00c1QUINAS EL\u00c9CTRICAS (1 kW) - De Lorenzo Training &amp; Didactical Equipment\",\"isPartOf\":{\"@id\":\"https:\\\/\\\/delorenzoglobal.com\\\/es\\\/#website\"},\"primaryImageOfPage\":{\"@id\":\"https:\\\/\\\/delorenzoglobal.com\\\/es\\\/producto\\\/laboratorio-de-maquinas-electricas-1-kw\\\/#primaryimage\"},\"image\":{\"@id\":\"https:\\\/\\\/delorenzoglobal.com\\\/es\\\/producto\\\/laboratorio-de-maquinas-electricas-1-kw\\\/#primaryimage\"},\"thumbnailUrl\":\"https:\\\/\\\/delorenzoglobal.com\\\/wp-content\\\/uploads\\\/2024\\\/04\\\/DL-MAC-U-e-DL-MAC-E.jpg\",\"datePublished\":\"2024-04-15T06:58:59+00:00\",\"dateModified\":\"2025-02-12T14:56:31+00:00\",\"breadcrumb\":{\"@id\":\"https:\\\/\\\/delorenzoglobal.com\\\/es\\\/producto\\\/laboratorio-de-maquinas-electricas-1-kw\\\/#breadcrumb\"},\"inLanguage\":\"es\",\"potentialAction\":[{\"@type\":\"ReadAction\",\"target\":[\"https:\\\/\\\/delorenzoglobal.com\\\/es\\\/producto\\\/laboratorio-de-maquinas-electricas-1-kw\\\/\"]}]},{\"@type\":\"ImageObject\",\"inLanguage\":\"es\",\"@id\":\"https:\\\/\\\/delorenzoglobal.com\\\/es\\\/producto\\\/laboratorio-de-maquinas-electricas-1-kw\\\/#primaryimage\",\"url\":\"https:\\\/\\\/delorenzoglobal.com\\\/wp-content\\\/uploads\\\/2024\\\/04\\\/DL-MAC-U-e-DL-MAC-E.jpg\",\"contentUrl\":\"https:\\\/\\\/delorenzoglobal.com\\\/wp-content\\\/uploads\\\/2024\\\/04\\\/DL-MAC-U-e-DL-MAC-E.jpg\",\"width\":1474,\"height\":869},{\"@type\":\"BreadcrumbList\",\"@id\":\"https:\\\/\\\/delorenzoglobal.com\\\/es\\\/producto\\\/laboratorio-de-maquinas-electricas-1-kw\\\/#breadcrumb\",\"itemListElement\":[{\"@type\":\"ListItem\",\"position\":1,\"name\":\"Home\",\"item\":\"https:\\\/\\\/delorenzoglobal.com\\\/es\\\/\"},{\"@type\":\"ListItem\",\"position\":2,\"name\":\"Tienda\",\"item\":\"https:\\\/\\\/delorenzoglobal.com\\\/es\\\/tienda\\\/\"},{\"@type\":\"ListItem\",\"position\":3,\"name\":\"LABORATORIO DE M\u00c1QUINAS EL\u00c9CTRICAS (1 kW)\"}]},{\"@type\":\"WebSite\",\"@id\":\"https:\\\/\\\/delorenzoglobal.com\\\/es\\\/#website\",\"url\":\"https:\\\/\\\/delorenzoglobal.com\\\/es\\\/\",\"name\":\"De Lorenzo Training &amp; Didactical Equipment\",\"description\":\"\",\"potentialAction\":[{\"@type\":\"SearchAction\",\"target\":{\"@type\":\"EntryPoint\",\"urlTemplate\":\"https:\\\/\\\/delorenzoglobal.com\\\/es\\\/?s={search_term_string}\"},\"query-input\":{\"@type\":\"PropertyValueSpecification\",\"valueRequired\":true,\"valueName\":\"search_term_string\"}}],\"inLanguage\":\"es\"}]}<\/script>\n<!-- \/ Yoast SEO plugin. -->","yoast_head_json":{"title":"LABORATORIO DE M\u00c1QUINAS EL\u00c9CTRICAS (1 kW) - De Lorenzo Training &amp; Didactical Equipment","robots":{"index":"index","follow":"follow","max-snippet":"max-snippet:-1","max-image-preview":"max-image-preview:large","max-video-preview":"max-video-preview:-1"},"canonical":"https:\/\/delorenzoglobal.com\/es\/producto\/laboratorio-de-maquinas-electricas-1-kw\/","og_locale":"es_ES","og_type":"article","og_title":"LABORATORIO DE M\u00c1QUINAS EL\u00c9CTRICAS (1 kW) - De Lorenzo Training &amp; Didactical Equipment","og_description":"El DL MAC-U es un banco multiusos para el estudio y caracterizaci\u00f3n de todas las m\u00e1quinas el\u00e9ctricas del cat\u00e1logo de la serie De Lorenzo Unilab (1.1 kW). El sistema incluye todos los instrumentos necesarios para conocer el funcionamiento y las caracter\u00edsticas de cada tipo de m\u00e1quina el\u00e9ctrica (motores o generadores en CA o CC). El [&hellip;]","og_url":"https:\/\/delorenzoglobal.com\/es\/producto\/laboratorio-de-maquinas-electricas-1-kw\/","og_site_name":"De Lorenzo Training &amp; Didactical Equipment","article_modified_time":"2025-02-12T14:56:31+00:00","og_image":[{"width":1474,"height":869,"url":"https:\/\/delorenzoglobal.com\/wp-content\/uploads\/2024\/04\/DL-MAC-U-e-DL-MAC-E.jpg","type":"image\/jpeg"}],"twitter_card":"summary_large_image","twitter_misc":{"Tiempo de lectura":"2 minutos"},"schema":{"@context":"https:\/\/schema.org","@graph":[{"@type":"WebPage","@id":"https:\/\/delorenzoglobal.com\/es\/producto\/laboratorio-de-maquinas-electricas-1-kw\/","url":"https:\/\/delorenzoglobal.com\/es\/producto\/laboratorio-de-maquinas-electricas-1-kw\/","name":"LABORATORIO DE M\u00c1QUINAS EL\u00c9CTRICAS (1 kW) - De Lorenzo Training &amp; Didactical Equipment","isPartOf":{"@id":"https:\/\/delorenzoglobal.com\/es\/#website"},"primaryImageOfPage":{"@id":"https:\/\/delorenzoglobal.com\/es\/producto\/laboratorio-de-maquinas-electricas-1-kw\/#primaryimage"},"image":{"@id":"https:\/\/delorenzoglobal.com\/es\/producto\/laboratorio-de-maquinas-electricas-1-kw\/#primaryimage"},"thumbnailUrl":"https:\/\/delorenzoglobal.com\/wp-content\/uploads\/2024\/04\/DL-MAC-U-e-DL-MAC-E.jpg","datePublished":"2024-04-15T06:58:59+00:00","dateModified":"2025-02-12T14:56:31+00:00","breadcrumb":{"@id":"https:\/\/delorenzoglobal.com\/es\/producto\/laboratorio-de-maquinas-electricas-1-kw\/#breadcrumb"},"inLanguage":"es","potentialAction":[{"@type":"ReadAction","target":["https:\/\/delorenzoglobal.com\/es\/producto\/laboratorio-de-maquinas-electricas-1-kw\/"]}]},{"@type":"ImageObject","inLanguage":"es","@id":"https:\/\/delorenzoglobal.com\/es\/producto\/laboratorio-de-maquinas-electricas-1-kw\/#primaryimage","url":"https:\/\/delorenzoglobal.com\/wp-content\/uploads\/2024\/04\/DL-MAC-U-e-DL-MAC-E.jpg","contentUrl":"https:\/\/delorenzoglobal.com\/wp-content\/uploads\/2024\/04\/DL-MAC-U-e-DL-MAC-E.jpg","width":1474,"height":869},{"@type":"BreadcrumbList","@id":"https:\/\/delorenzoglobal.com\/es\/producto\/laboratorio-de-maquinas-electricas-1-kw\/#breadcrumb","itemListElement":[{"@type":"ListItem","position":1,"name":"Home","item":"https:\/\/delorenzoglobal.com\/es\/"},{"@type":"ListItem","position":2,"name":"Tienda","item":"https:\/\/delorenzoglobal.com\/es\/tienda\/"},{"@type":"ListItem","position":3,"name":"LABORATORIO DE M\u00c1QUINAS EL\u00c9CTRICAS (1 kW)"}]},{"@type":"WebSite","@id":"https:\/\/delorenzoglobal.com\/es\/#website","url":"https:\/\/delorenzoglobal.com\/es\/","name":"De Lorenzo Training &amp; Didactical Equipment","description":"","potentialAction":[{"@type":"SearchAction","target":{"@type":"EntryPoint","urlTemplate":"https:\/\/delorenzoglobal.com\/es\/?s={search_term_string}"},"query-input":{"@type":"PropertyValueSpecification","valueRequired":true,"valueName":"search_term_string"}}],"inLanguage":"es"}]}},"_links":{"self":[{"href":"https:\/\/delorenzoglobal.com\/es\/wp-json\/wp\/v2\/product\/6371","targetHints":{"allow":["GET"]}}],"collection":[{"href":"https:\/\/delorenzoglobal.com\/es\/wp-json\/wp\/v2\/product"}],"about":[{"href":"https:\/\/delorenzoglobal.com\/es\/wp-json\/wp\/v2\/types\/product"}],"wp:featuredmedia":[{"embeddable":true,"href":"https:\/\/delorenzoglobal.com\/es\/wp-json\/wp\/v2\/media\/6330"}],"wp:attachment":[{"href":"https:\/\/delorenzoglobal.com\/es\/wp-json\/wp\/v2\/media?parent=6371"}],"wp:term":[{"taxonomy":"product_brand","embeddable":true,"href":"https:\/\/delorenzoglobal.com\/es\/wp-json\/wp\/v2\/product_brand?post=6371"},{"taxonomy":"product_cat","embeddable":true,"href":"https:\/\/delorenzoglobal.com\/es\/wp-json\/wp\/v2\/product_cat?post=6371"},{"taxonomy":"product_tag","embeddable":true,"href":"https:\/\/delorenzoglobal.com\/es\/wp-json\/wp\/v2\/product_tag?post=6371"}],"curies":[{"name":"wp","href":"https:\/\/api.w.org\/{rel}","templated":true}]}}